{"id":6361,"date":"2025-10-12T12:13:51","date_gmt":"2025-10-12T12:13:51","guid":{"rendered":"https:\/\/frvape.com\/product\/mrvi-puffing-15000-disposable-vape-15000-puffs-with-lanyard-screen-display\/"},"modified":"2026-02-06T03:27:03","modified_gmt":"2026-02-06T03:27:03","slug":"mrvi-puffing-15000-jednorazowy-vape-15000-puffow-z-wyswietlaczem-na-smyczy","status":"publish","type":"product","link":"https:\/\/frvape.com\/pl\/product\/mrvi-puffing-15000-jednorazowy-vape-15000-puffow-z-wyswietlaczem-na-smyczy\/","title":{"rendered":"Mrvi Puffing 15000 Jednorazowe Vape | 15000 Puff\u00f3w ze smycz\u0105 i wy\u015bwietlaczem ekranowym"},"content":{"rendered":"<h3>Najwy\u017csza moc i wyj\u0105tkowy smak<\/h3>\n<p>Poznaj ulepszon\u0105 wersj\u0119 <strong>Mrvi Puffing 15000<\/strong> jednorazowe vape - ewolucja ulubionej przez fan\u00f3w serii MRVI COMING. Ulepszyli\u015bmy ka\u017cdy szczeg\u00f3\u0142, zachowuj\u0105c jego kultowy design, a teraz dodali\u015bmy praktyczny wygl\u0105d. <strong>smycz u\u0142atwiaj\u0105ca przenoszenie<\/strong>. Ta pot\u0119ga zapewnia wiod\u0105c\u0105 w bran\u017cy <strong>15 000 zaci\u0105gni\u0119\u0107<\/strong> poparte wyrafinowanym profilem smakowym, kt\u00f3ry jest nieustannie testowany do perfekcji. Opinie klient\u00f3w potwierdzaj\u0105: doznania smakowe s\u0105 naprawd\u0119 wyj\u0105tkowe.<\/p>\n<h3>Specyfikacja techniczna Breakthrough<\/h3>\n<p>Zaprojektowany z my\u015bl\u0105 o wytrzyma\u0142o\u015bci: masywny <strong>Pojemno\u015b\u0107 25 ml e-liquidu<\/strong> w po\u0142\u0105czeniu z niezawodnym <strong>Akumulator kobaltowy 750 mAh<\/strong>. The <strong>Szybkie \u0142adowanie typu C<\/strong> port zapewnia minimalny czas przestoju, podczas gdy innowacyjny dolny wy\u015bwietlacz informuje o <strong>Poziomy oleju w czasie rzeczywistym<\/strong> oraz <strong>stan baterii<\/strong>. Wybierz preferowany <strong>moc nikotyny<\/strong> (2%, 3% lub 5%), aby spe\u0142ni\u0107 Twoje indywidualne wymagania, a wszystko to dzi\u0119ki naszej rewolucyjnej technologii <strong>Technologia podw\u00f3jnej cewki siatkowej<\/strong> dla zintensyfikowanego smaku i produkcji pary.<\/p>\n<h3>Niezr\u00f3wnane doznania smakowe<\/h3>\n<p>Rozkoszuj si\u0119 nasz\u0105 lini\u0105 smak\u00f3w premium, skrupulatnie opracowan\u0105 dzi\u0119ki niezliczonym udoskonaleniom:<br \/><strong>Bananowy koktajl mleczny<\/strong><br \/><strong>Arbuz truskawkowy<\/strong><br \/><strong>Pink Burst<\/strong><br \/><strong>Lody spadziowe<\/strong><br \/><strong>Jagoda na lodzie<\/strong><br \/><strong>Blueberry Bubblegum<\/strong><br \/><strong>Red Apple Ice<\/strong><br \/><strong>Lush Ice<\/strong><br \/><strong>L\u00f3d ananasowy<\/strong><br \/><strong>Brzoskwinia Mango<\/strong><\/p>\n<h3>Inteligentne funkcje zwi\u0119kszaj\u0105ce kontrol\u0119<\/h3>\n<p>Opr\u00f3cz niezwyk\u0142ej wydajno\u015bci puffingu, Puffing 15000 integruje funkcjonalno\u015b\u0107 nowej generacji. Monitoruj zu\u017cycie dzi\u0119ki zintegrowanemu <strong>Ekran wy\u015bwietlacza e-liquidu i zasilania<\/strong>wyregulowa\u0107 intensywno\u015b\u0107 opar\u00f3w za pomoc\u0105 <strong>funkcja regulacji mocy<\/strong>i ciesz si\u0119 sta\u0142\u0105 wydajno\u015bci\u0105 dzi\u0119ki naszemu zaawansowanemu systemowi cewek. Ka\u017cdy pakiet zawiera bezp\u0142atny <strong>akcesoria do smyczy<\/strong> - idealny dla os\u00f3b prowadz\u0105cych aktywny tryb \u017cycia.<\/p>\n<h3>Konstrukcja i opakowanie klasy premium<\/h3>\n<p>Obudowa naszej technologii ma ergonomiczn\u0105 konstrukcj\u0119 zoptymalizowan\u0105 pod k\u0105tem d\u0142ugotrwa\u0142ego u\u017cytkowania. Jednostki s\u0105 dostarczane po 10 w pude\u0142ku, z wydajnym opakowaniem zbiorczym <strong>160 urz\u0105dze\u0144 w kartonie<\/strong> (60x32x23 cm, 19 kg). Platforma wielokrotnego \u0142adowania minimalizuje ilo\u015b\u0107 odpad\u00f3w przy jednoczesnej maksymalizacji warto\u015bci, ustanawiaj\u0105c nowy standard w ekologicznym wapowaniu bez po\u015bwi\u0119cania monumentalnej wydajno\u015bci. Podnie\u015b swoj\u0105 podr\u00f3\u017c - do\u015bwiadcz niezr\u00f3wnanej trwa\u0142o\u015bci i mistrzostwa smaku.<\/p>","protected":false},"excerpt":{"rendered":"<p><strong>Mrvi Puffing 15000<\/strong> Jednorazowy vape zapewnia zdumiewaj\u0105c\u0105 <strong>15 000 zaci\u0105gni\u0119\u0107<\/strong> z najwy\u017cszej jako\u015bci smakami. Cechy <strong>Akumulator o pojemno\u015bci 750 mAh<\/strong>, <strong>Szybkie \u0142adowanie typu C<\/strong>i wbudowany <strong>ekran wy\u015bwietlacza oleju\/zasilania<\/strong>. Zawiera wygodny uchwyt do przenoszenia <strong>smycz<\/strong> i technologia podw\u00f3jnej cewki siatkowej.<\/p>","protected":false},"featured_media":6355,"comment_status":"open","ping_status":"closed","template":"","meta":[],"product_brand":[174],"product_cat":[175],"product_tag":[429,94,626,115,271,627],"class_list":{"0":"post-6361","1":"product","2":"type-product","3":"status-publish","4":"has-post-thumbnail","6":"product_brand-mrvi","7":"product_cat-mrvi-vape","8":"product_tag-15000-puffs-disposable-vape","9":"product_tag-dual-mesh-coil-vape","10":"product_tag-mrvi-puffing-15000","11":"product_tag-rechargeable-vape","12":"product_tag-type-c-vape","13":"product_tag-vape-with-lanyard","15":"first","16":"outofstock","17":"sale","18":"shipping-taxable","19":"purchasable","20":"product-type-variable"},"jetpack_sharing_enabled":true,"tiered_pricing_type":"fixed","tiered_pricing_fixed_rules":[],"tiered_pricing_product_settings":{"layout":"default","base_unit_name":{"singular":null,"plural":null},"default_variation":null},"tiered_pricing_minimum_quantity":null,"tiered_pricing_roles_data":[],"tiered_pricing_percentage_rules":[],"tiered_pricing_maximum_quantity":null,"tiered_pricing_quantity_step":null,"_links":{"self":[{"href":"https:\/\/frvape.com\/pl\/wp-json\/wp\/v2\/product\/6361","targetHints":{"allow":["GET"]}}],"collection":[{"href":"https:\/\/frvape.com\/pl\/wp-json\/wp\/v2\/product"}],"about":[{"href":"https:\/\/frvape.com\/pl\/wp-json\/wp\/v2\/types\/product"}],"replies":[{"embeddable":true,"href":"https:\/\/frvape.com\/pl\/wp-json\/wp\/v2\/comments?post=6361"}],"wp:featuredmedia":[{"embeddable":true,"href":"https:\/\/frvape.com\/pl\/wp-json\/wp\/v2\/media\/6355"}],"wp:attachment":[{"href":"https:\/\/frvape.com\/pl\/wp-json\/wp\/v2\/media?parent=6361"}],"wp:term":[{"taxonomy":"product_brand","embeddable":true,"href":"https:\/\/frvape.com\/pl\/wp-json\/wp\/v2\/product_brand?post=6361"},{"taxonomy":"product_cat","embeddable":true,"href":"https:\/\/frvape.com\/pl\/wp-json\/wp\/v2\/product_cat?post=6361"},{"taxonomy":"product_tag","embeddable":true,"href":"https:\/\/frvape.com\/pl\/wp-json\/wp\/v2\/product_tag?post=6361"}],"curies":[{"name":"wp","href":"https:\/\/api.w.org\/{rel}","templated":true}]}}