{"id":802,"date":"2025-10-11T15:42:57","date_gmt":"2025-10-11T15:42:57","guid":{"rendered":"https:\/\/frvape.com\/product\/bang-9000-18000-disposable-vape-rechargeable-18000-puffs-0-5-nicotine-12-flavors\/"},"modified":"2025-11-26T09:19:36","modified_gmt":"2025-11-26T09:19:36","slug":"bang-9000-18000-jednorazowy-akumulator-vape-18000-zaciagniec-0-5-nikotyny-12-smakow","status":"publish","type":"product","link":"https:\/\/frvape.com\/pl\/product\/bang-9000-18000-jednorazowy-akumulator-vape-18000-zaciagniec-0-5-nikotyny-12-smakow\/","title":{"rendered":"Bang 9000-18000 jednorazowy Vape | akumulator, 18000 zaci\u0105gni\u0119\u0107, 0\/5% nikotyny, 12 smak\u00f3w"},"content":{"rendered":"<h3>Dlaczego Bang 9000-18000 to najlepszy wyb\u00f3r Vape?<\/h3>\n<p>Przedstawiamy <strong>Bang 9000-18000<\/strong>najnowocze\u015bniejszy <strong>jednorazowe vape<\/strong> zaprojektowany dla najwy\u017cszej <strong>satysfakcja z wapowania<\/strong>. Idealne dla os\u00f3b prowadz\u0105cych intensywny tryb \u017cycia, urz\u0105dzenie to oferuje imponuj\u0105cy <strong>18 000 zaci\u0105gni\u0119\u0107<\/strong> na jednostk\u0119, dzi\u0119ki du\u017cej <strong>16 ml e-liquidu<\/strong> Zbiornik i wytrzyma\u0142o\u015b\u0107 <strong>Akumulator 650 mAh<\/strong>. Mo\u017cna dostosowa\u0107 <strong>moc nikotyny<\/strong> z opcjami od <strong>0% (bez nikotyny)<\/strong> do <strong>5% wytrzyma\u0142o\u015b\u0107<\/strong>dzi\u0119ki czemu jest idealny dla os\u00f3b poszukuj\u0105cych <strong>zdrowsza alternatywa dla tytoniu<\/strong>. Wprowadzaj innowacje dzi\u0119ki naszym <strong>\u0141adowanie typu C<\/strong> port, zapewniaj\u0105cy szybkie i wygodne \u0142adowanie w dowolnym miejscu i czasie.<\/p>\n<h3>Kluczowe cechy i specyfikacja<\/h3>\n<p>The <strong>Bang 9000-18000<\/strong> wyr\u00f3\u017cnia si\u0119 jako\u015bci\u0105 <strong>Technologia waporyzacji jednorazowej<\/strong>. Kluczowe specyfikacje obejmuj\u0105 <strong>Bateria: 650 mAh<\/strong> dla d\u0142ugotrwa\u0142ego u\u017cytkowania, <strong>E-liquid: 16,0 ml<\/strong> dla maksymalnej przyjemno\u015bci i <strong>Puffy: 18,000<\/strong> aby zapewni\u0107 tygodnie nieprzerwanego wapowania. Jako w pe\u0142ni <strong>Jednorazowego u\u017cytku<\/strong> urz\u0105dzenie, eliminuje k\u0142opoty zwi\u0105zane z konserwacj\u0105, zapewniaj\u0105c jednocze\u015bnie najwy\u017csz\u0105 jako\u015b\u0107 <strong>Wydajno\u015b\u0107 e-papierosa<\/strong>. Z <strong>12 r\u00f3\u017cnych smak\u00f3w<\/strong> dost\u0119pna, ka\u017cda sesja staje si\u0119 <strong>aromatyczna przygoda<\/strong>. Nasza konstrukcja k\u0142adzie nacisk na p\u0142ynny przep\u0142yw powietrza i sta\u0142\u0105 produkcj\u0119 pary, umo\u017cliwiaj\u0105c u\u017cytkownikom korzystanie z <strong>styl \u017cycia wolny od dymu tytoniowego<\/strong> bez kompromis\u00f3w.<\/p>\n<h3>Nasze zaanga\u017cowanie w doskona\u0142o\u015b\u0107 w waporyzacji<\/h3>\n<p>Naszym g\u0142\u00f3wnym celem jest <strong>tworzenie innowacji<\/strong> i tworzenie niezwyk\u0142ych do\u015bwiadcze\u0144 dla u\u017cytkownik\u00f3w na ca\u0142ym \u015bwiecie <strong>przemys\u0142 vape<\/strong>. Specjalizujemy si\u0119 w badaniach, rozwoju i sprzeda\u017cy na ca\u0142ym \u015bwiecie <strong>vape jednorazowe<\/strong>obejmuj\u0105c rynki od Azji po Europ\u0119 i obie Ameryki. Dzi\u0119ki ci\u0105g\u0142ym innowacjom nasze produkty, takie jak <strong>Bang 9000-18000<\/strong> przyci\u0105gn\u0119\u0142y miliony konsument\u00f3w, ustanawiaj\u0105c nas jako <strong>\u015bwiatowej klasy producent<\/strong> w <strong>elektroniczny papieros<\/strong> sektor. Nasza szeroka gama obejmuje waporyzatory od poziomu podstawowego do najwy\u017cszego, wszystkie zaprojektowane tak, aby <strong>wzmocnienie pozycji \u015bwiadomych zdrowotnie vaper\u00f3w<\/strong> kt\u00f3rzy chc\u0105 szcz\u0119\u015bliwszej i bezpieczniejszej alternatywy dla papieros\u00f3w. <strong>Technologia waporyzacji<\/strong> stale ewoluuje, oferuj\u0105c nieograniczone mo\u017cliwo\u015bci, a my jeste\u015bmy w czo\u0142\u00f3wce, tworz\u0105c lepsze sposoby na waporyzacj\u0119. Ponadto nasz kompletny system obs\u0142ugi klienta zapewnia p\u0142ynn\u0105 i wydajn\u0105 wsp\u00f3\u0142prac\u0119, koncentruj\u0105c si\u0119 nie tylko na projektowaniu i jako\u015bci, ale tak\u017ce na dostarczaniu <strong>Pierwszorz\u0119dna obs\u0142uga klienta<\/strong>. Akceptujemy <strong>Wymagania OEM i ODM<\/strong>wi\u0119c nie wahaj si\u0119 odwiedzi\u0107 naszej fabryki w dowolnym momencie, aby zobaczy\u0107 nasze <strong>Proces produkcji w akcji<\/strong>-chodzi o osi\u0105gni\u0119cie <strong>Wsp\u00f3\u0142praca korzystna dla obu stron<\/strong>.<\/p>\n<h3>Profile smakowe: Poznaj 12 wy\u015bmienitych opcji p\u0142yn\u00f3w E-Liquid<\/h3>\n<p>Rozkoszuj si\u0119 nasz\u0105 r\u00f3\u017cnorodno\u015bci\u0105 <strong>Smaki e-papieros\u00f3w<\/strong> lista, fachowo przygotowana, aby zachwyci\u0107 zmys\u0142y i podnie\u015b\u0107 na wy\u017cszy poziom <strong>podr\u00f3\u017c vaping<\/strong>. Ka\u017cdy smak wykorzystuje wysokiej jako\u015bci sk\u0142adniki zapewniaj\u0105ce g\u0142adki, orze\u017awiaj\u0105cy smak. Poni\u017cej znajduje si\u0119 pe\u0142na lista <strong>asortyment smak\u00f3w<\/strong> dla Bang 9000-18000, wraz z kr\u00f3tkimi opisami u\u0142atwiaj\u0105cymi wyb\u00f3r:<\/p>\n<p>1. <strong>L\u00f3d z kwa\u015bnego jab\u0142ka<\/strong>: Pikantne, chrupi\u0105ce jab\u0142ko, po kt\u00f3rym nast\u0119puje sch\u0142odzone, lodowate wyko\u0144czenie - idealne na o\u017cywcze chwile.<br \/>2. <strong>Soczysty brzoskwiniowy l\u00f3d<\/strong>: S\u0142odka, soczysta esencja brzoskwini wzmocniona ch\u0142odnym lodowym odcieniem, zapewniaj\u0105ca letnie wibracje przez ca\u0142y rok.<br \/>3. <strong>Triple Berry Ice<\/strong>: Orze\u017awiaj\u0105ca mieszanka mieszanych jag\u00f3d z lodowym kopni\u0119ciem, oferuj\u0105ca wyrazist\u0105 s\u0142odycz i g\u0142adk\u0105 par\u0119.<br \/>4. <strong>Wi\u015bniowa bomba<\/strong>: Intensywne, s\u0142odkie nuty wi\u015bni, kt\u00f3re eksploduj\u0105 smakiem, idealne dla tych, kt\u00f3rzy kochaj\u0105 mocne, owocowe profile.<br \/>5. <strong>Arbuz truskawkowy<\/strong>: Soczysty arbuz w po\u0142\u0105czeniu z dojrza\u0142ymi truskawkami to orze\u017awiaj\u0105ce, gasz\u0105ce pragnienie po\u0142\u0105czenie.<br \/>6. <strong>Blue Razz Ice<\/strong>: Cierpka niebieska malina po\u0142\u0105czona z ch\u0142odnym lodem, tworz\u0105c pikantny i orze\u017awiaj\u0105cy aromat.<br \/>7. <strong>L\u00f3d winogronowy<\/strong>: G\u0142\u0119boka s\u0142odycz winogron z\u0142agodzona orze\u017awiaj\u0105c\u0105 lodow\u0105 warstw\u0105, przywo\u0142uj\u0105c\u0105 nostalgiczny, ch\u0142odny smak.<br \/>8. <strong>Banan truskawkowy<\/strong>: Kremowy banan zmieszany ze \u015bwie\u017cymi truskawkami, zapewniaj\u0105cy g\u0142adkie, deserowe doznania.<br \/>9. <strong>Mango truskawkowe<\/strong>: Tropikalne mango zmieszane z truskawkow\u0105 s\u0142odycz\u0105 dla egzotycznej, mu\u015bni\u0119tej s\u0142o\u0144cem przyjemno\u015bci.<br \/>10. <strong>Arbuzowy l\u00f3d<\/strong>: Chrupi\u0105cy smak arbuza podwojony lodowatym posmakiem, idealny do orze\u017awienia w upalne dni.<br \/>11. <strong>Mango Brzoskwinia<\/strong>: Bogate mango \u0142\u0105czy si\u0119 z soczyst\u0105 brzoskwini\u0105, zapewniaj\u0105c g\u0142adki i satysfakcjonuj\u0105cy tropikalny akcent.<br \/>12. <strong>Owoce mieszane<\/strong>: Wibruj\u0105ca mieszanka r\u00f3\u017cnorodnych owoc\u00f3w o zr\u00f3wnowa\u017conej s\u0142odyczy, oferuj\u0105ca wszechstronne i satysfakcjonuj\u0105ce waporyzowanie przez ca\u0142y dzie\u0144.<\/p>\n<h3>Korzy\u015bci z Bang 9000-18000<\/h3>\n<p>Wyb\u00f3r <strong>Bang 9000-18000<\/strong> oznacza inwestowanie w inteligentniejsze <strong>alternatywa dla wapowania<\/strong>. Zmniejsza ochot\u0119 na tyto\u0144, oferuj\u0105c kontrolowan\u0105 <strong>poziomy nikotyny<\/strong> (0% lub 5%), pomagaj\u0105c u\u017cytkownikom zrobi\u0107 krok w kierunku <strong>zdrowszy styl \u017cycia<\/strong>. D\u0142ugotrwa\u0142y <strong>18 000 zaci\u0105gni\u0119\u0107<\/strong> zapewniaj\u0105 mniejsz\u0105 liczb\u0119 wymian i oszcz\u0119dno\u015b\u0107 koszt\u00f3w, podczas gdy <strong>Konstrukcja wielokrotnego \u0142adowania<\/strong> przez port typu C promuje przyjazno\u015b\u0107 dla \u015brodowiska, minimalizuj\u0105c ilo\u015b\u0107 odpad\u00f3w. Jako <strong>Najwy\u017cszej klasy jednorazowe vape<\/strong>Zosta\u0142 zaprojektowany tak, aby by\u0142 dyskretny, przeno\u015bny i szczelny - idealny do podr\u00f3\u017cy lub codziennego u\u017cytku. Ponadto nasze globalne certyfikaty gwarantuj\u0105 bezpiecze\u0144stwo i jako\u015b\u0107, dzi\u0119ki czemu jeste\u015bmy zaufanym partnerem w podr\u00f3\u017cy do \u017cycia bez dymu tytoniowego. Odwied\u017a nasz\u0105 stron\u0119 internetow\u0105, aby pozna\u0107 modele i smaki; jeste\u015bmy tutaj, aby zapewni\u0107 <strong>Wyj\u0105tkowa obs\u0142uga klienta<\/strong> i wspiera\u0107 Twoje potrzeby zwi\u0105zane z waporyzacj\u0105.<\/p>","protected":false},"excerpt":{"rendered":"<p>Odkryj pot\u0119\u017cne <strong>Jednorazowe vape Bang 9000-18000<\/strong>wype\u0142niony <strong>18 000 zaci\u0105gni\u0119\u0107<\/strong> i masywny <strong>16 ml e-liquidu<\/strong> pojemno\u015b\u0107.<br \/>Wybierz preferowan\u0105 opcj\u0119 <strong>poziom nikotyny: 0% lub 5%<\/strong>i cieszy\u0107 si\u0119 dowolnym <strong>12 orze\u017awiaj\u0105cych smak\u00f3w<\/strong>.<br \/>Z <strong>\u0141adowanie typu C<\/strong> oraz <strong>Akumulator 650 mAh<\/strong>to ostateczny <strong>przeno\u015bny e-papieros<\/strong> do\u015bwiadczenie.<\/p>","protected":false},"featured_media":797,"comment_status":"open","ping_status":"closed","template":"","meta":[],"product_brand":[97],"product_cat":[17,860],"product_tag":[152,112,153,154,156,155],"class_list":{"0":"post-802","1":"product","2":"type-product","3":"status-publish","4":"has-post-thumbnail","6":"product_brand-zooy","7":"product_cat-uncategorized","8":"product_cat-zooy","9":"product_tag-bang-vape","10":"product_tag-disposable-vape","11":"product_tag-e-cigarette","12":"product_tag-high-puff-vape","13":"product_tag-rechargeable-e-cig","14":"product_tag-vape-flavors","16":"first","17":"instock","18":"sale","19":"shipping-taxable","20":"purchasable","21":"product-type-variable"},"jetpack_sharing_enabled":true,"tiered_pricing_type":"fixed","tiered_pricing_fixed_rules":[],"tiered_pricing_product_settings":{"layout":"default","base_unit_name":{"singular":null,"plural":null},"default_variation":null},"tiered_pricing_minimum_quantity":null,"tiered_pricing_roles_data":[],"tiered_pricing_percentage_rules":[],"tiered_pricing_maximum_quantity":null,"tiered_pricing_quantity_step":null,"_links":{"self":[{"href":"https:\/\/frvape.com\/pl\/wp-json\/wp\/v2\/product\/802","targetHints":{"allow":["GET"]}}],"collection":[{"href":"https:\/\/frvape.com\/pl\/wp-json\/wp\/v2\/product"}],"about":[{"href":"https:\/\/frvape.com\/pl\/wp-json\/wp\/v2\/types\/product"}],"replies":[{"embeddable":true,"href":"https:\/\/frvape.com\/pl\/wp-json\/wp\/v2\/comments?post=802"}],"wp:featuredmedia":[{"embeddable":true,"href":"https:\/\/frvape.com\/pl\/wp-json\/wp\/v2\/media\/797"}],"wp:attachment":[{"href":"https:\/\/frvape.com\/pl\/wp-json\/wp\/v2\/media?parent=802"}],"wp:term":[{"taxonomy":"product_brand","embeddable":true,"href":"https:\/\/frvape.com\/pl\/wp-json\/wp\/v2\/product_brand?post=802"},{"taxonomy":"product_cat","embeddable":true,"href":"https:\/\/frvape.com\/pl\/wp-json\/wp\/v2\/product_cat?post=802"},{"taxonomy":"product_tag","embeddable":true,"href":"https:\/\/frvape.com\/pl\/wp-json\/wp\/v2\/product_tag?post=802"}],"curies":[{"name":"wp","href":"https:\/\/api.w.org\/{rel}","templated":true}]}}