{"id":9150,"date":"2025-10-31T14:54:58","date_gmt":"2025-10-31T14:54:58","guid":{"rendered":"https:\/\/frvape.com\/product\/aivono-aim-150k-puffs-disposable-vape-rechargeable-58ml-mesh-coil-device\/"},"modified":"2025-12-16T09:09:50","modified_gmt":"2025-12-16T09:09:50","slug":"aivono-aim-150k-puff-jednorazowe-urzadzenie-vape-do-wielokrotnego-ladowania-z-cewka-siatkowa-58-ml","status":"publish","type":"product","link":"https:\/\/frvape.com\/pl\/product\/aivono-aim-150k-puff-jednorazowe-urzadzenie-vape-do-wielokrotnego-ladowania-z-cewka-siatkowa-58-ml\/","title":{"rendered":"Jednorazowe urz\u0105dzenie Vape Aivono Aim 150K Puffs - \u0142adowalne urz\u0105dzenie z cewk\u0105 siatkow\u0105 58 ml"},"content":{"rendered":"<h3>Wyj\u0105tkowo d\u0142ugotrwa\u0142e doznania podczas waporyzacji<\/h3>\n<p>Odkryj prze\u0142omowe <strong>Aivono Aim 150K Puffs<\/strong> jednorazowy vape, zaprojektowany dla vaper\u00f3w poszukuj\u0105cych wyj\u0105tkowej wytrzyma\u0142o\u015bci i dostarczania najwy\u017cszej jako\u015bci smaku. To najnowocze\u015bniejsze urz\u0105dzenie wyznacza nowe standardy na rynku waporyzator\u00f3w jednorazowych dzi\u0119ki niezwyk\u0142ej pojemno\u015bci 150 000 zaci\u0105gni\u0119\u0107 - idealnej dla intensywnych u\u017cytkownik\u00f3w i entuzjast\u00f3w smaku, kt\u00f3rzy wymagaj\u0105 nieprzerwanej satysfakcji.<\/p>\n<h3>Zaawansowana technologia cewek siatkowych<\/h3>\n<p>Do\u015bwiadcz niezr\u00f3wnanej konsystencji pary dzi\u0119ki naszemu innowacyjnemu czterordzeniowemu systemowi mieszcz\u0105cemu cztery cewki siatkowe 1,2\u03a9. Ta zaawansowana konfiguracja zapewnia, \u017ce ka\u017cde zaci\u0105gni\u0119cie <strong>g\u0119sty<\/strong>i aromatyczne chmury, zachowuj\u0105c stabilno\u015b\u0107 temperatury od pierwszego do ostatniego u\u017cycia. The <strong>cewka siatkowa<\/strong> Konstrukcja maksymalizuje wykorzystanie e-liquidu i zapewnia szybkie nagrzewanie dla natychmiastowej satysfakcji.<\/p>\n<h3>Mo\u017cliwo\u015b\u0107 dostosowania do\u015bwiadczenia nikotynowego<\/h3>\n<p>Dostosuj swoj\u0105 podr\u00f3\u017c z waporyzacj\u0105 do w\u0142asnych potrzeb dzi\u0119ki wielu funkcjom <strong>moc nikotyny<\/strong> opcje (0%, 2%, 3%, 5%), aby dopasowa\u0107 je do osobistych preferencji. Niezale\u017cnie od tego, czy przechodzisz od tradycyjnych papieros\u00f3w, czy po prostu lubisz satysfakcj\u0119 z nikotyny, nasze starannie skalibrowane poziomy zapewniaj\u0105 p\u0142ynne uderzenia w gard\u0142o bez uszczerbku dla integralno\u015bci smaku, dzi\u0119ki czemu s\u0105 idealne dla wszystkich styl\u00f3w waporyzacji.<\/p>\n<h3>Ogromna pojemno\u015b\u0107 E-Liquid i inteligentne funkcje<\/h3>\n<p>W sercu tego imponuj\u0105cego urz\u0105dzenia znajduje si\u0119 znaczny <strong>Wst\u0119pnie nape\u0142niony e-liquid o pojemno\u015bci 58 ml<\/strong> zbiornik. Ta du\u017ca pojemno\u015b\u0107 zapewnia d\u0142u\u017csze u\u017cytkowanie bez konieczno\u015bci cz\u0119stej wymiany, dzi\u0119ki czemu jest zar\u00f3wno op\u0142acalna, jak i wygodna. Zintegrowany wy\u015bwietlacz LED, kt\u00f3ry stale monitoruje <strong>bateria<\/strong> stan i pozosta\u0142e poziomy soku.<\/p>\n<h3>Najwy\u017csza wydajno\u015b\u0107 \u0142adowania<\/h3>\n<p>Akumulator o du\u017cej pojemno\u015bci 850 mAh zapewnia d\u0142ugotrwa\u0142\u0105 moc pasuj\u0105c\u0105 do wyj\u0105tkowej liczby zaci\u0105gni\u0119\u0107. Szybkie \u0142adowanie dzi\u0119ki technologii USB-C zapobiega przestojom, zapewniaj\u0105c jednocze\u015bnie wysok\u0105 wydajno\u015b\u0107 \u0142adowania. Ta przyjazna dla u\u017cytkownika funkcja wyd\u0142u\u017ca sesje waporyzacji bez konieczno\u015bci stosowania jednorazowych alternatyw.<\/p>\n<h3>Pyszna r\u00f3\u017cnorodno\u015b\u0107 smak\u00f3w<\/h3>\n<p>Rozkoszuj si\u0119 naszym zr\u00f3\u017cnicowanym wyborem wyrafinowanych profili smakowych:<\/p>\n<p><strong>Arbuz + Malina + Wi\u015bnia + Cola<br \/>L\u00f3d truskawkowy + l\u00f3d arbuzowy + l\u00f3d brzoskwiniowy + l\u00f3d z marakui<br \/>L\u00f3d truskawkowy + mango + ananas + lody<br \/>Pineapple Coconut + Lemon Ice + Blueberry Ice + Energy Drink<br \/>L\u00f3d truskawkowy + L\u00f3d jagodowy + L\u00f3d winogronowy + L\u00f3d z zielonego jab\u0142ka<br \/>L\u00f3d bananowy + l\u00f3d truskawkowy + l\u00f3d arbuzowy + l\u00f3d cytrynowy<br \/>Truskawka Kiwi + Jagoda Kokos + Mieszanka \u015aliwka + Mango<br \/>L\u00f3d truskawkowy + L\u00f3d ananasowo-kokosowy + L\u00f3d mango + L\u00f3d z marakui<br \/>Blueberry Ice + Raspberry Lemon Ice + Watermelon Bubblegum + Mint<br \/>L\u00f3d winogronowy + brzoskwinia z mango + l\u00f3d arbuzowy + l\u00f3d jagodowy<\/strong><\/p>\n<h3>Specyfikacja techniczna<\/h3>\n<p>Puffy: 150,000<br \/>Typ cewki: Poczw\u00f3rny system cewek siatkowych 1,2\u03a9<br \/>Pojemno\u015b\u0107 e-liquidu: 58 ml<br \/>Moc nikotyny: 0%\/2%\/3%\/5%<br \/>Bateria: akumulator 850 mAh<br \/>\u0141adowanie: Interfejs USB typu C<br \/>Wy\u015bwietlacz: Wska\u017aniki LED baterii\/p\u0142ynu<br \/>Wymiary: 39 x 39 x 118 mm<br \/>Wymiary opakowania (ma\u0142e): 47x47x135mm<br \/>Wymiary opakowania transportowego (Big Box): 97x243x138mm<br \/>Wymiary kartonu g\u0142\u00f3wnego: 685x380x240mm<br \/>Waga kartonu: 23 kg (150 sztuk)<\/p>\n<h3>Najlepszy wyb\u00f3r dla vaper\u00f3w wyczynowych<\/h3>\n<p>The <strong>Aivono Aim 150K Puffs<\/strong> na nowo definiuje jednorazowe standardy waporyzacji, \u0142\u0105cz\u0105c rekordow\u0105 pojemno\u015b\u0107 z najwy\u017cszej jako\u015bci konstrukcj\u0105. Ka\u017cdy starannie zaprojektowany komponent - od wydajnych cewek siatkowych po doskonale dostrojony system przep\u0142ywu powietrza - zapewnia niezachwian\u0105 sp\u00f3jno\u015b\u0107 przez ca\u0142y okres u\u017cytkowania. Ten niezale\u017cny system waporyzacji eliminuje potrzeb\u0119 konserwacji, zapewniaj\u0105c jednocze\u015bnie profesjonaln\u0105 wydajno\u015b\u0107, dzi\u0119ki czemu nadaje si\u0119 zar\u00f3wno do osobistej przyjemno\u015bci, jak i dystrybucji komercyjnej. Odmie\u0144 swoje doznania z waporyzacji dzi\u0119ki temu innowacyjnemu po\u0142\u0105czeniu trwa\u0142o\u015bci, bogactwa smaku i praktycznej in\u017cynierii.<\/p>","protected":false},"excerpt":{"rendered":"<p>Do\u015bwiadcz najwy\u017cszej trwa\u0142o\u015bci dzi\u0119ki <strong>Aivono Aim 150K Puffs<\/strong> Jednorazowe vape wyposa\u017cone <strong>Pojemno\u015b\u0107 58 ml<\/strong> oraz <strong>150 000 zaci\u0105gni\u0119\u0107<\/strong>.<br \/>Ciesz si\u0119 <strong>cztery cewki siatkowe<\/strong> dla bogatego smaku, regulowany <strong>moc nikotyny<\/strong> (0%\/2%\/3%\/5%) oraz \u0142adowanie przez USB-C.<\/p>","protected":false},"featured_media":9144,"comment_status":"open","ping_status":"closed","template":"","meta":[],"product_brand":[165],"product_cat":[951,1016],"product_tag":[734,735,733,112,77,115],"class_list":{"0":"post-9150","1":"product","2":"type-product","3":"status-publish","4":"has-post-thumbnail","6":"product_brand-aivono","7":"product_cat-aivono","8":"product_cat-big-puffs-vapes","9":"product_tag-150000-puffs-vape","10":"product_tag-58ml-e-liquid","11":"product_tag-aivono-aim-150000-puffs","12":"product_tag-disposable-vape","13":"product_tag-mesh-coil-vape","14":"product_tag-rechargeable-vape","16":"first","17":"instock","18":"sale","19":"shipping-taxable","20":"purchasable","21":"product-type-variable"},"jetpack_sharing_enabled":true,"tiered_pricing_type":"fixed","tiered_pricing_fixed_rules":[],"tiered_pricing_product_settings":{"layout":"default","base_unit_name":{"singular":null,"plural":null},"default_variation":null},"tiered_pricing_minimum_quantity":null,"tiered_pricing_roles_data":[],"tiered_pricing_percentage_rules":[],"tiered_pricing_maximum_quantity":null,"tiered_pricing_quantity_step":null,"_links":{"self":[{"href":"https:\/\/frvape.com\/pl\/wp-json\/wp\/v2\/product\/9150","targetHints":{"allow":["GET"]}}],"collection":[{"href":"https:\/\/frvape.com\/pl\/wp-json\/wp\/v2\/product"}],"about":[{"href":"https:\/\/frvape.com\/pl\/wp-json\/wp\/v2\/types\/product"}],"replies":[{"embeddable":true,"href":"https:\/\/frvape.com\/pl\/wp-json\/wp\/v2\/comments?post=9150"}],"wp:featuredmedia":[{"embeddable":true,"href":"https:\/\/frvape.com\/pl\/wp-json\/wp\/v2\/media\/9144"}],"wp:attachment":[{"href":"https:\/\/frvape.com\/pl\/wp-json\/wp\/v2\/media?parent=9150"}],"wp:term":[{"taxonomy":"product_brand","embeddable":true,"href":"https:\/\/frvape.com\/pl\/wp-json\/wp\/v2\/product_brand?post=9150"},{"taxonomy":"product_cat","embeddable":true,"href":"https:\/\/frvape.com\/pl\/wp-json\/wp\/v2\/product_cat?post=9150"},{"taxonomy":"product_tag","embeddable":true,"href":"https:\/\/frvape.com\/pl\/wp-json\/wp\/v2\/product_tag?post=9150"}],"curies":[{"name":"wp","href":"https:\/\/api.w.org\/{rel}","templated":true}]}}