{"id":9412,"date":"2025-10-31T15:36:54","date_gmt":"2025-10-31T15:36:54","guid":{"rendered":"https:\/\/frvape.com\/product\/mr-goodie-abyss-mirror-50000-puffs-vape-with-adjustable-ice-party-mode\/"},"modified":"2025-12-16T09:51:59","modified_gmt":"2025-12-16T09:51:59","slug":"mr-goodie-abyss-mirror-50000-puffow-vape-z-regulowanym-trybem-ice-party","status":"publish","type":"product","link":"https:\/\/frvape.com\/pl\/product\/mr-goodie-abyss-mirror-50000-puffow-vape-z-regulowanym-trybem-ice-party\/","title":{"rendered":"Mr.Goodie Abyss Mirror 50,000 Puffs Vape z regulowanym trybem Ice i Party"},"content":{"rendered":"<h3>Vaping premium na nowo zdefiniowany<\/h3>\n<p>The <strong>Mr.Goodie Abyss Mirror<\/strong> wyznacza nowe standardy w jednorazowej waporyzacji dzi\u0119ki ekstremalnemu <strong>50 000 zaci\u0105gni\u0119\u0107<\/strong> pojemno\u015b\u0107. Zaprojektowany dla entuzjast\u00f3w poszukuj\u0105cych wydajno\u015bci i stylu, jego pe\u0142na <strong>Wy\u015bwietlacz lustrzany Abyss<\/strong> \u015bledzi stan baterii, e-liquidu i liczb\u0119 zaci\u0105gni\u0119\u0107 w czasie rzeczywistym, \u0142\u0105cz\u0105c futurystyczn\u0105 estetyk\u0119 z niezr\u00f3wnan\u0105 funkcjonalno\u015bci\u0105.<\/p>\n<h3>Funkcje zaawansowane<\/h3>\n<p>Spersonalizuj ka\u017cd\u0105 sesj\u0119 za pomoc\u0105 <strong>3-poziomowa regulacja lodu<\/strong> w celu dostosowania intensywno\u015bci ch\u0142odzenia. Aktywuj <strong>Party Vibez Mode<\/strong> aby zsynchronizowa\u0107 dynamiczne efekty \u015bwietlne LED z rysunkami. Podw\u00f3jny <strong>cewki siatkowe<\/strong> konsekwentnie dostarczaj\u0105 bogat\u0105, g\u0142adk\u0105 par\u0119, podczas gdy <strong>Bateria 900 mAh<\/strong> zapewnia d\u0142u\u017csze u\u017cytkowanie. Szybki <strong>\u0141adowanie typu C<\/strong> szybko odm\u0142adza urz\u0105dzenie mi\u0119dzy sesjami.<\/p>\n<h3>Ogromna pojemno\u015b\u0107 i opcje<\/h3>\n<p>Obudowa <strong>Wst\u0119pnie nape\u0142niony e-liquid o pojemno\u015bci 40 ml<\/strong> i dost\u0119pne w obu wersjach <strong>20 mg<\/strong> i silny <strong>50 mg soli nikotyny<\/strong> mocne strony, to urz\u0105dzenie zaspokoi wszystkie preferencje. Najwy\u017cszej jako\u015bci materia\u0142y i szczelna konstrukcja gwarantuj\u0105 niezawodne dzia\u0142anie od pierwszego do ostatniego puffu.<\/p>\n<h3>Wy\u015bmienity wyb\u00f3r smak\u00f3w<\/h3>\n<p>Wybieraj spo\u015br\u00f3d 10 profesjonalnie przygotowanych smak\u00f3w:<br \/>\n<strong>Arbuzowy l\u00f3d<br \/>\nZielony l\u00f3d cytrynowy<br \/>\nJab\u0142ko z cynamonem<br \/>\nSoczysty brzoskwiniowy l\u00f3d<br \/>\nBlue Razz<br \/>\nTruskawkowy koktajl mleczny<br \/>\nVanilla Passion Fruit<br \/>\nL\u00f3d z krwistej pomara\u0144czy<br \/>\nMango Pineapple Ice<br \/>\nLove 66<\/strong><\/p>\n<h3>Dlaczego warto wybra\u0107 Abyss Mirror?<\/h3>\n<p>To nie jest tylko jednorazowy vape - to po\u0142\u0105czenie innowacji i luksusu. Niezr\u00f3wnana liczba zaci\u0105gni\u0119\u0107, <strong>Technologia regulowanego lodu<\/strong>hipnotyzuj\u0105ce \u015bwiat\u0142a Party Vibez i <strong>Podw\u00f3jne cewki siatkowe<\/strong> stworzy\u0107 niezwyk\u0142e doznania sensoryczne. Niezale\u017cnie od tego, czy priorytetem jest g\u0119sto\u015b\u0107 chmury, odwa\u017cne smaki czy przyci\u0105gaj\u0105cy wzrok design, Abyss Mirror przekracza oczekiwania.<\/p>","protected":false},"excerpt":{"rendered":"<p>Do\u015bwiadcz rewolucyjnej waporyzacji z <strong>Mr.Goodie Abyss Mirror<\/strong> - zawieraj\u0105cy <strong>50 000 zaci\u0105gni\u0119\u0107<\/strong>futurystyczny wy\u015bwietlacz i 10 \u017cywych smak\u00f3w.<br \/>\nPoznaj 3 poziomy <strong>Regulowane ch\u0142odzenie lodem<\/strong> i wci\u0105gaj\u0105ca <strong>Party Vibez Mode<\/strong> efekty \u015bwietlne dla spersonalizowanych sesji.<\/p>","protected":false},"featured_media":9406,"comment_status":"open","ping_status":"closed","template":"","meta":[],"product_brand":[769],"product_cat":[873],"product_tag":[1023,1021,774,776,772,775,271],"class_list":{"0":"post-9412","1":"product","2":"type-product","3":"status-publish","4":"has-post-thumbnail","6":"product_brand-mr-goodie","7":"product_cat-mr-goodie","8":"product_tag-000-puffs-disposable-vape","9":"product_tag-1021","10":"product_tag-adjustable-ice-levels","11":"product_tag-dual-mesh-coils","12":"product_tag-mr-goodie-abyss-mirror","13":"product_tag-party-vibez-mode","14":"product_tag-type-c-vape","16":"first","17":"instock","18":"sale","19":"shipping-taxable","20":"purchasable","21":"product-type-variable"},"jetpack_sharing_enabled":true,"tiered_pricing_type":"fixed","tiered_pricing_fixed_rules":[],"tiered_pricing_product_settings":{"layout":"default","base_unit_name":{"singular":null,"plural":null},"default_variation":null},"tiered_pricing_minimum_quantity":null,"tiered_pricing_roles_data":[],"tiered_pricing_percentage_rules":[],"tiered_pricing_maximum_quantity":null,"tiered_pricing_quantity_step":null,"_links":{"self":[{"href":"https:\/\/frvape.com\/pl\/wp-json\/wp\/v2\/product\/9412","targetHints":{"allow":["GET"]}}],"collection":[{"href":"https:\/\/frvape.com\/pl\/wp-json\/wp\/v2\/product"}],"about":[{"href":"https:\/\/frvape.com\/pl\/wp-json\/wp\/v2\/types\/product"}],"replies":[{"embeddable":true,"href":"https:\/\/frvape.com\/pl\/wp-json\/wp\/v2\/comments?post=9412"}],"wp:featuredmedia":[{"embeddable":true,"href":"https:\/\/frvape.com\/pl\/wp-json\/wp\/v2\/media\/9406"}],"wp:attachment":[{"href":"https:\/\/frvape.com\/pl\/wp-json\/wp\/v2\/media?parent=9412"}],"wp:term":[{"taxonomy":"product_brand","embeddable":true,"href":"https:\/\/frvape.com\/pl\/wp-json\/wp\/v2\/product_brand?post=9412"},{"taxonomy":"product_cat","embeddable":true,"href":"https:\/\/frvape.com\/pl\/wp-json\/wp\/v2\/product_cat?post=9412"},{"taxonomy":"product_tag","embeddable":true,"href":"https:\/\/frvape.com\/pl\/wp-json\/wp\/v2\/product_tag?post=9412"}],"curies":[{"name":"wp","href":"https:\/\/api.w.org\/{rel}","templated":true}]}}