{"id":950,"date":"2025-10-11T15:55:38","date_gmt":"2025-10-11T15:55:38","guid":{"rendered":"https:\/\/frvape.com\/product\/mrvi-moving-25000-puffs-vape-mtl-dtl-dual-mode-with-child-lock-30ml-capacity\/"},"modified":"2026-02-06T03:27:04","modified_gmt":"2026-02-06T03:27:04","slug":"mrvi-moving-25000-puffs-vape-mtl-dtl-dual-mode-z-blokada-przed-dziecmi-pojemnosc-30ml","status":"publish","type":"product","link":"https:\/\/frvape.com\/pl\/product\/mrvi-moving-25000-puffs-vape-mtl-dtl-dual-mode-z-blokada-przed-dziecmi-pojemnosc-30ml\/","title":{"rendered":"MRVI Moving 25000 Puffs Vape: Podw\u00f3jny tryb MTL\/DTL z blokad\u0105 rodzicielsk\u0105 | Pojemno\u015b\u0107 30 ml"},"content":{"rendered":"<h3>Rewolucyjne do\u015bwiadczenie waporyzacji<\/h3>\n<p>The <strong>MRVI Moving 25000<\/strong> na nowo definiuje przeno\u015bn\u0105 waporyzacj\u0119 dzi\u0119ki bezprecedensowej pojemno\u015bci i inteligentnym funkcjom. Ta opatentowana konstrukcja \u0142\u0105czy w sobie moc i wszechstronno\u015b\u0107 w kompaktowym urz\u0105dzeniu o wymiarach 52,2x22x99 mm, zaprojektowanym zar\u00f3wno dla pocz\u0105tkuj\u0105cych, jak i do\u015bwiadczonych vaper\u00f3w. Jego <strong>Podw\u00f3jna cewka MTL Mini<\/strong> (15-20W) i <strong>Pojedyncza cewka DTL Max<\/strong> Technologie (25-40 W) zapewniaj\u0105 konfigurowalne uderzenia w gard\u0142o lub obszerne chmury na wyci\u0105gni\u0119cie r\u0119ki.<\/p>\n<h3>Niezr\u00f3wnane specyfikacje techniczne<\/h3>\n<p>- Rekordowy <strong>25 000 zaci\u0105gni\u0119\u0107<\/strong> na urz\u0105dzenie<br \/>- Masywny <strong>Pojemno\u015b\u0107 e-liquidu 30 ml<\/strong><br \/>- D\u0142ugotrwa\u0142y <strong>Akumulator o pojemno\u015bci 1000 mAh<\/strong><br \/>- Kompatybilno\u015b\u0107 z dwoma napi\u0119ciami: Do wyboru 2% lub 5% <strong>moc nikotyny<\/strong><br \/>- Szybki <strong>\u0141adowanie typu C<\/strong> port<br \/>- Precyzja <strong>Cewka z podw\u00f3jn\u0105 siatk\u0105<\/strong> (0,4\u03a9\/0,80\u03a9)<br \/>- Intuicyjny ekran OLED do monitorowania w czasie rzeczywistym<\/p>\n<h3>Ekskluzywny wyb\u00f3r smak\u00f3w<\/h3>\n<p>Do\u015bwiadcz smaku premium dzi\u0119ki naszym profesjonalnie przygotowanym smakom e-liquid\u00f3w:<\/p>\n<ul>\n<li><strong>Truskawkowy koktajl mleczny<\/strong> - Kremowa jagodowa rozkosz<\/li>\n<li><strong>Jab\u0142ko z \u017curawin\u0105<\/strong> - Cierpko-s\u0142odkie po\u0142\u0105czenie<\/li>\n<li><strong>L\u00f3d ananasowy<\/strong> - Tropikalny powiew ch\u0142odu<\/li>\n<li><strong>Truskawka z wi\u015bni\u0105<\/strong> - Podw\u00f3jne doznanie jagodowe<\/li>\n<li><strong>L\u00f3d bananowy<\/strong> - Aksamitna mro\u017cona rozkosz<\/li>\n<li><strong>Blue Razz Ice<\/strong> - Elektryczne zamra\u017canie jag\u00f3d<\/li>\n<li><strong>Jagody mieszane<\/strong> - Z\u0142o\u017cona mieszanka owoc\u00f3w<\/li>\n<li><strong>L\u00f3d brzoskwiniowy<\/strong> - Soczyste orze\u017awienie z owoc\u00f3w pestkowych<\/li>\n<li><strong>Sok pomara\u0144czowy z marakui<\/strong> - Cytrusowo-tropikalny akcent<\/li>\n<li><strong>Arbuzowy l\u00f3d<\/strong> - Letnia \u015bwie\u017co\u015b\u0107 wzmocniona<\/li>\n<\/ul>\n<h3>Inteligentne bezpiecze\u0144stwo i personalizacja<\/h3>\n<p>Priorytetem jest bezpiecze\u0144stwo, innowacyjno\u015b\u0107 <strong>funkcja blokady przed dzie\u0107mi<\/strong> aktywuje\/dezaktywuje si\u0119 natychmiast po naci\u015bni\u0119ciu pi\u0119ciu przycisk\u00f3w, zapobiegaj\u0105c nieautoryzowanemu u\u017cyciu. Ergonomiczny sp\u00f3d <strong>regulowany przep\u0142yw powietrza<\/strong> pier\u015bcie\u0144 umo\u017cliwia precyzyjn\u0105 kontrol\u0119 opar\u00f3w, podczas gdy <strong>Wz\u00f3r inspirowany konstelacj\u0105<\/strong> zapewnia wygodny chwyt i wyr\u00f3\u017cniaj\u0105c\u0105 si\u0119 estetyk\u0119. Zoptymalizuj ka\u017cd\u0105 sesj\u0119, prze\u0142\u0105czaj\u0105c si\u0119 bez wysi\u0142ku mi\u0119dzy ciasnym zaci\u0105ganiem MTL a przewiewnym wdychaniem DTL.<\/p>\n<h3>Zaawansowane szczeg\u00f3\u0142y in\u017cynieryjne<\/h3>\n<p>Opr\u00f3cz niezwyk\u0142ej liczby puff\u00f3w, MRVI Moving wykorzystuje <strong>Optymalizacja podw\u00f3jnej cewki<\/strong> dla sp\u00f3jnego dostarczania smaku i produkcji pary. Model <strong>Wy\u015bwietlacz OLED<\/strong> monitoruje \u017cywotno\u015b\u0107 baterii, licznik zaci\u0105gni\u0119\u0107 i ustawienia mocy w przejrzysty spos\u00f3b. Wytrzyma\u0142o\u015b\u0107 spotyka si\u0119 z elegancj\u0105 w obudowie ze stopu cynku, o wymiarach umo\u017cliwiaj\u0105cych przenoszenie w kieszeni, a jednocze\u015bnie mieszcz\u0105cej profesjonalne komponenty. Wst\u0119pnie nape\u0142nione kapsu\u0142ki eliminuj\u0105 wycieki, a \u0142adowanie typu C pozwala uzyska\u0107 bateri\u0119 80% w 18 minut.<\/p>\n<h3>Wiod\u0105ca w bran\u017cy wydajno\u015b\u0107<\/h3>\n<p>The <strong>Tryby MTL i DTL<\/strong> wykracza poza typowe produkty jednorazowe - do\u015bwiadcz prawdziwego, konfigurowalnego wapowania. Przy 15-20W MTL, ciesz si\u0119 skoncentrowanym smakiem na\u015bladuj\u0105cym tradycyjne papierosy; przy <strong>25-40W DTL<\/strong>i uwolnij potencja\u0142 gonienia chmury. Ka\u017cde urz\u0105dzenie przechodzi rygorystyczn\u0105 kontrol\u0119 jako\u015bci, z certyfikatami bezpiecze\u0144stwa baterii i czysto\u015bci e-cieczy. Opakowanie zawiera 1 sztuk\u0119 w pude\u0142ku (pude\u0142ko ekspozycyjne: 10 sztuk; karton: <strong>160 szt.<\/strong>), zoptymalizowany pod k\u0105tem dystrybucji detalicznej i hurtowej.<\/p>\n<p>Podnie\u015b swoj\u0105 podr\u00f3\u017c waporyzacyjn\u0105 dzi\u0119ki MRVI Moving 25000 - gdzie prze\u0142omowa pojemno\u015b\u0107, <strong>innowacyjne systemy bezpiecze\u0144stwa<\/strong>i rzemie\u015blnicze smaki \u0142\u0105cz\u0105 si\u0119 w definiuj\u0105cym gatunek urz\u0105dzeniu zaprojektowanym tak, aby przewy\u017csza\u0107 oczekiwania z ka\u017cdym zaci\u0105gni\u0119ciem.<\/p>","protected":false},"excerpt":{"rendered":"<p><strong>MRVI Moving 25000<\/strong> vape zapewnia rewolucyjne <strong>25 000 zaci\u0105gni\u0119\u0107<\/strong> z elastyczno\u015bci\u0105 dw\u00f3ch tryb\u00f3w. Cechy <strong>Waporyzacja MTL i DTL<\/strong> technologia, <strong>Pojemno\u015b\u0107 e-liquidu 30 ml<\/strong>i niezb\u0119dne <strong>zabezpieczenie przed dzie\u0107mi<\/strong>. Ciesz si\u0119 10 \u017cywymi smakami w eleganckim, zaprojektowanym w konstelacji urz\u0105dzeniu z szybkim \u0142adowaniem typu C.<\/p>","protected":false},"featured_media":944,"comment_status":"open","ping_status":"closed","template":"","meta":[],"product_brand":[174],"product_cat":[175],"product_tag":[74,180,179,177,178,103],"class_list":{"0":"post-950","1":"product","2":"type-product","3":"status-publish","4":"has-post-thumbnail","6":"product_brand-mrvi","7":"product_cat-mrvi-vape","8":"product_tag-25000-puff-vape","9":"product_tag-30ml-e-liquid-vape","10":"product_tag-child-lock-vape","11":"product_tag-mrvi-moving-25000","12":"product_tag-mtl-dtl-vape","13":"product_tag-rechargeable-e-cigarette","15":"first","16":"outofstock","17":"sale","18":"shipping-taxable","19":"purchasable","20":"product-type-variable"},"jetpack_sharing_enabled":true,"tiered_pricing_type":"fixed","tiered_pricing_fixed_rules":[],"tiered_pricing_product_settings":{"layout":"default","base_unit_name":{"singular":null,"plural":null},"default_variation":null},"tiered_pricing_minimum_quantity":null,"tiered_pricing_roles_data":[],"tiered_pricing_percentage_rules":[],"tiered_pricing_maximum_quantity":null,"tiered_pricing_quantity_step":null,"_links":{"self":[{"href":"https:\/\/frvape.com\/pl\/wp-json\/wp\/v2\/product\/950","targetHints":{"allow":["GET"]}}],"collection":[{"href":"https:\/\/frvape.com\/pl\/wp-json\/wp\/v2\/product"}],"about":[{"href":"https:\/\/frvape.com\/pl\/wp-json\/wp\/v2\/types\/product"}],"replies":[{"embeddable":true,"href":"https:\/\/frvape.com\/pl\/wp-json\/wp\/v2\/comments?post=950"}],"wp:featuredmedia":[{"embeddable":true,"href":"https:\/\/frvape.com\/pl\/wp-json\/wp\/v2\/media\/944"}],"wp:attachment":[{"href":"https:\/\/frvape.com\/pl\/wp-json\/wp\/v2\/media?parent=950"}],"wp:term":[{"taxonomy":"product_brand","embeddable":true,"href":"https:\/\/frvape.com\/pl\/wp-json\/wp\/v2\/product_brand?post=950"},{"taxonomy":"product_cat","embeddable":true,"href":"https:\/\/frvape.com\/pl\/wp-json\/wp\/v2\/product_cat?post=950"},{"taxonomy":"product_tag","embeddable":true,"href":"https:\/\/frvape.com\/pl\/wp-json\/wp\/v2\/product_tag?post=950"}],"curies":[{"name":"wp","href":"https:\/\/api.w.org\/{rel}","templated":true}]}}