{"id":9617,"date":"2025-10-31T15:49:14","date_gmt":"2025-10-31T15:49:14","guid":{"rendered":"https:\/\/frvape.com\/product\/vopk-tornado-9000-disposable-vape-9000-puffs-20ml-e-liquid\/"},"modified":"2025-11-04T01:55:39","modified_gmt":"2025-11-04T01:55:39","slug":"vopk-tornado-9000-jednorazowy-vape-9000-puff-20ml-e-liquid","status":"publish","type":"product","link":"https:\/\/frvape.com\/pl\/product\/vopk-tornado-9000-jednorazowy-vape-9000-puff-20ml-e-liquid\/","title":{"rendered":"VOPK TORNADO 9000 Jednorazowe Vape | 9000 Puffs | 20ML E-Liquid"},"content":{"rendered":"<p>The <strong>VOPK Tornado 9000 Puffs jednorazowe pi\u00f3ro Vape Pen<\/strong> to najnowocze\u015bniejsze urz\u0105dzenie stworzone zar\u00f3wno dla pocz\u0105tkuj\u0105cych, jak i do\u015bwiadczonych vaper\u00f3w, zapewniaj\u0105ce d\u0142u\u017csz\u0105 przyjemno\u015b\u0107 dzi\u0119ki ogromnej pojemno\u015bci. Pi\u00f3ro to eliminuje potrzeb\u0119 cz\u0119stych wymian, zapewniaj\u0105c p\u0142ynne i satysfakcjonuj\u0105ce wra\u017cenia z waporyzacji.<\/p>\n<h3>Funkcje zaawansowane<\/h3>\n<p>Dostosuj swoj\u0105 sesj\u0119 za pomoc\u0105 <strong>moc nikotyny<\/strong> 0%, 2%, 3% lub 5% przy u\u017cyciu <strong>technologia soli nikotyny<\/strong>w po\u0142\u0105czeniu z hojnym <strong>Pojemno\u015b\u0107 e-liquidu 20 ml<\/strong>. Wyposa\u017cony w <strong>Cewka siatkowa 1,2 oma<\/strong>Gwarantuje to optymaln\u0105 ekstrakcj\u0119 smaku i p\u0142ynn\u0105 produkcj\u0119 pary. Model <strong>wbudowany akumulator o pojemno\u015bci 500 mAh<\/strong> umo\u017cliwia szybkie \u0142adowanie, dzi\u0119ki czemu mo\u017cesz cieszy\u0107 si\u0119 d\u0142u\u017cszym czasem wapowania i minimalnym czasem przestoju.<\/p>\n<h3>Zr\u00f3\u017cnicowany zakres smak\u00f3w<\/h3>\n<p>Wybieraj spo\u015br\u00f3d r\u00f3\u017cnych <strong>10 wspania\u0142ych smak\u00f3w<\/strong> aby dopasowa\u0107 si\u0119 do ka\u017cdego podniebienia. Dost\u0119pna lista smak\u00f3w obejmuje:<\/p>\n<p>Lemon Line<br \/>L\u00f3d truskawkowo-malinowy<br \/>Cool Mint<br \/>Arbuz truskawkowy<br \/>Potr\u00f3jne Mango<br \/>Bor\u00f3wka Malina<br \/>Arbuz Brazz Ice<br \/>Jagoda Wi\u015bnia \u017burawina<br \/>L\u00f3d jagodowy<br \/>Brzoskwinia Mango Ananas<\/p>\n<h3>Wygodne opakowanie<\/h3>\n<p>Wydajne opakowanie z <strong>10 sztuk w pude\u0142ku ekspozycyjnym<\/strong>Ten vape pen jest idealny dla sprzedawc\u00f3w detalicznych lub do u\u017cytku osobistego, oferuj\u0105c \u015bwietn\u0105 warto\u015b\u0107 i \u0142atwo\u015b\u0107 dost\u0119pu. Do\u015bwiadcz niezr\u00f3wnanej wydajno\u015bci, nowoczesnego stylu i bezproblemowej wygody dzi\u0119ki VOPK Tornado 9000.<\/p>","protected":false},"excerpt":{"rendered":"<p>Odkryj <strong>VOPK TORNADO 9000<\/strong> jednorazowe pi\u00f3ro vape, zapewniaj\u0105ce imponuj\u0105ce <strong>9000 zaci\u0105gni\u0119\u0107<\/strong> z <strong>0%\/2%\/3%\/5% s\u00f3l nikotyny<\/strong> opcje. Ciesz si\u0119 <strong>10 wy\u015bmienitych smak\u00f3w<\/strong> oraz <strong>Akumulator 500 mAh<\/strong> dla nieko\u0144cz\u0105cej si\u0119 przyjemno\u015bci z waporyzacji.<\/p>","protected":false},"featured_media":9611,"comment_status":"open","ping_status":"closed","template":"","meta":[],"product_brand":[787],"product_cat":[890],"product_tag":[791,325,793,792,115,790],"class_list":{"0":"post-9617","1":"product","2":"type-product","3":"status-publish","4":"has-post-thumbnail","6":"product_brand-vopk","7":"product_cat-vopk","8":"product_tag-9000-puffs-vape","9":"product_tag-disposable-vape-pen","10":"product_tag-flavors-disposable","11":"product_tag-nicotine-salt-e-cig","12":"product_tag-rechargeable-vape","13":"product_tag-vopk-tornado-9000","15":"first","16":"instock","17":"sale","18":"shipping-taxable","19":"purchasable","20":"product-type-variable"},"jetpack_sharing_enabled":true,"tiered_pricing_type":"fixed","tiered_pricing_fixed_rules":[],"tiered_pricing_product_settings":{"layout":"default","base_unit_name":{"singular":null,"plural":null},"default_variation":null},"tiered_pricing_minimum_quantity":null,"tiered_pricing_roles_data":[],"tiered_pricing_percentage_rules":[],"tiered_pricing_maximum_quantity":null,"tiered_pricing_quantity_step":null,"_links":{"self":[{"href":"https:\/\/frvape.com\/pl\/wp-json\/wp\/v2\/product\/9617","targetHints":{"allow":["GET"]}}],"collection":[{"href":"https:\/\/frvape.com\/pl\/wp-json\/wp\/v2\/product"}],"about":[{"href":"https:\/\/frvape.com\/pl\/wp-json\/wp\/v2\/types\/product"}],"replies":[{"embeddable":true,"href":"https:\/\/frvape.com\/pl\/wp-json\/wp\/v2\/comments?post=9617"}],"wp:featuredmedia":[{"embeddable":true,"href":"https:\/\/frvape.com\/pl\/wp-json\/wp\/v2\/media\/9611"}],"wp:attachment":[{"href":"https:\/\/frvape.com\/pl\/wp-json\/wp\/v2\/media?parent=9617"}],"wp:term":[{"taxonomy":"product_brand","embeddable":true,"href":"https:\/\/frvape.com\/pl\/wp-json\/wp\/v2\/product_brand?post=9617"},{"taxonomy":"product_cat","embeddable":true,"href":"https:\/\/frvape.com\/pl\/wp-json\/wp\/v2\/product_cat?post=9617"},{"taxonomy":"product_tag","embeddable":true,"href":"https:\/\/frvape.com\/pl\/wp-json\/wp\/v2\/product_tag?post=9617"}],"curies":[{"name":"wp","href":"https:\/\/api.w.org\/{rel}","templated":true}]}}