{"id":979,"date":"2025-10-11T15:59:06","date_gmt":"2025-10-11T15:59:06","guid":{"rendered":"https:\/\/frvape.com\/product\/bang-smart-screen-20000-disposable-vape-25ml-5-nicotine-20k-puffs-12-flavors\/"},"modified":"2025-11-26T09:18:49","modified_gmt":"2025-11-26T09:18:49","slug":"bang-smart-screen-20000-jednorazowe-vape-25ml-5-nikotyny-20k-zaciagniec-12-smakow","status":"publish","type":"product","link":"https:\/\/frvape.com\/pl\/product\/bang-smart-screen-20000-jednorazowe-vape-25ml-5-nikotyny-20k-zaciagniec-12-smakow\/","title":{"rendered":"Vape jednorazowe Bang Smart Screen 20000 - 25 ml nikotyny 5%, 20 tys. zaci\u0105gni\u0119\u0107, 12 smak\u00f3w"},"content":{"rendered":"<h3>Rewolucyjne do\u015bwiadczenie waporyzacji<\/h3>\n<p>Przedstawiamy <strong>Bang Smart Screen 20000<\/strong> - prze\u0142omowy jednorazowy e-papieros, kt\u00f3ry na nowo definiuje wygod\u0119 i wydajno\u015b\u0107. Zaprojektowane z wykorzystaniem najnowocze\u015bniejszej technologii, to pot\u0119\u017cne urz\u0105dzenie zapewnia bezprecedensow\u0105 <strong>20 000 zaci\u0105gni\u0119\u0107<\/strong> z masywnego <strong>25 ml e-liquidu<\/strong> zbiornik, kt\u00f3ry zadowoli nawet najbardziej wymagaj\u0105cych waper\u00f3w. Zintegrowany <strong>Inteligentny wy\u015bwietlacz<\/strong> zapewnia monitorowanie baterii i e-sok\u00f3w w czasie rzeczywistym, eliminuj\u0105c zgadywanie podczas sesji waporyzacji.<\/p>\n<h3>Specyfikacja techniczna o du\u017cej mocy<\/h3>\n<p>- <strong>Pojemno\u015b\u0107 akumulatora<\/strong>: Wytrzyma\u0142y akumulator 650 mAh<br \/>- <strong>Obj\u0119to\u015b\u0107 p\u0142ynu E-Liquid<\/strong>: Pojemny, wst\u0119pnie nape\u0142niony zbiornik o pojemno\u015bci 25,0 ml<br \/>- <strong>Si\u0142a nikotyny<\/strong>: Optymalna satysfakcja z formu\u0142y soli nikotyny 5%<br \/>- <strong>\u0141adowanie<\/strong>: Ultraszybki port \u0142adowania typu C<br \/>- <strong>Technologia cewek<\/strong>: Zaawansowane podw\u00f3jne <strong>cewka siatkowa<\/strong> system<br \/>- <strong>Odporno\u015b\u0107<\/strong>: Precyzyjny element grzejny 1,1\u03a9<br \/>- <strong>Puff Count<\/strong>: Wiod\u0105ce w bran\u017cy 20 000 losowa\u0144 na urz\u0105dzenie<br \/>- <strong>Opcje smakowe<\/strong>: 12 profesjonalnie opracowanych smak\u00f3w<\/p>\n<h3>Portfolio smak\u00f3w premium<\/h3>\n<p>Rozkoszuj si\u0119 nasz\u0105 starannie wyselekcjonowan\u0105 symfoni\u0105 smak\u00f3w:<br \/><strong>Mi\u0119ta<\/strong> - Arktyczna \u015bwie\u017co\u015b\u0107, kt\u00f3ra pobudza zmys\u0142y<br \/><strong>Liczi truskawkowe<\/strong> - Tropikalne po\u0142\u0105czenie z kwiatowymi nutami<br \/><strong>Truskawka Kiwi<\/strong> - Wibruj\u0105ce czerwone jagody zmieszane z pikantnym kiwi<br \/><strong>Red Bull<\/strong> - Autentyczny nap\u00f3j energetyczny<br \/><strong>Arbuz<\/strong> - Soczysta eksplozja letnich melon\u00f3w<br \/><strong>L\u00f3d winogronowy<\/strong> - Fioletowa eksplozja z lodowatym wyko\u0144czeniem gard\u0142a<br \/><strong>Arbuz truskawkowy<\/strong> - Podw\u00f3jna mieszanka jag\u00f3d<br \/><strong>Arbuz jagodowy<\/strong> - Odwa\u017cny duet jag\u00f3d z soczyst\u0105 s\u0142odycz\u0105<br \/><strong>Bor\u00f3wka Malina<\/strong> - Pikantne po\u0142\u0105czenie jag\u00f3d<br \/><strong>L\u00f3d brzoskwiniowy<\/strong> - Soczyste owoce pestkowe z efektem ch\u0142odzenia<br \/><strong>Owoce mieszane<\/strong> - Karnawa\u0142 tropikalnych smak\u00f3w<br \/><strong>L\u00f3d jagodowy<\/strong> - Ch\u0142odny jagodowy podmuch z rze\u015bkim finiszem<\/p>\n<h3>Prze\u0142omowa technologia podw\u00f3jnej cewki siatkowej<\/h3>\n<p>Pionierski <strong>Podw\u00f3jna siatkowa w\u0119\u017cownica grzewcza<\/strong> zapewnia niezr\u00f3wnan\u0105 produkcj\u0119 pary i intensywno\u015b\u0107 smaku. W przeciwie\u0144stwie do standardowych cewek, nasza innowacyjna konstrukcja siatki tworzy 220% wi\u0119ksz\u0105 powierzchni\u0119 grzewcz\u0105 dla r\u00f3wnomiernego odparowywania e-cieczy. Przek\u0142ada si\u0119 to na bogatsze profile smakowe, g\u0119stsze chmury pary i sta\u0142\u0105 wydajno\u015b\u0107 a\u017c do ostatniego zaci\u0105gni\u0119cia. Zoptymalizowana rezystancja 1,1\u03a9 utrzymuje idealn\u0105 kontrol\u0119 temperatury, zapobiegaj\u0105c suchym uderzeniom i maksymalizuj\u0105c wydajno\u015b\u0107 e-liquidu.<\/p>\n<h3>Inteligentne funkcje, kt\u00f3re podnosz\u0105 jako\u015b\u0107 Vape<\/h3>\n<p>Zintegrowany <strong>Inteligentny wy\u015bwietlacz<\/strong> rewolucjonizuje jednorazow\u0105 waporyzacj\u0119, zapewniaj\u0105c istotne wska\u017aniki u\u017cytkowania na pierwszy rzut oka. Monitoruj pozosta\u0142y czas pracy baterii z odczytem procentowym, \u015bled\u017a poziomy e-cieczy za pomoc\u0105 wska\u017anik\u00f3w wizualnych i kontroluj ustawienia mocy wyj\u015bciowej. W po\u0142\u0105czeniu z odpornym na zm\u0119czenie <strong>Akumulator 650 mAh<\/strong> i szybki <strong>\u0141adowanie typu C<\/strong> Zdolno\u015b\u0107 ta pozwala cieszy\u0107 si\u0119 nieprzerwanymi sesjami, kt\u00f3re 3-krotnie przewy\u017cszaj\u0105 konkurencj\u0119.<\/p>\n<h3>Najlepsze jednorazowe do\u015bwiadczenie Vape<\/h3>\n<p>Stworzony z my\u015bl\u0105 o koneserach waporyzacji poszukuj\u0105cych najwy\u017cszej satysfakcji bez konieczno\u015bci konserwacji. <strong>Bang 20000<\/strong> wykorzystuje farmaceutycznej jako\u015bci sole nikotyny, kt\u00f3re zapewniaj\u0105 \u0142agodniejsze uderzenia w gard\u0142o i szybsze wch\u0142anianie nikotyny. Nasz hybrydowy system przep\u0142ywu powietrza oferuje regulowany op\u00f3r powietrza - ciesz si\u0119 ciasnymi zaci\u0105gni\u0119ciami MTL lub przewiewnymi chmurami DL. Ergonomiczna obudowa posiada wojskowe zabezpieczenie obwodu przed prze\u0142adowaniem, zwarciem i przegrzaniem, wyznaczaj\u0105c nowe standardy bezpiecze\u0144stwa w jednorazowych waporyzatorach.<\/p>\n<h3>Dlaczego Vaperzy wybieraj\u0105 Bang 20000?<\/h3>\n<p>- Rekordowe 20 000 zaci\u0105gni\u0119\u0107 - Trwa\u0142o\u015b\u0107 5 razy d\u0142u\u017csza ni\u017c w przypadku standardowych jednoraz\u00f3wek<br \/>- Rewolucyjna technologia cewek siatkowych - niezr\u00f3wnana klarowno\u015b\u0107 smaku<br \/>- Innowacyjny inteligentny wy\u015bwietlacz - pierwszy w kategorii jednorazowych urz\u0105dze\u0144 vape<br \/>- Konstrukcja klasy premium - szczelna technologia quad-seal<br \/>- \u0141adowanie gotowe na przysz\u0142o\u015b\u0107 - port Type-C zapewniaj\u0105cy uniwersaln\u0105 kompatybilno\u015b\u0107<br \/>- Ekologiczna konstrukcja - zoptymalizowane wykorzystanie e-cieczy minimalizuje ilo\u015b\u0107 odpad\u00f3w<\/p>\n<h3>Globalne zaanga\u017cowanie w innowacje<\/h3>\n<p>Jako pionierzy technologii waporyzacji specjalizujemy si\u0119 w badaniach i rozwoju, produkcji i globalnej dystrybucji jednorazowych waporyzator\u00f3w klasy premium. Nasze zak\u0142ady z certyfikatem ISO wykorzystuj\u0105 standardy produkcyjne klasy lotniczej, aby zapewni\u0107 wyj\u0105tkow\u0105 kontrol\u0119 jako\u015bci. Z dum\u0105 oferujemy kompleksowe us\u0142ugi OEM\/ODM obejmuj\u0105ce opracowywanie niestandardowych smak\u00f3w, in\u017cynieri\u0119 sprz\u0119tu i rozwi\u0105zania w zakresie opakowa\u0144 z bia\u0142\u0105 etykiet\u0105. Wsp\u00f3\u0142pracuj z naszym mi\u0119dzynarodowym zespo\u0142em, aby uzyska\u0107 dedykowane wsparcie za po\u015brednictwem naszej sieci obs\u0142ugi klienta 24\/7 i program\u00f3w wizyt w fabryce.<\/p>","protected":false},"excerpt":{"rendered":"<p>Do\u015bwiadczenie premium <strong>Bang Smart Screen 20000<\/strong> jednorazowe vape z masywnym <strong>Pojemno\u015b\u0107 25 ml e-liquidu<\/strong> i do <strong>20 000 zaci\u0105gni\u0119\u0107<\/strong>. Cechy <strong>Moc nikotyny 5%<\/strong>, <strong>Szybkie \u0142adowanie typu C<\/strong>i 12 wybuchowych smak\u00f3w z <strong>Podw\u00f3jna cewka siatkowa<\/strong> technologia zapewniaj\u0105ca intensywny smak.<\/p>","protected":false},"featured_media":973,"comment_status":"open","ping_status":"closed","template":"","meta":[],"product_brand":[107],"product_cat":[1072,1016],"product_tag":[183,184,181,182,77,185],"class_list":{"0":"post-979","1":"product","2":"type-product","3":"status-publish","4":"has-post-thumbnail","6":"product_brand-bang","7":"product_cat-bang","8":"product_cat-big-puffs-vapes","9":"product_tag-25ml-e-cigarette","10":"product_tag-5-nicotine-vape","11":"product_tag-bang-smart-screen-20000","12":"product_tag-disposable-vape-20000-puffs","13":"product_tag-mesh-coil-vape","14":"product_tag-type-c-charging-vape","16":"first","17":"instock","18":"sale","19":"shipping-taxable","20":"purchasable","21":"product-type-variable"},"jetpack_sharing_enabled":true,"tiered_pricing_type":"fixed","tiered_pricing_fixed_rules":[],"tiered_pricing_product_settings":{"layout":"default","base_unit_name":{"singular":null,"plural":null},"default_variation":null},"tiered_pricing_minimum_quantity":null,"tiered_pricing_roles_data":[],"tiered_pricing_percentage_rules":[],"tiered_pricing_maximum_quantity":null,"tiered_pricing_quantity_step":null,"_links":{"self":[{"href":"https:\/\/frvape.com\/pl\/wp-json\/wp\/v2\/product\/979","targetHints":{"allow":["GET"]}}],"collection":[{"href":"https:\/\/frvape.com\/pl\/wp-json\/wp\/v2\/product"}],"about":[{"href":"https:\/\/frvape.com\/pl\/wp-json\/wp\/v2\/types\/product"}],"replies":[{"embeddable":true,"href":"https:\/\/frvape.com\/pl\/wp-json\/wp\/v2\/comments?post=979"}],"wp:featuredmedia":[{"embeddable":true,"href":"https:\/\/frvape.com\/pl\/wp-json\/wp\/v2\/media\/973"}],"wp:attachment":[{"href":"https:\/\/frvape.com\/pl\/wp-json\/wp\/v2\/media?parent=979"}],"wp:term":[{"taxonomy":"product_brand","embeddable":true,"href":"https:\/\/frvape.com\/pl\/wp-json\/wp\/v2\/product_brand?post=979"},{"taxonomy":"product_cat","embeddable":true,"href":"https:\/\/frvape.com\/pl\/wp-json\/wp\/v2\/product_cat?post=979"},{"taxonomy":"product_tag","embeddable":true,"href":"https:\/\/frvape.com\/pl\/wp-json\/wp\/v2\/product_tag?post=979"}],"curies":[{"name":"wp","href":"https:\/\/api.w.org\/{rel}","templated":true}]}}