{"id":6833,"date":"2025-10-13T02:15:51","date_gmt":"2025-10-13T02:15:51","guid":{"rendered":"https:\/\/frvape.com\/?page_id=6833"},"modified":"2025-10-13T06:28:40","modified_gmt":"2025-10-13T06:28:40","slug":"sobre-nos","status":"publish","type":"page","link":"https:\/\/frvape.com\/pt\/sobre-nos\/","title":{"rendered":"Sobre n\u00f3s"},"content":{"rendered":"<div data-elementor-type=\"wp-page\" data-elementor-id=\"6833\" class=\"elementor elementor-6833\">\n\t\t\t\t<div class=\"elementor-element elementor-element-572db281 e-flex e-con-boxed e-con e-parent\" data-id=\"572db281\" data-element_type=\"container\">\n\t\t\t\t\t<div class=\"e-con-inner\">\n\t\t\t\t<div class=\"elementor-element elementor-element-21637a1a elementor-widget elementor-widget-text-editor\" data-id=\"21637a1a\" data-element_type=\"widget\" data-widget_type=\"text-editor.default\">\n\t\t\t\t\t\t\t\t\t<div style=\"width: 755px; max-width: 1570px; color: #232323; font-family: Lato, sans-serif;\">\n<h3 style=\"color: #0a0a0a; width: 755px;\">Compra a granel de vapores descart\u00e1veis online da FR VAPE<\/h3>\n<\/div>\n<p dir=\"auto\" style=\"color: #232323; font-family: Lato, sans-serif;\">Bem-vindo ao<a href=\"https:\/\/frvape.com\/pt\/\"><span style=\"color: #00aae7;\"> FR vape<\/span><\/a>, o seu principal destino online para <span style=\"color: #00ccff;\">FR<a style=\"background-color: rgba(255, 255, 255, 0); color: #00ccff;\" href=\"https:\/\/frvape.com\/pt\/\">\u00a0vapores<\/a><\/span>. Com uma hist\u00f3ria rica que abrange mais de 5 anos na ind\u00fastria, orgulhamo-nos de oferecer uma gama diversificada de marcas de topo, como Bang King, Al Fakher Vape, Vapeme, Waspe, RandM Tornado, Bang Box e muito mais.<\/p>\n<p dir=\"auto\" style=\"color: #232323; font-family: Lato, sans-serif;\">Na FR vapes, somos uma refer\u00eancia de excel\u00eancia no mundo da eletr\u00f3nica vaping. Os nossos produtos chegaram a numerosos pa\u00edses em todo o mundo, uma prova do nosso empenhamento na qualidade e na satisfa\u00e7\u00e3o do cliente. Como profissionais experientes no dom\u00ednio da distribui\u00e7\u00e3o de cigarros electr\u00f3nicos, satisfazemos as necessidades tanto a n\u00edvel retalhista como grossista, garantindo que os nossos clientes recebem os melhores produtos e servi\u00e7os do mercado.<\/p>\n<p dir=\"auto\" style=\"color: #232323; font-family: Lato, sans-serif;\">O nosso s\u00edtio Web,<a href=\"https:\/\/frvape.com\/pt\/\"> FR vape.com,<\/a> funciona como um centro para entusiastas e principiantes, proporcionando uma experi\u00eancia de compra perfeita e uma vasta sele\u00e7\u00e3o de\u00a0<a style=\"background-color: rgba(255, 255, 255, 0); color: #1e73be;\" href=\"https:\/\/frvape.com\/pt\/\">cigarro eletr\u00f3nico descart\u00e1vel<\/a>\u00a0op\u00e7\u00f5es. Quer esteja \u00e0 procura das \u00faltimas inova\u00e7\u00f5es ou de cl\u00e1ssicos intemporais, a FR vape \u00e9 o seu parceiro de confian\u00e7a no mundo da vaporiza\u00e7\u00e3o.<\/p>\n<p dir=\"auto\" style=\"color: #232323; font-family: Lato, sans-serif;\">Junte-se a n\u00f3s nesta jornada enquanto continuamos a redefinir os padr\u00f5es de excel\u00eancia no\u00a0<a style=\"background-color: rgba(255, 255, 255, 0); color: #1e73be;\" href=\"https:\/\/frvape.com\/pt\/\">vape descart\u00e1vel<\/a>\u00a0ind\u00fastria. Experimente a diferen\u00e7a com a Aiviouvapes - onde a qualidade, a variedade e a satisfa\u00e7\u00e3o do cliente convergem na perfei\u00e7\u00e3o.<\/p>\n<p>\u00a0<\/p>\n<p style=\"color: #232323; font-family: Lato, sans-serif;\"><span style=\"font-weight: bolder;\">WhatsApp:<\/span> +86 133 6063 1532<\/p>\t\t\t\t\t\t\t\t<\/div>\n\t\t\t\t\t<\/div>\n\t\t\t\t<\/div>\n\t\t\t\t<\/div>","protected":false},"excerpt":{"rendered":"<p>Bulk Buy Disposable Vapes Online from FR VAPE Welcome to FR vape, your premier online destination for FR\u00a0vapes. With a rich history spanning over 5 years in the industry, we take pride in offering a diverse range of top-tier brands such as Bang King, Al Fakher Vape, Vapeme, Waspe, RandM Tornado, Bang Box, and more. [&#8230;]","protected":false},"author":1,"featured_media":0,"parent":0,"menu_order":0,"comment_status":"closed","ping_status":"closed","template":"","meta":{"footnotes":""},"class_list":["post-6833","page","type-page","status-publish","hentry"],"jetpack_sharing_enabled":true,"_links":{"self":[{"href":"https:\/\/frvape.com\/pt\/wp-json\/wp\/v2\/pages\/6833","targetHints":{"allow":["GET"]}}],"collection":[{"href":"https:\/\/frvape.com\/pt\/wp-json\/wp\/v2\/pages"}],"about":[{"href":"https:\/\/frvape.com\/pt\/wp-json\/wp\/v2\/types\/page"}],"author":[{"embeddable":true,"href":"https:\/\/frvape.com\/pt\/wp-json\/wp\/v2\/users\/1"}],"replies":[{"embeddable":true,"href":"https:\/\/frvape.com\/pt\/wp-json\/wp\/v2\/comments?post=6833"}],"version-history":[{"count":12,"href":"https:\/\/frvape.com\/pt\/wp-json\/wp\/v2\/pages\/6833\/revisions"}],"predecessor-version":[{"id":7106,"href":"https:\/\/frvape.com\/pt\/wp-json\/wp\/v2\/pages\/6833\/revisions\/7106"}],"wp:attachment":[{"href":"https:\/\/frvape.com\/pt\/wp-json\/wp\/v2\/media?parent=6833"}],"curies":[{"name":"wp","href":"https:\/\/api.w.org\/{rel}","templated":true}]}}