{"id":7145,"date":"2025-10-13T07:00:26","date_gmt":"2025-10-13T07:00:26","guid":{"rendered":"https:\/\/frvape.com\/?page_id=7145"},"modified":"2025-10-13T13:27:22","modified_gmt":"2025-10-13T13:27:22","slug":"como-encomendar","status":"publish","type":"page","link":"https:\/\/frvape.com\/pt\/como-encomendar\/","title":{"rendered":"How to Order"},"content":{"rendered":"<div data-elementor-type=\"wp-page\" data-elementor-id=\"7145\" class=\"elementor elementor-7145\">\n\t\t\t\t<div class=\"elementor-element elementor-element-1c37caa9 e-flex e-con-boxed e-con e-parent\" data-id=\"1c37caa9\" data-element_type=\"container\">\n\t\t\t\t\t<div class=\"e-con-inner\">\n\t\t\t\t<div class=\"elementor-element elementor-element-e8302cf elementor-widget elementor-widget-text-editor\" data-id=\"e8302cf\" data-element_type=\"widget\" data-widget_type=\"text-editor.default\">\n\t\t\t\t\t\t\t\t\t\t\t\t\t\t\t\t\t<\/div>\n\t\t\t\t\t<\/div>\n\t\t\t\t<\/div>\n\t\t<div class=\"elementor-element elementor-element-f511d1b e-flex e-con-boxed e-con e-parent\" data-id=\"f511d1b\" data-element_type=\"container\">\n\t\t\t\t\t<div class=\"e-con-inner\">\n\t\t\t\t<div class=\"elementor-element elementor-element-0d0df41 elementor-widget elementor-widget-text-editor\" data-id=\"0d0df41\" data-element_type=\"widget\" data-widget_type=\"text-editor.default\">\n\t\t\t\t\t\t\t\t\t<h3 data-start=\"107\" data-end=\"138\"><strong data-start=\"111\" data-end=\"138\">Como encomendar na FR Vape<\/strong><\/h3>\n<p data-start=\"140\" data-end=\"269\">Comprar os seus produtos de vaporiza\u00e7\u00e3o favoritos na FR Vape \u00e9 simples e seguro. Siga os passos abaixo para efetuar a sua encomenda com facilidade.<\/p>\n<hr data-start=\"271\" data-end=\"274\" \/>\n<h4 data-start=\"276\" data-end=\"312\"><strong data-start=\"281\" data-end=\"312\">Passo 1: Procurar os nossos produtos<\/strong><\/h4>\n<p data-start=\"314\" data-end=\"498\">Comece por explorar a nossa vasta gama de dispositivos de vaporiza\u00e7\u00e3o, e-l\u00edquidos, acess\u00f3rios e muito mais. Pode navegar por categoria ou utilizar a barra de pesquisa para encontrar rapidamente o que procura.<\/p>\n<hr data-start=\"500\" data-end=\"503\" \/>\n<h4 data-start=\"505\" data-end=\"544\"><strong data-start=\"510\" data-end=\"544\">Passo 2: Adicionar artigos ao seu carrinho<\/strong><\/h4>\n<p data-start=\"546\" data-end=\"857\">Depois de encontrar um produto que lhe agrade, basta clicar no produto para ver mais pormenores. Escolha as suas op\u00e7\u00f5es preferidas (como o sabor, a concentra\u00e7\u00e3o de nicotina ou a cor) e clique em <strong data-start=\"720\" data-end=\"735\">Adicionar ao carrinho<\/strong>. Pode continuar a comprar ou ver o seu carrinho em qualquer altura, clicando no \u00edcone do carrinho de compras no canto superior direito da p\u00e1gina.<\/p>\n<hr data-start=\"859\" data-end=\"862\" \/>\n<h4 data-start=\"864\" data-end=\"897\"><strong data-start=\"869\" data-end=\"897\">Passo 3: Rever o seu carrinho<\/strong><\/h4>\n<p data-start=\"899\" data-end=\"1136\">Quando estiver pronto para efetuar o check-out, clique no bot\u00e3o <strong data-start=\"941\" data-end=\"949\">Carrinho<\/strong> \u00edcone e reveja os seus artigos. Aqui pode ajustar as quantidades ou remover quaisquer artigos, se necess\u00e1rio. Se tiver um c\u00f3digo de desconto ou cup\u00e3o, introduza-o no campo <strong data-start=\"1095\" data-end=\"1109\">C\u00f3digo promocional<\/strong> para aplicar as suas poupan\u00e7as.<\/p>\n<hr data-start=\"1138\" data-end=\"1141\" \/>\n<h4 data-start=\"1143\" data-end=\"1179\"><strong data-start=\"1148\" data-end=\"1179\">Passo 4: Proceder ao checkout<\/strong><\/h4>\n<p data-start=\"1181\" data-end=\"1299\">Clique no bot\u00e3o <strong data-start=\"1191\" data-end=\"1214\">Proceder ao checkout<\/strong> bot\u00e3o. Ser\u00e1 encaminhado para uma p\u00e1gina segura para introduzir os seus dados de envio e de pagamento.<\/p>\n<hr data-start=\"1301\" data-end=\"1304\" \/>\n<h4 data-start=\"1306\" data-end=\"1351\"><strong data-start=\"1311\" data-end=\"1351\">Passo 5: Fornecer informa\u00e7\u00f5es de envio<\/strong><\/h4>\n<p data-start=\"1353\" data-end=\"1534\">Introduza o seu <strong data-start=\"1364\" data-end=\"1384\">endere\u00e7o de envio<\/strong> detalhes, incluindo o seu nome, e-mail, n\u00famero de telefone e endere\u00e7o de envio. Verifique novamente se tudo est\u00e1 correto para garantir um processo de entrega sem problemas.<\/p>\n<hr data-start=\"1536\" data-end=\"1539\" \/>\n<h4 data-start=\"1541\" data-end=\"1584\"><strong data-start=\"1546\" data-end=\"1584\">Passo 6: Escolha o seu m\u00e9todo de pagamento<\/strong><\/h4>\n<p data-start=\"1586\" data-end=\"1812\">Selecione o seu m\u00e9todo de pagamento preferido entre as op\u00e7\u00f5es dispon\u00edveis (cart\u00e3o de cr\u00e9dito\/d\u00e9bito, PayPal, etc.). Introduza os seus dados de pagamento de forma segura. Se tiver algum problema com o pagamento, n\u00e3o hesite em contactar a nossa equipa de apoio para obter assist\u00eancia.<\/p>\n<hr data-start=\"1814\" data-end=\"1817\" \/>\n<h4 data-start=\"1819\" data-end=\"1865\"><strong data-start=\"1824\" data-end=\"1865\">Passo 7: Rever e confirmar a sua encomenda<\/strong><\/h4>\n<p data-start=\"1867\" data-end=\"2032\">Antes de finalizar a sua compra, reveja todos os detalhes da sua encomenda uma \u00faltima vez. Se tudo estiver correto, clique no bot\u00e3o <strong data-start=\"1981\" data-end=\"1998\">Confirmar a encomenda<\/strong> para concluir a sua compra.<\/p>\n<hr data-start=\"2034\" data-end=\"2037\" \/>\n<h4 data-start=\"2039\" data-end=\"2087\"><strong data-start=\"2044\" data-end=\"2087\">Passo 8: Receber a confirma\u00e7\u00e3o da encomenda<\/strong><\/h4>\n<p data-start=\"2089\" data-end=\"2279\">Assim que a sua encomenda for efectuada com sucesso, receber\u00e1 um <strong data-start=\"2149\" data-end=\"2171\">Confirma\u00e7\u00e3o da encomenda<\/strong> e-mail com os detalhes da sua encomenda. Receber\u00e1 tamb\u00e9m uma confirma\u00e7\u00e3o de envio assim que a sua encomenda for expedida.<\/p>\n<hr data-start=\"2281\" data-end=\"2284\" \/>\n<h4 data-start=\"2286\" data-end=\"2319\"><strong data-start=\"2291\" data-end=\"2319\">Passo 9: Acompanhe a sua encomenda<\/strong><\/h4>\n<p data-start=\"2321\" data-end=\"2491\">Pode acompanhar o estado da sua encomenda em qualquer altura, visitando a nossa <strong data-start=\"2377\" data-end=\"2397\">Seguir a sua encomenda<\/strong> p\u00e1gina. Basta introduzir o seu <strong data-start=\"2420\" data-end=\"2432\">ID da encomenda<\/strong> e <strong data-start=\"2437\" data-end=\"2454\">Endere\u00e7o de correio eletr\u00f3nico<\/strong> para ver as \u00faltimas actualiza\u00e7\u00f5es de envio.<\/p>\t\t\t\t\t\t\t\t<\/div>\n\t\t\t\t\t<\/div>\n\t\t\t\t<\/div>\n\t\t\t\t<\/div>","protected":false},"excerpt":{"rendered":"<p>How to Order at FR Vape Shopping for your favorite vaping products at FR Vape is simple and secure. Follow the steps below to place your order with ease. Step 1: Browse Our Products Start by exploring our wide range of vaping devices, e-liquids, accessories, and more. You can browse by category or use the [&#8230;]","protected":false},"author":1,"featured_media":0,"parent":0,"menu_order":0,"comment_status":"closed","ping_status":"closed","template":"","meta":{"footnotes":""},"class_list":["post-7145","page","type-page","status-publish","hentry"],"jetpack_sharing_enabled":true,"_links":{"self":[{"href":"https:\/\/frvape.com\/pt\/wp-json\/wp\/v2\/pages\/7145","targetHints":{"allow":["GET"]}}],"collection":[{"href":"https:\/\/frvape.com\/pt\/wp-json\/wp\/v2\/pages"}],"about":[{"href":"https:\/\/frvape.com\/pt\/wp-json\/wp\/v2\/types\/page"}],"author":[{"embeddable":true,"href":"https:\/\/frvape.com\/pt\/wp-json\/wp\/v2\/users\/1"}],"replies":[{"embeddable":true,"href":"https:\/\/frvape.com\/pt\/wp-json\/wp\/v2\/comments?post=7145"}],"version-history":[{"count":7,"href":"https:\/\/frvape.com\/pt\/wp-json\/wp\/v2\/pages\/7145\/revisions"}],"predecessor-version":[{"id":7159,"href":"https:\/\/frvape.com\/pt\/wp-json\/wp\/v2\/pages\/7145\/revisions\/7159"}],"wp:attachment":[{"href":"https:\/\/frvape.com\/pt\/wp-json\/wp\/v2\/media?parent=7145"}],"curies":[{"name":"wp","href":"https:\/\/api.w.org\/{rel}","templated":true}]}}