{"id":1042,"date":"2025-10-11T16:09:05","date_gmt":"2025-10-11T16:09:05","guid":{"rendered":"https:\/\/frvape.com\/product\/razz-bar-25000-puff-disposable-vape-25k-rechargeable-device-with-16-flavors\/"},"modified":"2025-11-25T03:00:30","modified_gmt":"2025-11-25T03:00:30","slug":"razz-bar-25000-puff-descartavel-vape-25k-dispositivo-recarregavel-com-16-sabores","status":"publish","type":"product","link":"https:\/\/frvape.com\/pt\/product\/razz-bar-25000-puff-descartavel-vape-25k-dispositivo-recarregavel-com-16-sabores\/","title":{"rendered":"Razz Bar 25000 Puff Disposable Vape - Dispositivo recarreg\u00e1vel de 25K com 16 sabores"},"content":{"rendered":"<h3>Longevidade de vaporiza\u00e7\u00e3o sem precedentes<\/h3>\n<p>O <strong>Razz Bar 25000 Puff 25K Vape<\/strong> revoluciona o vaping descart\u00e1vel com uma tecnologia l\u00edder de mercado <strong>Capacidade de 25.000 puffs<\/strong>. Com as dimens\u00f5es de 30x30x107,5 mm, este dispositivo combina um enorme desempenho com a conveni\u00eancia de ser port\u00e1til. Ao contr\u00e1rio dos descart\u00e1veis normais, possui <strong>tecnologia de recarga de \u00f3leo<\/strong> e um <strong>cartucho substitu\u00edvel<\/strong> que prolonga a utiliza\u00e7\u00e3o e reduz o desperd\u00edcio. Com 200 unidades por caixa, \u00e9 perfeito tanto para utilizadores individuais como para retalhistas.<\/p>\n<h3>Especifica\u00e7\u00f5es t\u00e9cnicas avan\u00e7adas<\/h3>\n<p>Equipado com um <strong>Bateria recarreg\u00e1vel de 650mAh<\/strong> e <strong>Carregamento USB-C<\/strong>Por isso, este dispositivo mant\u00e9m uma pot\u00eancia constante durante toda a sua vida \u00fatil. O <strong>Bobina de malha de 0,8ohm<\/strong> assegura uma vaporiza\u00e7\u00e3o \u00f3ptima do e-l\u00edquido com uma tens\u00e3o de sa\u00edda de 16 W, proporcionando um sabor mais rico e nuvens mais densas. O <strong>Material do dep\u00f3sito PCTG<\/strong> garante durabilidade e pureza de sabor, enquanto a estrutura inovadora suporta a extraordin\u00e1ria capacidade de e-l\u00edquido necess\u00e1ria para 25K puffs.<\/p>\n<h3>Tecnologia de preserva\u00e7\u00e3o de aromas<\/h3>\n<p>Experi\u00eancia <strong>consist\u00eancia do sabor<\/strong> do primeiro ao \u00faltimo sopro com o nosso <strong>sistema de bobina de malha dupla<\/strong>. A tecnologia de aquecimento avan\u00e7ada evita a degrada\u00e7\u00e3o do sabor e as batidas secas, mantendo o sabor intenso durante todo o processo. <strong>25 000 baforadas<\/strong>. O nosso design de bobina patenteado maximiza o contacto com o e-l\u00edquido, assegurando uma produ\u00e7\u00e3o de vapor suave e consistente sem sabor a queimado.<\/p>\n<h3>16 op\u00e7\u00f5es de sabores requintados<\/h3>\n<p>Explore a nossa carteira de sabores diversificada, criada para paladares sofisticados:<br \/>\n&#8211; <strong>Banana com morango<\/strong> &#8211; <strong>Mirtilo Framboesa \u00c1cida<\/strong><br \/>\n&#8211; <strong>Morango Kiwi<\/strong> &#8211; <strong>Pastilhas el\u00e1sticas de morango e melancia<\/strong><br \/>\n&#8211; <strong>Gelo de p\u00eassego sumarento<\/strong> &#8211; <strong>Amor 66<\/strong><br \/>\n&#8211; <strong>Gelo de melancia<\/strong> &#8211; <strong>Red Bull Uva<\/strong><br \/>\n&#8211; <strong>Kiwi Maracuj\u00e1 Goiaba<\/strong> &#8211; <strong>Gelo de mirtilo<\/strong><br \/>\n&#8211; <strong>Gelo de morango<\/strong> &#8211; <strong>Frutos tropicais<\/strong><br \/>\n&#8211; <strong>Bagas mistas<\/strong> &#8211; <strong>Drag\u00e3o negro de gelo<\/strong><br \/>\n&#8211; <strong>Gelo de p\u00eassego<\/strong> &#8211; <strong>Gelo exuberante<\/strong><br \/>\n&#8211; <strong>Lima-lim\u00e3o<\/strong> &#8211; <strong>Gelado de morango, framboesa e cereja<\/strong><\/p>\n<h3>Inova\u00e7\u00e3o sustent\u00e1vel em vaping<\/h3>\n<p>Como pioneiros eco-conscientes desde 2017, a Razz Bar projeta solu\u00e7\u00f5es que minimizam o impacto ambiental. A nossa <strong>design recarreg\u00e1vel<\/strong> permite v\u00e1rios ciclos de carregamento antes da elimina\u00e7\u00e3o, enquanto o <strong>sistema de cartucho recarreg\u00e1vel<\/strong> reduz significativamente os res\u00edduos de pl\u00e1stico em compara\u00e7\u00e3o com os descart\u00e1veis tradicionais. O tempo de vida \u00fatil alargado do dispositivo torna-o um <strong>rent\u00e1vel<\/strong> escolha que d\u00e1 prioridade tanto \u00e0 satisfa\u00e7\u00e3o do utilizador como \u00e0 responsabilidade ambiental.<\/p>\n<h3>Experi\u00eancia do utilizador melhorada<\/h3>\n<p>O <strong>Razz Bar 25000<\/strong> carater\u00edsticas <strong>caudal de ar regul\u00e1vel<\/strong> para uma densidade de vapor personalizada e resist\u00eancia \u00e0 tra\u00e7\u00e3o. Alterne entre trac\u00e7\u00f5es apertadas da boca para o pulm\u00e3o e inala\u00e7\u00f5es arejadas do pulm\u00e3o direto com ajustes simples. A concentra\u00e7\u00e3o de nicotina do 5% proporciona um efeito satisfat\u00f3rio na garganta, enquanto o enorme reservat\u00f3rio de e-l\u00edquido elimina as substitui\u00e7\u00f5es frequentes - perfeito para os vapers mais exigentes.<\/p>\n<h3>Desempenho de n\u00edvel comercial<\/h3>\n<p>Com uma caixa de cart\u00e3o normalizada para venda a retalho contendo <strong>200 unidades<\/strong>O Razz Bar 25000 combina a efici\u00eancia do com\u00e9rcio grossista com a qualidade superior. Cada dispositivo \u00e9 submetido a um rigoroso controlo de qualidade para garantir uma instala\u00e7\u00e3o perfeita da bobina, a seguran\u00e7a da bateria e uma constru\u00e7\u00e3o \u00e0 prova de fugas. O design compacto e marcante com uma janela vis\u00edvel para o l\u00edquido eletr\u00f3nico atrai os consumidores e facilita a gest\u00e3o do invent\u00e1rio para os retalhistas.<\/p>\n<h3>A vantagem do Razz Bar<\/h3>\n<p>Fundada em 2017, a Razz Bar lidera o mercado de vape descart\u00e1vel atrav\u00e9s da inova\u00e7\u00e3o cont\u00ednua. O nosso compromisso com a I&amp;D fornece dispositivos que superam os concorrentes em <strong>consist\u00eancia do folhado, intensidade do sabor<\/strong> e <strong>sustentabilidade ambiental<\/strong>. Ao equilibrar a tecnologia de ponta com um design de f\u00e1cil utiliza\u00e7\u00e3o, criamos produtos que oferecem uma satisfa\u00e7\u00e3o aut\u00eantica para al\u00e9m das expectativas.<\/p>\n<p>Experimente a revolu\u00e7\u00e3o: O <strong>Razz Bar 25000 Puff 25K Vape<\/strong> redefine os padr\u00f5es dos descart\u00e1veis atrav\u00e9s de uma capacidade sem precedentes, recarregabilidade e excel\u00eancia de sabor - tudo num dispositivo de bolso concebido para o vaper moderno.<\/p>","protected":false},"excerpt":{"rendered":"<p>Experimente a derradeira longevidade da vaporiza\u00e7\u00e3o com o <strong>Razz Bar 25000 Puff<\/strong> vape descart\u00e1vel com um <strong>bateria recarreg\u00e1vel de 650mAh<\/strong> e <strong>cartucho substitu\u00edvel<\/strong> sistema. Desfrutar <strong>25 000 baforadas<\/strong> de sabor rico com avan\u00e7ado <strong>tecnologia de bobinas de malha<\/strong> e escolher entre 16 sabores refrescantes. Recarreg\u00e1vel por USB-C e com design ecol\u00f3gico.<\/p>","protected":false},"featured_media":1036,"comment_status":"open","ping_status":"closed","template":"","meta":[],"product_brand":[70],"product_cat":[893],"product_tag":[74,198,197,73,75,76],"class_list":{"0":"post-1042","1":"product","2":"type-product","3":"status-publish","4":"has-post-thumbnail","6":"product_brand-razzbar","7":"product_cat-razzbar","8":"product_tag-25000-puff-vape","9":"product_tag-25k-vape-flavors","10":"product_tag-mesh-coil-e-cigarette","11":"product_tag-razz-bar-25000","12":"product_tag-rechargeable-disposable-vape","13":"product_tag-refillable-vape","15":"first","16":"instock","17":"sale","18":"shipping-taxable","19":"purchasable","20":"product-type-variable"},"jetpack_sharing_enabled":true,"tiered_pricing_type":"fixed","tiered_pricing_fixed_rules":[],"tiered_pricing_product_settings":{"layout":"default","base_unit_name":{"singular":null,"plural":null},"default_variation":null},"tiered_pricing_minimum_quantity":null,"tiered_pricing_roles_data":[],"tiered_pricing_percentage_rules":[],"tiered_pricing_maximum_quantity":null,"tiered_pricing_quantity_step":null,"_links":{"self":[{"href":"https:\/\/frvape.com\/pt\/wp-json\/wp\/v2\/product\/1042","targetHints":{"allow":["GET"]}}],"collection":[{"href":"https:\/\/frvape.com\/pt\/wp-json\/wp\/v2\/product"}],"about":[{"href":"https:\/\/frvape.com\/pt\/wp-json\/wp\/v2\/types\/product"}],"replies":[{"embeddable":true,"href":"https:\/\/frvape.com\/pt\/wp-json\/wp\/v2\/comments?post=1042"}],"wp:featuredmedia":[{"embeddable":true,"href":"https:\/\/frvape.com\/pt\/wp-json\/wp\/v2\/media\/1036"}],"wp:attachment":[{"href":"https:\/\/frvape.com\/pt\/wp-json\/wp\/v2\/media?parent=1042"}],"wp:term":[{"taxonomy":"product_brand","embeddable":true,"href":"https:\/\/frvape.com\/pt\/wp-json\/wp\/v2\/product_brand?post=1042"},{"taxonomy":"product_cat","embeddable":true,"href":"https:\/\/frvape.com\/pt\/wp-json\/wp\/v2\/product_cat?post=1042"},{"taxonomy":"product_tag","embeddable":true,"href":"https:\/\/frvape.com\/pt\/wp-json\/wp\/v2\/product_tag?post=1042"}],"curies":[{"name":"wp","href":"https:\/\/api.w.org\/{rel}","templated":true}]}}