{"id":10843,"date":"2025-11-02T04:14:47","date_gmt":"2025-11-02T04:14:47","guid":{"rendered":"https:\/\/frvape.com\/product\/fizzy-60000-puffs-dual-nicotine-6-in-1-rechargeable-disposable-vape\/"},"modified":"2025-12-16T09:38:03","modified_gmt":"2025-12-16T09:38:03","slug":"fizzy-60000-puffs-dual-nicotine-6-em-1-vape-descartavel-recarregavel","status":"publish","type":"product","link":"https:\/\/frvape.com\/pt\/product\/fizzy-60000-puffs-dual-nicotine-6-em-1-vape-descartavel-recarregavel\/","title":{"rendered":"Fizzy 60000 Puffs Dual Nicotine 6 em 1 Vape descart\u00e1vel recarreg\u00e1vel"},"content":{"rendered":"<h3>Experi\u00eancia multi-sabor sem precedentes<\/h3>\n<p>Apresentamos o revolucion\u00e1rio <strong>Fizzy 60000 Puffs 6 em 1 Vape descart\u00e1vel<\/strong>concebido para vapers que procuram uma longevidade extrema e diversidade de sabores. Este dispositivo inovador possui seis c\u00e2maras separadas que alojam e-l\u00edquidos de qualidade superior distintos, eliminando a necessidade de transportar v\u00e1rios vapores.<\/p>\n<h3>Especifica\u00e7\u00f5es Premium<\/h3>\n<p>- Desempenho duradouro: <strong>60.000 baforadas<\/strong> capacidade total com <strong>60 ml de e-l\u00edquido pr\u00e9-carregado<\/strong><br \/>\n- Tecnologia de n\u00facleo avan\u00e7ada: De n\u00edvel profissional <strong>bobina de malha<\/strong> assegura uma produ\u00e7\u00e3o de vapor rica e suave<br \/>\n- Gest\u00e3o de energia: <strong>Bateria recarreg\u00e1vel de 850mAh<\/strong> com suporte para carregamento r\u00e1pido USB tipo C<br \/>\n- Ecr\u00e3 de f\u00e1cil utiliza\u00e7\u00e3o: Ecr\u00e3 LED n\u00edtido para monitoriza\u00e7\u00e3o em tempo real da bateria e do e-l\u00edquido<br \/>\n- Op\u00e7\u00f5es flex\u00edveis de nicotina: Dispon\u00edvel em ambos <strong>Doses de nicotina 2% e 5%<\/strong><br \/>\n- Design compacto: Corpo elegante de 42,8\u00d742,2x125mm, pesando apenas 160g<\/p>\n<h3>Combina\u00e7\u00f5es de sabores<\/h3>\n<p>- Mirtilo Gelado &amp; Cereja Fresca &amp; Framboesa Lim\u00e3o<br \/>\n- Gelo de morango, kiwi e mirtilo e gelo de melancia<br \/>\n- Gelado de melancia e morango Coca-Cola de baunilha e mistura de frutos silvestres<br \/>\n- Morango Framboesa e Manga P\u00eassego e Mirtilo Melancia<br \/>\n- Blueberry Raspberry &amp; Triple Melon &amp; Strawberry Ice<br \/>\n- Morango Uva e Mirtilo Coco e P\u00eassego Lim\u00e3o<br \/>\n- Melancia com morango e lima-lim\u00e3o e coco com mirtilo<br \/>\n- Fruta do drag\u00e3o com morango e Red Bull e Melancia com framboesa<br \/>\n- Mistura de frutos silvestres e kiwi Maracuj\u00e1 Goiaba e morango Melancia<br \/>\n- Blue Razz Ice &amp; Morango Kiwi &amp; Laranja Anan\u00e1s Azedo<\/p>\n<h3>Porqu\u00ea escolher Fizzy 60K?<\/h3>\n<p>O Fizzy 60000 transforma a vaporiza\u00e7\u00e3o com a sua extraordin\u00e1ria <strong>Configura\u00e7\u00e3o 6 em 1<\/strong>permitindo a troca de sabores sem altera\u00e7\u00e3o do dispositivo. Os seus <strong>bateria recarreg\u00e1vel tipo C<\/strong> suporta uma utiliza\u00e7\u00e3o prolongada, mantendo uma qualidade de vapor consistente. Ideal para vaping durante todo o dia, reuni\u00f5es sociais ou distribui\u00e7\u00e3o por grosso, este dispositivo oferece um valor excecional com uma generosa <strong>Prazo de validade de 2 anos<\/strong>. Com op\u00e7\u00f5es de embalagem a granel dispon\u00edveis (10 unidades\/caixa, 120 unidades\/ctn), o Fizzy 60K \u00e9 o auge da <strong>vaporizadores descart\u00e1veis de alta capacidade<\/strong> tanto para os consumidores como para os retalhistas.<\/p>","protected":false},"excerpt":{"rendered":"<p>Experimente a derradeira versatilidade de vaporiza\u00e7\u00e3o com o <strong>Fizzy 60000 Puffs 6 em 1 Vape descart\u00e1vel<\/strong>. Desfrutar <strong>60.000 baforadas<\/strong> com seis c\u00e2maras de aromas, um <strong>bobina de malha<\/strong>e escolha de <strong>2% ou 5% de nicotina<\/strong>. Alimentado por um <strong>Bateria recarreg\u00e1vel de 850mAh<\/strong> com carregamento Tipo C.<\/p>","protected":false},"featured_media":10837,"comment_status":"open","ping_status":"closed","template":"","meta":[],"product_brand":[124],"product_cat":[868],"product_tag":[871,870,872,869,77,223],"class_list":{"0":"post-10843","1":"product","2":"type-product","3":"status-publish","4":"has-post-thumbnail","6":"product_brand-fizzy","7":"product_cat-fizzy","8":"product_tag-6-in-1-rechargeable-vape","9":"product_tag-60000-puffs-disposable-vape","10":"product_tag-60ml-disposable-vape","11":"product_tag-fizzy-60000","12":"product_tag-mesh-coil-vape","13":"product_tag-nicotine-vape","15":"first","16":"instock","17":"sale","18":"shipping-taxable","19":"purchasable","20":"product-type-variable"},"jetpack_sharing_enabled":true,"tiered_pricing_type":"fixed","tiered_pricing_fixed_rules":[],"tiered_pricing_product_settings":{"layout":"default","base_unit_name":{"singular":null,"plural":null},"default_variation":null},"tiered_pricing_minimum_quantity":null,"tiered_pricing_roles_data":[],"tiered_pricing_percentage_rules":[],"tiered_pricing_maximum_quantity":null,"tiered_pricing_quantity_step":null,"_links":{"self":[{"href":"https:\/\/frvape.com\/pt\/wp-json\/wp\/v2\/product\/10843","targetHints":{"allow":["GET"]}}],"collection":[{"href":"https:\/\/frvape.com\/pt\/wp-json\/wp\/v2\/product"}],"about":[{"href":"https:\/\/frvape.com\/pt\/wp-json\/wp\/v2\/types\/product"}],"replies":[{"embeddable":true,"href":"https:\/\/frvape.com\/pt\/wp-json\/wp\/v2\/comments?post=10843"}],"wp:featuredmedia":[{"embeddable":true,"href":"https:\/\/frvape.com\/pt\/wp-json\/wp\/v2\/media\/10837"}],"wp:attachment":[{"href":"https:\/\/frvape.com\/pt\/wp-json\/wp\/v2\/media?parent=10843"}],"wp:term":[{"taxonomy":"product_brand","embeddable":true,"href":"https:\/\/frvape.com\/pt\/wp-json\/wp\/v2\/product_brand?post=10843"},{"taxonomy":"product_cat","embeddable":true,"href":"https:\/\/frvape.com\/pt\/wp-json\/wp\/v2\/product_cat?post=10843"},{"taxonomy":"product_tag","embeddable":true,"href":"https:\/\/frvape.com\/pt\/wp-json\/wp\/v2\/product_tag?post=10843"}],"curies":[{"name":"wp","href":"https:\/\/api.w.org\/{rel}","templated":true}]}}