{"id":11262,"date":"2025-11-02T04:39:37","date_gmt":"2025-11-02T04:39:37","guid":{"rendered":"https:\/\/frvape.com\/product\/vapsolo-triple-60k-disposable-vape-650mah-mesh-coil-3-in-1-flavors\/"},"modified":"2025-12-16T09:18:34","modified_gmt":"2025-12-16T09:18:34","slug":"vapsolo-triple-60k-vape-descartavel-650mah-mesh-coil-3-em-1-sabores","status":"publish","type":"product","link":"https:\/\/frvape.com\/pt\/product\/vapsolo-triple-60k-vape-descartavel-650mah-mesh-coil-3-em-1-sabores\/","title":{"rendered":"Vapsolo Triple 60K Vape descart\u00e1vel: 650mAh Mesh Coil 3 em 1 Sabores"},"content":{"rendered":"<h3>A derradeira experi\u00eancia multi-sabor<\/h3>\n<p>O <strong>Vapsolo Triplo 60K<\/strong> redefine o vaping descart\u00e1vel com o seu design inovador de tanque triplo, que fornece at\u00e9 <strong>60.000 puffs satisfat\u00f3rios<\/strong>. Cada dispositivo compacto cont\u00e9m tr\u00eas reservat\u00f3rios separados com <strong>Combina\u00e7\u00f5es de sabores 3 em 1<\/strong> que mudam de perfil com uma simples rota\u00e7\u00e3o. Concebidos com tecnologia de ponta <strong>tecnologia de bobinas de malha<\/strong> (1,0\u03a9 de resist\u00eancia), este cigarro eletr\u00f3nico descart\u00e1vel garante um vapor intensamente saboroso e uma tra\u00e7\u00e3o excecionalmente suave.<\/p>\n<h3>Especifica\u00e7\u00f5es Premium<\/h3>\n<p>Alimentado por um <strong>Bateria recarreg\u00e1vel de 650mAh<\/strong> com rapidez <strong>Carregamento tipo C<\/strong>O Vapsolo Triple mant\u00e9m as sess\u00f5es sem interrup\u00e7\u00f5es. O sistema integrado <strong>visor de e-l\u00edquido e energia<\/strong> mant\u00e9m-no informado sobre a energia restante e os n\u00edveis de bateria num relance. Com um peso de apenas <strong>135g<\/strong> Com portabilidade ergon\u00f3mica, possui disparo ativado por tra\u00e7\u00e3o para maior comodidade.<\/p>\n<h3>Gama de sabores diversificada<\/h3>\n<p>Explore os nossos perfis de v\u00e1rios sabores cuidadosamente selecionados:<br \/>\n<strong>Baga de p\u00eassego e gelo preto e Coca-Cola de morango e baunilha<\/strong><br \/>\n<strong>Morango, banana e framboesa, melancia e lima-lim\u00e3o<\/strong><br \/>\n<strong>Kiwi Passions Fruit &amp; Love 66 &amp; Vanilla<\/strong><br \/>\n<strong>Framboesa Melancia e Manga P\u00eassego e Morango Kiwi<\/strong><br \/>\n<strong>Lim\u00e3o, lima e morango Melancia e mirtilo<\/strong><br \/>\n<strong>Coca-Cola de morango e baunilha e framboesa de mirtilo e lima-lim\u00e3o<\/strong><br \/>\n<strong>Anan\u00e1s Coco &amp; Morango Banana &amp; Blue Razz<\/strong><br \/>\n<strong>Frutos tropicais e morango Melancia e p\u00eassego-lim\u00e3o<\/strong><br \/>\n<strong>Gelo de melancia &amp; Red Bull &amp; Kiwi de morango<\/strong><br \/>\n<strong>Morango Framboesa e Cereja Baga e Uva Hortel\u00e3<\/strong><br \/>\n<strong>Mirtilo Framboesa e Morango Manga e Lim\u00e3o Cola<\/strong><br \/>\n<strong>Gelado de melancia &amp; Gelado de morango &amp; Mel\u00e3o triplo<\/strong><br \/>\n<strong>Groselha preta e limonada rosa e maracuj\u00e1 com manga<\/strong><br \/>\n<strong>Morango Kiwi &amp; Love 66 &amp; Cherry Cola<\/strong><br \/>\n<strong>Gelo de p\u00eassego e gelo de frutos do drag\u00e3o e mistura de frutos<\/strong><\/p>\n<h3>Embalagem comercial<\/h3>\n<p>Este dispositivo vape descart\u00e1vel \u00e9 fornecido em caixas prontas para venda por grosso com <strong>200 unidades por caixa<\/strong> (dimens\u00f5es da caixa: 51\u00d750\u00d727cm). Cada caixa cont\u00e9m <strong>10 caixas de cart\u00e3o<\/strong> para armazenamento a granel - perfeito para retalhistas que necessitam de um invent\u00e1rio de grande volume. Peso do produto: <strong>26,7 kg por caixa<\/strong>.<\/p>\n<h3>Porqu\u00ea escolher Vapsolo Triple 60K?<\/h3>\n<p>O revolucion\u00e1rio <strong>sistema de tr\u00eas sabores<\/strong> satisfaz os desejos sem ter de mudar de dispositivo, enquanto a vers\u00e3o optimizada <strong>bobina de malha<\/strong> garante a m\u00e1xima produ\u00e7\u00e3o de vapor e consist\u00eancia do sabor. O seu <strong>Recarreg\u00e1vel tipo C<\/strong> torna-a mais amiga do ambiente do que as alternativas de carga \u00fanica, e a bateria <strong>ecr\u00e3 de l\u00edquido<\/strong> elimina a adivinha\u00e7\u00e3o do sabor. Concebido para vapers que d\u00e3o prioridade \u00e0 variedade, densidade de nuvens e sess\u00f5es prolongadas.<\/p>","protected":false},"excerpt":{"rendered":"<p>Experimente 60K puffs com o <strong>Vapsolo Triplo 60.000<\/strong> com funcionalidades avan\u00e7adas <strong>tecnologia de bobinas de malha<\/strong> e <strong>Carregamento tipo C<\/strong>.<br \/>\nO sistema \u00fanico de dep\u00f3sito 3 em 1 oferece at\u00e9 <strong>3 sabores distintos por dispositivo<\/strong>.<br \/>\nCom o e-<strong>ecr\u00e3 de l\u00edquido e de pot\u00eancia<\/strong> e <strong>Bateria de 650mAh<\/strong> para um desempenho durante todo o dia.<\/p>","protected":false},"featured_media":11256,"comment_status":"open","ping_status":"closed","template":"","meta":[],"product_brand":[408],"product_cat":[863],"product_tag":[901,902,77,103,810,900],"class_list":{"0":"post-11262","1":"product","2":"type-product","3":"status-publish","4":"has-post-thumbnail","6":"product_brand-vapsolo","7":"product_cat-vapsolo","8":"product_tag-3-in-1-disposable-vape","9":"product_tag-60000-puff-vape","10":"product_tag-mesh-coil-vape","11":"product_tag-rechargeable-e-cigarette","12":"product_tag-triple-flavor-vape","13":"product_tag-vapsolo-triple-60000","15":"first","16":"instock","17":"sale","18":"shipping-taxable","19":"purchasable","20":"product-type-variable"},"jetpack_sharing_enabled":true,"tiered_pricing_type":"fixed","tiered_pricing_fixed_rules":[],"tiered_pricing_product_settings":{"layout":"default","base_unit_name":{"singular":null,"plural":null},"default_variation":null},"tiered_pricing_minimum_quantity":null,"tiered_pricing_roles_data":[],"tiered_pricing_percentage_rules":[],"tiered_pricing_maximum_quantity":null,"tiered_pricing_quantity_step":null,"_links":{"self":[{"href":"https:\/\/frvape.com\/pt\/wp-json\/wp\/v2\/product\/11262","targetHints":{"allow":["GET"]}}],"collection":[{"href":"https:\/\/frvape.com\/pt\/wp-json\/wp\/v2\/product"}],"about":[{"href":"https:\/\/frvape.com\/pt\/wp-json\/wp\/v2\/types\/product"}],"replies":[{"embeddable":true,"href":"https:\/\/frvape.com\/pt\/wp-json\/wp\/v2\/comments?post=11262"}],"wp:featuredmedia":[{"embeddable":true,"href":"https:\/\/frvape.com\/pt\/wp-json\/wp\/v2\/media\/11256"}],"wp:attachment":[{"href":"https:\/\/frvape.com\/pt\/wp-json\/wp\/v2\/media?parent=11262"}],"wp:term":[{"taxonomy":"product_brand","embeddable":true,"href":"https:\/\/frvape.com\/pt\/wp-json\/wp\/v2\/product_brand?post=11262"},{"taxonomy":"product_cat","embeddable":true,"href":"https:\/\/frvape.com\/pt\/wp-json\/wp\/v2\/product_cat?post=11262"},{"taxonomy":"product_tag","embeddable":true,"href":"https:\/\/frvape.com\/pt\/wp-json\/wp\/v2\/product_tag?post=11262"}],"curies":[{"name":"wp","href":"https:\/\/api.w.org\/{rel}","templated":true}]}}