{"id":1577,"date":"2025-10-12T01:36:57","date_gmt":"2025-10-12T01:36:57","guid":{"rendered":"https:\/\/frvape.com\/product\/razz-bar-30000-puff-refillable-vape-16-flavors-650mah-usb-c\/"},"modified":"2025-12-16T09:41:17","modified_gmt":"2025-12-16T09:41:17","slug":"razz-bar-30000-puff-refillable-vape-16-sabores-650mah-usb-c","status":"publish","type":"product","link":"https:\/\/frvape.com\/pt\/product\/razz-bar-30000-puff-refillable-vape-16-sabores-650mah-usb-c\/","title":{"rendered":"Razz Bar 30000 Puff Vape Recarreg\u00e1vel | 16 Sabores | 650mAh USB-C"},"content":{"rendered":"<h3>Revolucione a sua experi\u00eancia de vaporiza\u00e7\u00e3o com a Razz Bar 30000<\/h3>\n<p>Descubra o auge da tecnologia de vaporiza\u00e7\u00e3o descart\u00e1vel. O <strong>Razz Bar 30000 Puff<\/strong> estabelece uma nova refer\u00eancia em termos de longevidade e fornecimento de sabor. Concebida para os vapers que procuram uma solu\u00e7\u00e3o excecional e econ\u00f3mica, sem necessidade de compras constantes, esta avan\u00e7ada <strong>vape descart\u00e1vel<\/strong> redefine a comodidade. A sua carater\u00edstica de destaque? Uma inovadora <strong>recarreg\u00e1vel a \u00f3leo<\/strong> combinada com uma capacidade surpreendente para at\u00e9 <strong>30000 puffs<\/strong>o que o torna um verdadeiro divisor de \u00e1guas no mercado dos cigarros electr\u00f3nicos.<\/p>\n<h3>Especifica\u00e7\u00f5es poderosas para um desempenho inigual\u00e1vel<\/h3>\n<p>Constru\u00eddo para impressionar, o Razz Bar 30000 apresenta especifica\u00e7\u00f5es superiores concebidas para vapers adultos que exigem mais:<\/p>\n<p>\n<strong>30000 Puffs<\/strong>: Um n\u00famero de baforadas l\u00edder na ind\u00fastria que permite uma utiliza\u00e7\u00e3o prolongada.<br \/>\n<strong>Capacidade de recarga de \u00f3leo<\/strong>: Reabaste\u00e7a voc\u00ea mesmo o grande reservat\u00f3rio de e-l\u00edquido para obter o m\u00e1ximo valor e controlo do sabor.<br \/>\n<strong>Bateria recarreg\u00e1vel de 650mAh<\/strong>: A bateria integrada de alta capacidade garante que o dispositivo dura todas as 30.000 baforadas - recarregue rapidamente atrav\u00e9s do <strong>USB-C<\/strong>.<br \/>\n<strong>Bobina de malha de alta fidelidade<\/strong>: Avan\u00e7ado <strong>bobina de malha<\/strong> garante uma produ\u00e7\u00e3o de vapor rica e consistente e uma extra\u00e7\u00e3o de sabor superior desde a primeira \u00e0 \u00faltima baforada.<br \/>\n<strong>16 Sabores Premium dispon\u00edveis<\/strong>: Um espetro diversificado de op\u00e7\u00f5es de e-l\u00edquidos habilmente elaborados para todos os paladares.<br \/>\n<strong>Ultraport\u00e1til e de f\u00e1cil utiliza\u00e7\u00e3o<\/strong>: O design elegante cabe perfeitamente no seu bolso, pronto a funcionar.<br \/>\n<strong>Op\u00e7\u00f5es de caixas de cart\u00e3o<\/strong>200 dispositivos vape descart\u00e1veis por caixa para conveni\u00eancia de compra a granel.\n<\/p>\n<h3>Explore a gama Sensational Flavor<\/h3>\n<p>Mergulhe num mundo de sabores extraordin\u00e1rios com o nosso portf\u00f3lio de sabores meticulosamente desenvolvido para o Razz Bar 30000:<\/p>\n<p>\nSonho de ver\u00e3o<br \/>\nBanana com morango<br \/>\nCola Ice<br \/>\nMel\u00e3o triplo<br \/>\nMa\u00e7\u00e3 \u00e1cida<br \/>\nGelo de melancia<br \/>\nMorango Kiwi<br \/>\nGelo de mirtilo<br \/>\nLima-lim\u00e3o<br \/>\nManga P\u00eassego Melancia<br \/>\nGelo Blue Razz<br \/>\nGelo de p\u00eassego sumarento<br \/>\nBagas mistas<br \/>\nGelo de amora<br \/>\nMelancia com morango<br \/>\nGelo de morango\n<\/p>\n<h3>Tecnologia de ponta recarreg\u00e1vel<\/h3>\n<p>Porqu\u00ea contentar-se com descart\u00e1veis de utiliza\u00e7\u00e3o limitada? A inovadora barra Razz 30000 <strong>recarreg\u00e1vel<\/strong> O sistema permite-lhe. Desfrute da comodidade de uma caneta vape descart\u00e1vel combinada com os benef\u00edcios econ\u00f3micos e ambientais da reutiliza\u00e7\u00e3o. O nosso dep\u00f3sito recarreg\u00e1vel de grande capacidade patenteado permite-lhe gerir facilmente o seu consumo de e-l\u00edquido, reduzindo drasticamente o desperd\u00edcio e o custo por inala\u00e7\u00e3o em compara\u00e7\u00e3o com o tradicional <strong>c\u00e1psulas vape descart\u00e1veis<\/strong>. \u00c9 a escolha mais inteligente para o vaper mais exigente.<\/p>\n<h3>Concebida para o seu estilo de vida: Longevidade e conveni\u00eancia<\/h3>\n<p>O Razz Bar 30000 foi concebido para o vaper adulto moderno e ativo. O incr\u00edvel <strong>30.000 puff<\/strong> O lifespan \u00e9 perfeitamente adequado para:<\/p>\n<p>* Utilizadores frustrados com a substitui\u00e7\u00e3o constante de descart\u00e1veis com baixo n\u00famero de puffs.<br \/>* Vapers que procuram poupan\u00e7as significativas de custos sem sacrificar a qualidade ou o sabor.<br \/>* Quem d\u00e1 prioridade \u00e0 comodidade - o grande <strong>650mAh<\/strong> minimiza as interrup\u00e7\u00f5es de carregamento, enquanto o USB-C garante carregamentos r\u00e1pidos.<br \/>* Os entusiastas dos sabores que desejam desfrutar de um prazer prolongado de sabores sofisticados <strong>cigarro eletr\u00f3nico<\/strong> misturas sem esgotar o dispositivo a meio do seu sabor favorito.<\/p>\n<h3>Razz Bar: Um compromisso com a vaping superior desde 2017<\/h3>\n<p>Como l\u00edder no sector <strong>cigarro eletr\u00f3nico<\/strong> desde 2017, a Razz Bar dedica-se \u00e0 inova\u00e7\u00e3o e \u00e0 excel\u00eancia. Compreendemos o que os vapers adultos desejam: perfis de sabor excepcionais, fiabilidade inabal\u00e1vel do dispositivo e conveni\u00eancia inigual\u00e1vel. O <strong>Razz Bar 30000 Puff<\/strong> encarna este compromisso. Reflecte anos de investiga\u00e7\u00e3o e desenvolvimento centrados na cria\u00e7\u00e3o de produtos tecnologicamente avan\u00e7ados e centrados no utilizador. <strong>produtos para vaporiza\u00e7\u00e3o<\/strong> que melhoram verdadeiramente a sua experi\u00eancia - oferecendo uma intensa satura\u00e7\u00e3o de sabor atrav\u00e9s da <strong>bobina de malha<\/strong>A bateria recarreg\u00e1vel permite-lhe manter a pot\u00eancia e a liberdade m\u00e1xima gra\u00e7as ao seu design \u00fanico e recarreg\u00e1vel.<\/p>\n<p>Experimente o futuro da vaporiza\u00e7\u00e3o descart\u00e1vel. Escolha o Razz Bar 30000 - onde o sabor extraordin\u00e1rio se encontra com uma longevidade sem precedentes e uma conveni\u00eancia recarreg\u00e1vel inovadora. Perfeito para todos os dias, em todo o lado. Desfrute de <strong>c\u00e1psula vape<\/strong> tecnologia que faz evoluir verdadeiramente a sua satisfa\u00e7\u00e3o. Encontre o seu sabor perfeito entre as <strong>16 op\u00e7\u00f5es diversas<\/strong> hoje.<\/p>","protected":false},"excerpt":{"rendered":"<p>Conhe\u00e7a o <strong>Razz Bar 30000<\/strong> Puff vape descart\u00e1vel com <strong>recarreg\u00e1vel a \u00f3leo<\/strong> tecnologia e massa <strong>30000 puffs<\/strong>!<br \/> Explore 16 sabores premium alimentados por um <strong>Bateria recarreg\u00e1vel de 650mAh<\/strong> &amp; suave <strong>Bobina de malha<\/strong>.<br \/> M\u00e1xima comodidade com <strong>Carregamento USB-C<\/strong> - Experimente uma vaporiza\u00e7\u00e3o duradoura e de alto desempenho.<\/p>","protected":false},"featured_media":1571,"comment_status":"open","ping_status":"closed","template":"","meta":[],"product_brand":[70],"product_cat":[893],"product_tag":[113,262,260,263,264,261],"class_list":{"0":"post-1577","1":"product","2":"type-product","3":"status-publish","4":"has-post-thumbnail","6":"product_brand-razzbar","7":"product_cat-razzbar","8":"product_tag-30000-puff-vape","9":"product_tag-disposable-vape-pods","10":"product_tag-razz-bar-30000","11":"product_tag-razz-bar-electronic-cigarette","12":"product_tag-rechargeable-vape-device","13":"product_tag-refillable-vape-pen","15":"first","16":"instock","17":"sale","18":"shipping-taxable","19":"purchasable","20":"product-type-variable"},"jetpack_sharing_enabled":true,"tiered_pricing_type":"fixed","tiered_pricing_fixed_rules":[],"tiered_pricing_product_settings":{"layout":"default","base_unit_name":{"singular":null,"plural":null},"default_variation":null},"tiered_pricing_minimum_quantity":null,"tiered_pricing_roles_data":[],"tiered_pricing_percentage_rules":[],"tiered_pricing_maximum_quantity":null,"tiered_pricing_quantity_step":null,"_links":{"self":[{"href":"https:\/\/frvape.com\/pt\/wp-json\/wp\/v2\/product\/1577","targetHints":{"allow":["GET"]}}],"collection":[{"href":"https:\/\/frvape.com\/pt\/wp-json\/wp\/v2\/product"}],"about":[{"href":"https:\/\/frvape.com\/pt\/wp-json\/wp\/v2\/types\/product"}],"replies":[{"embeddable":true,"href":"https:\/\/frvape.com\/pt\/wp-json\/wp\/v2\/comments?post=1577"}],"wp:featuredmedia":[{"embeddable":true,"href":"https:\/\/frvape.com\/pt\/wp-json\/wp\/v2\/media\/1571"}],"wp:attachment":[{"href":"https:\/\/frvape.com\/pt\/wp-json\/wp\/v2\/media?parent=1577"}],"wp:term":[{"taxonomy":"product_brand","embeddable":true,"href":"https:\/\/frvape.com\/pt\/wp-json\/wp\/v2\/product_brand?post=1577"},{"taxonomy":"product_cat","embeddable":true,"href":"https:\/\/frvape.com\/pt\/wp-json\/wp\/v2\/product_cat?post=1577"},{"taxonomy":"product_tag","embeddable":true,"href":"https:\/\/frvape.com\/pt\/wp-json\/wp\/v2\/product_tag?post=1577"}],"curies":[{"name":"wp","href":"https:\/\/api.w.org\/{rel}","templated":true}]}}