{"id":2013,"date":"2025-10-12T02:39:59","date_gmt":"2025-10-12T02:39:59","guid":{"rendered":"https:\/\/frvape.com\/product\/bang-king-50000-disposable-vape-50000-puffs-with-dual-favors-and-adjustable-airflow\/"},"modified":"2025-11-04T01:45:08","modified_gmt":"2025-11-04T01:45:08","slug":"bang-king-50000-vape-descartavel-50000-baforadas-com-dois-favores-e-fluxo-de-ar-ajustavel","status":"publish","type":"product","link":"https:\/\/frvape.com\/pt\/product\/bang-king-50000-vape-descartavel-50000-baforadas-com-dois-favores-e-fluxo-de-ar-ajustavel\/","title":{"rendered":"Bang King 50000 Vape descart\u00e1vel - 50.000 baforadas com dois ventiladores e fluxo de ar ajust\u00e1vel"},"content":{"rendered":"<h3>Apresentamos o Bang King 50000<\/h3>\n<p>O <strong>Bang King 50000<\/strong> \u00e9 um revolucion\u00e1rio <strong>vape descart\u00e1vel<\/strong> Concebido para utilizadores individuais e <strong>vape por atacado<\/strong> retalhistas. Com uma extraordin\u00e1ria <strong>50.000 baforadas<\/strong> capacidade e um conjunto de <strong>duplo sabor<\/strong> combina\u00e7\u00f5es, estabelece um novo padr\u00e3o na ind\u00fastria vaping. Com elementos avan\u00e7ados como um <strong>ecr\u00e3 digital<\/strong> e <strong>caudal de ar regul\u00e1vel<\/strong>O seu design, a sua personaliza\u00e7\u00e3o e a sua longevidade fazem dele um dos <strong>melhor vape descart\u00e1vel<\/strong> op\u00e7\u00f5es para 2024.<\/p>\n<h3>Carater\u00edsticas do produto<\/h3>\n<p><strong>Vapes descart\u00e1veis por atacado para retalhistas:<\/strong> O Bang King 50000 \u00e9 ideal para <strong>vape por atacado<\/strong> vendedores com o objetivo de armazenar vapes descart\u00e1veis de qualidade superior. Com at\u00e9 50.000 baforadas e <strong>duplo sabor<\/strong> O Fusion \u00e9 um produto que oferece uma experi\u00eancia de vaporiza\u00e7\u00e3o alargada que apela aos clientes que procuram dispositivos de elevado desempenho. Isto torna-o perfeito para retalhistas ou distribuidores que pretendam oferecer aparelhos fi\u00e1veis e agrad\u00e1veis. <strong>vape descart\u00e1vel<\/strong> produtos que respondem a diversas prefer\u00eancias.<\/p>\n<p><strong>O melhor Vape descart\u00e1vel para uma utiliza\u00e7\u00e3o duradoura:<\/strong> Como um dos principais <strong>melhores modelos de vape descart\u00e1veis<\/strong>Este dispositivo oferece um valor excecional com a sua enorme quantidade de puffs. O inovador <strong>ecr\u00e3 digital<\/strong> acompanha o progresso da vaporiza\u00e7\u00e3o, garantindo que maximiza cada tragada e desfruta de uma satisfa\u00e7\u00e3o consistente. Foi concebido para ser duradouro, reduzindo a necessidade de substitui\u00e7\u00f5es frequentes e aumentando a comodidade do utilizador.<\/p>\n<p><strong>Duplo sabor e fluxo de ar ajust\u00e1vel:<\/strong> Experimente uma viagem vaporizadora rica e cheia de camadas com o <strong>duplo sabor<\/strong> permitindo-lhe alternar entre dois sabores distintos sem esfor\u00e7o. O <strong>caudal de ar regul\u00e1vel<\/strong> permite-lhe afinar a intensidade do tra\u00e7\u00e3o para obter sempre uma batida perfeita e personalizada. Esta sinergia cria uma das mais <strong>bons vapores descart\u00e1veis<\/strong> dispon\u00edveis, proporcionando versatilidade e controlo.<\/p>\n<p><strong>Ecr\u00e3 digital inovador:<\/strong> O sistema integrado <strong>ecr\u00e3 digital<\/strong> mant\u00e9m-no informado, apresentando actualiza\u00e7\u00f5es em tempo real sobre a contagem de baforadas, o n\u00edvel da bateria e a capacidade do e-l\u00edquido. Esta monitoriza\u00e7\u00e3o inteligente melhora a sua experi\u00eancia, ajudando-o a gerir a utiliza\u00e7\u00e3o de forma eficiente, reduzindo as interrup\u00e7\u00f5es e assegurando uma utiliza\u00e7\u00e3o fi\u00e1vel. <strong>vape descart\u00e1vel<\/strong> desempenho.<\/p>\n<h3>Vantagens do produto<\/h3>\n<p><strong>50.000 baforadas para uma longevidade m\u00e1xima:<\/strong> O enorme <strong>50.000 baforadas<\/strong> do Bang King 50000 minimizam as substitui\u00e7\u00f5es e oferecem um valor incr\u00edvel. Suporta uma utiliza\u00e7\u00e3o a longo prazo, perfeita para os vapers que exigem o melhor <strong>melhor vape descart\u00e1vel<\/strong> com uma resist\u00eancia e uma rela\u00e7\u00e3o custo-efic\u00e1cia inigual\u00e1veis.<\/p>\n<p><strong>Sabores duplos para personaliza\u00e7\u00e3o:<\/strong> Com <strong>duplo sabor<\/strong> pode personalizar a sua vaporiza\u00e7\u00e3o de acordo com as suas prefer\u00eancias, proporcionando uma sess\u00e3o mais din\u00e2mica e agrad\u00e1vel do que os dispositivos normais de sabor \u00fanico. Esta carater\u00edstica real\u00e7a o facto de estar entre os <strong>bons vapores descart\u00e1veis<\/strong> para os entusiastas do sabor.<\/p>\n<p><strong>Fluxo de ar ajust\u00e1vel para um saque perfeito:<\/strong> Adapte o seu golpe com precis\u00e3o utilizando o <strong>caudal de ar regul\u00e1vel<\/strong>que se adapta ao aperto ou folga pretendidos. Isto garante um conforto e uma satisfa\u00e7\u00e3o constantes, real\u00e7ando a inova\u00e7\u00e3o em <strong>cigarro eletr\u00f3nico de duplo sabor<\/strong> desenhos.<\/p>\n<p><strong>Ecr\u00e3 digital inteligente para uma monitoriza\u00e7\u00e3o f\u00e1cil:<\/strong> O <strong>ecr\u00e3 digital<\/strong> fornece leituras precisas sobre a contagem de baforadas e o estado da bateria, simplificando a gest\u00e3o do dispositivo e reduzindo o tempo de inatividade inesperado. Esta intelig\u00eancia torna-o num <strong>vape descart\u00e1vel<\/strong> para utilizadores experientes em tecnologia que procuram transpar\u00eancia.<\/p>\n<h3>Especifica\u00e7\u00f5es t\u00e9cnicas<\/h3>\n<p>O Bang King 50000 inclui especifica\u00e7\u00f5es de ponta para melhorar a sua vaporiza\u00e7\u00e3o: Op\u00e7\u00f5es de for\u00e7a de nicotina de 0%, 2%, 3% e 5% para intensidade personalizada; uma vida \u00fatil massiva de 50.000 puffs; capacidade de 50ml de e-l\u00edquido para sess\u00f5es prolongadas; uma bobina de malha de 1,0ohm de alto desempenho garantindo uma produ\u00e7\u00e3o de vapor suave; uma bateria recarreg\u00e1vel de 850mAh para confiabilidade; uma tela de exibi\u00e7\u00e3o digital intuitiva mostrando os n\u00edveis de bateria e e-l\u00edquido; fluxo de ar totalmente ajust\u00e1vel; 12 sabores duplos variados para escolha; uma porta USB tipo C para carregamento r\u00e1pido; e embalagem conveniente com 10 unidades por caixa e 200 unidades por caixa.<\/p>\n<h3>Op\u00e7\u00f5es de sabores requintados<\/h3>\n<p>Selecione uma das nossas combina\u00e7\u00f5es de sabores duplos premium:<\/p>\n<p>Morango Manga\/Morango Kiwi<br \/>Red Bull\/Banana com morango<br \/>Gelo de melancia\/Menta de mirtilo<br \/>Gelo de melancia\/Cereja de mirtilo<br \/>Pastilha el\u00e1stica de morango, manga e melancia<br \/>Gelo de mirtilo\/Gelo de p\u00eassego<br \/>Mirtilo Framboesa\/Mistura de frutos silvestres<br \/>Melancia com morango\/Gelo Drag\u00e3o Negro<br \/>Morango Melancia\/Kiwi Maracuj\u00e1 Goiaba<br \/>Mirtilo Framboesa\/Gelo de uva<br \/>Mirtilo Gelado\/P\u00eassego Manga Melancia<br \/>Red Bull\/Melancia com mirtilo<\/p>\n<h3>Porqu\u00ea escolher o Bang King 50000?<\/h3>\n<p>Atualizar para o <strong>Bang King 50000<\/strong> para uma elite <strong>vape descart\u00e1vel<\/strong> experi\u00eancia que combina pot\u00eancia, personaliza\u00e7\u00e3o e desempenho. Ideal para <strong>vape por atacado<\/strong> opera\u00e7\u00f5es e utilizadores di\u00e1rios, oferece a <strong>melhor vape descart\u00e1vel<\/strong> num design elegante e de f\u00e1cil utiliza\u00e7\u00e3o. Abrace a inova\u00e7\u00e3o e a variedade de sabores - encomende hoje para obter uma satisfa\u00e7\u00e3o sem paralelo.<\/p>","protected":false},"excerpt":{"rendered":"<p>O <strong>Bang King 50000<\/strong> oferece at\u00e9 um impressionante <strong>50.000 baforadas<\/strong> com <strong>duplo sabor<\/strong> op\u00e7\u00f5es, perfeitas para <strong>vape por atacado<\/strong> neg\u00f3cios. Carater\u00edsticas <strong>caudal de ar regul\u00e1vel<\/strong> e inteligente <strong>ecr\u00e3 digital<\/strong> para um melhor controlo.<br \/>Experimente uma vaporiza\u00e7\u00e3o de longa dura\u00e7\u00e3o com este dispositivo descart\u00e1vel de topo de gama.<\/p>","protected":false},"featured_media":2007,"comment_status":"open","ping_status":"closed","template":"","meta":[],"product_brand":[133],"product_cat":[856],"product_tag":[305,307,309,308,306],"class_list":{"0":"post-2013","1":"product","2":"type-product","3":"status-publish","4":"has-post-thumbnail","6":"product_brand-bangking","7":"product_cat-bangking","8":"product_tag-50000-puffs-vape","9":"product_tag-adjustable-airflow-disposable","10":"product_tag-bang-king-vape","11":"product_tag-digital-screen-vape","12":"product_tag-dual-flavor-e-cigarette","14":"first","15":"instock","16":"sale","17":"shipping-taxable","18":"purchasable","19":"product-type-variable"},"jetpack_sharing_enabled":true,"tiered_pricing_type":"fixed","tiered_pricing_fixed_rules":[],"tiered_pricing_product_settings":{"layout":"default","base_unit_name":{"singular":null,"plural":null},"default_variation":null},"tiered_pricing_minimum_quantity":null,"tiered_pricing_roles_data":[],"tiered_pricing_percentage_rules":[],"tiered_pricing_maximum_quantity":null,"tiered_pricing_quantity_step":null,"_links":{"self":[{"href":"https:\/\/frvape.com\/pt\/wp-json\/wp\/v2\/product\/2013","targetHints":{"allow":["GET"]}}],"collection":[{"href":"https:\/\/frvape.com\/pt\/wp-json\/wp\/v2\/product"}],"about":[{"href":"https:\/\/frvape.com\/pt\/wp-json\/wp\/v2\/types\/product"}],"replies":[{"embeddable":true,"href":"https:\/\/frvape.com\/pt\/wp-json\/wp\/v2\/comments?post=2013"}],"wp:featuredmedia":[{"embeddable":true,"href":"https:\/\/frvape.com\/pt\/wp-json\/wp\/v2\/media\/2007"}],"wp:attachment":[{"href":"https:\/\/frvape.com\/pt\/wp-json\/wp\/v2\/media?parent=2013"}],"wp:term":[{"taxonomy":"product_brand","embeddable":true,"href":"https:\/\/frvape.com\/pt\/wp-json\/wp\/v2\/product_brand?post=2013"},{"taxonomy":"product_cat","embeddable":true,"href":"https:\/\/frvape.com\/pt\/wp-json\/wp\/v2\/product_cat?post=2013"},{"taxonomy":"product_tag","embeddable":true,"href":"https:\/\/frvape.com\/pt\/wp-json\/wp\/v2\/product_tag?post=2013"}],"curies":[{"name":"wp","href":"https:\/\/api.w.org\/{rel}","templated":true}]}}