{"id":2199,"date":"2025-10-12T03:04:37","date_gmt":"2025-10-12T03:04:37","guid":{"rendered":"https:\/\/frvape.com\/product\/aivono-aim-fatpro-22000-disposable-vape-up-to-22000-puffs-with-direct-lung-design\/"},"modified":"2025-12-16T09:37:01","modified_gmt":"2025-12-16T09:37:01","slug":"aivono-aim-fatpro-22000-descartavel-vape-ate-22000-baforadas-com-design-de-pulmao-direto","status":"publish","type":"product","link":"https:\/\/frvape.com\/pt\/product\/aivono-aim-fatpro-22000-descartavel-vape-ate-22000-baforadas-com-design-de-pulmao-direto\/","title":{"rendered":"Vape descart\u00e1vel Aivono Aim Fatpro 22000 - At\u00e9 22.000 baforadas com design de pulm\u00e3o direto"},"content":{"rendered":"<h3>Vis\u00e3o geral do produto<\/h3>\n<p>Descubra a m\u00e1xima comodidade e prazer com o <strong>Vape descart\u00e1vel Aivono Aim Fatpro 22000<\/strong>. Concebido para pot\u00eancia e resist\u00eancia, este dispositivo fornece at\u00e9 <strong>22.000 baforadas<\/strong> para sess\u00f5es de vaporiza\u00e7\u00e3o ininterruptas, tornando-o uma escolha de topo para os entusiastas das nuvens e aficionados do narguil\u00e9.<br \/>Com um <strong>bateria robusta de cobalto puro de 600mAh<\/strong> e <strong>carregamento r\u00e1pido do tipo C<\/strong>garante uma reutiliza\u00e7\u00e3o fi\u00e1vel, enquanto o <strong>DTL (pulm\u00e3o direto)<\/strong> O design produz nuvens de vapor volumosas para uma imers\u00e3o semelhante \u00e0 do cachimbo de \u00e1gua.<\/p>\n<h3>Carater\u00edsticas principais<\/h3>\n<p><strong>Elevada contagem de puffs:<\/strong> Este vape proporciona uma sensa\u00e7\u00e3o inigual\u00e1vel de <strong>22.000 baforadas por dispositivo<\/strong>, ultrapassando as op\u00e7\u00f5es descart\u00e1veis normais.<br \/>Os seus <strong>resist\u00eancia excecional<\/strong> destina-se a utilizadores intensivos, eliminando recargas ou carregamentos frequentes.<br \/><strong>Desenho Direto do Pulm\u00e3o (DTL):<\/strong> Optimizado para <strong>inala\u00e7\u00e3o pulmonar<\/strong> para criar enormes nuvens de vapor, esta carater\u00edstica \u00e9 ideal para os utilizadores que procuram uma satisfa\u00e7\u00e3o profunda, semelhante \u00e0 do cachimbo de \u00e1gua.<br \/><strong>Sabores inspirados no cachimbo de \u00e1gua:<\/strong> Experimente sabores ricos e arom\u00e1ticos que reproduzem as sensa\u00e7\u00f5es tradicionais do narguil\u00e9.<br \/>A tecnologia avan\u00e7ada de aromas garante que cada baforada proporciona um vapor consistente e suave, adaptado \u00e0 <strong>entusiastas do narguil\u00e9<\/strong>.<br \/><strong>Funcionamento sem \u00f3leo:<\/strong> Mesmo com a exaust\u00e3o <strong>n\u00edveis de e-l\u00edquido<\/strong>O aparelho continua a funcionar corretamente.<br \/>Esta inova\u00e7\u00e3o evita interrup\u00e7\u00f5es inesperadas, embora se recomende o reabastecimento atempado para proteger o <strong>n\u00facleo do atomizador<\/strong> e prolongar a vida \u00fatil do dispositivo.<br \/><strong>Capacidade substancial de E-Liquid:<\/strong> Com uma generosa <strong>Capacidade para 28 ml de e-l\u00edquido<\/strong>, minimiza a frequ\u00eancia de recarga.<br \/>Este grande volume suporta milhares de baforadas sem comprometer a <strong>qualidade do vapor<\/strong>.<br \/><strong>Desempenho robusto da bateria:<\/strong> Desfrute de uma pot\u00eancia consistente a partir do <strong>pilha de n\u00facleo de cobalto puro<\/strong>.<br \/>O <strong>Capacidade de 600mAh<\/strong> permite uma recarga eficiente atrav\u00e9s do moderno <strong>Porta tipo C<\/strong> para recargas r\u00e1pidas em qualquer ambiente.<br \/><strong>Tecnologia de bobina de malha:<\/strong> O <strong>Bobina de malha de resist\u00eancia de 0,6\u03a9<\/strong> garante uma produ\u00e7\u00e3o de vapor superior com maior clareza de sabor.<br \/>Funciona de forma eficiente para manter <strong>sabor rico consist\u00eancia<\/strong> mesmo com um n\u00famero elevado de puffs.<\/p>\n<h3>Funcionalidade avan\u00e7ada<\/h3>\n<p>Experimente inova\u00e7\u00f5es f\u00e1ceis de utilizar com um <strong>ecr\u00e3 digital<\/strong> que mostra claramente <strong>energia restante da bateria<\/strong> e <strong>n\u00edveis de e-l\u00edquido<\/strong>.<br \/><strong>Portabilidade leve<\/strong> \u00e9 uma vantagem essencial em apenas <strong>96g de peso l\u00edquido<\/strong>permitindo uma vaporiza\u00e7\u00e3o f\u00e1cil em movimento.<br \/>Al\u00e9m disso, as nicotinas personaliz\u00e1veis satisfazem as prefer\u00eancias pessoais, com op\u00e7\u00f5es para <strong>0%, 2%, 3%, ou 5% teor de sal de nicotina<\/strong> para corresponder \u00e0 sua toler\u00e2ncia.<\/p>\n<h3>Sabores dispon\u00edveis<\/h3>\n<p><strong>Lista de sabores:<\/strong> Explorar <strong>sabores semelhantes aos do narguil\u00e9<\/strong> com uma sele\u00e7\u00e3o rica para agradar a todos os paladares:<br \/><strong>Gelo exuberante<\/strong><br \/><strong>Sonho l\u00facido<\/strong><br \/><strong>Duas ma\u00e7\u00e3s<\/strong><br \/><strong>Uva Min<\/strong><br \/><strong>Cereja Framboesa<\/strong><br \/><strong>Gelo de bagas<\/strong><br \/><strong>Gelo de p\u00eassego<\/strong><br \/><strong>Amor 66<\/strong><br \/><strong>Ponche de morango<\/strong><br \/><strong>Pastilha el\u00e1stica de mirtilo<\/strong><br \/>Todos <strong>op\u00e7\u00e3o de sabor<\/strong> reproduz a profundidade tradicional do narguil\u00e9, proporcionando um vapor suave e intenso.<\/p>\n<h3>Especifica\u00e7\u00f5es do produto<\/h3>\n<p><strong>Especifica\u00e7\u00f5es essenciais:<\/strong> Contagem de baforadas: <strong>22.000 puffs DTL<\/strong><br \/>Capacidade de E-l\u00edquido: <strong>28ml<\/strong><br \/>Tecnologia da bateria: <strong>Bateria de cobalto puro 18250<\/strong> com <strong>Capacidade de 600mAh<\/strong> (recarreg\u00e1vel)<br \/>Carregamento: <strong>Porta tipo C<\/strong> apoiado<br \/>Fio de aquecimento: <strong>Bobina de malha de 0,6\u03a9<\/strong> para um vapor \u00f3timo<br \/>Dimens\u00f5es do dispositivo: <strong>32\u00d7126mm<\/strong><br \/>\u00danico Peso: <strong>96g<\/strong><br \/>Op\u00e7\u00f5es de sal de nicotina: <strong>0%, 2%, 3%, 5%<\/strong><br \/>Fun\u00e7\u00f5es principais: <strong>Inala\u00e7\u00e3o pulmonar<\/strong>, visor digital da bateria e do \u00f3leo, <strong>simula\u00e7\u00e3o de sabores de narguil\u00e9<\/strong><br \/>Detalhes da embalagem: Caixa pequena (<strong>40\u00d740\u00d7140mm<\/strong>), Tamanho da caixa grande (<strong>83\u00d7140\u00d7120mm<\/strong>), a caixa standard cont\u00e9m <strong>200 unidades por caixa<\/strong>, com as dimens\u00f5es totais da caixa (<strong>68,5\u00d738\u00d724cm<\/strong>) e peso (<strong>20 kg<\/strong>) para manuseamento a granel.<br \/>Suporte OEM\/ODM: Op\u00e7\u00f5es completas de personaliza\u00e7\u00e3o para clientes grossistas.<\/p>\n<h3>Valor e qualidade<\/h3>\n<p>O <strong>Aivono Aim Fatpro 22000<\/strong> entrega <strong>valor excecional<\/strong> equilibrando carater\u00edsticas de topo com pre\u00e7os acess\u00edveis.<br \/>O seu pre\u00e7o competitivo adequa-se a vapers conscientes do seu or\u00e7amento que procuram poupan\u00e7as a longo prazo.<br \/>Apoiado por <strong>garantia de alta qualidade<\/strong>Cada dispositivo obedece a normas de produ\u00e7\u00e3o rigorosas para garantir a fiabilidade.<br \/>O nosso <strong>apoio ao cliente dedicado<\/strong> assegura uma experi\u00eancia de compra sem problemas, e <strong>envio r\u00e1pido<\/strong> garantem reabastecimentos atempados para as empresas.<br \/>Perfeita para parcerias grossistas, suporta escalabilidade <strong>Personaliza\u00e7\u00e3o OEM\/ODM<\/strong>.<\/p>","protected":false},"excerpt":{"rendered":"<p>O <strong>Aivono Aim Fatpro 22000<\/strong> oferece uma impressionante <strong>22.000 baforadas<\/strong> num local conveniente <strong>vape descart\u00e1vel<\/strong>, que inclui <strong>Conce\u00e7\u00e3o DTL<\/strong> e aut\u00eantico <strong>sabores de narguil\u00e9<\/strong> para uma melhor experi\u00eancia de vaporiza\u00e7\u00e3o.<br \/>Desfrute de um desempenho duradouro com um <strong>Capacidade para 28 ml de e-l\u00edquido<\/strong> e reutiliz\u00e1veis <strong>Carregamento tipo C<\/strong> em v\u00e1rias dosagens de nicotina.<\/p>","protected":false},"featured_media":2193,"comment_status":"open","ping_status":"closed","template":"","meta":[],"product_brand":[165],"product_cat":[951],"product_tag":[1022,1121,321,112,319,320,84],"class_list":{"0":"post-2199","1":"product","2":"type-product","3":"status-publish","4":"has-post-thumbnail","6":"product_brand-aivono","7":"product_cat-aivono","8":"product_tag-000-puffs-vape","9":"product_tag-1121","10":"product_tag-aivono-fatpro-22000","11":"product_tag-disposable-vape","12":"product_tag-dtl-electronic-cigarette","13":"product_tag-hookah-flavor-vape","14":"product_tag-rechargeable-vape-pen","16":"first","17":"instock","18":"sale","19":"shipping-taxable","20":"purchasable","21":"product-type-variable"},"jetpack_sharing_enabled":true,"tiered_pricing_type":"fixed","tiered_pricing_fixed_rules":[],"tiered_pricing_product_settings":{"layout":"default","base_unit_name":{"singular":null,"plural":null},"default_variation":null},"tiered_pricing_minimum_quantity":null,"tiered_pricing_roles_data":[],"tiered_pricing_percentage_rules":[],"tiered_pricing_maximum_quantity":null,"tiered_pricing_quantity_step":null,"_links":{"self":[{"href":"https:\/\/frvape.com\/pt\/wp-json\/wp\/v2\/product\/2199","targetHints":{"allow":["GET"]}}],"collection":[{"href":"https:\/\/frvape.com\/pt\/wp-json\/wp\/v2\/product"}],"about":[{"href":"https:\/\/frvape.com\/pt\/wp-json\/wp\/v2\/types\/product"}],"replies":[{"embeddable":true,"href":"https:\/\/frvape.com\/pt\/wp-json\/wp\/v2\/comments?post=2199"}],"wp:featuredmedia":[{"embeddable":true,"href":"https:\/\/frvape.com\/pt\/wp-json\/wp\/v2\/media\/2193"}],"wp:attachment":[{"href":"https:\/\/frvape.com\/pt\/wp-json\/wp\/v2\/media?parent=2199"}],"wp:term":[{"taxonomy":"product_brand","embeddable":true,"href":"https:\/\/frvape.com\/pt\/wp-json\/wp\/v2\/product_brand?post=2199"},{"taxonomy":"product_cat","embeddable":true,"href":"https:\/\/frvape.com\/pt\/wp-json\/wp\/v2\/product_cat?post=2199"},{"taxonomy":"product_tag","embeddable":true,"href":"https:\/\/frvape.com\/pt\/wp-json\/wp\/v2\/product_tag?post=2199"}],"curies":[{"name":"wp","href":"https:\/\/api.w.org\/{rel}","templated":true}]}}