{"id":2697,"date":"2025-10-12T03:54:42","date_gmt":"2025-10-12T03:54:42","guid":{"rendered":"https:\/\/frvape.com\/product\/razz-bar-40000-puff-disposable-vape-rechargeable-dual-flavor-device\/"},"modified":"2025-12-16T08:45:39","modified_gmt":"2025-12-16T08:45:39","slug":"razz-bar-40000-puff-descartavel-vape-recarregavel-dispositivo-de-duplo-sabor","status":"publish","type":"product","link":"https:\/\/frvape.com\/pt\/product\/razz-bar-40000-puff-descartavel-vape-recarregavel-dispositivo-de-duplo-sabor\/","title":{"rendered":"Razz Bar 40000 Puff Disposable Vape - Dispositivo recarreg\u00e1vel de duplo sabor"},"content":{"rendered":"<h3>Resist\u00eancia de vaporiza\u00e7\u00e3o sem paralelo<\/h3>\n<p>A inovadora <strong>Razz Bar 40000 puff<\/strong> O vape descart\u00e1vel redefine a longevidade dos dispositivos descart\u00e1veis. Concebido com uma enorme capacidade de sumo eletr\u00f3nico, mas mantendo a portabilidade de bolso, este produto revolucion\u00e1rio proporciona 40.000 baforadas satisfat\u00f3rias por unidade - superando os descart\u00e1veis normais em at\u00e9 400%. Apesar da sua extraordin\u00e1ria capacidade, o nosso design ergon\u00f3mico garante um transporte di\u00e1rio confort\u00e1vel, sem aumentar o volume.<\/p>\n<h3>Inova\u00e7\u00e3o avan\u00e7ada de duplo sabor<\/h3>\n<p>Experimente a perfei\u00e7\u00e3o do sabor com o nosso pioneiro <strong>bobina de malha com dep\u00f3sito duplo<\/strong> sistema. Esta tecnologia de ponta separa dois sistemas distintos <strong>e-l\u00edquido<\/strong> em c\u00e2maras isoladas, que se activam alternadamente em cada baforada para criar combina\u00e7\u00f5es de sabores vibrantes. As bobinas de malha de alto desempenho atomizam o sumo eletr\u00f3nico a temperaturas \u00f3ptimas, libertando uma clareza de sabor e uma riqueza de vapor sem precedentes, ao mesmo tempo que eliminam as batidas secas.<\/p>\n<h3>Energia que n\u00e3o p\u00e1ra<\/h3>\n<p>Nunca mais tenha de enfrentar a frustra\u00e7\u00e3o de uma bateria descarregada! O nosso sistema integrado <strong>650mAh recarreg\u00e1vel<\/strong> A bateria de l\u00edtio mant\u00e9m um fornecimento de energia consistente durante toda a viagem de 40.000 baforadas. A pr\u00e1tica <strong>Tipo C<\/strong> A porta de carregamento r\u00e1pido USB proporciona uma recarga completa em menos de 60 minutos, oferecendo uma verdadeira comodidade para estilos de vida m\u00f3veis.<\/p>\n<h3>Colec\u00e7\u00f5es de sabores requintados<\/h3>\n<p>Delicie-se com a nossa sele\u00e7\u00e3o premium de 10 combina\u00e7\u00f5es de sabores duplos, concebidas para paladares sofisticados:<\/p>\n<p>Bagas mistas \/ Gelo de melancia<br \/>Gelo de mirtilo \/ Love 66<br \/>Blue Razz Ice \/ Pastilha el\u00e1stica de morango e melancia<br \/>Lima-lim\u00e3o \/ Lush Ice<br \/>Gelo de morango \/ Mistura de frutos silvestres<br \/>Melancia com morango \/ Gelo de uva<br \/>Gelo de p\u00eassego \/ Gelo de mirtilo<br \/>Gelo de melancia \/ Gelo de cola<br \/>Banana com morango \/ Red Bull Ice<br \/>Morango Kiwi \/ Mirtilo Framboesa \u00c1cida<\/p>\n<h3>Especifica\u00e7\u00f5es Premium<\/h3>\n<p>Cada <strong>Razz Bar 40000<\/strong> \u00e9 fabricado com precis\u00e3o: Capacidade de 40.000 baforadas consistentes; 650mAh de alto rendimento <strong>bateria recarreg\u00e1vel<\/strong>Propriet\u00e1rio <strong>bobina de malha<\/strong> sistema de reservat\u00f3rio duplo; Carregamento universal tipo C; Chassis compacto mas de grande capacidade; M\u00faltiplas dosagens de nicotina (2% e 5%) para satisfa\u00e7\u00e3o personalizada; Embalagem de cart\u00e3o a granel (200 unidades\/caixa) para clientes comerciais.<\/p>\n<h3>Compromisso com a excel\u00eancia<\/h3>\n<p>Como inovadores desde 2017, <strong>Razz bar vape<\/strong> dedica a sua experi\u00eancia \u00e0 elabora\u00e7\u00e3o de produtos de qualidade superior <strong>cigarro eletr\u00f3nico<\/strong> experi\u00eancias para vapers adultos refinados. Misturamos sabores de primeira qualidade com uma conveni\u00eancia inigual\u00e1vel atrav\u00e9s da nossa <strong>vape descart\u00e1vel<\/strong> oferecendo solu\u00e7\u00f5es econ\u00f3micas sem comprometer a densidade da nuvem ou a autenticidade do sabor. O nosso meticuloso processo de fabrico garante que cada dispositivo cumpre rigorosas normas de qualidade.<\/p>\n<h3>Filosofia de design centrada no utilizador<\/h3>\n<p>O <strong>Razz Bar 40K<\/strong> exemplifica uma vaporiza\u00e7\u00e3o sem complica\u00e7\u00f5es com o seu mecanismo intuitivo ativado por tra\u00e7\u00e3o - basta inalar para desfrutar instantaneamente de um vapor rico. A constru\u00e7\u00e3o resistente a fugas e o fluxo de ar optimizado garantem um desempenho suave em todas as condi\u00e7\u00f5es. Perfeito tanto para os principiantes como para os entusiastas experientes, esta obra-prima elimina as trocas de bobinas, recargas e complica\u00e7\u00f5es t\u00e9cnicas, ao mesmo tempo que proporciona uma satisfa\u00e7\u00e3o de topo.<\/p>\n<p>Eleve cada momento de vaporiza\u00e7\u00e3o com o nosso produto cuidadosamente concebido. Ao integrar <strong>recarreg\u00e1vel<\/strong> num formato descart\u00e1vel, cri\u00e1mos a solu\u00e7\u00e3o mais econ\u00f3mica e ecologicamente equilibrada do mercado. O <strong>40000 puff<\/strong> A capacidade reduz drasticamente a rota\u00e7\u00e3o dos dispositivos, enquanto o pre\u00e7o acess\u00edvel torna a vaporiza\u00e7\u00e3o de luxo verdadeiramente democr\u00e1tica.<\/p>","protected":false},"excerpt":{"rendered":"<p>Experimente uma vaporiza\u00e7\u00e3o de longa dura\u00e7\u00e3o com o <strong>Razz Bar 40000 Puff<\/strong> vape descart\u00e1vel. Com um <strong>recarreg\u00e1vel<\/strong> Bateria de 650mAh, inovadora <strong>bobina de malha com dep\u00f3sito duplo<\/strong>e 10 op\u00e7\u00f5es tentadoras de duplo sabor.<br \/>Desfrute de baforadas l\u00edderes de mercado num design port\u00e1til com <strong>Tipo C<\/strong> carregamento.<\/p>","protected":false},"featured_media":2692,"comment_status":"open","ping_status":"closed","template":"","meta":[],"product_brand":[70],"product_cat":[893],"product_tag":[363,365,364,77,362,75],"class_list":{"0":"post-2697","1":"product","2":"type-product","3":"status-publish","4":"has-post-thumbnail","6":"product_brand-razzbar","7":"product_cat-razzbar","8":"product_tag-40000-puff-vape","9":"product_tag-650mah-vape","10":"product_tag-dual-flavor-vape-kit","11":"product_tag-mesh-coil-vape","12":"product_tag-razz-bar-40000-puff","13":"product_tag-rechargeable-disposable-vape","15":"first","16":"instock","17":"sale","18":"shipping-taxable","19":"purchasable","20":"product-type-variable"},"jetpack_sharing_enabled":true,"tiered_pricing_type":"fixed","tiered_pricing_fixed_rules":[],"tiered_pricing_product_settings":{"layout":"default","base_unit_name":{"singular":null,"plural":null},"default_variation":null},"tiered_pricing_minimum_quantity":null,"tiered_pricing_roles_data":[],"tiered_pricing_percentage_rules":[],"tiered_pricing_maximum_quantity":null,"tiered_pricing_quantity_step":null,"_links":{"self":[{"href":"https:\/\/frvape.com\/pt\/wp-json\/wp\/v2\/product\/2697","targetHints":{"allow":["GET"]}}],"collection":[{"href":"https:\/\/frvape.com\/pt\/wp-json\/wp\/v2\/product"}],"about":[{"href":"https:\/\/frvape.com\/pt\/wp-json\/wp\/v2\/types\/product"}],"replies":[{"embeddable":true,"href":"https:\/\/frvape.com\/pt\/wp-json\/wp\/v2\/comments?post=2697"}],"wp:featuredmedia":[{"embeddable":true,"href":"https:\/\/frvape.com\/pt\/wp-json\/wp\/v2\/media\/2692"}],"wp:attachment":[{"href":"https:\/\/frvape.com\/pt\/wp-json\/wp\/v2\/media?parent=2697"}],"wp:term":[{"taxonomy":"product_brand","embeddable":true,"href":"https:\/\/frvape.com\/pt\/wp-json\/wp\/v2\/product_brand?post=2697"},{"taxonomy":"product_cat","embeddable":true,"href":"https:\/\/frvape.com\/pt\/wp-json\/wp\/v2\/product_cat?post=2697"},{"taxonomy":"product_tag","embeddable":true,"href":"https:\/\/frvape.com\/pt\/wp-json\/wp\/v2\/product_tag?post=2697"}],"curies":[{"name":"wp","href":"https:\/\/api.w.org\/{rel}","templated":true}]}}