{"id":3720,"date":"2025-10-12T05:11:31","date_gmt":"2025-10-12T05:11:31","guid":{"rendered":"https:\/\/frvape.com\/product\/bang-smart-screen-15000-disposable-vape-with-15000-puffs-rechargeable\/"},"modified":"2025-11-25T03:17:11","modified_gmt":"2025-11-25T03:17:11","slug":"bang-smart-screen-15000-vape-descartavel-com-15000-puffs-recarregavel","status":"publish","type":"product","link":"https:\/\/frvape.com\/pt\/product\/bang-smart-screen-15000-vape-descartavel-com-15000-puffs-recarregavel\/","title":{"rendered":"Bang Smart Screen 15000 Vape descart\u00e1vel com 15000 puffs recarreg\u00e1vel"},"content":{"rendered":"<h3>Apresenta\u00e7\u00e3o do Vape descart\u00e1vel Bang Smart Screen 15000<\/h3>\n<p>Descubra o futuro da inova\u00e7\u00e3o vaporizadora com os nossos produtos de ponta <strong>Bang Smart Screen 15000<\/strong> vape descart\u00e1vel. Concebido para a m\u00e1xima comodidade e desempenho, este dispositivo combina engenharia de alta qualidade com funcionalidades f\u00e1ceis de utilizar para proporcionar uma experi\u00eancia extraordin\u00e1ria. Como l\u00edder mundial no sector dos <strong>ind\u00fastria de cigarros electr\u00f3nicos<\/strong>Na nossa empresa, orgulhamo-nos de criar produtos que redefinem os padr\u00f5es e permitem aos consumidores desfrutar de uma alternativa mais saud\u00e1vel ao tabaco tradicional. Com uma miss\u00e3o centrada na inova\u00e7\u00e3o, o nosso objetivo \u00e9 fornecer uma vaporiza\u00e7\u00e3o perfeita e agrad\u00e1vel que satisfa\u00e7a as necessidades dos utilizadores em todo o mundo, apoiada por um servi\u00e7o ao cliente de topo e pr\u00e1ticas de fabrico sustent\u00e1veis.<\/p>\n<h3>Principais carater\u00edsticas e especifica\u00e7\u00f5es<\/h3>\n<p>O Bang Smart Screen 15000 destaca-se pelas suas impressionantes especifica\u00e7\u00f5es que garantem um desempenho de topo. Possui um potente <strong>Bateria de 650mAh<\/strong>garantindo uma utiliza\u00e7\u00e3o prolongada sem necessidade de recarga constante. O dispositivo tem uma capacidade generosa de <strong>Capacidade de 25,0 ml de e-l\u00edquido<\/strong>permitindo uma impressionante <strong>15000 puffs<\/strong> por unidade para uma longevidade sem paralelo. Equipado com um motor de alta efici\u00eancia <strong>Bobina de malha de 1,2\u03a9<\/strong>A sua tecnologia de ponta, que proporciona uma produ\u00e7\u00e3o de vapor rica e consistente, aumenta a intensidade do sabor. Este <strong>vape descart\u00e1vel<\/strong> foi concebido para uma f\u00e1cil portabilidade com um tamanho compacto de 90*47 mm, ideal para os entusiastas da vaporiza\u00e7\u00e3o em movimento. O recarregamento \u00e9 r\u00e1pido e sem esfor\u00e7o atrav\u00e9s do <strong>Carregamento tipo C<\/strong> eliminando o tempo de inatividade. Al\u00e9m disso, com uma <strong>5% concentra\u00e7\u00e3o de nicotina<\/strong>O cigarro \u00e9 um cigarro de sabor agrad\u00e1vel que imita os cigarros tradicionais, reduzindo os efeitos nocivos.<\/p>\n<h3>Explore as nossas requintadas 12 selec\u00e7\u00f5es de sabores<\/h3>\n<p>Mergulhe num mundo de sabores tentadores com a nossa cole\u00e7\u00e3o de 12 sabores diferentes de e-l\u00edquidos, todos com infus\u00e3o de <strong>5% concentra\u00e7\u00e3o de nicotina<\/strong> para uma experi\u00eancia de vaporiza\u00e7\u00e3o equilibrada. Cada sabor \u00e9 criado com ingredientes de primeira qualidade para uma sensa\u00e7\u00e3o suave e refrescante:<\/p>\n<p><strong>Berry BLAST, peach Berry, peach freeze, strawberry watermelon, tropical fruit, lush ice, grape freeze, blue freeze, Strawberry Lychee, Cool Mint, blue Cherry lemon, sour Apple blueberry.<\/strong><\/p>\n<p>Esta vasta gama garante que h\u00e1 algo para todos os paladares, desde misturas doces e frutadas a notas geladas e refrescantes, tornando o Bang Smart Screen 15000 uma escolha vers\u00e1til para o prazer di\u00e1rio.<\/p>\n<h3>Compromisso com a inova\u00e7\u00e3o e o apoio ao cliente<\/h3>\n<p>Na nossa ess\u00eancia, somos especializados na investiga\u00e7\u00e3o, desenvolvimento e distribui\u00e7\u00e3o global de <strong>vape descart\u00e1vel<\/strong> produtos, com o objetivo de revolucionar o panorama da vaporiza\u00e7\u00e3o. A nossa dedica\u00e7\u00e3o \u00e0 inova\u00e7\u00e3o cont\u00ednua fez de n\u00f3s um fabricante de primeira classe, atraindo a lealdade maci\u00e7a dos consumidores com ofertas fi\u00e1veis e de alta qualidade que v\u00e3o desde as solu\u00e7\u00f5es de vaping de n\u00edvel b\u00e1sico at\u00e9 \u00e0s mais avan\u00e7adas. Ao concentrarmo-nos em <strong>OEM e ODM<\/strong> Para al\u00e9m das nossas capacidades, damos as boas-vindas a encomendas personalizadas e colabora\u00e7\u00f5es - n\u00e3o hesite em visitar a nossa f\u00e1brica em qualquer altura para testemunhar o nosso processo de produ\u00e7\u00e3o em primeira m\u00e3o. Mantemos um sistema completo de servi\u00e7o ao cliente para garantir parcerias suaves e eficientes, dando prioridade n\u00e3o s\u00f3 a um design e qualidade excepcionais, mas tamb\u00e9m a um apoio de primeira classe para alcan\u00e7ar resultados vantajosos para todas as partes interessadas em todo o mundo. Junte-se a n\u00f3s na explora\u00e7\u00e3o de alternativas mais saud\u00e1veis e mais felizes ao tabaco atrav\u00e9s do nosso <strong>tecnologia de vaporiza\u00e7\u00e3o<\/strong>.<\/p>","protected":false},"excerpt":{"rendered":"<p>Experimente a vaporiza\u00e7\u00e3o de alta qualidade com o <strong>Bang Smart Screen 15000<\/strong> vape descart\u00e1vel, com <strong>15000 puffs<\/strong> e <strong>recarreg\u00e1vel<\/strong> Capacidade de tipo C.<br \/>Desfrutar <strong>12 sabores diversos<\/strong> com <strong>5% concentra\u00e7\u00e3o de nicotina<\/strong> para uma satisfa\u00e7\u00e3o duradoura.<\/p>","protected":false},"featured_media":3715,"comment_status":"open","ping_status":"closed","template":"","meta":[],"product_brand":[107],"product_cat":[1072],"product_tag":[280,446,445,112,372,229],"class_list":{"0":"post-3720","1":"product","2":"type-product","3":"status-publish","4":"has-post-thumbnail","6":"product_brand-bang","7":"product_cat-bang","8":"product_tag-15000-puffs","9":"product_tag-5-nicotine","10":"product_tag-bang-smart-screen-15000","11":"product_tag-disposable-vape","12":"product_tag-mesh-coil","13":"product_tag-rechargeable-electronic-cigarette","15":"first","16":"instock","17":"sale","18":"shipping-taxable","19":"purchasable","20":"product-type-variable"},"jetpack_sharing_enabled":true,"tiered_pricing_type":"fixed","tiered_pricing_fixed_rules":[],"tiered_pricing_product_settings":{"layout":"default","base_unit_name":{"singular":null,"plural":null},"default_variation":null},"tiered_pricing_minimum_quantity":null,"tiered_pricing_roles_data":[],"tiered_pricing_percentage_rules":[],"tiered_pricing_maximum_quantity":null,"tiered_pricing_quantity_step":null,"_links":{"self":[{"href":"https:\/\/frvape.com\/pt\/wp-json\/wp\/v2\/product\/3720","targetHints":{"allow":["GET"]}}],"collection":[{"href":"https:\/\/frvape.com\/pt\/wp-json\/wp\/v2\/product"}],"about":[{"href":"https:\/\/frvape.com\/pt\/wp-json\/wp\/v2\/types\/product"}],"replies":[{"embeddable":true,"href":"https:\/\/frvape.com\/pt\/wp-json\/wp\/v2\/comments?post=3720"}],"wp:featuredmedia":[{"embeddable":true,"href":"https:\/\/frvape.com\/pt\/wp-json\/wp\/v2\/media\/3715"}],"wp:attachment":[{"href":"https:\/\/frvape.com\/pt\/wp-json\/wp\/v2\/media?parent=3720"}],"wp:term":[{"taxonomy":"product_brand","embeddable":true,"href":"https:\/\/frvape.com\/pt\/wp-json\/wp\/v2\/product_brand?post=3720"},{"taxonomy":"product_cat","embeddable":true,"href":"https:\/\/frvape.com\/pt\/wp-json\/wp\/v2\/product_cat?post=3720"},{"taxonomy":"product_tag","embeddable":true,"href":"https:\/\/frvape.com\/pt\/wp-json\/wp\/v2\/product_tag?post=3720"}],"curies":[{"name":"wp","href":"https:\/\/api.w.org\/{rel}","templated":true}]}}