{"id":4003,"date":"2025-10-12T05:44:48","date_gmt":"2025-10-12T05:44:48","guid":{"rendered":"https:\/\/frvape.com\/product\/uzy-tornado-20000-puffs-disposable-vape-28ml-e-liquid-rechargeable\/"},"modified":"2025-11-04T01:54:07","modified_gmt":"2025-11-04T01:54:07","slug":"uzy-tornado-20000-puffs-vape-descartavel-28ml-e-liquido-recarregavel","status":"publish","type":"product","link":"https:\/\/frvape.com\/pt\/product\/uzy-tornado-20000-puffs-vape-descartavel-28ml-e-liquido-recarregavel\/","title":{"rendered":"Uzy Tornado 20000 Puffs Vape descart\u00e1vel - 28ML E-Liquid &amp; Recarreg\u00e1vel"},"content":{"rendered":"<h3>A derradeira pot\u00eancia vaporizadora<\/h3>\n<p>Apresentando o <strong>Uzy Tornado 20000 puffs Vape<\/strong> - onde a tecnologia de ponta encontra uma resist\u00eancia excecional. Concebido para os vapers que se recusam a fazer concess\u00f5es, este dispositivo descart\u00e1vel de primeira qualidade combina uma enorme capacidade com um design inteligente para proporcionar a experi\u00eancia mais satisfat\u00f3ria do sector. Com a sua capacidade sem precedentes <strong>20.000 baforadas<\/strong> Na sua classifica\u00e7\u00e3o, o Tornado 20000 est\u00e1 no auge da inova\u00e7\u00e3o dos vaporizadores descart\u00e1veis.<\/p>\n<h3>Especifica\u00e7\u00f5es t\u00e9cnicas inigual\u00e1veis<\/h3>\n<p>Dominando o mercado dos descart\u00e1veis, o Tornado 20000 disp\u00f5e de um sistema integrado de <strong>Bateria recarreg\u00e1vel de 850mAh<\/strong> que se conjuga na perfei\u00e7\u00e3o com a sua enorme <strong>Reservat\u00f3rio de e-l\u00edquido pr\u00e9-cheio de 28 ml<\/strong>. Este emparelhamento estrat\u00e9gico elimina a ansiedade de reabastecimento constante, proporcionando sess\u00f5es de vaporiza\u00e7\u00e3o prolongadas. A capacidade de carregamento r\u00e1pido Tipo C garante que nunca fica de castigo - uma recarga de quinze minutos proporciona horas de desempenho consistente e saboroso.<\/p>\n<h3>Controlo personalizado da nicotina<\/h3>\n<p>A personaliza\u00e7\u00e3o alcan\u00e7a novos patamares com quatro produtos precisos <strong>op\u00e7\u00f5es de dosagem de nicotina<\/strong>: 0% para os entusiastas do sabor, 2% para os utilizadores moderados, 3% para uma satisfa\u00e7\u00e3o equilibrada e uma concentra\u00e7\u00e3o satisfat\u00f3ria de sal de nicotina de 5%. Quer esteja a fazer a transi\u00e7\u00e3o dos cigarros tradicionais ou a explorar as nuvens de vapor, o Tornado adapta-se \u00e0s suas necessidades individuais.<\/p>\n<h3>Revolu\u00e7\u00e3o de sabores: 16 op\u00e7\u00f5es requintadas<\/h3>\n<p>Mergulhe no nosso espetro de sabores habilmente criado, concebido para o m\u00e1ximo prazer:<\/p>\n<p>Mirtilo Framboesa<br \/>Melancia com morango<br \/>Gelo de uva<br \/>MR Azul<br \/>P\u00eassego Manga Anan\u00e1s<br \/>Morango Kiwi<br \/>Red Bull de morango<br \/>Congelamento de manga<br \/>Limonada Blue Razz<br \/>Kiwi Maracuj\u00e1 Goiaba<br \/>Bagas mistas<br \/>Mirtilo em gelo<br \/>Gelo de p\u00eassego<br \/>Triplo gelo de manga<br \/>Gelo de melancia<\/p>\n<h3>Tecnologia avan\u00e7ada de n\u00facleo<\/h3>\n<p>Experimente a din\u00e2mica inteligente do fluxo de ar e a otimiza\u00e7\u00e3o do caminho do vapor que maximizam a extra\u00e7\u00e3o do sabor em cada tragada. O Uzy Tornado possui um sofisticado sistema de bobina de malha, que assegura uma vaporiza\u00e7\u00e3o uniforme do e-l\u00edquido, eliminando as batidas secas. Combinada com a precis\u00e3o do algod\u00e3o e a engenharia resistente a fugas, a nossa tecnologia garante uma consist\u00eancia de sabor puro at\u00e9 ao \u00faltimo trago.<\/p>\n<h3>Gest\u00e3o inteligente de energia<\/h3>\n<p>O Tornado 20000 integra circuitos inteligentes que v\u00e3o para al\u00e9m dos descart\u00e1veis normais. Os sistemas de prote\u00e7\u00e3o da bateria evitam a sobrecarga, enquanto a monitoriza\u00e7\u00e3o da corrente em tempo real prolonga o ciclo de vida da bobina. Quando o dispositivo atinge o seu ponto final natural, o sistema de corte inteligente desactiva automaticamente o funcionamento - uma prova do nosso compromisso com a seguran\u00e7a e a garantia de desempenho de qualidade.<\/p>\n<h3>Excel\u00eancia Ergon\u00f3mica<\/h3>\n<p>Apesar da sua formid\u00e1vel capacidade, o Tornado mant\u00e9m uma portabilidade excecional gra\u00e7as a uma ergonomia cuidada. A boquilha com contornos precisos proporciona um alinhamento natural do fluxo de ar, enquanto a caixa texturada garante um controlo seguro. Os indicadores de energia LED fornecem um estado claro da bateria num relance, integrando a fun\u00e7\u00e3o com a opera\u00e7\u00e3o intuitiva.<\/p>\n<h3>Vantagem do ciclo de vida alargado<\/h3>\n<p>Ao contr\u00e1rio dos descart\u00e1veis padr\u00e3o de 3000-7000 puffs que requerem reabastecimento constante, o Tornado 20000 oferece um valor duradouro e um impacto ambiental reduzido. Ao consolidar v\u00e1rios dispositivos numa unidade duradoura com capacidade de recarga, revolucion\u00e1mos a economia dos descart\u00e1veis, minimizando a produ\u00e7\u00e3o de res\u00edduos.<\/p>\n<h3>Personaliza\u00e7\u00e3o perfeita do desenho<\/h3>\n<p>O Tornado 20000 possui um mecanismo sens\u00edvel \u00e0 press\u00e3o que se adapta ao seu estilo de inala\u00e7\u00e3o. As inala\u00e7\u00f5es ligeiras da boca para os pulm\u00f5es proporcionam uma satisfa\u00e7\u00e3o n\u00edtida aos ex-fumadores, enquanto as inala\u00e7\u00f5es mais profundas dos pulm\u00f5es produzem nuvens substanciais e saborosas, perfeitas para os ca\u00e7adores de vapor. A sa\u00edda consistente \u00e9 mantida independentemente da t\u00e9cnica com o nosso circuito de estabiliza\u00e7\u00e3o de tens\u00e3o patenteado.<\/p>\n<h3>Constru\u00e7\u00e3o de Sabor Premium<\/h3>\n<p>Para al\u00e9m da variedade, os nossos sabores s\u00e3o fabricados em laborat\u00f3rios com certifica\u00e7\u00e3o ISO, utilizando ingredientes de qualidade alimentar e nicotina de qualidade farmac\u00eautica. Cada perfil de sabor \u00e9 submetido a extensos ciclos de testes que garantem notas equilibradas desde a primeira ativa\u00e7\u00e3o at\u00e9 \u00e0 \u00faltima passa - quer prefira misturas de fruta sumarenta ou sensa\u00e7\u00f5es de mentol gelado.<\/p>\n<h3>Conclus\u00e3o: A \u00e9poca do descart\u00e1vel redefinida<\/h3>\n<p>O <strong>Uzy Tornado 20000 puffs Vape<\/strong> representa o novo padr\u00e3o para a supremacia do vaping descart\u00e1vel. Com a sua monumental capacidade de 28 ml, op\u00e7\u00f5es flex\u00edveis de nicotina e constru\u00e7\u00e3o inovadora, elimina as frustra\u00e7\u00f5es recorrentes dos dispositivos convencionais. Ao integrar a tecnologia descart\u00e1vel avan\u00e7ada com a conveni\u00eancia a longo prazo, cri\u00e1mos um dispositivo que satisfaz tanto os vaporizadores intensos como os conhecedores de sabores.<\/p>\n<p>Melhore a sua viagem vaporizadora com o Uzy Tornado 20000 - onde <strong>20.000 baforadas<\/strong> traduz-se em semanas de liberta\u00e7\u00e3o vaporizadora sem paralelo e sem manuten\u00e7\u00e3o. Descubra hoje a verdadeira liberdade descart\u00e1vel.<\/p>","protected":false},"excerpt":{"rendered":"<p>Experimente o <strong>Tornado Uzy 20000<\/strong> vape descart\u00e1vel com maci\u00e7o <strong>28mL de e-l\u00edquido<\/strong> capacidade e <strong>Bateria recarreg\u00e1vel de 850mAh<\/strong> com capacidade para 20.000 baforadas.<br \/>Escolha entre 16 sabores e selecione <strong>0%\/2%\/3%\/5% n\u00edveis de nicotina<\/strong> para uma satisfa\u00e7\u00e3o personalizada.<\/p>","protected":false},"featured_media":3997,"comment_status":"open","ping_status":"closed","template":"","meta":[],"product_brand":[237],"product_cat":[1016,846],"product_tag":[480,481,482,103,271,479],"class_list":{"0":"post-4003","1":"product","2":"type-product","3":"status-publish","4":"has-post-thumbnail","6":"product_brand-uzy","7":"product_cat-big-puffs-vapes","8":"product_cat-uzy","9":"product_tag-20000-puffs-disposable-vape","10":"product_tag-28ml-vape-device","11":"product_tag-nicotine-strength-vape","12":"product_tag-rechargeable-e-cigarette","13":"product_tag-type-c-vape","14":"product_tag-uzy-tornado-20000","16":"first","17":"instock","18":"sale","19":"shipping-taxable","20":"purchasable","21":"product-type-variable"},"jetpack_sharing_enabled":true,"tiered_pricing_type":"fixed","tiered_pricing_fixed_rules":[],"tiered_pricing_product_settings":{"layout":"default","base_unit_name":{"singular":null,"plural":null},"default_variation":null},"tiered_pricing_minimum_quantity":null,"tiered_pricing_roles_data":[],"tiered_pricing_percentage_rules":[],"tiered_pricing_maximum_quantity":null,"tiered_pricing_quantity_step":null,"_links":{"self":[{"href":"https:\/\/frvape.com\/pt\/wp-json\/wp\/v2\/product\/4003","targetHints":{"allow":["GET"]}}],"collection":[{"href":"https:\/\/frvape.com\/pt\/wp-json\/wp\/v2\/product"}],"about":[{"href":"https:\/\/frvape.com\/pt\/wp-json\/wp\/v2\/types\/product"}],"replies":[{"embeddable":true,"href":"https:\/\/frvape.com\/pt\/wp-json\/wp\/v2\/comments?post=4003"}],"wp:featuredmedia":[{"embeddable":true,"href":"https:\/\/frvape.com\/pt\/wp-json\/wp\/v2\/media\/3997"}],"wp:attachment":[{"href":"https:\/\/frvape.com\/pt\/wp-json\/wp\/v2\/media?parent=4003"}],"wp:term":[{"taxonomy":"product_brand","embeddable":true,"href":"https:\/\/frvape.com\/pt\/wp-json\/wp\/v2\/product_brand?post=4003"},{"taxonomy":"product_cat","embeddable":true,"href":"https:\/\/frvape.com\/pt\/wp-json\/wp\/v2\/product_cat?post=4003"},{"taxonomy":"product_tag","embeddable":true,"href":"https:\/\/frvape.com\/pt\/wp-json\/wp\/v2\/product_tag?post=4003"}],"curies":[{"name":"wp","href":"https:\/\/api.w.org\/{rel}","templated":true}]}}