{"id":4211,"date":"2025-10-12T05:57:58","date_gmt":"2025-10-12T05:57:58","guid":{"rendered":"https:\/\/frvape.com\/product\/doloda-db-7000-7000-puffs-disposable-vape-with-airflow-control-8-flavors\/"},"modified":"2025-10-12T05:58:06","modified_gmt":"2025-10-12T05:58:06","slug":"doloda-db-7000-7000-puffs-vape-descartavel-com-controlo-de-fluxo-de-ar-8-sabores","status":"publish","type":"product","link":"https:\/\/frvape.com\/pt\/product\/doloda-db-7000-7000-puffs-vape-descartavel-com-controlo-de-fluxo-de-ar-8-sabores\/","title":{"rendered":"Doloda Db 7000: 7000 Puffs Vape descart\u00e1vel com controlo de fluxo de ar e 8 sabores"},"content":{"rendered":"<h3>Experi\u00eancia revolucion\u00e1ria de vaporiza\u00e7\u00e3o de longa dura\u00e7\u00e3o<\/h3>\n<p>O <strong>Doloda Db 7000<\/strong> redefine a conveni\u00eancia do vaping descart\u00e1vel com a sua extraordin\u00e1ria <strong>Capacidade de 7000 puffs<\/strong>. Concebido para quem procura resist\u00eancia, este dispositivo elimina as substitui\u00e7\u00f5es constantes, proporcionando um desempenho consistente. Ao contr\u00e1rio dos descart\u00e1veis convencionais, o nosso <strong>Bateria recarreg\u00e1vel de 500mAh<\/strong> suporta uma utiliza\u00e7\u00e3o prolongada atrav\u00e9s de <strong>Carregamento tipo C<\/strong>, assegurando que extrai todas as baforadas do generoso <strong>14ML de e-l\u00edquido pr\u00e9-cheio<\/strong> reservat\u00f3rio.<\/p>\n<h3>Controlo de precis\u00e3o e sabores de primeira qualidade<\/h3>\n<p>Personalize as suas sess\u00f5es com o avan\u00e7ado <strong>controlo do fluxo de ar<\/strong> que permite uma transi\u00e7\u00e3o sem esfor\u00e7o entre uma tragada apertada como a de um cigarro e uma inala\u00e7\u00e3o arejada como uma nuvem. O nosso <strong>f\u00f3rmula do sal de nicotina<\/strong> (op\u00e7\u00f5es 0%\/2%\/3%\/5%) garante uma satisfa\u00e7\u00e3o r\u00e1pida e uma sensa\u00e7\u00e3o mais suave na garganta. Delicie-se com 8 sabores habilmente elaborados:<\/p>\n<p><strong>Urso de goma<\/strong> | <strong>Gelo exuberante<\/strong> | <strong>Pina Colada<\/strong> | <strong>Banana com morango<\/strong><br \/><strong>Ma\u00e7\u00e3s duplas<\/strong> | <strong>Gelo Blue Razz<\/strong> | <strong>Gelo de uva<\/strong> | <strong>Melancia com morango<\/strong><\/p>\n<h3>Especifica\u00e7\u00f5es t\u00e9cnicas inigual\u00e1veis<\/h3>\n<p>Todos <strong>Doloda Db 7000<\/strong> re\u00fane engenharia sofisticada num dispositivo de f\u00e1cil utiliza\u00e7\u00e3o: <strong>7000 puffs<\/strong> por unidade - <strong>14ML de e-l\u00edquido de nicotina salgada<\/strong> - <strong>Bateria recarreg\u00e1vel de 500mAh<\/strong> - Patenteado <strong>controlo do fluxo de ar<\/strong> marca\u00e7\u00e3o - Ultrarr\u00e1pido <strong>Recarga de tipo C<\/strong> porta - Embalagem compacta para exposi\u00e7\u00e3o de 10 dispositivos. O sistema de bobina optimizado evita as batidas secas, maximizando a integridade do sabor em todas as 8 variantes.<\/p>\n<h3>Porque \u00e9 que os Vapers escolhem o Doloda Db 7000<\/h3>\n<p>Sendo a derradeira solu\u00e7\u00e3o para levar consigo, este cigarro eletr\u00f3nico descart\u00e1vel requer manuten\u00e7\u00e3o ZERO - sem recargas, mudan\u00e7as de bobinas ou defini\u00e7\u00f5es complexas. O extraordin\u00e1rio <strong>contagem de puffs<\/strong> torna-o ideal para viajantes, vapers para todo o dia e para quem est\u00e1 a deixar de fumar. Cada tragada proporciona um vapor rico e saturado com a assinatura <strong>sal de nicotina<\/strong> suavidade, enquanto a boquilha ergon\u00f3mica assegura sess\u00f5es prolongadas confort\u00e1veis. Compre hoje os nossos sabores meticulosamente testados.<\/p>\n<h3>Concebido para ser fi\u00e1vel<\/h3>\n<p>Constru\u00eddo com materiais PCTG de qualidade m\u00e9dica e m\u00faltiplas protec\u00e7\u00f5es de seguran\u00e7a (preven\u00e7\u00e3o de sobrecarga\/descarga, prote\u00e7\u00e3o contra curto-circuitos), o <strong>Doloda Db 7000<\/strong> garante um funcionamento sem preocupa\u00e7\u00f5es. O sistema inteligente de gest\u00e3o da bateria mant\u00e9m uma produ\u00e7\u00e3o consistente at\u00e9 ao \u00faltimo sopro. Combine esta fiabilidade com a incr\u00edvel <strong>Longevidade de 7000 baforadas<\/strong>e tem um descart\u00e1vel que supera a concorr\u00eancia e reduz os res\u00edduos ambientais. Experimente a simplicidade da vaporiza\u00e7\u00e3o aperfei\u00e7oada.<\/p>","protected":false},"excerpt":{"rendered":"<p>O <strong>Doloda Db 7000<\/strong> vape descart\u00e1vel proporciona um desempenho l\u00edder na ind\u00fastria <strong>7000 puffs<\/strong> com manuten\u00e7\u00e3o zero. Com <strong>controlo ajust\u00e1vel do fluxo de ar<\/strong>, incorporado <strong>Bateria recarreg\u00e1vel de 500mAh<\/strong>e <strong>8 sabores premium<\/strong> com uma concentra\u00e7\u00e3o de nicotina de 2%\/3%\/5%. Perfeito para uma vaporiza\u00e7\u00e3o prolongada sem recargas nem complica\u00e7\u00f5es.<\/p>","protected":false},"featured_media":4205,"comment_status":"open","ping_status":"closed","template":"","meta":[],"product_brand":[224],"product_cat":[225],"product_tag":[494,495,493,285,103,172],"class_list":{"0":"post-4211","1":"product","2":"type-product","3":"status-publish","4":"has-post-thumbnail","6":"product_brand-doloda","7":"product_cat-doloda-vape","8":"product_tag-7000-puffs-disposable-vape","9":"product_tag-airflow-control-vape","10":"product_tag-doloda-db-7000","11":"product_tag-nicotine-salt-vape","12":"product_tag-rechargeable-e-cigarette","13":"product_tag-type-c-vape-pen","15":"first","16":"instock","17":"sale","18":"shipping-taxable","19":"purchasable","20":"product-type-variable"},"jetpack_sharing_enabled":true,"tiered_pricing_type":"fixed","tiered_pricing_fixed_rules":[],"tiered_pricing_product_settings":{"layout":"default","base_unit_name":{"singular":null,"plural":null},"default_variation":null},"tiered_pricing_minimum_quantity":null,"tiered_pricing_roles_data":[],"tiered_pricing_percentage_rules":[],"tiered_pricing_maximum_quantity":null,"tiered_pricing_quantity_step":null,"_links":{"self":[{"href":"https:\/\/frvape.com\/pt\/wp-json\/wp\/v2\/product\/4211","targetHints":{"allow":["GET"]}}],"collection":[{"href":"https:\/\/frvape.com\/pt\/wp-json\/wp\/v2\/product"}],"about":[{"href":"https:\/\/frvape.com\/pt\/wp-json\/wp\/v2\/types\/product"}],"replies":[{"embeddable":true,"href":"https:\/\/frvape.com\/pt\/wp-json\/wp\/v2\/comments?post=4211"}],"wp:featuredmedia":[{"embeddable":true,"href":"https:\/\/frvape.com\/pt\/wp-json\/wp\/v2\/media\/4205"}],"wp:attachment":[{"href":"https:\/\/frvape.com\/pt\/wp-json\/wp\/v2\/media?parent=4211"}],"wp:term":[{"taxonomy":"product_brand","embeddable":true,"href":"https:\/\/frvape.com\/pt\/wp-json\/wp\/v2\/product_brand?post=4211"},{"taxonomy":"product_cat","embeddable":true,"href":"https:\/\/frvape.com\/pt\/wp-json\/wp\/v2\/product_cat?post=4211"},{"taxonomy":"product_tag","embeddable":true,"href":"https:\/\/frvape.com\/pt\/wp-json\/wp\/v2\/product_tag?post=4211"}],"curies":[{"name":"wp","href":"https:\/\/api.w.org\/{rel}","templated":true}]}}