{"id":4987,"date":"2025-10-12T06:48:23","date_gmt":"2025-10-12T06:48:23","guid":{"rendered":"https:\/\/frvape.com\/product\/bang-blaze-40000-puffs-disposable-vape-12-flavors-rechargeable-0-5-nicotine\/"},"modified":"2025-12-16T09:56:22","modified_gmt":"2025-12-16T09:56:22","slug":"bang-blaze-40000-puffs-vape-descartavel-12-sabores-recarregavel-0-5-nicotina","status":"publish","type":"product","link":"https:\/\/frvape.com\/pt\/product\/bang-blaze-40000-puffs-vape-descartavel-12-sabores-recarregavel-0-5-nicotina\/","title":{"rendered":"Bang Blaze 40000 Puffs Vape descart\u00e1vel - 12 sabores e recarreg\u00e1vel | 0-5% Nicotina"},"content":{"rendered":"<h3>Longevidade e desempenho de vaporiza\u00e7\u00e3o inigual\u00e1veis<\/h3>\n<p>Descubra o auge da tecnologia de vaporiza\u00e7\u00e3o descart\u00e1vel com o <strong>Bang Blaze 40000 Puffs 12Flavors BK40S Vape descart\u00e1vel<\/strong>. Concebido para os vapers que procuram sess\u00f5es de maratona sem comprometer a intensidade, este dispositivo revolucion\u00e1rio proporciona uma <strong>40.000 baforadas<\/strong> gra\u00e7as \u00e0 sua enorme <strong>40mL de capacidade de e-l\u00edquido<\/strong>. Quer esteja a perseguir as nuvens ou a desfrutar de uma satisfa\u00e7\u00e3o discreta, esta pot\u00eancia mant\u00e9m um desempenho consistente da primeira \u00e0 \u00faltima baforada.<\/p>\n<h3>Especifica\u00e7\u00f5es t\u00e9cnicas de vanguarda<\/h3>\n<p>Experimente a engenharia superior com carater\u00edsticas optimizadas para vapers profissionais: <br \/>&#8211; <strong>Bateria recarreg\u00e1vel de 650mAh<\/strong> garante sess\u00f5es ininterruptas<br \/>- Revolucion\u00e1rio <strong>Carregamento r\u00e1pido tipo C<\/strong> minimiza o tempo de inatividade<br \/>- Avan\u00e7ado <strong>Bobina de malha de 1,2ohm<\/strong> produz nuvens de vapor explosivas <br \/>- Concebido com precis\u00e3o <strong>sistema de caudal de ar ajust\u00e1vel<\/strong> os alfaiates atraem a resist\u00eancia<br \/>- Quatro op\u00e7\u00f5es de nicotina: <strong>0%\/2%\/3%\/5%<\/strong> satisfazer todos os desejos<br \/>- O design compacto aloja componentes de n\u00edvel profissional num formato port\u00e1til<\/p>\n<h3>Extravag\u00e2ncia de fus\u00e3o de sabores<\/h3>\n<p>Delicie-se com a nossa sinfonia de sabores magistralmente elaborada, que inclui <strong>12 misturas ex\u00f3ticas<\/strong> que dan\u00e7am no paladar. Cada cria\u00e7\u00e3o combina ingredientes de primeira qualidade com um equil\u00edbrio meticuloso para experi\u00eancias de sabor inigual\u00e1veis:<\/p>\n<p><strong>Cole\u00e7\u00e3o de sabores Bang Blaze 40000:<\/strong><br \/>Gelo de anan\u00e1s \/ Coco de anan\u00e1s<br \/>Melancia \/ Melancia com morango<br \/>Cereja \/ Coca-Cola de cereja<br \/>Melancia \/ Pastilha el\u00e1stica de melancia<br \/>Manga Gelada \/ Morango Manga<br \/>P\u00eassego Gelado \/ Manga P\u00eassego<br \/>Uva \/ Uva com mirtilo<br \/>Black Dragonice \/ Red Bull<br \/>Mirtilo Gelado \/ Mirtilo Framboesa<br \/>Fruta mista \/ Baga tripla<br \/>Hortel\u00e3 \/ Hortel\u00e3 com mirtilo<br \/>Gelado de morango \/ Kiwi de morango<\/p>\n<h3>Concebido para uma experi\u00eancia de utilizador suprema<\/h3>\n<p>Para al\u00e9m da extraordin\u00e1ria capacidade de sopro, o <strong>Bang Blaze BK40S<\/strong> incorpora elementos de design inteligente que redefinem a conveni\u00eancia. O <strong>Carregamento tipo C<\/strong> proporciona um r\u00e1pido restabelecimento da energia - uma vantagem crucial quando se est\u00e1 em movimento. O seletor de precis\u00e3o do fluxo de ar transforma o dispositivo de MTL restrito em DTL volumoso com ajustes simples. A nossa tecnologia QuadTech\u2122, resistente a fugas, evita o desperd\u00edcio de e-l\u00edquido, mantendo a integridade da bobina em toda a capacidade de 40 ml.<\/p>\n<h3>Personaliza\u00e7\u00e3o da nicotina para todos os utilizadores<\/h3>\n<p>Para satisfazer as diversas prefer\u00eancias, oferecemos quatro dosagens de nicotina meticulosamente calibradas: <strong>0%<\/strong> para os puristas do sabor, <strong>2%<\/strong> para utilizadores moderados, satisfazendo <strong>3%<\/strong> para vapers regulares e potentes <strong>5%<\/strong> para fumadores em transi\u00e7\u00e3o para o vaporizador. Cada n\u00edvel mant\u00e9m a assinatura <strong>efeito de garganta suave<\/strong>sem sacrificar a qualidade do vapor ou a pureza do sabor em todo o espetro da nicotina.<\/p>\n<h3>Carater\u00edsticas Premium que definem a excel\u00eancia<\/h3>\n<p>O <strong>Bang Blaze 40000<\/strong> est\u00e1 na vanguarda do vaping atrav\u00e9s da sua fus\u00e3o de capacidade e inova\u00e7\u00e3o: <br \/>- A bateria sobredimensionada mant\u00e9m uma sa\u00edda consistente abaixo da carga de 20%<br \/>- A tecnologia de bobina em malha garante um aquecimento uniforme para maximizar a utiliza\u00e7\u00e3o do e-l\u00edquido<br \/>- A extra\u00e7\u00e3o de sabores em v\u00e1rias c\u00e2maras capta as complexidades subtis das notas<br \/>- A GFCV\u2122 (V\u00e1lvula de Controlo do Fluxo de Gravidade) evita as batidas secas durante a vaporiza\u00e7\u00e3o em \u00e2ngulo<br \/>- Embalado profissionalmente em caixas de retalho seladas de <strong>10 unidades<\/strong> para garantia de frescura<\/p>\n<p>Experimente a revolu\u00e7\u00e3o na tecnologia descart\u00e1vel com o Bang Blaze 40000 - onde a resist\u00eancia extrema se encontra com a cria\u00e7\u00e3o artesanal de sabores. Este dispositivo n\u00e3o se limita a satisfazer; cria momentos de pura transcend\u00eancia de vapor que duram milhares de baforadas consistentemente ricas. Descubra hoje a sua baforada perfeita.<\/p>","protected":false},"excerpt":{"rendered":"<p><strong>Bang Blaze 40000 Puffs Vape descart\u00e1vel<\/strong> proporciona a m\u00e1xima longevidade com <strong>40.000 baforadas<\/strong> por dispositivo. Carater\u00edsticas <strong>12 sabores refrescantes<\/strong>, <strong>Bateria recarreg\u00e1vel de 650mAh<\/strong>, caudal de ar regul\u00e1vel e <strong>dosagens de nicotina de 0% a 5%<\/strong>. Perfeito para um sabor intenso e uma satisfa\u00e7\u00e3o prolongada na vaporiza\u00e7\u00e3o.<\/p>","protected":false},"featured_media":4981,"comment_status":"open","ping_status":"closed","template":"","meta":[],"product_brand":[385],"product_cat":[881],"product_tag":[539,389,184,388,112,115],"class_list":{"0":"post-4987","1":"product","2":"type-product","3":"status-publish","4":"has-post-thumbnail","6":"product_brand-bangblaze","7":"product_cat-bangblaze","8":"product_tag-12-flavors-vape","9":"product_tag-40000-puffs-vape","10":"product_tag-5-nicotine-vape","11":"product_tag-bang-blaze-40000","12":"product_tag-disposable-vape","13":"product_tag-rechargeable-vape","15":"first","16":"instock","17":"sale","18":"shipping-taxable","19":"purchasable","20":"product-type-variable"},"jetpack_sharing_enabled":true,"tiered_pricing_type":"fixed","tiered_pricing_fixed_rules":[],"tiered_pricing_product_settings":{"layout":"default","base_unit_name":{"singular":null,"plural":null},"default_variation":null},"tiered_pricing_minimum_quantity":null,"tiered_pricing_roles_data":[],"tiered_pricing_percentage_rules":[],"tiered_pricing_maximum_quantity":null,"tiered_pricing_quantity_step":null,"_links":{"self":[{"href":"https:\/\/frvape.com\/pt\/wp-json\/wp\/v2\/product\/4987","targetHints":{"allow":["GET"]}}],"collection":[{"href":"https:\/\/frvape.com\/pt\/wp-json\/wp\/v2\/product"}],"about":[{"href":"https:\/\/frvape.com\/pt\/wp-json\/wp\/v2\/types\/product"}],"replies":[{"embeddable":true,"href":"https:\/\/frvape.com\/pt\/wp-json\/wp\/v2\/comments?post=4987"}],"wp:featuredmedia":[{"embeddable":true,"href":"https:\/\/frvape.com\/pt\/wp-json\/wp\/v2\/media\/4981"}],"wp:attachment":[{"href":"https:\/\/frvape.com\/pt\/wp-json\/wp\/v2\/media?parent=4987"}],"wp:term":[{"taxonomy":"product_brand","embeddable":true,"href":"https:\/\/frvape.com\/pt\/wp-json\/wp\/v2\/product_brand?post=4987"},{"taxonomy":"product_cat","embeddable":true,"href":"https:\/\/frvape.com\/pt\/wp-json\/wp\/v2\/product_cat?post=4987"},{"taxonomy":"product_tag","embeddable":true,"href":"https:\/\/frvape.com\/pt\/wp-json\/wp\/v2\/product_tag?post=4987"}],"curies":[{"name":"wp","href":"https:\/\/api.w.org\/{rel}","templated":true}]}}