{"id":5046,"date":"2025-10-12T06:52:34","date_gmt":"2025-10-12T06:52:34","guid":{"rendered":"https:\/\/frvape.com\/product\/waspe-20000-disposable-vape-with-dual-mesh-coil-and-rechargeable-battery\/"},"modified":"2025-11-26T08:59:47","modified_gmt":"2025-11-26T08:59:47","slug":"vape-descartavel-waspe-20000-com-bobina-de-malha-dupla-e-bateria-recarregavel","status":"publish","type":"product","link":"https:\/\/frvape.com\/pt\/product\/vape-descartavel-waspe-20000-com-bobina-de-malha-dupla-e-bateria-recarregavel\/","title":{"rendered":"Vape descart\u00e1vel WASPE 20000 com bobina de malha dupla e bateria recarreg\u00e1vel"},"content":{"rendered":"<h3>Vis\u00e3o geral<\/h3>\n<p>O <strong>Caixa de malha dupla WASPE 20000 PUFFS<\/strong> redefine a vaping descart\u00e1vel de qualidade superior, oferecendo uma experi\u00eancia sem paralelo em termos de luxo e desempenho. Como um vaporizador <strong>vape descart\u00e1vel<\/strong>combina um design elegante com <strong>tecnologia de bobina de malha dupla<\/strong> para garantir uma \u00f3ptima produ\u00e7\u00e3o de vapor e um sabor rico. Com uma interface intuitiva <strong>Ecr\u00e3 LED<\/strong> para monitoriza\u00e7\u00e3o em tempo real, este dispositivo destina-se aos vapers que procuram estilo e subst\u00e2ncia. Com uma generosa capacidade de 20000 puffs e uma vers\u00e1til <strong>op\u00e7\u00f5es de nicotina<\/strong> variando de 0% a 5%, o WASPE 20000 adapta-se a diversas prefer\u00eancias, quer se trate de um principiante ou de um entusiasta que pretende uma viagem vaporizadora duradoura e sem complica\u00e7\u00f5es.<\/p>\n<h3>Especifica\u00e7\u00f5es do produto<\/h3>\n<p>1. Puffs: <strong>20000 Puffs<\/strong><br \/>\n2. Bobina de malha dupla: <strong>1ohm<\/strong> + <strong>1ohm<\/strong><br \/>\n3. E-l\u00edquido: <strong>24ml<\/strong><br \/>\n4. Nicotina: <strong>0%<\/strong>\/<strong>2%<\/strong>\/<strong>3%<\/strong>\/<strong>5%<\/strong><br \/>\n5. Bateria: <strong>900mAh<\/strong> <strong>bateria recarreg\u00e1vel<\/strong><br \/>\n6. Recarreg\u00e1vel: <strong>Tipo C<\/strong> porta para um carregamento r\u00e1pido e c\u00f3modo<br \/>\n7. Ecr\u00e3 LED: Integrado para um f\u00e1cil controlo da utiliza\u00e7\u00e3o e do estado da bateria<br \/>\n8. Peso do produto: <strong>98g<\/strong> por pe\u00e7a<br \/>\n9. Tamanho do produto: <strong>52 mm<\/strong> \u00d7 <strong>33 mm<\/strong> \u00d7 <strong>107 mm<\/strong><br \/>\n10. Tamanho da caixa de cart\u00e3o: <strong>545 mm<\/strong> \u00d7 <strong>335 mm<\/strong> \u00d7 <strong>235 mm<\/strong><br \/>\n11. QTD: <strong>200 unidades por caixa<\/strong>, embalado como <strong>10 unidades por caixa<\/strong><br \/>\n12. G.W.: Aproximadamente <strong>21 kg<\/strong> por caixa<\/p>\n<h3>Principais carater\u00edsticas e vantagens<\/h3>\n<p>Experimente uma vaporiza\u00e7\u00e3o perfeita com o <strong>WASPE 20000<\/strong> gra\u00e7as \u00e0 sua inovadora <strong>bobina de malha dupla<\/strong> que melhora a distribui\u00e7\u00e3o do calor e a intensidade do sabor em cada inala\u00e7\u00e3o. O <strong>bateria robusta de 900mAh<\/strong> proporciona uma utiliza\u00e7\u00e3o prolongada e \u00e9 eficientemente recarregado atrav\u00e9s do <strong>Tipo C<\/strong> garantindo que nunca \u00e9 apanhado sem energia. Este <strong>vape descart\u00e1vel<\/strong> \u00e9 perfeito para compras a granel, com cada caixa de cart\u00e3o contendo 200 unidades, ideal para usufruto pessoal ou distribui\u00e7\u00e3o comercial. O <strong>Capacidade para 24 ml de e-l\u00edquido<\/strong> garante uma sess\u00e3o de vaporiza\u00e7\u00e3o prolongada, reduzindo a necessidade de substitui\u00e7\u00f5es frequentes, enquanto a constru\u00e7\u00e3o leve e ergon\u00f3mica do dispositivo o torna altamente port\u00e1til. Concebido para ser fi\u00e1vel, eleva a sua rotina com uma mistura de durabilidade, conveni\u00eancia e tecnologia avan\u00e7ada.<\/p>\n<h3>Op\u00e7\u00f5es de sabor<\/h3>\n<p>Delicie-se com uma gama diversificada de <strong>sabores deliciosos<\/strong> adaptados a todos os paladares. Cada op\u00e7\u00e3o oferece um perfil de sabor \u00fanico, concebido para aumentar a sua satisfa\u00e7\u00e3o ao vaporizar. Desfrute destes e-l\u00edquidos de qualidade superior <strong>sabores<\/strong>: Morango Framboesa Cereja<br \/>\nGelo duplo de ma\u00e7\u00e3<br \/>\nGelo de mirtilo<br \/>\nLimonada de mirtilo e framboesa<br \/>\nMelancia com morango<br \/>\nPastilha el\u00e1stica de melancia<br \/>\nGelo exuberante<br \/>\nMorango Kiwi<br \/>\nBagas mistas<br \/>\nGelo de uva<br \/>\nKiwi Maracuj\u00e1 Goiaba<br \/>\nGelo de p\u00eassego<\/p>\n<h3>Desempenho pormenorizado<\/h3>\n<p>O <strong>WASPE 20000<\/strong> destaca-se pela sua elevada capacidade <strong>contagem de puffs<\/strong>tornando-o uma escolha econ\u00f3mica que maximiza o valor para os vapers. A configura\u00e7\u00e3o de malha dupla, que funciona a <strong>1ohm + 1ohm<\/strong>O sistema de controlo de temperatura, que garante um controlo consistente da temperatura e nuvens de vapor espessas, sem o risco de batidas secas. Quer prefira a nicotina para um efeito na garganta ou uma experi\u00eancia suave sem nicotina, este dispositivo proporciona uma satisfa\u00e7\u00e3o personaliz\u00e1vel. O <strong>Ecr\u00e3 LED<\/strong> mant\u00e9m-no informado com dados em tempo real sobre a dura\u00e7\u00e3o da bateria e a utiliza\u00e7\u00e3o do puff, acrescentando um toque de sofistica\u00e7\u00e3o moderna. Os utilizadores preocupados com o ambiente apreciam a <strong>recarreg\u00e1vel<\/strong> reduzindo o desperd\u00edcio em compara\u00e7\u00e3o com as alternativas de utiliza\u00e7\u00e3o \u00fanica. Para um vape de qualidade superior que combina desempenho, variedade e design de f\u00e1cil utiliza\u00e7\u00e3o, a caixa de malha dupla WASPE 20000 PUFFS \u00e9 a sua melhor escolha.<\/p>\n<h3>Porqu\u00ea escolher o WASPE 20000?<\/h3>\n<p>Este excecional <strong>vape descart\u00e1vel<\/strong> oferece uma solu\u00e7\u00e3o duradoura com a sua <strong>20000 puff maci\u00e7os<\/strong> ideal para viagens longas ou utiliza\u00e7\u00e3o di\u00e1ria. O seu tamanho compacto e <strong>peso leve 98g<\/strong> A sua constru\u00e7\u00e3o torna-o f\u00e1cil de transportar, mas tem um grande impacto com <strong>sa\u00edda de vapor potente<\/strong> das bobinas duplas. Para os retalhistas, a conveni\u00eancia da embalagem com <strong>200 unidades por caixa<\/strong> simplifica a gest\u00e3o de stocks e as vendas. Os Vapers podem explorar o <strong>rica mistura de sabores<\/strong>A gama de produtos da marca \u00e9 muito variada, desde o frutado ao gelado, garantindo que h\u00e1 algo para todos. A fiabilidade do <strong>Bateria de 900mAh<\/strong> significa menos interrup\u00e7\u00f5es, e a r\u00e1pida <strong>Tipo C<\/strong> O sistema de carregamento garante que est\u00e1 sempre pronto para vaporizar. Actualize para o WASPE 20000 para uma viagem melhorada definida pelo luxo, inova\u00e7\u00e3o e puro prazer.<\/p>","protected":false},"excerpt":{"rendered":"<p>Apresentando o <strong>WASPE 20000<\/strong> vape descart\u00e1vel, com um <strong>impressionante capacidade de 20000 baforadas<\/strong> e <strong>tecnologia de ponta de bobina de malha dupla<\/strong> para um sabor e vapor superiores. Escolha entre v\u00e1rios <strong>dosagens de nicotina<\/strong> (0% a 5%) e desfrute de um design elegante com <strong>ecr\u00e3 LCD em tempo real<\/strong>. Alimentado por um <strong>bateria recarreg\u00e1vel<\/strong> atrav\u00e9s da porta Type-C, proporciona um desempenho duradouro e comodidade para uma vaporiza\u00e7\u00e3o de luxo.<\/p>","protected":false},"featured_media":5040,"comment_status":"open","ping_status":"closed","template":"","meta":[],"product_brand":[332],"product_cat":[1068,1016],"product_tag":[512,112,244,541,342,540],"class_list":{"0":"post-5046","1":"product","2":"type-product","3":"status-publish","4":"has-post-thumbnail","6":"product_brand-waspe","7":"product_cat-waspe","8":"product_cat-big-puffs-vapes","9":"product_tag-20000-puffs","10":"product_tag-disposable-vape","11":"product_tag-dual-mesh-coil","12":"product_tag-flavored-e-cig","13":"product_tag-rechargeable-battery","14":"product_tag-waspe-20000","16":"first","17":"instock","18":"sale","19":"shipping-taxable","20":"purchasable","21":"product-type-variable"},"jetpack_sharing_enabled":true,"tiered_pricing_type":"fixed","tiered_pricing_fixed_rules":[],"tiered_pricing_product_settings":{"layout":"default","base_unit_name":{"singular":null,"plural":null},"default_variation":null},"tiered_pricing_minimum_quantity":null,"tiered_pricing_roles_data":[],"tiered_pricing_percentage_rules":[],"tiered_pricing_maximum_quantity":null,"tiered_pricing_quantity_step":null,"_links":{"self":[{"href":"https:\/\/frvape.com\/pt\/wp-json\/wp\/v2\/product\/5046","targetHints":{"allow":["GET"]}}],"collection":[{"href":"https:\/\/frvape.com\/pt\/wp-json\/wp\/v2\/product"}],"about":[{"href":"https:\/\/frvape.com\/pt\/wp-json\/wp\/v2\/types\/product"}],"replies":[{"embeddable":true,"href":"https:\/\/frvape.com\/pt\/wp-json\/wp\/v2\/comments?post=5046"}],"wp:featuredmedia":[{"embeddable":true,"href":"https:\/\/frvape.com\/pt\/wp-json\/wp\/v2\/media\/5040"}],"wp:attachment":[{"href":"https:\/\/frvape.com\/pt\/wp-json\/wp\/v2\/media?parent=5046"}],"wp:term":[{"taxonomy":"product_brand","embeddable":true,"href":"https:\/\/frvape.com\/pt\/wp-json\/wp\/v2\/product_brand?post=5046"},{"taxonomy":"product_cat","embeddable":true,"href":"https:\/\/frvape.com\/pt\/wp-json\/wp\/v2\/product_cat?post=5046"},{"taxonomy":"product_tag","embeddable":true,"href":"https:\/\/frvape.com\/pt\/wp-json\/wp\/v2\/product_tag?post=5046"}],"curies":[{"name":"wp","href":"https:\/\/api.w.org\/{rel}","templated":true}]}}