{"id":5970,"date":"2025-10-12T08:50:18","date_gmt":"2025-10-12T08:50:18","guid":{"rendered":"https:\/\/frvape.com\/product\/bang-blaze-42000-puffs-disposable-vape-30ml-e-liquid-rechargeable-0-5-nicotine\/"},"modified":"2025-12-16T09:16:46","modified_gmt":"2025-12-16T09:16:46","slug":"bang-blaze-42000-puffs-vape-descartavel-30ml-e-liquido-recarregavel-0-5-nicotina","status":"publish","type":"product","link":"https:\/\/frvape.com\/pt\/product\/bang-blaze-42000-puffs-vape-descartavel-30ml-e-liquido-recarregavel-0-5-nicotina\/","title":{"rendered":"Bang Blaze 42000 Puffs Vape Descart\u00e1vel - 30mL E-Liquid, Recarreg\u00e1vel (0-5% Nicotina)"},"content":{"rendered":"<h3>A derradeira experi\u00eancia de vaporiza\u00e7\u00e3o de longa dura\u00e7\u00e3o<\/h3>\n<p>Apresentamos o revolucion\u00e1rio <strong>BANG 42000 Puffs BLAZE Vape descart\u00e1vel<\/strong>O dispositivo de controlo de sabor da marca Candy, concebido para vapers que procuram uma longevidade e intensidade de sabor sem compromissos. Este dispositivo inovador proporciona um sabor sem precedentes <strong>42.000 baforadas<\/strong> por unidade - eliminando substitui\u00e7\u00f5es frequentes e proporcionando uma satisfa\u00e7\u00e3o consistente do primeiro ao \u00faltimo sopro.<\/p>\n<h3>Especifica\u00e7\u00f5es de desempenho potentes<\/h3>\n<p>Alimentado por um enorme <strong>Bateria recarreg\u00e1vel de 1000mAh<\/strong> com ultrarr\u00e1pido <strong>Carregamento tipo C<\/strong>O BLAZE garante sess\u00f5es sem interrup\u00e7\u00f5es. O seu avan\u00e7ado <strong>Bobina de malha dupla de 0,6ohm<\/strong> produz nuvens de vapor incrivelmente densas, ao mesmo tempo que fixa <strong>perfis de sabor ricos<\/strong>. O inovador sistema de fluxo de ar ajust\u00e1vel permite uma personaliza\u00e7\u00e3o precisa, quer prefira uma tra\u00e7\u00e3o apertada da boca para o pulm\u00e3o ou uma inspira\u00e7\u00e3o direta do pulm\u00e3o.<\/p>\n<h3>E-l\u00edquido Premium e op\u00e7\u00f5es de nicotina<\/h3>\n<p>Pr\u00e9-preenchido com <strong>30mL de e-l\u00edquido premium<\/strong>, o BANG BLAZE satisfaz diversas prefer\u00eancias com <strong>quatro dosagens de nicotina<\/strong>: <strong>0%<\/strong> (sem nicotina), <strong>2%<\/strong> (suave), <strong>3%<\/strong> (m\u00e9dio), e <strong>5%<\/strong> (forte). Desfruta de batidas suaves na garganta sem aspereza em todos os n\u00edveis. Nosso <strong>mistura patenteada<\/strong> maximiza a reten\u00e7\u00e3o do sabor durante toda a vida \u00fatil das 42.000 baforadas.<\/p>\n<h3>12 op\u00e7\u00f5es de sabores emocionantes<\/h3>\n<p>Delicie-se com a nossa linha de sabores meticulosamente elaborada, que inclui sensa\u00e7\u00f5es geladas, explos\u00f5es de fruta e cl\u00e1ssicos refrescantes:<br \/><strong>Menta Uva<\/strong><br \/><strong>Mirtilo Framboesa<\/strong><br \/><strong>Melancia<\/strong><br \/><strong>Lichia de morango<\/strong><br \/><strong>Melancia com morango<\/strong><br \/><strong>Mirtilo Hortel\u00e3<\/strong><br \/><strong>Hortel\u00e3<\/strong><br \/><strong>Gelo de p\u00eassego<\/strong><br \/><strong>Gelo de mirtilo<\/strong><br \/><strong>Ma\u00e7\u00e3s duplas<\/strong><br \/><strong>Mirtilo P\u00eassego<\/strong><br \/><strong>Frutos mistos<\/strong><\/p>\n<h3>Concebido para a excel\u00eancia<\/h3>\n<p>O <strong>conce\u00e7\u00e3o ergon\u00f3mica<\/strong> O carregador de sumo de e-l\u00edquido cabe confortavelmente na m\u00e3o, enquanto a tecnologia de ponta da bobina evita as batidas secas. Uma janela de sumo integrada monitoriza os n\u00edveis de e-l\u00edquido, enquanto os mecanismos de seguran\u00e7a avan\u00e7ados incluem prote\u00e7\u00e3o contra sobrecarga, preven\u00e7\u00e3o de curto-circuito e desligamento autom\u00e1tico. Como seu parceiro de confian\u00e7a para a vaporiza\u00e7\u00e3o, tamb\u00e9m nos orgulhamos de <strong>suporte OEM\/ODM<\/strong> personaliza\u00e7\u00e3o para encomendas em massa.<\/p>\n<h3>Porqu\u00ea escolher o Bang Blaze 42000?<\/h3>\n<p>Experimente o auge da tecnologia de vaporiza\u00e7\u00e3o descart\u00e1vel onde <strong>puffs alargados<\/strong>, <strong>supremacia do sabor<\/strong>e <strong>conce\u00e7\u00e3o centrada no utilizador<\/strong> convergir. Redefina as suas expectativas em rela\u00e7\u00e3o aos descart\u00e1veis com um dispositivo que dura semanas em vez de dias. Perfeito para vapers que passam o dia inteiro, viajantes e entusiastas de sabores que procuram fiabilidade sem compromissos. Eleve o seu ritual a cada tragada - o <strong>BANG BLAZE 42.000<\/strong> estabelece a nova refer\u00eancia da ind\u00fastria para o desempenho dos vape descart\u00e1veis.<\/p>","protected":false},"excerpt":{"rendered":"<p><strong>Bang Blaze 42000 puffs<\/strong> vape descart\u00e1vel com <strong>30mL de e-l\u00edquido<\/strong> e <strong>1000mAh recarreg\u00e1vel<\/strong> bateria. Carater\u00edsticas <strong>Carregamento tipo C<\/strong>, <strong>Bobina de malha dupla de 0,6ohm<\/strong>e 12 sabores. Nicotina: <strong>0%\/2%\/3%\/5%<\/strong>.<\/p>","protected":false},"featured_media":5964,"comment_status":"open","ping_status":"closed","template":"","meta":[],"product_brand":[385],"product_cat":[881],"product_tag":[606,607,112,153,115,155],"class_list":{"0":"post-5970","1":"product","2":"type-product","3":"status-publish","4":"has-post-thumbnail","6":"product_brand-bangblaze","7":"product_cat-bangblaze","8":"product_tag-42000-puffs","9":"product_tag-bang-blaze","10":"product_tag-disposable-vape","11":"product_tag-e-cigarette","12":"product_tag-rechargeable-vape","13":"product_tag-vape-flavors","15":"first","16":"instock","17":"sale","18":"shipping-taxable","19":"purchasable","20":"product-type-variable"},"jetpack_sharing_enabled":true,"tiered_pricing_type":"fixed","tiered_pricing_fixed_rules":[],"tiered_pricing_product_settings":{"layout":"default","base_unit_name":{"singular":null,"plural":null},"default_variation":null},"tiered_pricing_minimum_quantity":null,"tiered_pricing_roles_data":[],"tiered_pricing_percentage_rules":[],"tiered_pricing_maximum_quantity":null,"tiered_pricing_quantity_step":null,"_links":{"self":[{"href":"https:\/\/frvape.com\/pt\/wp-json\/wp\/v2\/product\/5970","targetHints":{"allow":["GET"]}}],"collection":[{"href":"https:\/\/frvape.com\/pt\/wp-json\/wp\/v2\/product"}],"about":[{"href":"https:\/\/frvape.com\/pt\/wp-json\/wp\/v2\/types\/product"}],"replies":[{"embeddable":true,"href":"https:\/\/frvape.com\/pt\/wp-json\/wp\/v2\/comments?post=5970"}],"wp:featuredmedia":[{"embeddable":true,"href":"https:\/\/frvape.com\/pt\/wp-json\/wp\/v2\/media\/5964"}],"wp:attachment":[{"href":"https:\/\/frvape.com\/pt\/wp-json\/wp\/v2\/media?parent=5970"}],"wp:term":[{"taxonomy":"product_brand","embeddable":true,"href":"https:\/\/frvape.com\/pt\/wp-json\/wp\/v2\/product_brand?post=5970"},{"taxonomy":"product_cat","embeddable":true,"href":"https:\/\/frvape.com\/pt\/wp-json\/wp\/v2\/product_cat?post=5970"},{"taxonomy":"product_tag","embeddable":true,"href":"https:\/\/frvape.com\/pt\/wp-json\/wp\/v2\/product_tag?post=5970"}],"curies":[{"name":"wp","href":"https:\/\/api.w.org\/{rel}","templated":true}]}}