{"id":9799,"date":"2025-10-31T16:13:10","date_gmt":"2025-10-31T16:13:10","guid":{"rendered":"https:\/\/frvape.com\/product\/vopk-triple-60000-puffs-disposable-vape-with-triple-flavor-led-display\/"},"modified":"2025-11-04T01:55:39","modified_gmt":"2025-11-04T01:55:39","slug":"vopk-triple-60000-puffs-vape-descartavel-com-visor-led-de-triplo-sabor","status":"publish","type":"product","link":"https:\/\/frvape.com\/pt\/product\/vopk-triple-60000-puffs-vape-descartavel-com-visor-led-de-triplo-sabor\/","title":{"rendered":"VOPK Triple 60000 Puffs Vape descart\u00e1vel com triplo sabor e ecr\u00e3 LED"},"content":{"rendered":"<h3>A derradeira inova\u00e7\u00e3o vaporizadora<\/h3>\n<p>O <strong>VOPK Triple 60000 Puffs<\/strong> transforma a categoria dos vape descart\u00e1veis com o seu recorde de <strong>Capacidade de 60.000 baforadas<\/strong> e \u00fanico <strong>sistema de reservat\u00f3rio de triplo sabor<\/strong>. Ideal para os aficionados dos sabores, este dispositivo elegante permite alternar sem esfor\u00e7o entre tr\u00eas misturas distintas de e-l\u00edquidos - mantendo as suas sess\u00f5es de vaporiza\u00e7\u00e3o estimulantes e frescas a cada mudan\u00e7a.<\/p>\n<h3>Excel\u00eancia em Vaping Avan\u00e7ado<\/h3>\n<p>Concebida com tr\u00eas <strong>bobinas de malha de 0,9\u03a9 de alto desempenho<\/strong>O VOPK Triple 60000 garante um vapor consistentemente rico e suave em cada tragada. O seu imenso <strong>54mL de capacidade de e-l\u00edquido<\/strong> reduz drasticamente a necessidade de recargas, enquanto as bobinas de precis\u00e3o garantem a m\u00e1xima produ\u00e7\u00e3o de nuvens e integridade do sabor do in\u00edcio ao fim.<\/p>\n<h3>Tecnologia de f\u00e1cil utiliza\u00e7\u00e3o<\/h3>\n<p>Alimentado por uma bateria de longa dura\u00e7\u00e3o <strong>Bateria recarreg\u00e1vel de 650mAh<\/strong>, este vape oferece <strong>Carregamento r\u00e1pido tipo C<\/strong> para minimizar as interrup\u00e7\u00f5es e prolongar o prazer de vaporizar. O <strong>Ecr\u00e3 LED<\/strong> permite monitorizar em tempo real a dura\u00e7\u00e3o da bateria e os n\u00edveis de e-fluido, proporcionando-lhe um controlo total. Dispon\u00edvel em <strong>2% concentra\u00e7\u00e3o de nicotina<\/strong> Op\u00e7\u00e3o, combina na perfei\u00e7\u00e3o com 10 deliciosas combina\u00e7\u00f5es de tr\u00eas sabores para uma versatilidade inigual\u00e1vel.<\/p>\n<h3>Combina\u00e7\u00f5es de sabores<\/h3>\n<p>Delicie-se com estas misturas exclusivas de tr\u00eas sabores:<br \/>Gelado de melancia &amp; Gelado triplo de mel\u00e3o &amp; Gelado de morango<br \/>Sour Mango Pineapple &amp; Red Bull Morango &amp; Black Currant Ice<br \/>Morango Melancia e mirtilo Framboesa e lima-lim\u00e3o<br \/>Uva Ice &amp; Morango Kiwi &amp; Melancia Red Bull<br \/>Gelo duplo de ma\u00e7\u00e3 e fruta tropical e pastilha el\u00e1stica de morango e melancia<br \/>Gomas e morango Coca-Cola de baunilha e algod\u00e3o doce de mirtilo<br \/>Kiwi Maracuj\u00e1 &amp; Morango Cereja &amp; Amor 66<br \/>P\u00eassego Baga &amp; Blue Razz Ice &amp; Melancia P\u00eassego Manga<br \/>Banana Anan\u00e1s &amp; Red Bull Ice &amp; Morango Manga<br \/>Morango, Banana e Framboesa, Melancia e Anan\u00e1s, Coco<\/p>\n<h3>Constru\u00e7\u00e3o robusta e sustentabilidade<\/h3>\n<p>Com um peso de apenas <strong>130g<\/strong> com dimens\u00f5es compactas de <strong>47 x 47 x 116 mm<\/strong>O VOPK Triple 60000 \u00e9 port\u00e1til mas potente. O seu design ecol\u00f3gico inclui uma embalagem duradoura para envios a granel, garantindo fiabilidade em todas as utiliza\u00e7\u00f5es.<\/p>","protected":false},"excerpt":{"rendered":"<p>Experimente o <strong>VOPK Triple 60000 Puffs<\/strong> vape descart\u00e1vel, com um revolucion\u00e1rio <strong>Sistema 3 em 1 de sabor triplo<\/strong> e at\u00e9 <strong>60.000 baforadas<\/strong> por dispositivo. Desfrute de um fornecimento de vapor suave com <strong>bobinas de malha<\/strong>, a <strong>54mL de capacidade de e-l\u00edquido<\/strong>e um <strong>bateria recarreg\u00e1vel<\/strong> com carregamento Tipo C para sess\u00f5es prolongadas.<\/p>","protected":false},"featured_media":9793,"comment_status":"open","ping_status":"closed","template":"","meta":[],"product_brand":[787],"product_cat":[890],"product_tag":[795,112,77,115,810,808],"class_list":{"0":"post-9799","1":"product","2":"type-product","3":"status-publish","4":"has-post-thumbnail","6":"product_brand-vopk","7":"product_cat-vopk","8":"product_tag-60000-puffs","9":"product_tag-disposable-vape","10":"product_tag-mesh-coil-vape","11":"product_tag-rechargeable-vape","12":"product_tag-triple-flavor-vape","13":"product_tag-vopk-triple-60000","15":"first","16":"instock","17":"sale","18":"shipping-taxable","19":"purchasable","20":"product-type-variable"},"jetpack_sharing_enabled":true,"tiered_pricing_type":"fixed","tiered_pricing_fixed_rules":[],"tiered_pricing_product_settings":{"layout":"default","base_unit_name":{"singular":null,"plural":null},"default_variation":null},"tiered_pricing_minimum_quantity":null,"tiered_pricing_roles_data":[],"tiered_pricing_percentage_rules":[],"tiered_pricing_maximum_quantity":null,"tiered_pricing_quantity_step":null,"_links":{"self":[{"href":"https:\/\/frvape.com\/pt\/wp-json\/wp\/v2\/product\/9799","targetHints":{"allow":["GET"]}}],"collection":[{"href":"https:\/\/frvape.com\/pt\/wp-json\/wp\/v2\/product"}],"about":[{"href":"https:\/\/frvape.com\/pt\/wp-json\/wp\/v2\/types\/product"}],"replies":[{"embeddable":true,"href":"https:\/\/frvape.com\/pt\/wp-json\/wp\/v2\/comments?post=9799"}],"wp:featuredmedia":[{"embeddable":true,"href":"https:\/\/frvape.com\/pt\/wp-json\/wp\/v2\/media\/9793"}],"wp:attachment":[{"href":"https:\/\/frvape.com\/pt\/wp-json\/wp\/v2\/media?parent=9799"}],"wp:term":[{"taxonomy":"product_brand","embeddable":true,"href":"https:\/\/frvape.com\/pt\/wp-json\/wp\/v2\/product_brand?post=9799"},{"taxonomy":"product_cat","embeddable":true,"href":"https:\/\/frvape.com\/pt\/wp-json\/wp\/v2\/product_cat?post=9799"},{"taxonomy":"product_tag","embeddable":true,"href":"https:\/\/frvape.com\/pt\/wp-json\/wp\/v2\/product_tag?post=9799"}],"curies":[{"name":"wp","href":"https:\/\/api.w.org\/{rel}","templated":true}]}}