{"id":6910,"date":"2025-10-13T03:29:02","date_gmt":"2025-10-13T03:29:02","guid":{"rendered":"https:\/\/frvape.com\/?page_id=6910"},"modified":"2025-10-13T13:23:47","modified_gmt":"2025-10-13T13:23:47","slug":"intrebari-frecvente","status":"publish","type":"page","link":"https:\/\/frvape.com\/ro\/intrebari-frecvente\/","title":{"rendered":"\u00centreb\u0103ri frecvente"},"content":{"rendered":"<div data-elementor-type=\"wp-page\" data-elementor-id=\"6910\" class=\"elementor elementor-6910\">\n\t\t\t\t<div class=\"elementor-element elementor-element-7160fb7f e-flex e-con-boxed e-con e-parent\" data-id=\"7160fb7f\" data-element_type=\"container\">\n\t\t\t\t\t<div class=\"e-con-inner\">\n\t\t\t\t<div class=\"elementor-element elementor-element-2c88839a elementor-widget elementor-widget-text-editor\" data-id=\"2c88839a\" data-element_type=\"widget\" data-widget_type=\"text-editor.default\">\n\t\t\t\t\t\t\t\t\t\t\t\t\t\t\t\t\t<\/div>\n\t\t\t\t\t<\/div>\n\t\t\t\t<\/div>\n\t\t<div class=\"elementor-element elementor-element-e89950c e-flex e-con-boxed e-con e-parent\" data-id=\"e89950c\" data-element_type=\"container\">\n\t\t\t\t\t<div class=\"e-con-inner\">\n\t\t\t\t<div class=\"elementor-element elementor-element-6e3cd73 elementor-widget elementor-widget-heading\" data-id=\"6e3cd73\" data-element_type=\"widget\" data-widget_type=\"heading.default\">\n\t\t\t\t\t<h1 class=\"elementor-heading-title elementor-size-default\"><b>\u00centreb\u0103ri frecvente<\/b><\/h1>\t\t\t\t<\/div>\n\t\t\t\t\t<\/div>\n\t\t\t\t<\/div>\n\t\t<div class=\"elementor-element elementor-element-87cee18 e-flex e-con-boxed e-con e-parent\" data-id=\"87cee18\" data-element_type=\"container\">\n\t\t\t\t\t<div class=\"e-con-inner\">\n\t\t\t\t<div class=\"elementor-element elementor-element-9ea1ab8 elementor-widget elementor-widget-text-editor\" data-id=\"9ea1ab8\" data-element_type=\"widget\" data-widget_type=\"text-editor.default\">\n\t\t\t\t\t\t\t\t\t<p><strong>1.C\u00e2nd va fi expediat?<\/strong><br \/>Timpul de preg\u0103tire a comenzii este de 2-3 zile lucr\u0103toaredup\u0103 preg\u0103tire<\/p>\n<p><strong>2.Shipping timp<\/strong><br \/>Va dura aproximativ 3-8 zile lucr\u0103toare pentru a expedia la adresa dvs.. Logistica de expediere implicit\u0103 \u00een Europa este DHL.<\/p>\n<p><strong>3.Despre gust<\/strong><br \/>10pcs \/ cutie \/ arom\u0103, pute\u021bi alege aroma pe care o dori\u021bi, dac\u0103 o arom\u0103 pe care o alege\u021bi nu este \u00een stoc, v\u0103 voi contacta pentru a schimba<\/p>\n<p><strong>4.Ce metode de plat\u0103 accepta\u021bi?<\/strong><br \/>Accept\u0103m urm\u0103toarele metode de plat\u0103: Card de credit\/debit, Transfer bancar direct, Pl\u0103ti\u021bi cu Crypto, BLIK, Bancontact, iDEAL, Multibanco, MyBank, Przelewy24, Trustly, \u0219i EPS, \u0219i altele. Pute\u021bi vizualiza op\u021biunile de plat\u0103 disponibile pe pagina de checkout.<\/p>\n<p><strong>5.De ce a fost refuzat\u0103 plata mea?<\/strong><br \/><strong>Pl\u0103\u021bile pot fi refuzate pentru<\/strong> diverse motive, cum ar fi informa\u021bii incorecte privind cardul de credit, fonduri insuficiente sau probleme cu furnizorul de pl\u0103\u021bi. V\u0103 rug\u0103m s\u0103 v\u0103 asigura\u021bi c\u0103 informa\u021biile de plat\u0103 pe care le furniza\u021bi sunt corecte sau s\u0103 contacta\u021bi furnizorul de pl\u0103\u021bi pentru a rezolva problema.<\/p>\n<p><strong>6.Plata este sigur\u0103?<\/strong><br \/>Lu\u0103m multiple m\u0103suri pentru a asigura securitatea pl\u0103\u021bilor, inclusiv tehnologia de criptare \u0219i procesarea pl\u0103\u021bilor \u00een conformitate cu standardele PCI.<\/p>\n<p><strong>7.Cum pot primi o confirmare a comenzii dup\u0103 efectuarea unei pl\u0103\u021bi?<\/strong><br \/>Ve\u021bi primi un e-mail de confirmare a comenzii imediat dup\u0103 efectuarea cu succes a pl\u0103\u021bii, care con\u021bine informa\u021bii detaliate despre comand\u0103.<\/p>\n<p><strong>8.Cum pot solicita o rambursare?<\/strong><br \/>Dac\u0103 ave\u021bi nevoie de o rambursare, v\u0103 rug\u0103m s\u0103 contacta\u021bi echipa noastr\u0103 de asisten\u021b\u0103 pentru clien\u021bi, furniz\u00e2nd detaliile comenzii. V\u0103 vom asista \u00een procesarea cererilor de rambursare \u00een conformitate cu politica noastr\u0103 de rambursare.<\/p>\t\t\t\t\t\t\t\t<\/div>\n\t\t\t\t\t<\/div>\n\t\t\t\t<\/div>\n\t\t\t\t<\/div>","protected":false},"excerpt":{"rendered":"<p>FAQs 1.When will it be shipped?Order prepare time is 2-3 working daysafter prepare 2.Shipping timeIt will take about 3-8working days to ship to your address.. The default shipping logistics in Europe is DHL. 3.About taste10pcs\/box\/flavor, you can choose theflavor you want, if some flavor whichyou choose is not instock,i will contactyou to chang 4.Which payment [&#8230;]","protected":false},"author":1,"featured_media":0,"parent":0,"menu_order":0,"comment_status":"closed","ping_status":"closed","template":"","meta":{"footnotes":""},"class_list":["post-6910","page","type-page","status-publish","hentry"],"jetpack_sharing_enabled":true,"_links":{"self":[{"href":"https:\/\/frvape.com\/ro\/wp-json\/wp\/v2\/pages\/6910","targetHints":{"allow":["GET"]}}],"collection":[{"href":"https:\/\/frvape.com\/ro\/wp-json\/wp\/v2\/pages"}],"about":[{"href":"https:\/\/frvape.com\/ro\/wp-json\/wp\/v2\/types\/page"}],"author":[{"embeddable":true,"href":"https:\/\/frvape.com\/ro\/wp-json\/wp\/v2\/users\/1"}],"replies":[{"embeddable":true,"href":"https:\/\/frvape.com\/ro\/wp-json\/wp\/v2\/comments?post=6910"}],"version-history":[{"count":7,"href":"https:\/\/frvape.com\/ro\/wp-json\/wp\/v2\/pages\/6910\/revisions"}],"predecessor-version":[{"id":8122,"href":"https:\/\/frvape.com\/ro\/wp-json\/wp\/v2\/pages\/6910\/revisions\/8122"}],"wp:attachment":[{"href":"https:\/\/frvape.com\/ro\/wp-json\/wp\/v2\/media?parent=6910"}],"curies":[{"name":"wp","href":"https:\/\/api.w.org\/{rel}","templated":true}]}}