{"id":7116,"date":"2025-10-13T06:39:27","date_gmt":"2025-10-13T06:39:27","guid":{"rendered":"https:\/\/frvape.com\/?page_id=7116"},"modified":"2025-10-13T13:25:09","modified_gmt":"2025-10-13T13:25:09","slug":"metoda-de-plata","status":"publish","type":"page","link":"https:\/\/frvape.com\/ro\/metoda-de-plata\/","title":{"rendered":"Metoda de plat\u0103"},"content":{"rendered":"<div data-elementor-type=\"wp-page\" data-elementor-id=\"7116\" class=\"elementor elementor-7116\">\n\t\t\t\t<div class=\"elementor-element elementor-element-4b918af7 e-flex e-con-boxed e-con e-parent\" data-id=\"4b918af7\" data-element_type=\"container\">\n\t\t\t\t\t<div class=\"e-con-inner\">\n\t\t\t\t<div class=\"elementor-element elementor-element-6fa399fd elementor-widget elementor-widget-text-editor\" data-id=\"6fa399fd\" data-element_type=\"widget\" data-widget_type=\"text-editor.default\">\n\t\t\t\t\t\t\t\t\t\t\t\t\t\t\t\t\t<\/div>\n\t\t\t\t\t<\/div>\n\t\t\t\t<\/div>\n\t\t<div class=\"elementor-element elementor-element-c79ae13 e-flex e-con-boxed e-con e-parent\" data-id=\"c79ae13\" data-element_type=\"container\">\n\t\t\t\t\t<div class=\"e-con-inner\">\n\t\t\t\t<div class=\"elementor-element elementor-element-26fd760 elementor-widget elementor-widget-text-editor\" data-id=\"26fd760\" data-element_type=\"widget\" data-widget_type=\"text-editor.default\">\n\t\t\t\t\t\t\t\t\t<header style=\"color: rgb(35, 35, 35); font-family: Lato, sans-serif;\"><h1 style=\"color: rgb(10, 10, 10); width: 1540px;\">Metoda de plat\u0103<\/h1><div style=\"width: 30px;\"><\/div><\/header><div style=\"color: rgb(35, 35, 35); font-family: Lato, sans-serif;\"><div style=\"max-width: 1570px;\"><div style=\"width: 785px;\"><div style=\"width: 755px;\"><p>Bine a\u021bi venit la FR<span style=\"font-weight: bolder;\">Vape<\/span>&nbsp;- destina\u021bia dvs. global\u0103 de \u00eencredere pentru produse de vape de unic\u0103 folosin\u021b\u0103 de calitate superioar\u0103. Cu livrare \u00een \u00eentreaga lume, ne angaj\u0103m s\u0103 servim clien\u021bii din \u00eentreaga lume.<\/p><p><span style=\"font-weight: bolder;\">La FRVape, prioritiz\u0103m confortul \u0219i securitatea pentru a v\u0103 \u00eembun\u0103t\u0103\u021bi c\u0103l\u0103toria de cump\u0103r\u0103turi. Oferim o varietate de op\u021biuni de plat\u0103 pentru a v\u0103 satisface nevoile:<\/span><\/p><p>1. **PayPal**: Bucura\u021bi-v\u0103 de pl\u0103\u021bi sigure \u0219i simple cu PayPal pe platforma noastr\u0103.&nbsp;<span style=\"font-weight: bolder;\">(20% TVA)<\/span><\/p><p>2. **Carte de credit**: Accept\u0103m toate cardurile de credit importante, asigur\u00e2nd o experien\u021b\u0103 de plat\u0103 simpl\u0103 \u0219i fiabil\u0103.&nbsp;<span style=\"font-weight: bolder;\">(20% TVA)<\/span><\/p><p>3. **Transfer bancar**: Pentru cei care prefer\u0103 metodele tradi\u021bionale, accept\u0103m transferurile bancare ca op\u021biune sigur\u0103.&nbsp;<span style=\"font-weight: bolder;\">(F\u0102R\u0102 TVA)<\/span><\/p><p>4. **Criptomoned\u0103**: \u00cembr\u0103\u021bi\u0219a\u021bi finan\u021bele moderne cu op\u021biunea noastr\u0103 de plat\u0103 \u00een criptomoned\u0103.&nbsp;<span style=\"font-weight: bolder;\">(F\u0102R\u0102 TVA)<\/span><\/p><p>5. **Wise Transfer**: Beneficia\u021bi de pl\u0103\u021bi rentabile \u0219i eficiente utiliz\u00e2nd Wise Transfer.&nbsp;<span style=\"font-weight: bolder;\">(F\u0102R\u0102 TVA)<\/span><\/p><p>Dac\u0103 ave\u021bi \u00eentreb\u0103ri sau cereri de plat\u0103 specifice, v\u0103 rug\u0103m s\u0103 contacta\u021bi echipa noastr\u0103 de servicii pentru clien\u021bi. Suntem aici pentru a ne asigura c\u0103 experien\u021ba dvs. cu FR<span style=\"font-weight: bolder;\">Vape<\/span>&nbsp;este lin\u0103, sigur\u0103 \u0219i satisf\u0103c\u0103toare.<\/p><p><span style=\"font-weight: bolder;\">V\u0103 mul\u021bumim c\u0103 ave\u021bi \u00eencredere \u00een AiviouVape ca surs\u0103 pentru produse de unic\u0103 folosin\u021b\u0103 de calitate.<\/span><\/p><\/div><\/div><\/div><\/div>\t\t\t\t\t\t\t\t<\/div>\n\t\t\t\t\t<\/div>\n\t\t\t\t<\/div>\n\t\t\t\t<\/div>","protected":false},"excerpt":{"rendered":"<p>Payment Method Welcome to&nbsp;FRVape&nbsp;\u2013 your trusted global destination for top-quality disposable vape products. With worldwide shipping, we\u2019re committed to serving customers around the globe. At FRVape, we prioritize convenience and security to enhance your shopping journey. We offer a variety of payment options to meet your needs: 1. **PayPal**: Enjoy secure and easy payments with [&#8230;]","protected":false},"author":1,"featured_media":0,"parent":0,"menu_order":0,"comment_status":"closed","ping_status":"closed","template":"","meta":{"footnotes":""},"class_list":["post-7116","page","type-page","status-publish","hentry"],"jetpack_sharing_enabled":true,"_links":{"self":[{"href":"https:\/\/frvape.com\/ro\/wp-json\/wp\/v2\/pages\/7116","targetHints":{"allow":["GET"]}}],"collection":[{"href":"https:\/\/frvape.com\/ro\/wp-json\/wp\/v2\/pages"}],"about":[{"href":"https:\/\/frvape.com\/ro\/wp-json\/wp\/v2\/types\/page"}],"author":[{"embeddable":true,"href":"https:\/\/frvape.com\/ro\/wp-json\/wp\/v2\/users\/1"}],"replies":[{"embeddable":true,"href":"https:\/\/frvape.com\/ro\/wp-json\/wp\/v2\/comments?post=7116"}],"version-history":[{"count":5,"href":"https:\/\/frvape.com\/ro\/wp-json\/wp\/v2\/pages\/7116\/revisions"}],"predecessor-version":[{"id":7123,"href":"https:\/\/frvape.com\/ro\/wp-json\/wp\/v2\/pages\/7116\/revisions\/7123"}],"wp:attachment":[{"href":"https:\/\/frvape.com\/ro\/wp-json\/wp\/v2\/media?parent=7116"}],"curies":[{"name":"wp","href":"https:\/\/api.w.org\/{rel}","templated":true}]}}