{"id":7125,"date":"2025-10-13T06:48:19","date_gmt":"2025-10-13T06:48:19","guid":{"rendered":"https:\/\/frvape.com\/?page_id=7125"},"modified":"2025-10-13T13:26:19","modified_gmt":"2025-10-13T13:26:19","slug":"cupoane-oferte","status":"publish","type":"page","link":"https:\/\/frvape.com\/ro\/cupoane-oferte\/","title":{"rendered":"Coupons &#038; Offer"},"content":{"rendered":"<div data-elementor-type=\"wp-page\" data-elementor-id=\"7125\" class=\"elementor elementor-7125\">\n\t\t\t\t<div class=\"elementor-element elementor-element-7d519ebb e-flex e-con-boxed e-con e-parent\" data-id=\"7d519ebb\" data-element_type=\"container\">\n\t\t\t\t\t<div class=\"e-con-inner\">\n\t\t\t\t<div class=\"elementor-element elementor-element-4672ad55 elementor-widget elementor-widget-text-editor\" data-id=\"4672ad55\" data-element_type=\"widget\" data-widget_type=\"text-editor.default\">\n\t\t\t\t\t\t\t\t\t\t\t\t\t\t\t\t\t<\/div>\n\t\t\t\t\t<\/div>\n\t\t\t\t<\/div>\n\t\t<div class=\"elementor-element elementor-element-f5a1dac e-flex e-con-boxed e-con e-parent\" data-id=\"f5a1dac\" data-element_type=\"container\">\n\t\t\t\t\t<div class=\"e-con-inner\">\n\t\t\t\t<div class=\"elementor-element elementor-element-8c5601b elementor-widget elementor-widget-text-editor\" data-id=\"8c5601b\" data-element_type=\"widget\" data-widget_type=\"text-editor.default\">\n\t\t\t\t\t\t\t\t\t<h3 data-start=\"108\" data-end=\"153\"><strong data-start=\"112\" data-end=\"153\">Cupoane \u0219i oferte exclusive la FR Vape<\/strong><\/h3><p data-start=\"155\" data-end=\"305\"><strong data-start=\"155\" data-end=\"305\">Bine a\u021bi venit la FR Vape - magazinul dvs. unic pentru produse de vaping premium. Bucura\u021bi-v\u0103 de economii uimitoare la urm\u0103toarea dvs. comand\u0103 cu cupoanele \u0219i ofertele noastre speciale!<\/strong><\/p><hr data-start=\"307\" data-end=\"310\"><h4 data-start=\"312\" data-end=\"336\"><strong data-start=\"317\" data-end=\"336\">Oferte curente:<\/strong><\/h4><hr data-start=\"338\" data-end=\"341\"><p data-start=\"343\" data-end=\"390\"><strong data-start=\"343\" data-end=\"390\">1. Ofert\u0103 de bun venit - 10% Reducere la prima dvs. comand\u0103<\/strong><\/p><p data-start=\"392\" data-end=\"499\">Nou la FR Vape? Bucur\u0103-te <strong data-start=\"414\" data-end=\"425\">10% OFF<\/strong> la prima ta achizi\u021bie!<br data-start=\"449\" data-end=\"452\">\nPur \u0219i simplu utiliza\u021bi codul: <strong data-start=\"473\" data-end=\"486\">BUN VENIT10<\/strong> la checkout.<\/p><hr data-start=\"501\" data-end=\"504\"><p data-start=\"506\" data-end=\"553\"><strong data-start=\"506\" data-end=\"553\">2. Cump\u0103ra\u021bi 2, primi\u021bi 1 gratuit la E-liquide selectate!<\/strong><\/p><p data-start=\"555\" data-end=\"720\">Aprovizioneaz\u0103-\u021bi e-lichidele preferate \u0219i economise\u0219te!<br data-start=\"600\" data-end=\"603\">\nCump\u0103ra\u021bi dou\u0103 sticle de e-lichide selectate \u0219i primi\u021bi una absolut GRATUIT!<br data-start=\"669\" data-end=\"672\">\nNu este nevoie de cod, oferta se aplic\u0103 automat.<\/p><hr data-start=\"722\" data-end=\"725\"><p data-start=\"727\" data-end=\"766\"><strong data-start=\"727\" data-end=\"766\">3. Transport gratuit la comenzi de peste $50<\/strong><\/p><p data-start=\"768\" data-end=\"917\">Ob\u021bine\u021bi transport GRATUIT la toate comenzile de peste <strong data-start=\"805\" data-end=\"812\">$50<\/strong>!<br data-start=\"813\" data-end=\"816\">\nNu este nevoie de cod promo\u021bional, doar completa\u021bi co\u0219ul \u0219i reducerea va fi aplicat\u0103 automat la finalizarea comenzii.<\/p><hr data-start=\"919\" data-end=\"922\"><p data-start=\"924\" data-end=\"963\"><strong data-start=\"924\" data-end=\"963\">4. V\u00e2nzare flash - 25% Off Toate dispozitivele<\/strong><\/p><p data-start=\"965\" data-end=\"1114\">Pentru o perioad\u0103 limitat\u0103 de timp, economisi\u021bi <strong data-start=\"990\" data-end=\"1001\">25% OFF<\/strong> pentru toate dispozitivele de vape, inclusiv kiturile, modurile \u0219i dispozitivele de unic\u0103 folosin\u021b\u0103.<br data-start=\"1061\" data-end=\"1064\">\nGr\u0103be\u0219te-te, aceast\u0103 ofert\u0103 se \u00eencheie \u00een cur\u00e2nd! Utiliza\u021bi codul: <strong data-start=\"1102\" data-end=\"1113\">FLASH25<\/strong>.<\/p><hr data-start=\"1116\" data-end=\"1119\"><h4 data-start=\"1121\" data-end=\"1150\"><strong data-start=\"1126\" data-end=\"1150\">Ofert\u0103 VIP exclusiv\u0103:<\/strong><\/h4><p data-start=\"1152\" data-end=\"1186\"><strong data-start=\"1152\" data-end=\"1186\">5. 15% OFF pentru membrii FR Vape<\/strong><\/p><p data-start=\"1188\" data-end=\"1340\">\u00censcrie\u021bi-v\u0103 la abonamentul nostru VIP \u0219i primi\u021bi <strong data-start=\"1227\" data-end=\"1238\">15% OFF<\/strong> fiecare comand\u0103 pe care o face\u021bi!<br data-start=\"1260\" data-end=\"1263\">\nOb\u021bine\u021bi oferte exclusive, acces anticipat la produse noi \u0219i promo\u021bii speciale.<\/p><p>\n\n\n\n\n\n\n\n\n\n\n\n\n\n\n\n\n\n\n\n<\/p><p data-start=\"1342\" data-end=\"1369\">[Al\u0103tura\u021bi-v\u0103 programului VIP acum!]\t\t\t\t\t\t\t\t<\/div>\n\t\t\t\t\t<\/div>\n\t\t\t\t<\/div>\n\t\t\t\t<\/div>","protected":false},"excerpt":{"rendered":"<p>Exclusive Coupons &amp; Offers at FR Vape Welcome to FR Vape \u2013 your one-stop shop for premium vaping products. Enjoy amazing savings on your next order with our special coupons and offers! Current Offers: 1. Welcome Offer \u2013 10% Off Your First Order New to FR Vape? Enjoy 10% OFF on your first purchase! Simply [&#8230;]","protected":false},"author":1,"featured_media":0,"parent":0,"menu_order":0,"comment_status":"closed","ping_status":"closed","template":"","meta":{"footnotes":""},"class_list":["post-7125","page","type-page","status-publish","hentry"],"jetpack_sharing_enabled":true,"_links":{"self":[{"href":"https:\/\/frvape.com\/ro\/wp-json\/wp\/v2\/pages\/7125","targetHints":{"allow":["GET"]}}],"collection":[{"href":"https:\/\/frvape.com\/ro\/wp-json\/wp\/v2\/pages"}],"about":[{"href":"https:\/\/frvape.com\/ro\/wp-json\/wp\/v2\/types\/page"}],"author":[{"embeddable":true,"href":"https:\/\/frvape.com\/ro\/wp-json\/wp\/v2\/users\/1"}],"replies":[{"embeddable":true,"href":"https:\/\/frvape.com\/ro\/wp-json\/wp\/v2\/comments?post=7125"}],"version-history":[{"count":5,"href":"https:\/\/frvape.com\/ro\/wp-json\/wp\/v2\/pages\/7125\/revisions"}],"predecessor-version":[{"id":7130,"href":"https:\/\/frvape.com\/ro\/wp-json\/wp\/v2\/pages\/7125\/revisions\/7130"}],"wp:attachment":[{"href":"https:\/\/frvape.com\/ro\/wp-json\/wp\/v2\/media?parent=7125"}],"curies":[{"name":"wp","href":"https:\/\/api.w.org\/{rel}","templated":true}]}}