{"id":7220,"date":"2025-10-13T07:34:00","date_gmt":"2025-10-13T07:34:00","guid":{"rendered":"https:\/\/frvape.com\/?page_id=7220"},"modified":"2025-10-13T07:43:13","modified_gmt":"2025-10-13T07:43:13","slug":"cumparati-vapori-cu-cod-qr-sepa","status":"publish","type":"page","link":"https:\/\/frvape.com\/ro\/cumparati-vapori-cu-cod-qr-sepa\/","title":{"rendered":"Cumpara Vapes cu SEPA QR Code"},"content":{"rendered":"<div data-elementor-type=\"wp-page\" data-elementor-id=\"7220\" class=\"elementor elementor-7220\">\n\t\t\t\t<div class=\"elementor-element elementor-element-5db7690e e-flex e-con-boxed e-con e-parent\" data-id=\"5db7690e\" data-element_type=\"container\">\n\t\t\t\t\t<div class=\"e-con-inner\">\n\t\t\t\t<div class=\"elementor-element elementor-element-4b5d9876 elementor-widget elementor-widget-text-editor\" data-id=\"4b5d9876\" data-element_type=\"widget\" data-widget_type=\"text-editor.default\">\n\t\t\t\t\t\t\t\t\t\t\t\t\t\t\t\t\t<\/div>\n\t\t\t\t\t<\/div>\n\t\t\t\t<\/div>\n\t\t<div class=\"elementor-element elementor-element-1551a70 e-flex e-con-boxed e-con e-parent\" data-id=\"1551a70\" data-element_type=\"container\">\n\t\t\t\t\t<div class=\"e-con-inner\">\n\t\t\t\t<div class=\"elementor-element elementor-element-d80f4e5 elementor-widget elementor-widget-text-editor\" data-id=\"d80f4e5\" data-element_type=\"widget\" data-widget_type=\"text-editor.default\">\n\t\t\t\t\t\t\t\t\t<h3 data-start=\"296\" data-end=\"342\"><strong data-start=\"300\" data-end=\"342\">Cumpara Vapes cu SEPA QR Code la FR Vape<\/strong><\/h3>\n<p data-start=\"344\" data-end=\"619\">La <strong data-start=\"347\" data-end=\"358\">FR Vape<\/strong>, oferim acum posibilitatea de a achizi\u021biona produsele dvs. preferate de vaping utiliz\u00e2nd sistemul convenabil \u0219i sigur <strong data-start=\"459\" data-end=\"490\">Metoda de plat\u0103 SEPA QR Code<\/strong>. Aceast\u0103 op\u021biune este disponibil\u0103 pentru clien\u021bii din <strong data-start=\"541\" data-end=\"559\">Uniunea European\u0103<\/strong> pentru pl\u0103\u021bi rapide \u0219i simple direct din contul dvs. bancar.<\/p>\n<hr data-start=\"621\" data-end=\"624\" \/>\n<h4 data-start=\"626\" data-end=\"670\"><strong data-start=\"631\" data-end=\"670\">Cum s\u0103 cump\u0103ra\u021bi Vapes cu codul QR SEPA:<\/strong><\/h4>\n<ol data-start=\"672\" data-end=\"1699\">\n<li data-start=\"672\" data-end=\"827\">\n<p data-start=\"675\" data-end=\"827\"><strong data-start=\"675\" data-end=\"696\">R\u0103sfoi\u021bi magazinul nostru:<\/strong><br data-start=\"696\" data-end=\"699\" \/>R\u0103sfoi\u021bi selec\u021bia noastr\u0103 larg\u0103 de vapoare, e-lichide, accesorii \u0219i multe altele. Dup\u0103 ce a\u021bi selectat articolele, face\u021bi clic pe <strong data-start=\"811\" data-end=\"826\">Ad\u0103uga\u021bi la co\u0219<\/strong>.<\/p>\n<\/li>\n<li data-start=\"829\" data-end=\"992\">\n<p data-start=\"832\" data-end=\"992\"><strong data-start=\"832\" data-end=\"851\">Merge\u021bi la Checkout:<\/strong><br data-start=\"851\" data-end=\"854\" \/>Dup\u0103 ad\u0103ugarea articolelor \u00een co\u0219, face\u021bi clic pe butonul <strong data-start=\"904\" data-end=\"912\">Cart<\/strong> pictograma \u0219i verifica\u021bi produsele. C\u00e2nd totul pare \u00een regul\u0103, trece\u021bi la checkout.<\/p>\n<\/li>\n<li data-start=\"994\" data-end=\"1165\">\n<p data-start=\"997\" data-end=\"1165\"><strong data-start=\"997\" data-end=\"1036\">Alege\u021bi metoda de plat\u0103 SEPA QR Code:<\/strong><br data-start=\"1036\" data-end=\"1039\" \/>La pagina de checkout, selecta\u021bi <strong data-start=\"1071\" data-end=\"1087\">Codul QR SEPA<\/strong> ca metod\u0103 de plat\u0103. Acest lucru va genera un cod QR unic pentru plata dvs.<\/p>\n<\/li>\n<li data-start=\"1167\" data-end=\"1356\">\n<p data-start=\"1170\" data-end=\"1356\"><strong data-start=\"1170\" data-end=\"1210\">Scana\u021bi codul QR cu aplica\u021bia b\u0103ncii dvs:<\/strong><br data-start=\"1210\" data-end=\"1213\" \/>Deschide\u021bi aplica\u021bia dvs. de servicii bancare mobile care accept\u0103 pl\u0103\u021bi SEPA. Utiliza\u021bi aplica\u021bia <strong data-start=\"1288\" data-end=\"1307\">Scanner de coduri QR<\/strong> pentru a scana codul afi\u0219at pe pagina de checkout.<\/p>\n<\/li>\n<li data-start=\"1358\" data-end=\"1531\">\n<p data-start=\"1361\" data-end=\"1531\"><strong data-start=\"1361\" data-end=\"1385\">Aprobarea pl\u0103\u021bii:<\/strong><br data-start=\"1385\" data-end=\"1388\" \/>Dup\u0103 scanarea codului QR, aplica\u021bia b\u0103ncii dvs. va afi\u0219a detaliile pl\u0103\u021bii. Confirma\u021bi suma \u0219i aproba\u021bi transferul din contul dvs. bancar.<\/p>\n<\/li>\n<li data-start=\"1533\" data-end=\"1699\">\n<p data-start=\"1536\" data-end=\"1699\"><strong data-start=\"1536\" data-end=\"1559\">Confirmarea comenzii:<\/strong><br data-start=\"1559\" data-end=\"1562\" \/>Odat\u0103 ce plata este confirmat\u0103, ve\u021bi primi un <strong data-start=\"1616\" data-end=\"1638\">Confirmarea comenzii<\/strong> e-mail, iar noi vom \u00eencepe procesarea \u0219i expedierea comenzii dumneavoastr\u0103.<\/p>\n<\/li>\n<\/ol>\n<hr data-start=\"1701\" data-end=\"1704\" \/>\n<h4 data-start=\"1706\" data-end=\"1747\"><strong data-start=\"1711\" data-end=\"1747\">De ce s\u0103 utiliza\u021bi codul QR SEPA la FR Vape?<\/strong><\/h4>\n<ul data-start=\"1749\" data-end=\"2311\">\n<li data-start=\"1749\" data-end=\"1880\">\n<p data-start=\"1751\" data-end=\"1880\"><strong data-start=\"1751\" data-end=\"1777\">Sigur \u0219i convenabil:<\/strong> Transferurile SEPA sunt pl\u0103\u021bi de la banc\u0103 la banc\u0103, ceea ce le face sigure \u0219i lipsite de intermediari ter\u021bi.<\/p>\n<\/li>\n<li data-start=\"1881\" data-end=\"2010\">\n<p data-start=\"1883\" data-end=\"2010\"><strong data-start=\"1883\" data-end=\"1906\">Procesare instantanee:<\/strong> Pl\u0103\u021bile efectuate prin intermediul codurilor QR SEPA sunt procesate rapid, permi\u021b\u00e2ndu-v\u0103 s\u0103 v\u0103 primi\u021bi produsele de vapat mai repede.<\/p>\n<\/li>\n<li data-start=\"2011\" data-end=\"2187\">\n<p data-start=\"2013\" data-end=\"2187\"><strong data-start=\"2013\" data-end=\"2036\">Acceptare la nivelul \u00eentregii UE:<\/strong> Aceast\u0103 metod\u0103 de plat\u0103 este disponibil\u0103 pentru to\u021bi clien\u021bii din <strong data-start=\"2094\" data-end=\"2112\">Uniunea European\u0103<\/strong> care au acces la un cont bancar conform SEPA \u0219i la o aplica\u021bie de mobile banking.<\/p>\n<\/li>\n<li data-start=\"2188\" data-end=\"2311\">\n<p data-start=\"2190\" data-end=\"2311\"><strong data-start=\"2190\" data-end=\"2213\">F\u0103r\u0103 taxe suplimentare:<\/strong> Atunci c\u00e2nd utiliza\u021bi pl\u0103\u021bile SEPA, nu va trebui s\u0103 v\u0103 face\u021bi griji cu privire la comisioanele cardurilor de credit sau alte taxe ascunse.<\/p>\n<\/li>\n<\/ul>\n<hr data-start=\"2313\" data-end=\"2316\" \/>\n<h4 data-start=\"2318\" data-end=\"2343\"><strong data-start=\"2323\" data-end=\"2343\">Note importante:<\/strong><\/h4>\n<ul data-start=\"2345\" data-end=\"2942\">\n<li data-start=\"2345\" data-end=\"2556\">\n<p data-start=\"2347\" data-end=\"2556\"><strong data-start=\"2347\" data-end=\"2369\">Disponibilitate SEPA:<\/strong> Pl\u0103\u021bile SEPA QR sunt disponibile numai pentru clien\u021bii din <strong data-start=\"2423\" data-end=\"2439\">\u021a\u0103rile UE<\/strong> care accept\u0103 pl\u0103\u021bile SEPA. Aceasta include na\u021biuni precum Germania, Fran\u021ba, Spania, Italia \u0219i altele din zona euro.<\/p>\n<\/li>\n<li data-start=\"2557\" data-end=\"2753\">\n<p data-start=\"2559\" data-end=\"2753\"><strong data-start=\"2559\" data-end=\"2587\">Timpul de procesare a pl\u0103\u021bilor:<\/strong> Pl\u0103\u021bile SEPA pot fi procesate \u00een timp real sau \u00een c\u00e2teva ore, \u00een func\u021bie de banca dumneavoastr\u0103. Asigura\u021bi-v\u0103 c\u0103 efectua\u021bi plata cu promptitudine pentru a evita orice \u00eent\u00e2rziere a comenzii dumneavoastr\u0103.<\/p>\n<\/li>\n<li data-start=\"2754\" data-end=\"2942\">\n<p data-start=\"2756\" data-end=\"2942\"><strong data-start=\"2756\" data-end=\"2777\">Validitatea codului QR:<\/strong> Codul QR SEPA este valabil pentru o perioad\u0103 limitat\u0103. V\u0103 rug\u0103m s\u0103 v\u0103 asigura\u021bi c\u0103 scana\u021bi \u0219i aproba\u021bi plata \u00een intervalul de timp dat, altfel plata va trebui s\u0103 fie re\u00eenceput\u0103.<\/p>\n<\/li>\n<\/ul>\n<h4>Contacta\u021bi-ne:<\/h4>\n<p>Dac\u0103 ave\u021bi \u00eentreb\u0103ri sau nel\u0103muriri cu privire la aceast\u0103 politic\u0103 de confiden\u021bialitate, v\u0103 rug\u0103m s\u0103 ne contacta\u021bi:<\/p>\n<p>Telefon: +86 133 6063 1532<\/p>\n<p>Adresa: Room 312, No. 23, Wusha Xinle Road, Chang'an Town, Dongguan<\/p>\t\t\t\t\t\t\t\t<\/div>\n\t\t\t\t\t<\/div>\n\t\t\t\t<\/div>\n\t\t\t\t<\/div>","protected":false},"excerpt":{"rendered":"<p>Buy Vapes with SEPA QR Code at FR Vape At FR Vape, we now offer the ability to purchase your favorite vaping products using the convenient and secure SEPA QR Code payment method. This option is available to customers within the European Union for fast and easy payments directly from your bank account. How to [&#8230;]","protected":false},"author":1,"featured_media":0,"parent":0,"menu_order":0,"comment_status":"closed","ping_status":"closed","template":"","meta":{"footnotes":""},"class_list":["post-7220","page","type-page","status-publish","hentry"],"jetpack_sharing_enabled":true,"_links":{"self":[{"href":"https:\/\/frvape.com\/ro\/wp-json\/wp\/v2\/pages\/7220","targetHints":{"allow":["GET"]}}],"collection":[{"href":"https:\/\/frvape.com\/ro\/wp-json\/wp\/v2\/pages"}],"about":[{"href":"https:\/\/frvape.com\/ro\/wp-json\/wp\/v2\/types\/page"}],"author":[{"embeddable":true,"href":"https:\/\/frvape.com\/ro\/wp-json\/wp\/v2\/users\/1"}],"replies":[{"embeddable":true,"href":"https:\/\/frvape.com\/ro\/wp-json\/wp\/v2\/comments?post=7220"}],"version-history":[{"count":4,"href":"https:\/\/frvape.com\/ro\/wp-json\/wp\/v2\/pages\/7220\/revisions"}],"predecessor-version":[{"id":7240,"href":"https:\/\/frvape.com\/ro\/wp-json\/wp\/v2\/pages\/7220\/revisions\/7240"}],"wp:attachment":[{"href":"https:\/\/frvape.com\/ro\/wp-json\/wp\/v2\/media?parent=7220"}],"curies":[{"name":"wp","href":"https:\/\/api.w.org\/{rel}","templated":true}]}}