{"id":11301,"date":"2025-11-02T04:43:47","date_gmt":"2025-11-02T04:43:47","guid":{"rendered":"https:\/\/frvape.com\/product\/fumot-leopard-40000-disposable-vape-with-led-screen-40000-puffs\/"},"modified":"2026-04-02T15:25:21","modified_gmt":"2026-04-02T15:25:21","slug":"fumot-leopard-40000-vape-de-unica-folosinta-cu-ecran-led-40000-puffs","status":"publish","type":"product","link":"https:\/\/frvape.com\/ro\/product\/fumot-leopard-40000-vape-de-unica-folosinta-cu-ecran-led-40000-puffs\/","title":{"rendered":"Fumot Leopard 40000 Vape de unic\u0103 folosin\u021b\u0103 cu ecran LED | 40,000 Puffs"},"content":{"rendered":"<p>Fumot Leopard 40000 <strong>Vape re\u00eenc\u0103rcabil\u0103 de unic\u0103 folosin\u021b\u0103<\/strong> reprezint\u0103 urm\u0103toarea genera\u021bie \u00een tehnologia de vapat, proiectat\u0103 pentru longevitate \u0219i satisfac\u021bie premium. Cu <strong>baterie de \u00eenalt\u0103 performan\u021b\u0103<\/strong> \u0219i bobin\u0103 cu ochiuri duble, asigur\u0103 o produc\u021bie lin\u0103 de vapori \u0219i o intensitate excep\u021bional\u0103 a aromei, f\u0103c\u00e2ndu-l ideal pentru <strong>furnizori cu ridicata<\/strong> \u0219i distribuitori.<\/p>\n<h3>Caracteristici principale<\/h3>\n<p>Aceasta <strong>vape de unic\u0103 folosin\u021b\u0103<\/strong> se m\u00e2ndre\u0219te cu o <strong>Baterie re\u00eenc\u0103rcabil\u0103 700mAh<\/strong>, \u00een sprijinul <strong>\u00eenc\u0103rcare rapid\u0103 Type-C<\/strong> pentru un timp minim de inactivitate. Sistemul digital <strong>Ecran LED<\/strong> asigur\u0103 urm\u0103rirea \u00een timp real a <strong>num\u0103r de pufuri<\/strong>, nivelul de putere \u0219i starea bateriei, oferind utilizatorilor un control de neegalat. Disponibil \u00een versatilitatea <strong>concentra\u021bii de nicotin\u0103<\/strong> incluz\u00e2nd 0%, 2%, 3% \u0219i 5%, se adreseaz\u0103 tuturor preferin\u021belor, de la utilizatorii f\u0103r\u0103 nicotin\u0103 la cei care doresc o lovitur\u0103 mai puternic\u0103.<\/p>\n<h3>Op\u021biuni de arom\u0103<\/h3>\n<p>Alege\u021bi dintr-o gam\u0103 larg\u0103 de 25 de modele \u00eendr\u0103zne\u021be \u0219i <strong>arome r\u0103coritoare<\/strong>, perfect pentru <strong>vape de unic\u0103 folosin\u021b\u0103<\/strong> entuzia\u0219ti:<br \/>\n<strong>Ghea\u021b\u0103 cu afine<\/strong><br \/>\n<strong>Afine Zmeur\u0103<\/strong><br \/>\n<strong>Pepene galben Bubblegum<\/strong><br \/>\n<strong>Ghea\u021b\u0103 de pepene ro\u0219u<\/strong><br \/>\n<strong>Pepene ro\u0219u cu cire\u0219e \u00eenghe\u021bat<\/strong><br \/>\n<strong>M\u0103r verde Piersic\u0103<\/strong><br \/>\n<strong>Banan\u0103 cu c\u0103p\u0219uni<\/strong><br \/>\n<strong>Dr Blue<\/strong><br \/>\n<strong>Kiwi fructul pasiunii<\/strong><br \/>\n<strong>Ghea\u021b\u0103 de c\u0103p\u0219uni<\/strong><br \/>\n<strong>Pepene ro\u0219u cu c\u0103p\u0219uni<\/strong><br \/>\n<strong>Mure Zmeur\u0103 ro\u0219ie<\/strong><br \/>\n<strong>Limonad\u0103 roz<\/strong><br \/>\n<strong>Dragon negru de ghea\u021b\u0103<\/strong><br \/>\n<strong>Blue Razz Cherry<\/strong><br \/>\n<strong>Piersic\u0103 boabe<\/strong><br \/>\n<strong>New Blue Cherry Cranberry<\/strong><br \/>\n<strong>Peachy Mango Ananas<\/strong><br \/>\n<strong>Meri\u0219or Cire\u0219 Meri\u0219or<\/strong><br \/>\n<strong>Ghea\u021b\u0103 de cire\u0219e<\/strong><br \/>\n<strong>Kiwi fructul pasiunii Guava<\/strong><br \/>\n<strong>Urs de gum\u0103 Blue Razz<\/strong><br \/>\n<strong>Mango fructul pasiunii<\/strong><br \/>\n<strong>Ghea\u021b\u0103 cu afine \u0219i rodie<\/strong><br \/>\n<strong>Fructe de p\u0103dure mixte<\/strong><\/p>\n<h3>Specifica\u021bii tehnice<\/h3>\n<p>Livrarea <strong>40.000 de pufuri<\/strong>, Fumot Leopard 40000 dispune de o <strong>bobin\u0103 durabil\u0103 cu plas\u0103 dubl\u0103<\/strong> pentru performan\u021be constante. Ambalajul include <strong>160 de dispozitive per cutie<\/strong> cu o greutate de ~20,1 kg \u0219i <strong>design compact<\/strong> pentru transport \u0219i depozitare f\u0103r\u0103 probleme. Aceasta <strong>ecologic<\/strong> oferte de solu\u021bii <strong>eficien\u021b\u0103 la volume mari<\/strong>.<\/p>\n<h3>Beneficii pentru comercian\u021bii cu am\u0103nuntul<\/h3>\n<p>Ca un <strong>furnizor en-gros de vape<\/strong>-produs centrat, the <strong>Fumot Leopard<\/strong> se remarc\u0103 prin pre\u021burile competitive direct din fabric\u0103 \u0219i <strong>longevitate<\/strong>. Combina\u021bia sa de <strong>varietate excep\u021bional\u0103 de arome<\/strong>, <strong>re\u00eenc\u0103rcabilitate<\/strong>, \u0219i <strong>afi\u0219are \u00een timp real<\/strong> \u00eel ridic\u0103 pentru <strong>Retaileri europeni<\/strong> caut\u0103 stocuri fiabile. Comanda\u021bi <strong>dispozitiv avansat cu puf 40K<\/strong> pentru a v\u0103 stimula afacerea cu vapori premium, foarte solicita\u021bi.<\/p>","protected":false},"excerpt":{"rendered":"<p>Descoperi\u021bi Fumot Leopard 40000, un <strong>Vape re\u00eenc\u0103rcabil\u0103 de unic\u0103 folosin\u021b\u0103<\/strong> livrarea <strong>40.000 de pufuri<\/strong> cu un puternic <strong>bobin\u0103 cu ochiuri duble<\/strong> \u0219i <strong>ecran LED digital<\/strong>.<br \/>\nBucura\u021bi-v\u0103 de peste 25 <strong>arome \u00eenghe\u021bate \u0219i fructate<\/strong>, <strong>\u00eenc\u0103rcare rapid\u0103 Type-C<\/strong>, \u0219i personalizabile <strong>concentra\u021bii de nicotin\u0103<\/strong><\/p>","protected":false},"featured_media":11295,"comment_status":"open","ping_status":"closed","template":"","meta":[],"product_brand":[186],"product_cat":[885],"product_tag":[1022,1020,904,903,513,75,155],"class_list":{"0":"post-11301","1":"product","2":"type-product","3":"status-publish","4":"has-post-thumbnail","6":"product_brand-fumot","7":"product_cat-fumot","8":"product_tag-000-puffs-vape","9":"product_tag-1020","10":"product_tag-disposable-vape-wholsale","11":"product_tag-fumot-leopard-40000","12":"product_tag-led-screen-vape","13":"product_tag-rechargeable-disposable-vape","14":"product_tag-vape-flavors","16":"first","17":"instock","18":"sale","19":"shipping-taxable","20":"purchasable","21":"product-type-variable"},"jetpack_sharing_enabled":true,"tiered_pricing_type":"fixed","tiered_pricing_fixed_rules":[],"tiered_pricing_product_settings":{"layout":"default","base_unit_name":{"singular":null,"plural":null},"default_variation":null},"tiered_pricing_minimum_quantity":null,"tiered_pricing_roles_data":[],"tiered_pricing_percentage_rules":[],"tiered_pricing_maximum_quantity":null,"tiered_pricing_quantity_step":null,"_links":{"self":[{"href":"https:\/\/frvape.com\/ro\/wp-json\/wp\/v2\/product\/11301","targetHints":{"allow":["GET"]}}],"collection":[{"href":"https:\/\/frvape.com\/ro\/wp-json\/wp\/v2\/product"}],"about":[{"href":"https:\/\/frvape.com\/ro\/wp-json\/wp\/v2\/types\/product"}],"replies":[{"embeddable":true,"href":"https:\/\/frvape.com\/ro\/wp-json\/wp\/v2\/comments?post=11301"}],"wp:featuredmedia":[{"embeddable":true,"href":"https:\/\/frvape.com\/ro\/wp-json\/wp\/v2\/media\/11295"}],"wp:attachment":[{"href":"https:\/\/frvape.com\/ro\/wp-json\/wp\/v2\/media?parent=11301"}],"wp:term":[{"taxonomy":"product_brand","embeddable":true,"href":"https:\/\/frvape.com\/ro\/wp-json\/wp\/v2\/product_brand?post=11301"},{"taxonomy":"product_cat","embeddable":true,"href":"https:\/\/frvape.com\/ro\/wp-json\/wp\/v2\/product_cat?post=11301"},{"taxonomy":"product_tag","embeddable":true,"href":"https:\/\/frvape.com\/ro\/wp-json\/wp\/v2\/product_tag?post=11301"}],"curies":[{"name":"wp","href":"https:\/\/api.w.org\/{rel}","templated":true}]}}