{"id":1303,"date":"2025-10-12T00:48:22","date_gmt":"2025-10-12T00:48:22","guid":{"rendered":"https:\/\/frvape.com\/product\/doloda-pebble-6500-disposable-vape-6500-puffs-rechargeable-type-c\/"},"modified":"2025-11-26T09:18:05","modified_gmt":"2025-11-26T09:18:05","slug":"doloda-pebble-6500-vape-de-unica-folosinta-6500-puffs-reincarcabila-tip-c","status":"publish","type":"product","link":"https:\/\/frvape.com\/ro\/product\/doloda-pebble-6500-vape-de-unica-folosinta-6500-puffs-reincarcabila-tip-c\/","title":{"rendered":"Doloda Pebble 6500 Vape de unic\u0103 folosin\u021b\u0103 | 6500 Puffs, re\u00eenc\u0103rcabil\u0103 Type-C"},"content":{"rendered":"<h3>V\u0103 prezent\u0103m Doloda Pebble 6500<\/h3>\n<p>The <strong>Doloda Pebble 6500<\/strong> este o \u021bigar\u0103 electronic\u0103 de unic\u0103 folosin\u021b\u0103 de calitate superioar\u0103, conceput\u0103 pentru vaperii care caut\u0103 confort, durabilitate \u0219i o experien\u021b\u0103 de vapat prelungit\u0103. Cu o remarcabil\u0103 <strong>6500 pufuri<\/strong> capacitate, acest dispozitiv v\u0103 asigur\u0103 c\u0103 v\u0103 pute\u021bi bucura de e-lichidele dvs. preferate timp de s\u0103pt\u0103m\u00e2ni, f\u0103r\u0103 a fi nevoie de reumplere sau de \u00eenlocuiri frecvente. Ca un adev\u0103rat <strong>vape de unic\u0103 folosin\u021b\u0103<\/strong>, este pre\u00eenc\u0103rcat\u0103 \u0219i preumplut\u0103, fiind gata de utilizare imediat ce este scoas\u0103 din cutie - perfect\u0103 pentru stilul de via\u021b\u0103 \u00een mi\u0219care sau pentru cei noi \u00een vaping. Proiectat cu portabilitatea \u00een minte, designul elegant se potrive\u0219te confortabil \u00een m\u00e2n\u0103, sporind u\u0219urin\u021ba de utilizare, indiferent dac\u0103 sunte\u021bi acas\u0103, c\u0103l\u0103tori\u021bi sau v\u0103 relaxa\u021bi. \u00cembr\u0103\u021bi\u0219a\u021bi un dispozitiv fiabil \u0219i <strong>re\u00eenc\u0103rcabil\u0103 Type-C<\/strong> solu\u021bie cu Doloda Pebble 6500 pentru o experien\u021b\u0103 superioar\u0103.<\/p>\n<h3>Caracteristici \u0219i beneficii cheie<\/h3>\n<p>Doloda Pebble 6500 se remarc\u0103 prin caracteristicile sale inovatoare sus\u021binute de specifica\u021bii de \u00eenalt\u0103 performan\u021b\u0103. Sistemul s\u0103u integrat <strong>bobin\u0103 de plas\u0103<\/strong> (1.2ohm) asigur\u0103 o ie\u0219ire lin\u0103 \u0219i consistent\u0103 a vaporilor \u0219i conservarea intens\u0103 a aromei, oferindu-v\u0103 o lovitur\u0103 mai bogat\u0103 \u0219i mai satisf\u0103c\u0103toare de fiecare dat\u0103. Spre deosebire de concuren\u021bi, aceast\u0103 \u021bigar\u0103 electronic\u0103 ofer\u0103 o capacitate masiv\u0103 de 13 ml de e-lichid, al\u0103turi de o baterie robust\u0103 de 500 mAh (re\u00eenc\u0103rcabil\u0103 prin USB de tip C), permi\u021b\u00e2nd sesiuni de utilizare mai lungi. Alege\u021bi din gama flexibil\u0103 <strong>op\u021biuni de nicotin\u0103<\/strong> inclusiv 0%, 2% \u0219i 5% pentru a se potrivi preferin\u021belor dvs., indiferent dac\u0103 dori\u021bi s\u0103 renun\u021ba\u021bi la fumat, s\u0103 reduce\u021bi consumul de nicotin\u0103 sau s\u0103 v\u0103 bucura\u021bi de o alternativ\u0103 f\u0103r\u0103 nicotin\u0103. \u00cen plus, dispozitivul include trei v\u00e2rfuri de filtru pentru o \u00eentre\u021binere u\u0219oar\u0103 \u0219i o experien\u021b\u0103 igienic\u0103. \u00cen general, Doloda Pebble 6500 minimizeaz\u0103 \u00eentreruperile, economise\u0219te timp \u0219i maximizeaz\u0103 satisfac\u021bia, toate acestea oferind o valoare excep\u021bional\u0103 pentru bani.<\/p>\n<h3>Selec\u021bie rafinat\u0103 de arome<\/h3>\n<p>R\u0103sf\u0103\u021ba\u021bi-v\u0103 cu gama noastr\u0103 divers\u0103 de arome delicioase de e-lichid, toate create pentru a v\u0103 oferi o c\u0103l\u0103torie a gustului de neuitat! Fiecare <strong>arome dispozitiv de unic\u0103 folosin\u021b\u0103<\/strong> este preumplut cu lichide de calitate superioar\u0103, asigur\u00e2nd profiluri vibrante \u0219i autentice. De la \u00eenghe\u021bat\u0103 la dulce, iat\u0103 gama complet\u0103 de arome Doloda Pebble 6500:<br \/><strong>Ghea\u021b\u0103 de struguri<\/strong><br \/><strong>Ghea\u021b\u0103 luxuriant\u0103<\/strong><br \/><strong>Blue Razz Ice<\/strong><br \/><strong>Cafea moca<\/strong><br \/><strong>Mango malaezian<\/strong><br \/><strong>Mure ghea\u021b\u0103<\/strong><br \/><strong>Ment\u0103 cu l\u0103m\u00e2ie<\/strong><br \/><strong>Soda de cire\u0219e<\/strong><br \/><strong>Urs de gum\u0103<\/strong><br \/><strong>Pepene ro\u0219u cu c\u0103p\u0219uni<\/strong><br \/>Aceste arome r\u0103spund unor gusturi variate: op\u021biunile pe baz\u0103 de ghea\u021b\u0103 ofer\u0103 o not\u0103 r\u0103coritoare de prospe\u021bime, \u00een timp ce gusturile mai fructate, precum Mango malaezian \u0219i Pepene galben cu c\u0103p\u0219uni, echilibreaz\u0103 dulcea\u021ba. Preferatele clasice, cum ar fi Cafeaua Mocha, ofer\u0103 o senza\u021bie confortabil\u0103 \u0219i robust\u0103, sporindu-v\u0103 pl\u0103cerea zilnic\u0103.<\/p>\n<h3>Specifica\u021bii detaliate ale produsului<\/h3>\n<p>Aici sunt specifica\u021biile complete pentru Doloda Pebble 6500 pentru a asigura transparen\u021ba \u0219i pentru a v\u0103 ajuta s\u0103 face\u021bi o achizi\u021bie informat\u0103:<br \/><strong>Puffs<\/strong>: 6500 de pufuri pentru utilizare de lung\u0103 durat\u0103<br \/><strong>Nucleu<\/strong>: Bobin\u0103 Mesh, 1.2ohm pentru vapori constan\u021bi<br \/><strong>E-Lichid<\/strong>: 13ml volum preumplut<br \/><strong>Nicotin\u0103<\/strong>: Op\u021biuni 0%\/2%\/5% pentru control personalizat<br \/><strong>Baterie<\/strong>: Putere re\u00eenc\u0103rcabil\u0103 13350-500mAh<br \/><strong>Re\u00eenc\u0103rcabil\u0103<\/strong>: Interfa\u021b\u0103 USB de tip C pentru re\u00eenc\u0103rc\u0103ri rapide<br \/><strong>Sfat de filtrare<\/strong>: *3 buc\u0103\u021bi incluse pentru o igien\u0103 sporit\u0103<br \/><strong>Greutatea produsului<\/strong>: U\u0219or la 60 g pe bucat\u0103<br \/><strong>Dimensiunea produsului<\/strong>: Dimensiuni compacte la 28.5*55*100mm, u\u0219or de transportat<br \/><strong>Dimensiunea cartonului<\/strong>: Transport u\u0219or la 575*300*225mm<br \/><strong>QTY<\/strong>: Eficien\u021b\u0103 \u00een vrac la 200 de buc\u0103\u021bi pe cutie, 10 buc\u0103\u021bi pe cutie<br \/><strong>G.W.<\/strong>: Greutatea total\u0103 a cutiei este de 13,4 kg, ideal\u0103 pentru o manipulare u\u0219oar\u0103<\/p>\n<h3>De ce s\u0103 alege\u021bi Doloda Pebble 6500?<\/h3>\n<p>Doloda Pebble 6500 redefine\u0219te vaporiz\u0103rile de unic\u0103 folosin\u021b\u0103 prin accentul pus pe confort, longevitate \u0219i varietate. Este ideal pentru profesioni\u0219tii ocupa\u021bi, c\u0103l\u0103tori sau vaperi care doresc sesiuni f\u0103r\u0103 probleme - f\u0103r\u0103 mizerie de la \u00eenc\u0103rcare sau \u00eentre\u021binere constant\u0103 \u00eenseamn\u0103 mai mult\u0103 concentrare pe via\u021ba ta. Designul s\u0103u ecologic \u0219i economic utilizeaz\u0103 tehnologia re\u00eenc\u0103rcabil\u0103 pentru a prelungi durata de via\u021b\u0103, contribuind la o amprent\u0103 redus\u0103 asupra mediului. Siguran\u021ba este prioritizat\u0103 cu caracteristici de rezisten\u021b\u0103 la scurgeri \u0219i materiale de \u00eenalt\u0103 calitate care \u00eendeplinesc standardele din industrie. \u00cen cele din urm\u0103, investi\u021bia \u00een acest dispozitiv se traduce prin lini\u0219te sufleteasc\u0103: o op\u021biune premium accesibil\u0103 care ofer\u0103 \u00een mod constant trageri u\u0219oare \u0219i performan\u021be fiabile pentru sesiuni prelungite. Al\u0103tura\u021bi-v\u0103 miilor de utilizatori mul\u021bumi\u021bi care experimenteaz\u0103 revolu\u021bia \u00een <strong>vape de unic\u0103 folosin\u021b\u0103<\/strong> satisfac\u021bie!<\/p>","protected":false},"excerpt":{"rendered":"<p>Experimenta\u021bi revolu\u021bionarul <strong>Doloda Pebble 6500<\/strong>, a <strong>vape de unic\u0103 folosin\u021b\u0103<\/strong> oferind un num\u0103r impresionant de 6500 de sufl\u0103ri.<br \/>Cu avansate <strong>bobin\u0103 de plas\u0103<\/strong> tehnologie \u0219i <strong>re\u00eenc\u0103rcabil\u0103 Type-C<\/strong>, bucura\u021bi-v\u0103 de un vaping ne\u00eentrerupt, de lung\u0103 durat\u0103.<br \/>Disponibil \u00een mai multe variante <strong>op\u021biuni de nicotin\u0103<\/strong> (0%, 2%, 5%) \u0219i o gam\u0103 de actualiz\u0103ri <strong>arome<\/strong> pentru confort maxim.<\/p>","protected":false},"featured_media":1297,"comment_status":"open","ping_status":"closed","template":"","meta":[],"product_brand":[224],"product_cat":[225],"product_tag":[228,112,227,230,77,229],"class_list":{"0":"post-1303","1":"product","2":"type-product","3":"status-publish","4":"has-post-thumbnail","6":"product_brand-doloda","7":"product_cat-doloda-vape","8":"product_tag-6500-puffs","9":"product_tag-disposable-vape","10":"product_tag-doloda-pebble-6500","11":"product_tag-flavors-disposable-device","12":"product_tag-mesh-coil-vape","13":"product_tag-rechargeable-electronic-cigarette","15":"first","16":"instock","17":"sale","18":"shipping-taxable","19":"purchasable","20":"product-type-variable"},"jetpack_sharing_enabled":true,"tiered_pricing_type":"fixed","tiered_pricing_fixed_rules":[],"tiered_pricing_product_settings":{"layout":"default","base_unit_name":{"singular":null,"plural":null},"default_variation":null},"tiered_pricing_minimum_quantity":null,"tiered_pricing_roles_data":[],"tiered_pricing_percentage_rules":[],"tiered_pricing_maximum_quantity":null,"tiered_pricing_quantity_step":null,"_links":{"self":[{"href":"https:\/\/frvape.com\/ro\/wp-json\/wp\/v2\/product\/1303","targetHints":{"allow":["GET"]}}],"collection":[{"href":"https:\/\/frvape.com\/ro\/wp-json\/wp\/v2\/product"}],"about":[{"href":"https:\/\/frvape.com\/ro\/wp-json\/wp\/v2\/types\/product"}],"replies":[{"embeddable":true,"href":"https:\/\/frvape.com\/ro\/wp-json\/wp\/v2\/comments?post=1303"}],"wp:featuredmedia":[{"embeddable":true,"href":"https:\/\/frvape.com\/ro\/wp-json\/wp\/v2\/media\/1297"}],"wp:attachment":[{"href":"https:\/\/frvape.com\/ro\/wp-json\/wp\/v2\/media?parent=1303"}],"wp:term":[{"taxonomy":"product_brand","embeddable":true,"href":"https:\/\/frvape.com\/ro\/wp-json\/wp\/v2\/product_brand?post=1303"},{"taxonomy":"product_cat","embeddable":true,"href":"https:\/\/frvape.com\/ro\/wp-json\/wp\/v2\/product_cat?post=1303"},{"taxonomy":"product_tag","embeddable":true,"href":"https:\/\/frvape.com\/ro\/wp-json\/wp\/v2\/product_tag?post=1303"}],"curies":[{"name":"wp","href":"https:\/\/api.w.org\/{rel}","templated":true}]}}