{"id":13355,"date":"2025-11-02T12:44:55","date_gmt":"2025-11-02T12:44:55","guid":{"rendered":"https:\/\/frvape.com\/product\/bang-box-35000-puffs-disposable-vape-high-battery-35ml-flavor-power\/"},"modified":"2025-11-02T12:45:02","modified_gmt":"2025-11-02T12:45:02","slug":"bang-box-35000-pufuri-de-unica-folosinta-vape-baterie-mare-35ml-putere-aroma","status":"publish","type":"product","link":"https:\/\/frvape.com\/ro\/product\/bang-box-35000-pufuri-de-unica-folosinta-vape-baterie-mare-35ml-putere-aroma\/","title":{"rendered":"Bang Box 35000 Puffs Vape de unic\u0103 folosin\u021b\u0103 - Baterie mare &amp; 35ml Flavor Power"},"content":{"rendered":"<h3>Experimenta\u021bi performan\u021ba suprem\u0103 de vapare<\/h3>\n<p>The <strong>Bang Box 35000<\/strong> Vapa de unic\u0103 folosin\u021b\u0103 Puffs este proiectat\u0103 pentru utilizatorii care cer performan\u021be excep\u021bionale, putere de lung\u0103 durat\u0103 \u0219i satisfac\u021bie cu arom\u0103 pur\u0103. Echipat cu o capacitate mare <strong>Baterie 950mAh<\/strong> \u0219i o <strong>Rata de desc\u0103rcare de 5A<\/strong>, acest dispozitiv fiabil asigur\u0103 o produc\u021bie consistent\u0103 de vapori \u0219i o performan\u021b\u0103 robust\u0103 pentru sesiuni prelungite. Perfect pentru entuzia\u0219tii dornici de rezisten\u021b\u0103, acesta ofer\u0103 p\u00e2n\u0103 la 35.000 de pufuri f\u0103r\u0103 a compromite calitatea sau fine\u021bea.<\/p>\n<h3>Tehnologie avansat\u0103 pentru arome bogate<\/h3>\n<p>Tehnologia sa de ultim\u0103 genera\u021bie <strong>sistem de \u00eenc\u0103lzire<\/strong> combin\u0103 un singur fir de \u00eenc\u0103lzire cu <strong>bobin\u0103 cu ochiuri duble<\/strong> produc\u00e2nd nori gro\u0219i \u0219i densi \u0219i arome intense \u0219i pure cu fiecare fum. Masivul <strong>Capacitate de 35ml e-lichid<\/strong> reduce \u00een mod semnificativ nevoia de reumplere sau \u00eenlocuire, f\u0103c\u00e2ndu-l ideal pentru utilizatorii \u00eenr\u0103i\u021bi \u0219i urm\u0103ritorii de arome care caut\u0103 un confort de neegalat. Fie c\u0103 sunte\u021bi \u00een c\u0103utarea unor nori intensi sau a unor gusturi nuan\u021bate, aceast\u0103 vape ofer\u0103 fiabilitate asigurat\u0103.<\/p>\n<h3>Construc\u021bie robust\u0103 \u0219i specifica\u021bii<\/h3>\n<p>C\u00e2nt\u0103rind doar 105,5 g per dispozitiv \u0219i 1100 g per cutie, Bang Box 35000 exceleaz\u0103 \u00een portabilitate \u0219i durabilitate. Iat\u0103 specifica\u021biile exacte: Capacitatea bateriei: <strong>950mAh<\/strong>, Rata de desc\u0103rcare: 5A, Sistem de \u00eenc\u0103lzire: Un singur fir de \u00eenc\u0103lzire, <strong>bobin\u0103 cu ochiuri duble<\/strong>, Capacitate E-liquid: <strong>35ml<\/strong>, Greutate net\u0103 per dispozitiv: 105.5g, Greutate cutie: 1100g. Aceste caracteristici asigur\u0103 o durat\u0103 de via\u021b\u0103 mai lung\u0103, oferind \u00een acela\u0219i timp o op\u021biune de stil de via\u021b\u0103 echilibrat.<\/p>\n<h3>Diverse op\u021biuni de arome de vapoare<\/h3>\n<p>Alege\u021bi din 12 op\u021biuni interesante <strong>arome vape<\/strong>, disponibile \u00een diferite concentra\u021bii de nicotin\u0103: 0%, 2%, 3% \u0219i 5%. Lista de arome include: 1. Kiwi c\u0103p\u0219uni<br \/>2. Ghea\u021b\u0103 razz albastru<br \/>3. Pepene ro\u0219u cu c\u0103p\u0219uni<br \/>4. Fructul pasiunii<br \/>5. Suc cola cu l\u0103m\u00e2ie<br \/>6. Ghea\u021b\u0103 de pepene ro\u0219u<br \/>7. Gum\u0103 de mestecat pepene galben<br \/>8. Kiwi fructul pasiunii guava<br \/>9. Ghea\u021b\u0103 cu afine<br \/>10. Cire\u0219e pepene galben<br \/>11. Taur ro\u0219u<br \/>12. Ment\u0103 grapefruit. Cu o astfel de varietate, fiecare vaper \u00ee\u0219i g\u0103se\u0219te perechea perfect\u0103 pentru o pl\u0103cere personalizat\u0103.<\/p>\n<h3>Valoare \u0219i atractivitate imbatabile<\/h3>\n<p>Conceput pentru utilizarea zilnic\u0103, modelul <strong>Bang Box 35000<\/strong> asigur\u0103 o vaporizare f\u0103r\u0103 efort cu fluxul de aer neted \u0219i o ie\u0219ire impresionant\u0103 de vapori. Combina\u021bia sa de capacitate ridicat\u0103, livrare consistent\u0103 \u0219i alegeri aromate \u00eel fac s\u0103 se remarce pe pia\u021ba de vape. Pentru sesiuni satisf\u0103c\u0103toare, de lung\u0103 durat\u0103, acest <strong>vape de unic\u0103 folosin\u021b\u0103<\/strong> redefine\u0219te confortul, men\u021bin\u00e2nd \u00een acela\u0219i timp pl\u0103cerea \u00een prim plan - o adev\u0103rat\u0103 putere \u00een inova\u021bia \u0219i stilul vaporilor.<\/p>","protected":false},"excerpt":{"rendered":"<p>The <strong>Bang Box 35000<\/strong> ofer\u0103 p\u00e2n\u0103 la 35.000 de pufuri \u00eentr-un dispozitiv portabil, <strong>vape de unic\u0103 folosin\u021b\u0103<\/strong> cu un <strong>Baterie 950mAh<\/strong> \u0219i <strong>Capacitate de 35ml e-lichid<\/strong> pentru <strong>de lung\u0103 durat\u0103<\/strong> vaping \u0219i livrare de arom\u0103 excep\u021bional\u0103.<\/p>","protected":false},"featured_media":13350,"comment_status":"open","ping_status":"closed","template":"","meta":[],"product_brand":[108],"product_cat":[995],"product_tag":[543,998,112,244,400,155],"class_list":{"0":"post-13355","1":"product","2":"type-product","3":"status-publish","4":"has-post-thumbnail","6":"product_brand-bangbox","7":"product_cat-bangbox","8":"product_tag-950mah-battery","9":"product_tag-bang-box-35000","10":"product_tag-disposable-vape","11":"product_tag-dual-mesh-coil","12":"product_tag-long-lasting-vape","13":"product_tag-vape-flavors","15":"first","16":"instock","17":"sale","18":"shipping-taxable","19":"purchasable","20":"product-type-variable"},"jetpack_sharing_enabled":true,"tiered_pricing_type":"fixed","tiered_pricing_fixed_rules":[],"tiered_pricing_product_settings":{"layout":"default","base_unit_name":{"singular":null,"plural":null},"default_variation":null},"tiered_pricing_minimum_quantity":null,"tiered_pricing_roles_data":[],"tiered_pricing_percentage_rules":[],"tiered_pricing_maximum_quantity":null,"tiered_pricing_quantity_step":null,"_links":{"self":[{"href":"https:\/\/frvape.com\/ro\/wp-json\/wp\/v2\/product\/13355","targetHints":{"allow":["GET"]}}],"collection":[{"href":"https:\/\/frvape.com\/ro\/wp-json\/wp\/v2\/product"}],"about":[{"href":"https:\/\/frvape.com\/ro\/wp-json\/wp\/v2\/types\/product"}],"replies":[{"embeddable":true,"href":"https:\/\/frvape.com\/ro\/wp-json\/wp\/v2\/comments?post=13355"}],"wp:featuredmedia":[{"embeddable":true,"href":"https:\/\/frvape.com\/ro\/wp-json\/wp\/v2\/media\/13350"}],"wp:attachment":[{"href":"https:\/\/frvape.com\/ro\/wp-json\/wp\/v2\/media?parent=13355"}],"wp:term":[{"taxonomy":"product_brand","embeddable":true,"href":"https:\/\/frvape.com\/ro\/wp-json\/wp\/v2\/product_brand?post=13355"},{"taxonomy":"product_cat","embeddable":true,"href":"https:\/\/frvape.com\/ro\/wp-json\/wp\/v2\/product_cat?post=13355"},{"taxonomy":"product_tag","embeddable":true,"href":"https:\/\/frvape.com\/ro\/wp-json\/wp\/v2\/product_tag?post=13355"}],"curies":[{"name":"wp","href":"https:\/\/api.w.org\/{rel}","templated":true}]}}