{"id":1641,"date":"2025-10-12T02:08:58","date_gmt":"2025-10-12T02:08:58","guid":{"rendered":"https:\/\/frvape.com\/product\/doloda-mini-bar-800-puffs-rechargeable-disposable-vape\/"},"modified":"2025-10-12T02:09:04","modified_gmt":"2025-10-12T02:09:04","slug":"doloda-mini-bar-800-puffs-reincarcabila-de-unica-folosinta-vape","status":"publish","type":"product","link":"https:\/\/frvape.com\/ro\/product\/doloda-mini-bar-800-puffs-reincarcabila-de-unica-folosinta-vape\/","title":{"rendered":"Doloda Mini Bar 800 Puffs Vape re\u00eenc\u0103rcabile de unic\u0103 folosin\u021b\u0103"},"content":{"rendered":"<h3>Introducere la Doloda Mini Bar 800<\/h3>\n<p>Face\u021bi cuno\u0219tin\u021b\u0103 cu DOLODA Mini Bar 800 Puffs Disposable Vape, o solu\u021bie de vapat compact\u0103 \u0219i eficient\u0103, proiectat\u0103 pentru persoanele care caut\u0103 comoditate \u0219i performan\u021b\u0103 ridicat\u0103 \u00een rutinele lor zilnice. Acest dispozitiv se m\u00e2ndre\u0219te cu o capacitate impresionant\u0103 de 800 de pufuri, asigur\u00e2nd sesiuni de vapat prelungite f\u0103r\u0103 a fi nevoie de reumplere constant\u0103. Ideal pentru stilul de via\u021b\u0103 ocupat, acesta combin\u0103 <strong>produc\u021bie superioar\u0103 de vapori<\/strong> cu <strong>durat\u0103 de via\u021b\u0103 robust\u0103 a bateriei<\/strong> pentru a oferi o experien\u021b\u0103 pl\u0103cut\u0103 \u0219i aromat\u0103. Fabricat din materiale premium, dispozitivul este u\u0219or pentru portabilitate, men\u021bin\u00e2nd \u00een acela\u0219i timp durabilitatea pentru o utilizare fiabil\u0103. Designul s\u0103u elegant \u0219i modern se potrive\u0219te confortabil \u00een m\u00e2n\u0103 sau \u00een buzunar, f\u0103c\u00e2ndu-l un companion perfect pentru c\u0103l\u0103torii, munc\u0103 sau timp liber. Caracteristicile <strong>caracteristic\u0103 re\u00eenc\u0103rcabil\u0103<\/strong> adaug\u0103 o not\u0103 ecologic\u0103, reduc\u00e2nd de\u0219eurile \u00een compara\u021bie cu alternativele nere\u00eenc\u0103rcabile.<\/p>\n<h3>Specifica\u021biile produsului<\/h3>\n<p>Explora\u021bi ingineria precis\u0103 din spatele DOLODA Mini Bar 800 pentru a \u00een\u021belege de ce iese \u00een eviden\u021b\u0103 pe pia\u021ba vapei de unic\u0103 folosin\u021b\u0103.<br \/>Puffs: <strong>800 de pufuri<\/strong><br \/>Rezisten\u021ba de baz\u0103: <strong>1.6ohm<\/strong><br \/>Capacitate E-Liquid: <strong>2.5ml<\/strong><br \/>Op\u021biuni de putere a nicotinei: <strong>2%<\/strong> \u0219i <strong>5%<\/strong> (disponibil \u0219i \u00een 0%)<br \/>Baterie: <strong>801640-480mah<\/strong> re\u00eenc\u0103rcabil\u0103<br \/>Greutatea produsului: <strong>35.5g per bucat\u0103<\/strong><br \/>Dimensiunea produsului: <strong>121.5*24.5*24.5 mm<\/strong><br \/>Carton Dimensiuni: <strong>546*265*270 mm<\/strong><br \/>Cantitate per cutie: <strong>10 buc\u0103\u021bi \/ cutie<\/strong><br \/>Cantitate per cutie: <strong>400pcs\/ctn<\/strong><br \/>Greutate brut\u0103: <strong>15.5KG<\/strong><br \/>Aceste specifica\u021bii eviden\u021biaz\u0103 urm\u0103toarele caracteristici ale dispozitivului <strong>tehnologie eficient\u0103 a bobinei<\/strong> \u0219i <strong>utilizare optimizat\u0103 a e-juice-ului<\/strong>, asigur\u00e2ndu-se c\u0103 fiecare puf este consistent \u0219i bogat.<\/p>\n<h3>Varietate de arome<\/h3>\n<p>Alege\u021bi dintr-o selec\u021bie larg\u0103 de <strong>10 arome rafinate<\/strong> pentru a se potrivi cu preferin\u021bele palatului personal.<br \/>Arome: <strong>Blue Razz Ice<\/strong>, <strong>Iaurt cu c\u0103p\u0219uni<\/strong>, <strong>Pina Colada<\/strong>, <strong>Aloe Strugure<\/strong>, <strong>Ghea\u021b\u0103 luxuriant\u0103<\/strong>, <strong>Ghea\u021b\u0103 cu ment\u0103<\/strong>, <strong>Piersic\u0103 ghea\u021b\u0103<\/strong>, <strong>M\u0103r acru<\/strong>, <strong>Banan\u0103 ghea\u021b\u0103<\/strong>, <strong>Mango Melon Ice<\/strong><br \/>Fiecare arom\u0103 este creat\u0103 cu <strong>ingrediente premium<\/strong> pentru a evoca senza\u021bii r\u0103coritoare - de exemplu, <strong>Ghea\u021b\u0103 cu ment\u0103<\/strong> combin\u0103 r\u0103coarea cu note lini\u0219titoare, \u00een timp ce <strong>Aloe Strugure<\/strong> ofer\u0103 o evadare suculent\u0103, tropical\u0103. Acest portofoliu extins asigur\u0103 c\u0103 to\u021bi utilizatorii \u00ee\u0219i g\u0103sesc perechea ideal\u0103 pentru o <strong>c\u0103l\u0103torie pl\u0103cut\u0103 de vapat<\/strong>.<\/p>\n<h3>Performan\u021b\u0103 \u0219i caracteristici<\/h3>\n<p>Alimentat de un <strong>baterie fiabil\u0103 de 500mAh<\/strong> \u0219i o precizie <strong>Rezisten\u021ba bobinei 1.6ohm<\/strong>, DOLODA Mini Bar garanteaz\u0103 <strong>produc\u021bie consistent\u0103 de vapori<\/strong> \u0219i <strong>livrare arom\u0103 intens\u0103<\/strong>. Spre deosebire de concuren\u021bi, tehnologia sa cu bobin\u0103 mesh optimizeaz\u0103 evaporarea e-lichidului pentru inhal\u0103ri mai u\u0219oare \u0219i nori mai plini. Caracteristicile <strong>capacitate generoas\u0103 de 2,5 ml<\/strong> minimizeaz\u0103 frecven\u021ba de reumplere, \u00een timp ce nivelurile de nicotin\u0103 cuprinse \u00eentre 0% \u0219i 5% se adreseaz\u0103 at\u00e2t consumatorilor ocazionali, c\u00e2t \u0219i <strong>vaperi dedica\u021bi<\/strong>. Un design inovator al fluxului de aer \u00eembun\u0103t\u0103\u021be\u0219te satisfac\u021bia tragerii, f\u0103c\u00e2nd fiecare fum f\u0103r\u0103 efort \u0219i pl\u0103cut. Dispozitivul este re\u00eenc\u0103rcabil prin USB-C standard, ad\u0103ug\u00e2nd <strong>eficien\u021ba costurilor<\/strong> deoarece extinde capacitatea de utilizare f\u0103r\u0103 \u00eenlocuirea prematur\u0103 a bateriilor.<\/p>\n<h3>Personalizare \u0219i disponibilitate<\/h3>\n<p>DOLODA Mini Bar 800 exceleaz\u0103 \u00een personalizare prin <strong>Compatibilitatea proiectelor OEM<\/strong>, permi\u021b\u00e2nd \u00eentreprinderilor s\u0103 personalizeze dispozitivele cu logo-uri sau m\u0103rci personalizate pentru un <strong>identitate unic\u0103 de vaping<\/strong>. Cump\u0103r\u0103torii \u00een vrac beneficiaz\u0103 de ambalajul simplificat: unit\u0103\u021bile sunt prezentate \u00een cutii de 10, fiecare cutie con\u021bin\u00e2nd 400 de dispozitive, simplific\u00e2nd <strong>distribu\u021bie cu am\u0103nuntul<\/strong>. Acest lucru \u00eel face o op\u021biune excelent\u0103 pentru magazine, angrosi\u0219ti sau evenimente care caut\u0103 solu\u021bii de marc\u0103. \u00cen general, dispozitivul \u00eembin\u0103 <strong>performan\u021b\u0103<\/strong> \u0219i <strong>confort<\/strong>, oferind o experien\u021b\u0103 f\u0103r\u0103 complica\u021bii.<\/p>\n<h3>De ce s\u0103 alege\u021bi Doloda Mini Bar 800?<\/h3>\n<p>Ca lider \u00een vaparea de unic\u0103 folosin\u021b\u0103, DOLODA Mini Bar combin\u0103 <strong>num\u0103r de pufuri de lung\u0103 durat\u0103<\/strong> \u0219i <strong>versatilitatea aromei<\/strong> \u00eentr-o singur\u0103 unitate elegant\u0103. Acesta suport\u0103 un <strong>mecanism re\u00eenc\u0103rcabil<\/strong> pentru a promova durabilitatea, \u00een timp ce <strong>gam\u0103 larg\u0103 de nicotin\u0103<\/strong> asigur\u0103 flexibilitate pentru toate preferin\u021bele utilizatorului. Cu bateria sa robust\u0103 \u0219i sistemul de bobine, promite fiabilitate de neegalat \u0219i pl\u0103cere \u00een fiecare utilizare. Fie c\u0103 sunte\u021bi un nou venit sau un entuziast al vapatului, acest produs reprezint\u0103 o <strong>solu\u021bia final\u0103<\/strong> pentru nevoile zilnice, sus\u021binut de accesibilitate global\u0103 \u0219i oportunit\u0103\u021bi OEM. \u00cembr\u0103\u021bi\u0219a\u021bi acest dispozitiv inovator pentru a redefini experien\u021ba dvs. de vaping ast\u0103zi!<\/p>","protected":false},"excerpt":{"rendered":"<p>Descoperi\u021bi <strong>DOLODA Mini Bar 800 Puffs<\/strong> vape de unic\u0103 folosin\u021b\u0103 cu un <strong>800 de pufuri de lung\u0103 durat\u0103<\/strong> num\u0103r \u0219i <strong>design re\u00eenc\u0103rcabil<\/strong>.<br \/>Dispune de un impresionant <strong>2.5ml capacitate e-lichid<\/strong> \u0219i op\u021biuni de nicotin\u0103 de la <strong>0% p\u00e2n\u0103 la 5%<\/strong> pentru o experien\u021b\u0103 satisf\u0103c\u0103toare.<br \/>Bucura\u021bi-v\u0103 de o gam\u0103 variat\u0103 de <strong>10 arome delicioase<\/strong> cum ar fi Mint Ice \u0219i Banana Ice.<\/p>","protected":false},"featured_media":1635,"comment_status":"open","ping_status":"closed","template":"","meta":[],"product_brand":[224],"product_cat":[225],"product_tag":[274,184,273,272,75,275],"class_list":{"0":"post-1641","1":"product","2":"type-product","3":"status-publish","4":"has-post-thumbnail","6":"product_brand-doloda","7":"product_cat-doloda-vape","8":"product_tag-2-nicotine-e-cig","9":"product_tag-5-nicotine-vape","10":"product_tag-800-puffs-vape","11":"product_tag-doloda-mini-bar-800","12":"product_tag-rechargeable-disposable-vape","13":"product_tag-vape-flavor-variety","15":"first","16":"instock","17":"sale","18":"shipping-taxable","19":"purchasable","20":"product-type-variable"},"jetpack_sharing_enabled":true,"tiered_pricing_type":"fixed","tiered_pricing_fixed_rules":[],"tiered_pricing_product_settings":{"layout":"default","base_unit_name":{"singular":null,"plural":null},"default_variation":null},"tiered_pricing_minimum_quantity":null,"tiered_pricing_roles_data":[],"tiered_pricing_percentage_rules":[],"tiered_pricing_maximum_quantity":null,"tiered_pricing_quantity_step":null,"_links":{"self":[{"href":"https:\/\/frvape.com\/ro\/wp-json\/wp\/v2\/product\/1641","targetHints":{"allow":["GET"]}}],"collection":[{"href":"https:\/\/frvape.com\/ro\/wp-json\/wp\/v2\/product"}],"about":[{"href":"https:\/\/frvape.com\/ro\/wp-json\/wp\/v2\/types\/product"}],"replies":[{"embeddable":true,"href":"https:\/\/frvape.com\/ro\/wp-json\/wp\/v2\/comments?post=1641"}],"wp:featuredmedia":[{"embeddable":true,"href":"https:\/\/frvape.com\/ro\/wp-json\/wp\/v2\/media\/1635"}],"wp:attachment":[{"href":"https:\/\/frvape.com\/ro\/wp-json\/wp\/v2\/media?parent=1641"}],"wp:term":[{"taxonomy":"product_brand","embeddable":true,"href":"https:\/\/frvape.com\/ro\/wp-json\/wp\/v2\/product_brand?post=1641"},{"taxonomy":"product_cat","embeddable":true,"href":"https:\/\/frvape.com\/ro\/wp-json\/wp\/v2\/product_cat?post=1641"},{"taxonomy":"product_tag","embeddable":true,"href":"https:\/\/frvape.com\/ro\/wp-json\/wp\/v2\/product_tag?post=1641"}],"curies":[{"name":"wp","href":"https:\/\/api.w.org\/{rel}","templated":true}]}}