{"id":2199,"date":"2025-10-12T03:04:37","date_gmt":"2025-10-12T03:04:37","guid":{"rendered":"https:\/\/frvape.com\/product\/aivono-aim-fatpro-22000-disposable-vape-up-to-22000-puffs-with-direct-lung-design\/"},"modified":"2025-12-16T09:37:01","modified_gmt":"2025-12-16T09:37:01","slug":"aivono-aim-fatpro-22000-de-unica-folosinta-vape-pana-la-22000-puffs-cu-design-direct-lung","status":"publish","type":"product","link":"https:\/\/frvape.com\/ro\/product\/aivono-aim-fatpro-22000-de-unica-folosinta-vape-pana-la-22000-puffs-cu-design-direct-lung\/","title":{"rendered":"Aivono Aim Fatpro 22000 Vape de unic\u0103 folosin\u021b\u0103 - P\u00e2n\u0103 la 22.000 de fumuri cu design Direct Lung"},"content":{"rendered":"<h3>Prezentare general\u0103 a produsului<\/h3>\n<p>Descoperi\u021bi confortul \u0219i pl\u0103cerea supreme cu <strong>Aivono Aim Fatpro 22000 vape de unic\u0103 folosin\u021b\u0103<\/strong>. Proiectat pentru putere \u0219i rezisten\u021b\u0103, acest dispozitiv ofer\u0103 p\u00e2n\u0103 la <strong>22.000 de pufuri<\/strong> pentru sesiuni de vapat ne\u00eentrerupte, f\u0103c\u00e2ndu-l o alegere de top pentru pasiona\u021bii de cloud \u0219i de narghilea.<br \/>Cu un <strong>Baterie robust\u0103 de 600mAh din cobalt pur<\/strong> \u0219i <strong>\u00eenc\u0103rcare rapid\u0103 Type-C<\/strong>, asigur\u0103 o reutilizare fiabil\u0103, \u00een timp ce <strong>DTL (pl\u0103m\u00e2n direct)<\/strong> designul produce nori de vapori volumino\u0219i pentru o imersiune asem\u0103n\u0103toare narghilelei.<\/p>\n<h3>Caracteristici principale<\/h3>\n<p><strong>Num\u0103r mare de pufuri:<\/strong> Acest vape ofer\u0103 o senza\u021bie de neegalat <strong>22.000 de pufuri per dispozitiv<\/strong>, dep\u0103\u0219ind op\u021biunile standard de unic\u0103 folosin\u021b\u0103.<br \/>Aceasta <strong>rezisten\u021b\u0103 excep\u021bional\u0103<\/strong> se adreseaz\u0103 utilizatorilor \u00eenr\u0103i\u021bi prin eliminarea re\u00eenc\u0103rc\u0103rilor sau \u00eenc\u0103rc\u0103rilor frecvente.<br \/><strong>Design direct al pl\u0103m\u00e2nilor (DTL):<\/strong> Optimizat pentru <strong>inhalare pulmonar\u0103<\/strong> pentru a crea nori masivi de vapori, aceast\u0103 caracteristic\u0103 este ideal\u0103 pentru utilizatorii care caut\u0103 o satisfac\u021bie profund\u0103, asem\u0103n\u0103toare narghilelei.<br \/><strong>Arome inspirate de narghilea:<\/strong> Experimenta\u021bi gusturi bogate \u0219i aromate care reproduc senza\u021biile tradi\u021bionale ale narghilelei.<br \/>Tehnologia avansat\u0103 de arom\u0103 asigur\u0103 c\u0103 fiecare fum ofer\u0103 un abur consistent \u0219i fin, adaptat la <strong>pasiona\u021bi de narghilea<\/strong>.<br \/><strong>Func\u021bionare f\u0103r\u0103 ulei:<\/strong> Chiar \u0219i cu epuizarea <strong>niveluri de e-lichid<\/strong>, dispozitivul continu\u0103 s\u0103 func\u021bioneze f\u0103r\u0103 probleme.<br \/>Aceast\u0103 inova\u021bie previne \u00eentreruperile nea\u0219teptate, de\u0219i este recomandat\u0103 reumplerea la timp pentru a proteja <strong>miezul atomizorului<\/strong> \u0219i prelungi\u021bi durata de via\u021b\u0103 a dispozitivului.<br \/><strong>Capacitate substan\u021bial\u0103 de E-Liquid:<\/strong> Cu un generos <strong>28ml capacitate e-lichid<\/strong>, minimizeaz\u0103 frecven\u021ba de reumplere.<br \/>Acest volum mare suport\u0103 mii de pufuri f\u0103r\u0103 a compromite <strong>calitatea vaporilor<\/strong>.<br \/><strong>Performan\u021b\u0103 robust\u0103 a bateriei:<\/strong> Bucura\u021bi-v\u0103 de o putere constant\u0103 de la sistemul integrat <strong>Baterie cu miez de cobalt pur<\/strong>.<br \/>The <strong>Capacitate 600mAh<\/strong> permite re\u00eenc\u0103rcarea eficient\u0103 prin sistemul modern <strong>Port de tip C<\/strong> pentru re\u00eenc\u0103rc\u0103ri rapide \u00een orice mediu.<br \/><strong>Mesh Coil Tehnologie:<\/strong> The <strong>Bobin\u0103 cu ochiuri de rezisten\u021b\u0103 de 0,6\u03a9<\/strong> garanteaz\u0103 o produc\u021bie superioar\u0103 de vapori cu o claritate sporit\u0103 a aromei.<br \/>Acesta func\u021bioneaz\u0103 eficient pentru a men\u021bine <strong>gust bogat consisten\u021b\u0103<\/strong> chiar \u0219i la un num\u0103r mare de pufuri.<\/p>\n<h3>Func\u021bionalitate avansat\u0103<\/h3>\n<p>Experimenta\u021bi inova\u021biile u\u0219or de utilizat cu un sistem integrat <strong>afi\u0219aj digital<\/strong> care arat\u0103 \u00een mod clar <strong>puterea r\u0103mas\u0103 a bateriei<\/strong> \u0219i <strong>niveluri de e-lichid<\/strong>.<br \/><strong>Portabilitate u\u0219oar\u0103<\/strong> este un avantaj de baz\u0103 la doar <strong>96g greutate net\u0103<\/strong>, permi\u021b\u00e2nd vaparea u\u0219oar\u0103 \u00een mi\u0219care.<br \/>\u00cen plus, nicotinele personalizabile r\u0103spund preferin\u021belor personale, cu op\u021biuni pentru <strong>0%, 2%, 3% sau 5% con\u021binut de sare de nicotin\u0103<\/strong> pentru a corespunde toleran\u021bei dumneavoastr\u0103.<\/p>\n<h3>Arome disponibile<\/h3>\n<p><strong>Lista de arome:<\/strong> Exploreaz\u0103 <strong>gusturi asem\u0103n\u0103toare narghilelei<\/strong> cu o selec\u021bie bogat\u0103 pentru fiecare palat:<br \/><strong>Ghea\u021b\u0103 luxuriant\u0103<\/strong><br \/><strong>Vis lucid<\/strong><br \/><strong>Dou\u0103 mere<\/strong><br \/><strong>Strugure Min<\/strong><br \/><strong>Cire\u0219e Zmeur\u0103<\/strong><br \/><strong>Ghea\u021b\u0103 de fructe de p\u0103dure<\/strong><br \/><strong>Piersic\u0103 ghea\u021b\u0103<\/strong><br \/><strong>Dragoste 66<\/strong><br \/><strong>Punch de c\u0103p\u0219uni<\/strong><br \/><strong>Gum\u0103 de afine<\/strong><br \/>Fiecare <strong>op\u021biune de arom\u0103<\/strong> reproduce ad\u00e2ncimea tradi\u021bional\u0103 a narghilelei, oferind \u00een acela\u0219i timp un abur neted \u0219i intens.<\/p>\n<h3>Specifica\u021biile produsului<\/h3>\n<p><strong>Specifica\u021bii esen\u021biale:<\/strong> Puff Count: <strong>22,000 pufuri DTL<\/strong><br \/>Capacitate E-liquid: <strong>28ml<\/strong><br \/>Tehnologia bateriei: <strong>Baterie 18250 cobalt pur<\/strong> cu <strong>Capacitate 600mAh<\/strong> (re\u00eenc\u0103rcabil\u0103)<br \/>\u00cenc\u0103rcare: <strong>Port de tip C<\/strong> sus\u021binut<br \/>Cablu de \u00eenc\u0103lzire: <strong>Bobin\u0103 cu ochiuri de 0,6\u03a9<\/strong> pentru vapori optimi<br \/>Dimensiuni dispozitiv: <strong>32\u00d7126mm<\/strong><br \/>Singur Greutate: <strong>96g<\/strong><br \/>Op\u021biuni de sare de nicotin\u0103: <strong>0%, 2%, 3%, 5%<\/strong><br \/>Func\u021bii de baz\u0103: <strong>Inhalare pulmonar\u0103<\/strong>, baterie digital\u0103 \u0219i afi\u0219aj ulei, <strong>simulare arom\u0103 narghilea<\/strong><br \/>Detalii de ambalare: Dimensiune cutie mic\u0103 (<strong>40\u00d740\u00d7140mm<\/strong>), Dimensiuni mari ale cutiei (<strong>83\u00d7140\u00d7120mm<\/strong>), Cutia standard de\u021bine <strong>200 de buc\u0103\u021bi per cutie<\/strong>, cu dimensiunile totale ale cutiei (<strong>68.5\u00d738\u00d724cm<\/strong>) \u0219i greutate (<strong>20 kg<\/strong>) pentru manipularea \u00een vrac.<br \/>Suport OEM\/ODM: Op\u021biuni complete de personalizare pentru clien\u021bii en-gros.<\/p>\n<h3>Valoare \u0219i calitate<\/h3>\n<p>The <strong>Aivono Aim Fatpro 22000<\/strong> livreaz\u0103 <strong>valoare excep\u021bional\u0103<\/strong> prin echilibrarea caracteristicilor premium cu accesibilitatea.<br \/>Pre\u021bul s\u0103u competitiv se potrive\u0219te vaperilor aten\u021bi la buget care caut\u0103 economii pe termen lung.<br \/>Sprijinit de <strong>asigurare de \u00eenalt\u0103 calitate<\/strong>, fiecare dispozitiv respect\u0103 standarde stricte de produc\u021bie pentru fiabilitate.<br \/>noastre <strong>asisten\u021b\u0103 dedicat\u0103 clien\u021bilor<\/strong> asigur\u0103 o experien\u021b\u0103 de cump\u0103rare f\u0103r\u0103 cusur \u0219i <strong>expediere prompt\u0103<\/strong> op\u021biunile garanteaz\u0103 aprovizionarea \u00een timp util a \u00eentreprinderilor.<br \/>Perfect pentru parteneriatele cu ridicata, suport\u0103 scalabil <strong>Personalizare OEM\/ODM<\/strong>.<\/p>","protected":false},"excerpt":{"rendered":"<p>The <strong>Aivono Aim Fatpro 22000<\/strong> ofer\u0103 un impresionant <strong>22.000 de pufuri<\/strong> \u00eentr-un loc convenabil <strong>vape de unic\u0103 folosin\u021b\u0103<\/strong>, cu <strong>Design DTL<\/strong> \u0219i autentic <strong>arome narghilea<\/strong> pentru o c\u0103l\u0103torie de vapat \u00eembun\u0103t\u0103\u021bit\u0103.<br \/>Bucura\u021bi-v\u0103 de performan\u021b\u0103 de lung\u0103 durat\u0103 cu un <strong>28ml capacitate e-lichid<\/strong> \u0219i reutilizabile <strong>\u00cenc\u0103rcare de tip C<\/strong> \u00een mai multe concentra\u021bii de nicotin\u0103.<\/p>","protected":false},"featured_media":2193,"comment_status":"open","ping_status":"closed","template":"","meta":[],"product_brand":[165],"product_cat":[951],"product_tag":[1022,1121,321,112,319,320,84],"class_list":{"0":"post-2199","1":"product","2":"type-product","3":"status-publish","4":"has-post-thumbnail","6":"product_brand-aivono","7":"product_cat-aivono","8":"product_tag-000-puffs-vape","9":"product_tag-1121","10":"product_tag-aivono-fatpro-22000","11":"product_tag-disposable-vape","12":"product_tag-dtl-electronic-cigarette","13":"product_tag-hookah-flavor-vape","14":"product_tag-rechargeable-vape-pen","16":"first","17":"instock","18":"sale","19":"shipping-taxable","20":"purchasable","21":"product-type-variable"},"jetpack_sharing_enabled":true,"tiered_pricing_type":"fixed","tiered_pricing_fixed_rules":[],"tiered_pricing_product_settings":{"layout":"default","base_unit_name":{"singular":null,"plural":null},"default_variation":null},"tiered_pricing_minimum_quantity":null,"tiered_pricing_roles_data":[],"tiered_pricing_percentage_rules":[],"tiered_pricing_maximum_quantity":null,"tiered_pricing_quantity_step":null,"_links":{"self":[{"href":"https:\/\/frvape.com\/ro\/wp-json\/wp\/v2\/product\/2199","targetHints":{"allow":["GET"]}}],"collection":[{"href":"https:\/\/frvape.com\/ro\/wp-json\/wp\/v2\/product"}],"about":[{"href":"https:\/\/frvape.com\/ro\/wp-json\/wp\/v2\/types\/product"}],"replies":[{"embeddable":true,"href":"https:\/\/frvape.com\/ro\/wp-json\/wp\/v2\/comments?post=2199"}],"wp:featuredmedia":[{"embeddable":true,"href":"https:\/\/frvape.com\/ro\/wp-json\/wp\/v2\/media\/2193"}],"wp:attachment":[{"href":"https:\/\/frvape.com\/ro\/wp-json\/wp\/v2\/media?parent=2199"}],"wp:term":[{"taxonomy":"product_brand","embeddable":true,"href":"https:\/\/frvape.com\/ro\/wp-json\/wp\/v2\/product_brand?post=2199"},{"taxonomy":"product_cat","embeddable":true,"href":"https:\/\/frvape.com\/ro\/wp-json\/wp\/v2\/product_cat?post=2199"},{"taxonomy":"product_tag","embeddable":true,"href":"https:\/\/frvape.com\/ro\/wp-json\/wp\/v2\/product_tag?post=2199"}],"curies":[{"name":"wp","href":"https:\/\/api.w.org\/{rel}","templated":true}]}}