{"id":2623,"date":"2025-10-12T03:50:38","date_gmt":"2025-10-12T03:50:38","guid":{"rendered":"https:\/\/frvape.com\/product\/bang-king-13000-disposable-vape-13000-puffs-mesh-coil-16-flavors\/"},"modified":"2025-11-04T01:45:07","modified_gmt":"2025-11-04T01:45:07","slug":"bang-king-13000-vape-de-unica-folosinta-13000-puffs-mesh-coil-16-arome","status":"publish","type":"product","link":"https:\/\/frvape.com\/ro\/product\/bang-king-13000-vape-de-unica-folosinta-13000-puffs-mesh-coil-16-arome\/","title":{"rendered":"Bang King 13000 Vape de unic\u0103 folosin\u021b\u0103 - 13.000 de fumuri, bobin\u0103 Mesh \u0219i 16 arome"},"content":{"rendered":"<p>The <strong>Bang King 13000<\/strong> ridic\u0103 vapatul de unic\u0103 folosin\u021b\u0103 la noi \u00een\u0103l\u021bimi, combin\u00e2nd <strong>caracteristici exclusive<\/strong> cu un <strong>design durabil<\/strong> perfect pentru sesiuni prelungite \u0219i distrac\u021bie pe fug\u0103. Proiectat cu un puternic <strong>650mAh<\/strong> baterie \u0219i <strong>Tip C<\/strong> men\u021bine performan\u021be constante f\u0103r\u0103 re\u00eenc\u0103rcare constant\u0103. Dispun\u00e2nd de <strong>23ml<\/strong> capacitatea de e-lichid \u0219i <strong>0,6\u03a9 rezisten\u021b\u0103<\/strong>, acest dispozitiv valorific\u0103 tehnologia de ultim\u0103 or\u0103 <strong>bobin\u0103 de plas\u0103<\/strong> <strong>tehnologie<\/strong> pentru a intensifica aromele pentru fiecare fum. Alege\u021bi din mai multe concentra\u021bii de nicotin\u0103-<strong>0%<\/strong>, <strong>2%<\/strong>, <strong>3%<\/strong>, sau <strong>5%<\/strong>-\u00een func\u021bie de preferin\u021bele dvs.<\/p>\n<h3>Ergonomie tip stilou<\/h3>\n<p>Savura\u021bi confortul sub\u021birei sale, <strong>inspirat din stilou<\/strong> structur\u0103, meticulos creat\u0103 pentru o prindere sigur\u0103 \u00een timpul utiliz\u0103rii prelungite. M\u0103sur\u00e2nd doar <strong>113mm x 32mm<\/strong> \u0219i c\u00e2nt\u0103rind un simplu <strong>85g<\/strong>, se potrive\u0219te f\u0103r\u0103 efort \u00een buzunare sau gen\u021bi, amestec\u00e2ndu-se <strong>portabilitate<\/strong> cu o estetic\u0103 sofisticat\u0103 pentru vaping discret.<\/p>\n<h3>Performan\u021b\u0103 avansat\u0103 a bobinei Mesh<\/h3>\n<p>Stimuleaz\u0103-\u021bi c\u0103l\u0103toria de vapat cu dispozitivul integrat <strong>bobin\u0103 de plas\u0103<\/strong>, care transform\u0103 fiecare fum \u00eentr-o experien\u021b\u0103 mai fin\u0103 \u0219i mai bogat\u0103. Aceast\u0103 tehnologie inovatoare spore\u0219te intensitatea aromei \u0219i produc\u021bia de vapori, asigur\u00e2nd lovituri constant satisf\u0103c\u0103toare at\u00e2t pentru <strong>vaperi noi<\/strong> \u0219i cunosc\u0103tori deopotriv\u0103.<\/p>\n<h3>Capacitate masiv\u0103 de puf<\/h3>\n<p>Bucura\u021bi-v\u0103 de o valoare f\u0103r\u0103 precedent cu <strong>13.000 de pufuri<\/strong> care reduc frecven\u021ba \u00eenlocuirii. Proiectat pentru durabilitate, acesta ofer\u0103 o solu\u021bie rentabil\u0103 pentru a v\u0103 men\u021bine vapatul mai mult timp cu mai pu\u021bine elimin\u0103ri, ideal pentru utilizatorii intensivi care acord\u0103 prioritate longevit\u0103\u021bii.<\/p>\n<h3>Varietate extins\u0103 de arome<\/h3>\n<p>R\u0103sf\u0103\u021ba\u021bi-v\u0103 cu 16 produse curatate <strong>arome vape<\/strong>, inclusiv op\u021biuni interesante \u00een profiluri de fructe, \u00eenghe\u021bate \u0219i deserturi:<\/p>\n<ul>\n<li>Piersic\u0103 BLUEBERRY<\/li>\n<li>Piersic\u0103 ghea\u021b\u0103<\/li>\n<li>Fructe de p\u0103dure mixte<\/li>\n<li>GHEA\u021a\u0102 DE PEPENE GALBEN<\/li>\n<li>Kiwi cu c\u0103p\u0219uni<\/li>\n<li>Banan\u0103 cu c\u0103p\u0219uni<\/li>\n<li>Rassberry pepene galben<\/li>\n<li>ghea\u021b\u0103 de c\u0103p\u0219uni<\/li>\n<li>Kiwi fructul pasiunii guava<\/li>\n<li>C\u0102P\u0218UNI PEPENE GALBEN<\/li>\n<li>Aloe Strugure<\/li>\n<li>Mango Piersic\u0103<\/li>\n<li>PASSION KISS<\/li>\n<li>ghea\u021b\u0103 blue razz<\/li>\n<li>COLA DE CIRE\u0218E<\/li>\n<li>Vat\u0103 de zah\u0103r<\/li>\n<\/ul>\n<p>Aceast\u0103 gam\u0103 diversificat\u0103 satisface toate gusturile, de la amestecuri \u00eendr\u0103zne\u021be la clasice r\u0103coritoare.<\/p>\n<h3>Portabilitate maxim\u0103<\/h3>\n<p>Experimenta\u021bi mobilitatea f\u0103r\u0103 \u00eentreruperi \u00eentr-un <strong>compact<\/strong> care \u00eembin\u0103 produc\u021bia puternic\u0103 cu manevrarea u\u0219oar\u0103. Perfect pentru c\u0103l\u0103torii sau sesiuni rapide, asigur\u0103 o experien\u021b\u0103 premium \u00een mi\u0219care f\u0103r\u0103 a compromite calitatea vaporilor sau profunzimea aromei.<\/p>","protected":false},"excerpt":{"rendered":"<p>Descoperi\u021bi <strong>Bang King 13000<\/strong>, un vape de unic\u0103 folosin\u021b\u0103 de mare capacitate cu un <strong>bobin\u0103 de plas\u0103<\/strong> \u0219i p\u00e2n\u0103 la <strong>13.000 de pufuri<\/strong>, disponibile \u00een 16 arome diverse pentru o experien\u021b\u0103 de vapat \u00eembun\u0103t\u0103\u021bit\u0103. Elegant\u0103, portabil\u0103 \u0219i rentabil\u0103 pentru utilizarea zilnic\u0103.<\/p>","protected":false},"featured_media":2617,"comment_status":"open","ping_status":"closed","template":"","meta":[],"product_brand":[133],"product_cat":[856],"product_tag":[361,360,112,77,115,155],"class_list":{"0":"post-2623","1":"product","2":"type-product","3":"status-publish","4":"has-post-thumbnail","6":"product_brand-bangking","7":"product_cat-bangking","8":"product_tag-13000-puff-vape","9":"product_tag-bang-king-13000","10":"product_tag-disposable-vape","11":"product_tag-mesh-coil-vape","12":"product_tag-rechargeable-vape","13":"product_tag-vape-flavors","15":"first","16":"instock","17":"sale","18":"shipping-taxable","19":"purchasable","20":"product-type-variable"},"jetpack_sharing_enabled":true,"tiered_pricing_type":"fixed","tiered_pricing_fixed_rules":[],"tiered_pricing_product_settings":{"layout":"default","base_unit_name":{"singular":null,"plural":null},"default_variation":null},"tiered_pricing_minimum_quantity":null,"tiered_pricing_roles_data":[],"tiered_pricing_percentage_rules":[],"tiered_pricing_maximum_quantity":null,"tiered_pricing_quantity_step":null,"_links":{"self":[{"href":"https:\/\/frvape.com\/ro\/wp-json\/wp\/v2\/product\/2623","targetHints":{"allow":["GET"]}}],"collection":[{"href":"https:\/\/frvape.com\/ro\/wp-json\/wp\/v2\/product"}],"about":[{"href":"https:\/\/frvape.com\/ro\/wp-json\/wp\/v2\/types\/product"}],"replies":[{"embeddable":true,"href":"https:\/\/frvape.com\/ro\/wp-json\/wp\/v2\/comments?post=2623"}],"wp:featuredmedia":[{"embeddable":true,"href":"https:\/\/frvape.com\/ro\/wp-json\/wp\/v2\/media\/2617"}],"wp:attachment":[{"href":"https:\/\/frvape.com\/ro\/wp-json\/wp\/v2\/media?parent=2623"}],"wp:term":[{"taxonomy":"product_brand","embeddable":true,"href":"https:\/\/frvape.com\/ro\/wp-json\/wp\/v2\/product_brand?post=2623"},{"taxonomy":"product_cat","embeddable":true,"href":"https:\/\/frvape.com\/ro\/wp-json\/wp\/v2\/product_cat?post=2623"},{"taxonomy":"product_tag","embeddable":true,"href":"https:\/\/frvape.com\/ro\/wp-json\/wp\/v2\/product_tag?post=2623"}],"curies":[{"name":"wp","href":"https:\/\/api.w.org\/{rel}","templated":true}]}}