{"id":3720,"date":"2025-10-12T05:11:31","date_gmt":"2025-10-12T05:11:31","guid":{"rendered":"https:\/\/frvape.com\/product\/bang-smart-screen-15000-disposable-vape-with-15000-puffs-rechargeable\/"},"modified":"2025-11-25T03:17:11","modified_gmt":"2025-11-25T03:17:11","slug":"bang-smart-screen-15000-vape-de-unica-folosinta-cu-15000-puffs-reincarcabila","status":"publish","type":"product","link":"https:\/\/frvape.com\/ro\/product\/bang-smart-screen-15000-vape-de-unica-folosinta-cu-15000-puffs-reincarcabila\/","title":{"rendered":"Bang Smart Screen 15000 Vape de unic\u0103 folosin\u021b\u0103 cu 15000 pufuri re\u00eenc\u0103rcabil\u0103"},"content":{"rendered":"<h3>V\u0103 prezent\u0103m Bang Smart Screen 15000 Vape de unic\u0103 folosin\u021b\u0103<\/h3>\n<p>Descoperi\u021bi viitorul inova\u021biei \u00een materie de vapat cu aparatele noastre de ultim\u0103 genera\u021bie <strong>Ecran inteligent Bang 15000<\/strong> Vape de unic\u0103 folosin\u021b\u0103. Proiectat pentru confort \u0219i performan\u021b\u0103 maxime, acest dispozitiv combin\u0103 ingineria de \u00eenalt\u0103 calitate cu caracteristici u\u0219or de utilizat pentru a oferi o experien\u021b\u0103 extraordinar\u0103. \u00cen calitate de lider global \u00een <strong>industria \u021big\u0103rilor electronice<\/strong>, ne m\u00e2ndrim cu crearea de produse care redefinesc standardele \u0219i permit consumatorilor s\u0103 se bucure de o alternativ\u0103 mai s\u0103n\u0103toas\u0103 la tutunul tradi\u021bional. Cu o misiune centrat\u0103 pe inova\u021bie, obiectivul nostru este de a oferi un vaping pl\u0103cut, f\u0103r\u0103 \u00eentreruperi, care s\u0103 satisfac\u0103 nevoile utilizatorilor din \u00eentreaga lume, sus\u021binut de servicii pentru clien\u021bi de nivel superior \u0219i practici de produc\u021bie durabile.<\/p>\n<h3>Caracteristici \u0219i specifica\u021bii cheie<\/h3>\n<p>Bang Smart Screen 15000 se remarc\u0103 prin specifica\u021biile sale impresionante care garanteaz\u0103 performan\u021be premium. Acesta se m\u00e2ndre\u0219te cu un puternic <strong>Baterie 650mAh<\/strong>, asigur\u00e2nd o utilizare prelungit\u0103 f\u0103r\u0103 re\u00eenc\u0103rcare constant\u0103. Dispozitivul de\u021bine o capacitate generoas\u0103 de <strong>25.0mL capacitate e-lichid<\/strong>, permi\u021b\u00e2nd o cre\u0219tere uluitoare a <strong>15000 pufuri<\/strong> pe unitate pentru o longevitate de neegalat. Echipat cu o eficien\u021b\u0103 ridicat\u0103 <strong>Bobin\u0103 cu ochiuri de 1,2\u03a9<\/strong>, ofer\u0103 o produc\u021bie de vapori bogat\u0103 \u0219i consistent\u0103 \u0219i spore\u0219te intensitatea aromei. Acest <strong>vape de unic\u0103 folosin\u021b\u0103<\/strong> este proiectat pentru o portabilitate u\u0219oar\u0103, cu o dimensiune compact\u0103 de 90 * 47 mm, ideal\u0103 pentru pasiona\u021bii de vaping \u00een mi\u0219care. Re\u00eenc\u0103rcarea este rapid\u0103 \u0219i f\u0103r\u0103 efort prin intermediul <strong>\u00cenc\u0103rcare de tip C<\/strong> port, elimin\u00e2nd timpii mor\u021bi. \u00cen plus, cu un moderat <strong>Concentra\u021bia de nicotin\u0103 5%<\/strong>, ofer\u0103 o lovitur\u0103 satisf\u0103c\u0103toare \u00een g\u00e2t care imit\u0103 \u021big\u0103rile tradi\u021bionale, reduc\u00e2nd \u00een acela\u0219i timp efectele nocive.<\/p>\n<h3>Explora\u021bi rafinatele noastre 12 selec\u021bii de arome<\/h3>\n<p>P\u0103trunde\u021bi \u00eentr-o lume a gusturilor tentante cu colec\u021bia noastr\u0103 curat\u0103 de 12 arome diverse de e-lichid, toate infuzate cu <strong>Puterea nicotinei 5%<\/strong> pentru o experien\u021b\u0103 de vaporizare echilibrat\u0103. Fiecare arom\u0103 este creat\u0103 folosind ingrediente premium pentru o senza\u021bie pl\u0103cut\u0103, r\u0103coritoare:<\/p>\n<p><strong>Berry BLAST, Berry de piersici, \u00eenghe\u021b de piersici, pepene galben de c\u0103p\u0219uni, fructe tropicale, ghea\u021b\u0103 luxuriant\u0103, \u00eenghe\u021b de struguri, \u00eenghe\u021b albastru, Lychee de c\u0103p\u0219uni, ment\u0103 rece, l\u0103m\u00e2ie de cire\u0219e albastre, afine de mere acre.<\/strong><\/p>\n<p>Aceast\u0103 gam\u0103 extins\u0103 asigur\u0103 c\u0103 exist\u0103 ceva pentru fiecare palat, de la amestecuri dulci \u0219i fructate la note r\u0103coritoare \u0219i \u00eenghe\u021bate, f\u0103c\u00e2nd din Bang Smart Screen 15000 o alegere versatil\u0103 pentru pl\u0103cerea zilnic\u0103.<\/p>\n<h3>Angajament fa\u021b\u0103 de inovare \u0219i asisten\u021b\u0103 pentru clien\u021bi<\/h3>\n<p>\u00cen esen\u021ba noastr\u0103, ne specializ\u0103m \u00een cercetarea, dezvoltarea \u0219i distribu\u021bia global\u0103 a <strong>vape de unic\u0103 folosin\u021b\u0103<\/strong> produse, cu scopul de a revolu\u021biona peisajul vaping. Dedicarea noastr\u0103 pentru inovare continu\u0103 ne-a transformat \u00eentr-un produc\u0103tor de prim\u0103 clas\u0103, atr\u0103g\u00e2nd loialitatea masiv\u0103 a consumatorilor cu oferte fiabile, de \u00eenalt\u0103 calitate, care variaz\u0103 de la solu\u021bii de vaping entry-level la cele finale. Prin concentrarea pe <strong>OEM \u0219i ODM<\/strong> capacit\u0103\u021bi, salut\u0103m comenzile personalizate \u0219i colabor\u0103rile - nu ezita\u021bi s\u0103 vizita\u021bi fabrica noastr\u0103 oric\u00e2nd pentru a vedea procesul nostru de produc\u021bie la fa\u021ba locului. Men\u021binem un sistem complet de servicii pentru clien\u021bi pentru a asigura parteneriate eficiente \u0219i f\u0103r\u0103 probleme, acord\u00e2nd prioritate nu numai designului \u0219i calit\u0103\u021bii excep\u021bionale, ci \u0219i asisten\u021bei de prim\u0103 clas\u0103 pentru a ob\u021bine rezultate avantajoase pentru toate p\u0103r\u021bile interesate din \u00eentreaga lume. Al\u0103tura\u021bi-v\u0103 nou\u0103 \u00een explorarea unor alternative mai s\u0103n\u0103toase \u0219i mai fericite la tutun prin intermediul nostru \u00een continu\u0103 evolu\u021bie <strong>tehnologie de vapat<\/strong>.<\/p>","protected":false},"excerpt":{"rendered":"<p>Experimenta\u021bi vaparea premium cu <strong>Ecran inteligent Bang 15000<\/strong> vape de unic\u0103 folosin\u021b\u0103, cu <strong>15000 pufuri<\/strong> \u0219i <strong>re\u00eenc\u0103rcabil\u0103<\/strong> Capacitate de tip C.<br \/>Bucur\u0103-te <strong>diverse 12 arome<\/strong> cu <strong>Puterea nicotinei 5%<\/strong> pentru o satisfac\u021bie de lung\u0103 durat\u0103.<\/p>","protected":false},"featured_media":3715,"comment_status":"open","ping_status":"closed","template":"","meta":[],"product_brand":[107],"product_cat":[1072],"product_tag":[280,446,445,112,372,229],"class_list":{"0":"post-3720","1":"product","2":"type-product","3":"status-publish","4":"has-post-thumbnail","6":"product_brand-bang","7":"product_cat-bang","8":"product_tag-15000-puffs","9":"product_tag-5-nicotine","10":"product_tag-bang-smart-screen-15000","11":"product_tag-disposable-vape","12":"product_tag-mesh-coil","13":"product_tag-rechargeable-electronic-cigarette","15":"first","16":"instock","17":"sale","18":"shipping-taxable","19":"purchasable","20":"product-type-variable"},"jetpack_sharing_enabled":true,"tiered_pricing_type":"fixed","tiered_pricing_fixed_rules":[],"tiered_pricing_product_settings":{"layout":"default","base_unit_name":{"singular":null,"plural":null},"default_variation":null},"tiered_pricing_minimum_quantity":null,"tiered_pricing_roles_data":[],"tiered_pricing_percentage_rules":[],"tiered_pricing_maximum_quantity":null,"tiered_pricing_quantity_step":null,"_links":{"self":[{"href":"https:\/\/frvape.com\/ro\/wp-json\/wp\/v2\/product\/3720","targetHints":{"allow":["GET"]}}],"collection":[{"href":"https:\/\/frvape.com\/ro\/wp-json\/wp\/v2\/product"}],"about":[{"href":"https:\/\/frvape.com\/ro\/wp-json\/wp\/v2\/types\/product"}],"replies":[{"embeddable":true,"href":"https:\/\/frvape.com\/ro\/wp-json\/wp\/v2\/comments?post=3720"}],"wp:featuredmedia":[{"embeddable":true,"href":"https:\/\/frvape.com\/ro\/wp-json\/wp\/v2\/media\/3715"}],"wp:attachment":[{"href":"https:\/\/frvape.com\/ro\/wp-json\/wp\/v2\/media?parent=3720"}],"wp:term":[{"taxonomy":"product_brand","embeddable":true,"href":"https:\/\/frvape.com\/ro\/wp-json\/wp\/v2\/product_brand?post=3720"},{"taxonomy":"product_cat","embeddable":true,"href":"https:\/\/frvape.com\/ro\/wp-json\/wp\/v2\/product_cat?post=3720"},{"taxonomy":"product_tag","embeddable":true,"href":"https:\/\/frvape.com\/ro\/wp-json\/wp\/v2\/product_tag?post=3720"}],"curies":[{"name":"wp","href":"https:\/\/api.w.org\/{rel}","templated":true}]}}