{"id":4003,"date":"2025-10-12T05:44:48","date_gmt":"2025-10-12T05:44:48","guid":{"rendered":"https:\/\/frvape.com\/product\/uzy-tornado-20000-puffs-disposable-vape-28ml-e-liquid-rechargeable\/"},"modified":"2025-11-04T01:54:07","modified_gmt":"2025-11-04T01:54:07","slug":"uzy-tornado-20000-puffs-vape-de-unica-folosinta-28ml-e-lichid-reincarcabil","status":"publish","type":"product","link":"https:\/\/frvape.com\/ro\/product\/uzy-tornado-20000-puffs-vape-de-unica-folosinta-28ml-e-lichid-reincarcabil\/","title":{"rendered":"Uzy Tornado 20000 Puffs Vape de unic\u0103 folosin\u021b\u0103 - 28ML E-Liquid &amp; Re\u00eenc\u0103rcabil\u0103"},"content":{"rendered":"<h3>Ultima putere de vapare<\/h3>\n<p>Prezentarea <strong>Uzy Tornado 20000 pufuri Vape<\/strong> - unde tehnologia de ultim\u0103 or\u0103 \u00eent\u00e2lne\u0219te rezisten\u021ba excep\u021bional\u0103. Conceput pentru vaperii care refuz\u0103 s\u0103 fac\u0103 compromisuri, acest dispozitiv de unic\u0103 folosin\u021b\u0103 premium combin\u0103 capacitatea masiv\u0103 cu designul inteligent pentru a oferi cea mai satisf\u0103c\u0103toare experien\u021b\u0103 din industrie. Cu capacitatea sa f\u0103r\u0103 precedent <strong>20.000 de pufuri<\/strong> Tornado 20000 se afl\u0103 la apogeul inova\u021biei \u00een domeniul vapatului de unic\u0103 folosin\u021b\u0103.<\/p>\n<h3>Specifica\u021bii tehnice de neegalat<\/h3>\n<p>Domin\u00e2nd pia\u021ba de unic\u0103 folosin\u021b\u0103, Tornado 20000 dispune de un <strong>Baterie re\u00eenc\u0103rcabil\u0103 850mAh<\/strong> care sinergizeaz\u0103 perfect cu enorma sa <strong>Rezervor de e-lichid preumplut de 28mL<\/strong>. Aceast\u0103 asociere strategic\u0103 elimin\u0103 anxiet\u0103\u021bile constante de reumplere, oferind \u00een acela\u0219i timp sesiuni de vaping prelungite. Capacitatea de \u00eenc\u0103rcare rapid\u0103 Type-C v\u0103 asigur\u0103 c\u0103 nu sunte\u021bi niciodat\u0103 la p\u0103m\u00e2nt - o re\u00eenc\u0103rcare de cincisprezece minute ofer\u0103 ore de performan\u021b\u0103 consistent\u0103 \u0219i aromat\u0103.<\/p>\n<h3>Control personalizat al nicotinei<\/h3>\n<p>Personalizarea atinge noi \u00een\u0103l\u021bimi cu patru func\u021bii precise <strong>op\u021biuni de putere a nicotinei<\/strong>: 0% pentru pasiona\u021bii de arome, 2% pentru utilizatorii modera\u021bi, 3% pentru satisfac\u021bie echilibrat\u0103 \u0219i concentra\u021bie satisf\u0103c\u0103toare de sare de nicotin\u0103 5%. Fie c\u0103 face\u021bi tranzi\u021bia de la \u021big\u0103rile tradi\u021bionale sau explora\u021bi norii de vape, Tornado se adapteaz\u0103 la nevoile dvs. individuale.<\/p>\n<h3>Revolu\u021bia aromelor: 16 op\u021biuni rafinate<\/h3>\n<p>Cufund\u0103-te \u00een spectrul nostru de arome creat de exper\u021bi, proiectat pentru o pl\u0103cere maxim\u0103:<\/p>\n<p>Afine Zmeur\u0103<br \/>Pepene ro\u0219u cu c\u0103p\u0219uni<br \/>Ghea\u021b\u0103 de struguri<br \/>MR Albastru<br \/>Piersic\u0103 Mango Ananas<br \/>C\u0103p\u0219uni Kiwi<br \/>Red Bull cu c\u0103p\u0219uni<br \/>Mango Freeze<br \/>Limonad\u0103 Blue Razz<br \/>Kiwi fructul pasiunii Guava<br \/>Fructe de p\u0103dure mixte<br \/>Afine pe ghea\u021b\u0103<br \/>Piersic\u0103 ghea\u021b\u0103<br \/>Triple Mango ice<br \/>Ghea\u021b\u0103 de pepene ro\u0219u<\/p>\n<h3>Tehnologie de baz\u0103 avansat\u0103<\/h3>\n<p>Experimenta\u021bi dinamica inteligent\u0103 a fluxului de aer \u0219i optimizarea traseului vaporilor care maximizeaz\u0103 extrac\u021bia aromei la fiecare tragere. Uzy Tornado are un sistem sofisticat de bobine mesh, care asigur\u0103 vaporizarea uniform\u0103 a e-lichidului, elimin\u00e2nd \u00een acela\u0219i timp loviturile uscate. Combinat\u0103 cu wicking de precizie din bumbac \u0219i inginerie rezistent\u0103 la scurgeri, tehnologia noastr\u0103 garanteaz\u0103 consisten\u021ba aromei pure p\u00e2n\u0103 la ultima suflare.<\/p>\n<h3>Gestionarea inteligent\u0103 a energiei<\/h3>\n<p>Tornado 20000 integreaz\u0103 circuite inteligente dincolo de dispozitivele de unic\u0103 folosin\u021b\u0103 standard. Sistemele de protec\u021bie a bateriei previn supra\u00eenc\u0103rcarea, \u00een timp ce monitorizarea curentului \u00een timp real prelunge\u0219te ciclul de via\u021b\u0103 al bobinei. Atunci c\u00e2nd dispozitivul atinge punctul final natural, sistemul inteligent de deconectare dezactiveaz\u0103 automat func\u021bionarea - o dovad\u0103 a angajamentului nostru fa\u021b\u0103 de siguran\u021ba \u0219i asigurarea performan\u021bei calit\u0103\u021bii.<\/p>\n<h3>Excelen\u021b\u0103 ergonomic\u0103<\/h3>\n<p>\u00cen ciuda capacit\u0103\u021bii sale formidabile, Tornado men\u021bine o portabilitate excep\u021bional\u0103 datorit\u0103 ergonomiei bine g\u00e2ndite. Piesa bucal\u0103 conturat\u0103 cu precizie ofer\u0103 o aliniere natural\u0103 a fluxului de aer, \u00een timp ce carcasa texturat\u0103 asigur\u0103 un control sigur al prinderii. Indicatorii LED de alimentare ofer\u0103 o stare clar\u0103 a bateriei dintr-o privire, integr\u00e2nd func\u021bia cu operarea intuitiv\u0103.<\/p>\n<h3>Avantajul ciclului de via\u021b\u0103 extins<\/h3>\n<p>Spre deosebire de dispozitivele de unic\u0103 folosin\u021b\u0103 standard de 3000-7000 de pufuri, care necesit\u0103 reaprovizionare constant\u0103, Tornado 20000 ofer\u0103 o valoare durabil\u0103 \u0219i un impact redus asupra mediului. Prin consolidarea mai multor dispozitive \u00eentr-o singur\u0103 unitate durabil\u0103 cu capacit\u0103\u021bi de re\u00eenc\u0103rcare, am revolu\u021bionat economia dispozitivelor de unic\u0103 folosin\u021b\u0103, minimiz\u00e2nd \u00een acela\u0219i timp generarea de de\u0219euri.<\/p>\n<h3>Personalizare perfect\u0103 a desenului<\/h3>\n<p>Tornado 20000 are un mecanism sensibil de detectare a presiunii care se adapteaz\u0103 stilului t\u0103u de inhalare. Tragerile u\u0219oare de la gur\u0103 la pl\u0103m\u00e2ni ofer\u0103 satisfac\u021bie clar\u0103 pentru fo\u0219tii fum\u0103tori, \u00een timp ce inhal\u0103rile pulmonare mai profunde produc nori aroma\u021bi substan\u021biali perfec\u021bi pentru v\u00e2n\u0103torii de vapori. Ie\u0219irea consecvent\u0103 este men\u021binut\u0103 indiferent de tehnic\u0103 cu circuitele noastre brevetate de stabilizare a tensiunii.<\/p>\n<h3>Construc\u021bie Premium Flavor<\/h3>\n<p>Dincolo de varietate, aromele noastre sunt create \u00een laboratoare certificate ISO, folosind ingrediente de calitate alimentar\u0103 \u0219i nicotin\u0103 de calitate farmaceutic\u0103. Fiecare profil de arom\u0103 este supus unor cicluri extinse de testare care asigur\u0103 note echilibrate de la prima activare p\u00e2n\u0103 la ultimul fum - indiferent dac\u0103 prefera\u021bi amestecuri de fructe suculente sau senza\u021bii mentolate \u00eenghe\u021bate.<\/p>\n<h3>Concluzii: Epoca de unic\u0103 folosin\u021b\u0103 redefinit\u0103<\/h3>\n<p>The <strong>Uzy Tornado 20000 pufuri Vape<\/strong> reprezint\u0103 noul standard pentru suprema\u021bia vapatului de unic\u0103 folosin\u021b\u0103. Cu capacitatea sa monumental\u0103 de 28mL, op\u021biunile flexibile de nicotin\u0103 \u0219i construc\u021bia inovatoare, acesta elimin\u0103 frustr\u0103rile recurente ale dispozitivelor conven\u021bionale. Prin integrarea tehnologiei avansate de unic\u0103 folosin\u021b\u0103 cu confortul pe termen lung, am creat un dispozitiv care satisface at\u00e2t vaperii grele, c\u00e2t \u0219i cunosc\u0103torii de arome.<\/p>\n<p>\u00cembun\u0103t\u0103\u021be\u0219te-\u021bi c\u0103l\u0103toria de vapat cu Uzy Tornado 20000 - unde <strong>20.000 de pufuri<\/strong> se traduce \u00een s\u0103pt\u0103m\u00e2ni de libertate de vapat de neegalat cu \u00eentre\u021binere zero. Descoperi\u021bi ast\u0103zi adev\u0103rata libertate de unic\u0103 folosin\u021b\u0103.<\/p>","protected":false},"excerpt":{"rendered":"<p>Experimenta\u021bi <strong>Uzy Tornado 20000<\/strong> vape de unic\u0103 folosin\u021b\u0103 cu masiv <strong>28mL e-lichid<\/strong> capacitatea \u0219i <strong>Baterie re\u00eenc\u0103rcabil\u0103 850mAh<\/strong> oferind p\u00e2n\u0103 la 20.000 de sufl\u0103ri.<br \/>Alege\u021bi din 16 arome \u0219i selecta\u021bi <strong>0%\/2%\/3%\/5% niveluri de nicotin\u0103<\/strong> pentru satisfac\u021bie personalizat\u0103.<\/p>","protected":false},"featured_media":3997,"comment_status":"open","ping_status":"closed","template":"","meta":[],"product_brand":[237],"product_cat":[1016,846],"product_tag":[480,481,482,103,271,479],"class_list":{"0":"post-4003","1":"product","2":"type-product","3":"status-publish","4":"has-post-thumbnail","6":"product_brand-uzy","7":"product_cat-big-puffs-vapes","8":"product_cat-uzy","9":"product_tag-20000-puffs-disposable-vape","10":"product_tag-28ml-vape-device","11":"product_tag-nicotine-strength-vape","12":"product_tag-rechargeable-e-cigarette","13":"product_tag-type-c-vape","14":"product_tag-uzy-tornado-20000","16":"first","17":"instock","18":"sale","19":"shipping-taxable","20":"purchasable","21":"product-type-variable"},"jetpack_sharing_enabled":true,"tiered_pricing_type":"fixed","tiered_pricing_fixed_rules":[],"tiered_pricing_product_settings":{"layout":"default","base_unit_name":{"singular":null,"plural":null},"default_variation":null},"tiered_pricing_minimum_quantity":null,"tiered_pricing_roles_data":[],"tiered_pricing_percentage_rules":[],"tiered_pricing_maximum_quantity":null,"tiered_pricing_quantity_step":null,"_links":{"self":[{"href":"https:\/\/frvape.com\/ro\/wp-json\/wp\/v2\/product\/4003","targetHints":{"allow":["GET"]}}],"collection":[{"href":"https:\/\/frvape.com\/ro\/wp-json\/wp\/v2\/product"}],"about":[{"href":"https:\/\/frvape.com\/ro\/wp-json\/wp\/v2\/types\/product"}],"replies":[{"embeddable":true,"href":"https:\/\/frvape.com\/ro\/wp-json\/wp\/v2\/comments?post=4003"}],"wp:featuredmedia":[{"embeddable":true,"href":"https:\/\/frvape.com\/ro\/wp-json\/wp\/v2\/media\/3997"}],"wp:attachment":[{"href":"https:\/\/frvape.com\/ro\/wp-json\/wp\/v2\/media?parent=4003"}],"wp:term":[{"taxonomy":"product_brand","embeddable":true,"href":"https:\/\/frvape.com\/ro\/wp-json\/wp\/v2\/product_brand?post=4003"},{"taxonomy":"product_cat","embeddable":true,"href":"https:\/\/frvape.com\/ro\/wp-json\/wp\/v2\/product_cat?post=4003"},{"taxonomy":"product_tag","embeddable":true,"href":"https:\/\/frvape.com\/ro\/wp-json\/wp\/v2\/product_tag?post=4003"}],"curies":[{"name":"wp","href":"https:\/\/api.w.org\/{rel}","templated":true}]}}