{"id":4102,"date":"2025-10-12T05:49:22","date_gmt":"2025-10-12T05:49:22","guid":{"rendered":"https:\/\/frvape.com\/product\/vapme-digital-12000-disposable-vape-12000-puffs-rechargeable-mesh-coil-e-cig\/"},"modified":"2025-10-12T05:49:36","modified_gmt":"2025-10-12T05:49:36","slug":"vapme-digital-12000-de-unica-folosinta-vape-12000-puffs-reincarcabila-mesh-coil-e-cig","status":"publish","type":"product","link":"https:\/\/frvape.com\/ro\/product\/vapme-digital-12000-de-unica-folosinta-vape-12000-puffs-reincarcabila-mesh-coil-e-cig\/","title":{"rendered":"Vapme Digital 12000 Vape de unic\u0103 folosin\u021b\u0103 | 12000 Puffs re\u00eenc\u0103rcabil\u0103 Mesh Coil E-Cig"},"content":{"rendered":"<h3>E-Cigaret\u0103 de unic\u0103 folosin\u021b\u0103 Premium<\/h3>\n<p>The <strong>Vapme Digital 12000<\/strong> este o \u021bigar\u0103 electronic\u0103 de unic\u0103 folosin\u021b\u0103 revolu\u021bionar\u0103, proiectat\u0103 pentru portabilitate maxim\u0103 \u0219i o experien\u021b\u0103 de vapat de neegalat. Spre deosebire de alte op\u021biuni, aceasta ofer\u0103 o <strong>calitate superioar\u0103, arom\u0103 mai pur\u0103<\/strong> cu peste <strong>12000 pufuri<\/strong> de la <strong>20mL suc de vape preumplut<\/strong>. Conceput special pentru aventurile \u00een aer liber, acest dispozitiv asigur\u0103 performan\u021be robuste \u0219i gust autentic. Ve\u021bi fi uimi\u021bi de capacitatea sa de a men\u021bine calitatea constant\u0103 a aromelor de-a lungul a mii de fumuri, ceea ce \u00eel face o inova\u021bie nemai\u00eent\u00e2lnit\u0103 \u00een lumea vapatului.<br \/>Sistemul integrat <strong>ecran inteligent<\/strong> ofer\u0103 actualiz\u0103ri \u00een timp real cu privire la utilizare, \u00een timp ce designul durabil garanteaz\u0103 o utilizare \u00eendelungat\u0103.<\/p>\n<h3>Caracteristici \u0219i beneficii cheie<\/h3>\n<p>Cu <strong>Baterie 850mAh cobalt<\/strong> \u0219i <strong>Port de tip C<\/strong>, a <strong>Vapme Digital 12000<\/strong> ofer\u0103 energie eficient\u0103, re\u00eenc\u0103rcabil\u0103 \u00een mi\u0219care, elimin\u00e2nd re\u00eenc\u0103rc\u0103rile constante. Caracteristicile <strong>Bobin\u0103 cu ochiuri de 1.0 ohm<\/strong> asigur\u0103 o produc\u021bie de vapori lin\u0103 \u0219i aromat\u0103 la fiecare suflare, \u00eembun\u0103t\u0103\u021bind <strong>statutul \u021big\u0103rilor electronice premium de unic\u0103 folosin\u021b\u0103<\/strong>. Disponibil \u00een diferite niveluri de nicotin\u0103 - 0%, 2%, 3% \u0219i 5% - pentru a se potrivi diferitelor preferin\u021be.<br \/>Alege-\u021bi preferatul <strong>arom\u0103<\/strong> din gama noastr\u0103 extins\u0103 pentru o experien\u021b\u0103 personalizat\u0103 care se remarc\u0103 prin puritate \u0219i pl\u0103cere.<br \/>Acest dispozitiv este inteligent din punct de vedere ecologic, fiecare cutie ambal\u00e2nd 200 de unit\u0103\u021bi pentru o distribu\u021bie u\u0219oar\u0103, c\u00e2nt\u0103rind 17,5 kg \u0219i av\u00e2nd dimensiunile de 54,7*33,7*23,7 cm.<\/p>\n<h3>Op\u021biuni de variet\u0103\u021bi de arome<\/h3>\n<p>Explora\u021bi o selec\u021bie larg\u0103 de <strong>Vapme Digital 12000 arome<\/strong>, fiecare oferind gusturi intense, satisf\u0103c\u0103toare pentru fiecare palat:<br \/>C\u0103p\u0219uni Dragon Fruit Ice, Cherry Cola, Kiwi Passionfruit Guava, Pepene galben cu c\u0103p\u0219uni, Pepene galben Ice, Zmeur\u0103 cu afine, Peach Ice, Mixed Berries, Strawberry Ice, Apple Berry Ice, Cherry Ice, Tropical Fruit Punch, Peach Mango Ice, Mint Ice, Mango Peach Pineapple, Strawberry Banana Ice, Blue Razz Lemonade, Strawberry Kiwi Ice, Grape Ice, Peach Bluerazz Ice.<\/p>\n<h3>Specifica\u021bii detaliate<\/h3>\n<p>The <strong>Caracteristicile Vapme Digital includ<\/strong>: <strong>Dimensiunea bateriei<\/strong> la 850mAh cobalt cu un port Type-C pentru \u00eenc\u0103rcare rapid\u0103; <strong>Capacitatea sucului<\/strong> de 20mL preumplut pentru utilizare prelungit\u0103; <strong>Tehnologia bobinei<\/strong> cu bobin\u0103 cu ochiuri de 1.0 ohm pentru o produc\u021bie sporit\u0103 de vapori; <strong>Puffs Count<\/strong> dep\u0103\u0219ind 12000 pentru vaparea pe termen lung; <strong>Detalii de ambalare<\/strong>: 200 de buc\u0103\u021bi per cutie, greutatea cutiei 17,5 kg, iar dimensiunile cutiei 54,7*33,7*23,7 cm, asigur\u00e2nd portabilitatea \u0219i confortul.<\/p>\n<h3>De ce s\u0103 alege\u021bi Vapme Digital?<\/h3>\n<p>Aceasta <strong>Vape de unic\u0103 folosin\u021b\u0103 nu numai c\u0103 dep\u0103\u0219e\u0219te performan\u021bele concuren\u021bilor<\/strong> \u00een ceea ce prive\u0219te claritatea aromei \u0219i num\u0103rul de pufuri, dar exceleaz\u0103 \u0219i \u00een ceea ce prive\u0219te durabilitatea \u0219i u\u0219urin\u021ba \u00een utilizare. Cu <strong>monitorizare inteligent\u0103 a ecranului<\/strong>, v\u0103 alerteaz\u0103 cu privire la durata de via\u021b\u0103 a bateriei \u0219i nivelurile de e-juice, optimiz\u00e2ndu-v\u0103 c\u0103l\u0103toria de vapat. Construc\u021bia sa u\u0219oar\u0103 \u0219i ergonomic\u0103 o face alegerea ideal\u0103 pentru c\u0103l\u0103torii, oferind fiabilitate f\u0103r\u0103 complica\u021biile re\u00eenc\u0103rc\u0103rilor.<br \/>The <strong>Vapme Digital 12000<\/strong> reprezint\u0103 apogeul inova\u021biei \u00een domeniul \u021big\u0103rilor electronice, oferind de fiecare dat\u0103 o aventur\u0103 de neuitat, cu vapori puri. \u00cencerca\u021bi-o ast\u0103zi pentru a gusta perfec\u021biunea \u00een fiecare fum.<\/p>","protected":false},"excerpt":{"rendered":"<p>Descoperi\u021bi <strong>Vapme Digital 12000<\/strong>, o vape premium de unic\u0103 folosin\u021b\u0103 care livreaz\u0103 <strong>12000+ pufuri<\/strong> cu <strong>ecran inteligent<\/strong> tehnologie.<br \/>Dispun\u00e2nd de un <strong>Baterie re\u00eenc\u0103rcabil\u0103 850mAh<\/strong> \u0219i <strong>20mL suc preumplut<\/strong>, este perfect pentru pasiona\u021bii de activit\u0103\u021bi \u00een aer liber.<\/p>","protected":false},"featured_media":4097,"comment_status":"open","ping_status":"closed","template":"","meta":[],"product_brand":[79],"product_cat":[80],"product_tag":[317,486,236,487,84,82],"class_list":{"0":"post-4102","1":"product","2":"type-product","3":"status-publish","4":"has-post-thumbnail","6":"product_brand-vapme","7":"product_cat-vapme-vape","8":"product_tag-12000-puffs-vape","9":"product_tag-disposable-electronic-cigarette","10":"product_tag-high-capacity-disposable","11":"product_tag-mesh-coil-e-cig","12":"product_tag-rechargeable-vape-pen","13":"product_tag-vapme-digital-12000","15":"first","16":"instock","17":"sale","18":"shipping-taxable","19":"purchasable","20":"product-type-variable"},"jetpack_sharing_enabled":true,"tiered_pricing_type":"fixed","tiered_pricing_fixed_rules":[],"tiered_pricing_product_settings":{"layout":"default","base_unit_name":{"singular":null,"plural":null},"default_variation":null},"tiered_pricing_minimum_quantity":null,"tiered_pricing_roles_data":[],"tiered_pricing_percentage_rules":[],"tiered_pricing_maximum_quantity":null,"tiered_pricing_quantity_step":null,"_links":{"self":[{"href":"https:\/\/frvape.com\/ro\/wp-json\/wp\/v2\/product\/4102","targetHints":{"allow":["GET"]}}],"collection":[{"href":"https:\/\/frvape.com\/ro\/wp-json\/wp\/v2\/product"}],"about":[{"href":"https:\/\/frvape.com\/ro\/wp-json\/wp\/v2\/types\/product"}],"replies":[{"embeddable":true,"href":"https:\/\/frvape.com\/ro\/wp-json\/wp\/v2\/comments?post=4102"}],"wp:featuredmedia":[{"embeddable":true,"href":"https:\/\/frvape.com\/ro\/wp-json\/wp\/v2\/media\/4097"}],"wp:attachment":[{"href":"https:\/\/frvape.com\/ro\/wp-json\/wp\/v2\/media?parent=4102"}],"wp:term":[{"taxonomy":"product_brand","embeddable":true,"href":"https:\/\/frvape.com\/ro\/wp-json\/wp\/v2\/product_brand?post=4102"},{"taxonomy":"product_cat","embeddable":true,"href":"https:\/\/frvape.com\/ro\/wp-json\/wp\/v2\/product_cat?post=4102"},{"taxonomy":"product_tag","embeddable":true,"href":"https:\/\/frvape.com\/ro\/wp-json\/wp\/v2\/product_tag?post=4102"}],"curies":[{"name":"wp","href":"https:\/\/api.w.org\/{rel}","templated":true}]}}