{"id":4607,"date":"2025-10-12T06:22:39","date_gmt":"2025-10-12T06:22:39","guid":{"rendered":"https:\/\/frvape.com\/product\/razz-bar-10000-puffs-disposable-vape-oil-refillable-with-mesh-coil\/"},"modified":"2025-11-24T09:11:06","modified_gmt":"2025-11-24T09:11:06","slug":"razz-bar-10000-pufuri-de-unica-folosinta-vape-oil-reincarcabila-cu-bobina-mesh","status":"publish","type":"product","link":"https:\/\/frvape.com\/ro\/product\/razz-bar-10000-pufuri-de-unica-folosinta-vape-oil-reincarcabila-cu-bobina-mesh\/","title":{"rendered":"Razz Bar 10000 Puffs Vape de unic\u0103 folosin\u021b\u0103 - Ulei re\u00eenc\u0103rcabil cu bobin\u0103 Mesh"},"content":{"rendered":"<h3>Introducere<\/h3>\n<p>The <strong>Razz Bar 10000<\/strong> redefine\u0219te confortul pe pia\u021ba de vape de unic\u0103 folosin\u021b\u0103, conceput pentru vaperii adul\u021bi care caut\u0103 tehnologie premium \u0219i arom\u0103 excep\u021bional\u0103.<br \/>Cu cele 10.000 de fumuri ale sale \u0219i cu designul re\u00eenc\u0103rcabil, aceast\u0103 \u021bigar\u0103 electronic\u0103 asigur\u0103 o experien\u021b\u0103 continu\u0103 \u0219i de lung\u0103 durat\u0103, ambalat\u0103 \u00eentr-un dispozitiv de buzunar.<\/p>\n<h3>Specifica\u021biile produsului<\/h3>\n<p>Elibera\u021bi puterea de inovare cu aceste caracteristici esen\u021biale:<br \/>- <strong>Puffs<\/strong>: Aproximativ 10.000 de pufuri pentru sesiuni de vapat prelungite.<br \/>- <strong>Capacitate<\/strong>: 20ml, valorific\u00e2nd o <strong>ulei re\u00eenc\u0103rcabil<\/strong> pentru a minimiza risipa \u0219i a maximiza valoarea.<br \/>- <strong>Ambalaje<\/strong>: 200 de unit\u0103\u021bi per cutie, ideal pentru achizi\u021bii \u00een vrac.<br \/>- <strong>Arome<\/strong>: Alege\u021bi din 16 gusturi distincte pentru a v\u0103 satisface gustul.<br \/>- <strong>Baterie<\/strong>: 650mAh <strong>re\u00eenc\u0103rcabil\u0103<\/strong> prin USB Type-C, asigur\u00e2nd o alimentare rapid\u0103 \u0219i fiabil\u0103.<br \/>- <strong>Tehnologia bobinei<\/strong>: Performan\u021b\u0103 ridicat\u0103 <strong>bobin\u0103 de plas\u0103<\/strong> pentru un abur mai bogat \u0219i o arom\u0103 consistent\u0103.<br \/>- <strong>Niveluri de nicotin\u0103<\/strong>: Disponibil \u00een concentra\u021bii de 2% sau 5%, pentru a satisface diverse preferin\u021be.<\/p>\n<h3>Colec\u021bia de arome<\/h3>\n<p>R\u0103sf\u0103\u021ba\u021bi-v\u0103 cu o simfonie de gusturi care v\u0103 \u00eenal\u021b\u0103 c\u0103l\u0103toria de vapat.<br \/>The <strong>Razz Bar 10000<\/strong> este preumplut cu o gam\u0103 variat\u0103 de 16 arome, fiecare creat pentru o explozie \u00eenghe\u021bat\u0103, fructat\u0103 sau clasic\u0103.<br \/>Lista complet\u0103 de arome:<br \/>Piersic\u0103 ghea\u021b\u0103<br \/>Ghea\u021b\u0103 cu afine<br \/>C\u0103p\u0219uni Kiwi<br \/>Ghea\u021b\u0103 de pepene ro\u0219u<br \/>Mamba<br \/>Piersic\u0103 Mango Ananas<br \/>Kiwi fructul pasiunii Guava<br \/>Cola Ice<br \/>Red Bull Ice<br \/>Ghea\u021b\u0103 de c\u0103p\u0219uni<br \/>Ghea\u021b\u0103 luxuriant\u0103<br \/>Meri\u0219or Cire\u0219 Meri\u0219or<br \/>Limonad\u0103 Blue Razz<br \/>Fructe de p\u0103dure mixte<br \/>Urs de gum\u0103<br \/>Ghea\u021b\u0103 de cire\u0219e<br \/>Cu aceast\u0103 selec\u021bie vast\u0103, fiecare vaper \u00ee\u0219i poate descoperi perechea perfect\u0103.<\/p>\n<h3>Performan\u021b\u0103 superioar\u0103 de vapare<\/h3>\n<p>Experimenta\u021bi o calitate de neegalat cu <strong>bobin\u0103 de plas\u0103<\/strong> proiectat\u0103 pentru a produce vapori densi \u0219i aroma\u021bi la fiecare suflare.<br \/>The <strong>re\u00eenc\u0103rcabil\u0103<\/strong> Bateria de 650 mAh \u0219i portul USB de tip C asigur\u0103 o \u00eenc\u0103rcare rapid\u0103, permi\u021b\u00e2nd utilizarea continu\u0103 f\u0103r\u0103 timpi mor\u021bi.<br \/>\u00cen plus, <strong>ulei re\u00eenc\u0103rcabil<\/strong> \u00eenseamn\u0103 c\u0103 pute\u021bi s\u0103 v\u0103 re\u00eenc\u0103rca\u021bi vapa din mers, f\u0103c\u00e2nd-o mai prietenoas\u0103 cu mediul <strong>vape de unic\u0103 folosin\u021b\u0103<\/strong> alegere.<\/p>\n<h3>Despre Razz Bar<\/h3>\n<p>\u00cenfiin\u021bat\u0103 cu m\u00e2ndrie \u00een 2017, <strong>Razz Bar<\/strong> este o for\u021b\u0103 conduc\u0103toare \u00een <strong>e-cigaret\u0103<\/strong> specializat\u0103 \u00een solu\u021bii de unic\u0103 folosin\u021b\u0103 de ultim\u0103 genera\u021bie.<br \/>Cu fabrica noastr\u0103 profesional\u0103 \u0219i echipele noastre dedicate - inclusiv ingineri, speciali\u0219ti \u00een marketing, designeri \u0219i exper\u021bi \u00een v\u00e2nz\u0103ri - ne-am construit propriul brand pentru a oferi produse de vapat inovatoare care \u00eendeplinesc cerin\u021bele consumatorilor globali.<br \/>Fiecare <strong>Razz Bar<\/strong> Dispozitivul este supus unor procese stricte de control al calit\u0103\u021bii, cum ar fi IQC, IPQC \u0219i FQC, asigur\u00e2nd siguran\u021ba \u0219i fiabilitatea.<br \/>Certifica\u021bi de standarde interna\u021bionale precum CE \u0219i RoHS, garant\u0103m excelen\u021ba.<br \/>Ca parte a angajamentului nostru, oferim servicii OEM \u0219i ODM robuste, sus\u021binute de reputa\u021bia noastr\u0103 pentru loialitatea clien\u021bilor pe pia\u021ba global\u0103.<\/p>\n<h3>De ce s\u0103 alege\u021bi Razz Bar 10000?<\/h3>\n<p>\u00cembr\u0103\u021bi\u0219a\u021bi un stil de via\u021b\u0103 f\u0103r\u0103 complica\u021bii cu acest puf \u00eenalt <strong>vape de unic\u0103 folosin\u021b\u0103<\/strong> care rivalizeaz\u0103 cu dispozitivele reutilizabile.<br \/>Capacitatea generoas\u0103 de 20 ml \u0219i <strong>re\u00eenc\u0103rcabil\u0103<\/strong> reduc \u00eenlocuirile frecvente, \u00een timp ce func\u021bia avansat\u0103 <strong>bobin\u0103 de plas\u0103<\/strong> spore\u0219te intensitatea aromei cu trageri netede \u0219i satisf\u0103c\u0103toare.<br \/>Perfect pentru vaperii de toate nivelurile, Razz Bar 10000 combin\u0103 confortul, performan\u021ba \u0219i o multitudine de arome pentru a-\u021bi \u00eembun\u0103t\u0103\u021bi rutina.<\/p>","protected":false},"excerpt":{"rendered":"<p>Descoperi\u021bi <strong>Razz Bar 10000<\/strong>, o prim\u0103 <strong>vape de unic\u0103 folosin\u021b\u0103<\/strong> oferind p\u00e2n\u0103 la 10.000 de pufuri cu 20ml mare <strong>ulei re\u00eenc\u0103rcabil<\/strong> capacitate.<br \/>Dispun\u00e2nd de un <strong>re\u00eenc\u0103rcabil\u0103<\/strong> Baterie 650mAh, avansat\u0103 <strong>bobin\u0103 de plas\u0103<\/strong>, \u0219i 16 arome interesante pentru o experien\u021b\u0103 pl\u0103cut\u0103 \u0219i satisf\u0103c\u0103toare.<\/p>","protected":false},"featured_media":4601,"comment_status":"open","ping_status":"closed","template":"","meta":[],"product_brand":[70],"product_cat":[893],"product_tag":[517,112,372,515,514,516],"class_list":{"0":"post-4607","1":"product","2":"type-product","3":"status-publish","4":"has-post-thumbnail","6":"product_brand-razzbar","7":"product_cat-razzbar","8":"product_tag-10000-puffs","9":"product_tag-disposable-vape","10":"product_tag-mesh-coil","11":"product_tag-oil-refillable","12":"product_tag-razz-bar-10000","13":"product_tag-rechargeable","15":"first","16":"instock","17":"sale","18":"shipping-taxable","19":"purchasable","20":"product-type-variable"},"jetpack_sharing_enabled":true,"tiered_pricing_type":"fixed","tiered_pricing_fixed_rules":[],"tiered_pricing_product_settings":{"layout":"default","base_unit_name":{"singular":null,"plural":null},"default_variation":null},"tiered_pricing_minimum_quantity":null,"tiered_pricing_roles_data":[],"tiered_pricing_percentage_rules":[],"tiered_pricing_maximum_quantity":null,"tiered_pricing_quantity_step":null,"_links":{"self":[{"href":"https:\/\/frvape.com\/ro\/wp-json\/wp\/v2\/product\/4607","targetHints":{"allow":["GET"]}}],"collection":[{"href":"https:\/\/frvape.com\/ro\/wp-json\/wp\/v2\/product"}],"about":[{"href":"https:\/\/frvape.com\/ro\/wp-json\/wp\/v2\/types\/product"}],"replies":[{"embeddable":true,"href":"https:\/\/frvape.com\/ro\/wp-json\/wp\/v2\/comments?post=4607"}],"wp:featuredmedia":[{"embeddable":true,"href":"https:\/\/frvape.com\/ro\/wp-json\/wp\/v2\/media\/4601"}],"wp:attachment":[{"href":"https:\/\/frvape.com\/ro\/wp-json\/wp\/v2\/media?parent=4607"}],"wp:term":[{"taxonomy":"product_brand","embeddable":true,"href":"https:\/\/frvape.com\/ro\/wp-json\/wp\/v2\/product_brand?post=4607"},{"taxonomy":"product_cat","embeddable":true,"href":"https:\/\/frvape.com\/ro\/wp-json\/wp\/v2\/product_cat?post=4607"},{"taxonomy":"product_tag","embeddable":true,"href":"https:\/\/frvape.com\/ro\/wp-json\/wp\/v2\/product_tag?post=4607"}],"curies":[{"name":"wp","href":"https:\/\/api.w.org\/{rel}","templated":true}]}}