{"id":5046,"date":"2025-10-12T06:52:34","date_gmt":"2025-10-12T06:52:34","guid":{"rendered":"https:\/\/frvape.com\/product\/waspe-20000-disposable-vape-with-dual-mesh-coil-and-rechargeable-battery\/"},"modified":"2025-11-26T08:59:47","modified_gmt":"2025-11-26T08:59:47","slug":"waspe-20000-vape-de-unica-folosinta-cu-bobina-cu-plasa-dubla-si-baterie-reincarcabila","status":"publish","type":"product","link":"https:\/\/frvape.com\/ro\/product\/waspe-20000-vape-de-unica-folosinta-cu-bobina-cu-plasa-dubla-si-baterie-reincarcabila\/","title":{"rendered":"WASPE 20000 Vape de unic\u0103 folosin\u021b\u0103 cu bobin\u0103 Dual Mesh \u0219i baterie re\u00eenc\u0103rcabil\u0103"},"content":{"rendered":"<h3>Prezentare general\u0103<\/h3>\n<p>The <strong>WASPE 20000 PUFFS Dual Mesh Box<\/strong> redefine\u0219te vapatul de unic\u0103 folosin\u021b\u0103 premium, oferind o experien\u021b\u0103 de neegalat \u00een lux \u0219i performan\u021b\u0103. Ca o tehnologie de ultim\u0103 or\u0103 <strong>vape de unic\u0103 folosin\u021b\u0103<\/strong>, acesta combin\u0103 designul elegant cu tehnologia avansat\u0103 <strong>tehnologia bobinei dual mesh<\/strong> pentru a asigura o produc\u021bie optim\u0103 de vapori \u0219i o arom\u0103 bogat\u0103. Dispun\u00e2nd de o interfa\u021b\u0103 intuitiv\u0103 <strong>Afi\u0219aj LED<\/strong> pentru monitorizare \u00een timp real, acest dispozitiv se adreseaz\u0103 vaperilor care caut\u0103 at\u00e2t stil c\u00e2t \u0219i substan\u021b\u0103. Cu o capacitate generoas\u0103 de 20000 de pufuri \u0219i versatil <strong>op\u021biuni de nicotin\u0103<\/strong> variind de la 0% la 5%, WASPE 20000 se potrive\u0219te diverselor preferin\u021be, fie c\u0103 sunte\u021bi \u00eencep\u0103tor sau entuziast \u0219i dori\u021bi o c\u0103l\u0103torie de vapat de lung\u0103 durat\u0103, f\u0103r\u0103 probleme.<\/p>\n<h3>Specifica\u021biile produsului<\/h3>\n<p>1. Puffs: <strong>20000 Puffs<\/strong><br \/>\n2. Bobin\u0103 Dual Mesh: <strong>1ohm<\/strong> + <strong>1ohm<\/strong><br \/>\n3. E-liquid: <strong>24ml<\/strong><br \/>\n4. Nicotin\u0103: <strong>0%<\/strong>\/<strong>2%<\/strong>\/<strong>3%<\/strong>\/<strong>5%<\/strong><br \/>\n5. Baterie: <strong>900mAh<\/strong> <strong>baterie re\u00eenc\u0103rcabil\u0103<\/strong><br \/>\n6. Re\u00eenc\u0103rcabil\u0103: <strong>Tip C<\/strong> port pentru \u00eenc\u0103rcare rapid\u0103 \u0219i convenabil\u0103<br \/>\n7. Afi\u0219aj LED: Built-in pentru urm\u0103rirea u\u0219oar\u0103 a utiliz\u0103rii \u0219i a st\u0103rii bateriei<br \/>\n8. Greutatea produsului: <strong>98g<\/strong> pe bucat\u0103<br \/>\n9. Dimensiunea produsului: <strong>52mm<\/strong> \u00d7 <strong>33mm<\/strong> \u00d7 <strong>107mm<\/strong><br \/>\n10. Dimensiune cutie: <strong>545mm<\/strong> \u00d7 <strong>335mm<\/strong> \u00d7 <strong>235mm<\/strong><br \/>\n11. QTY: <strong>200 buc per cutie<\/strong>, ambalate ca <strong>10 buc\u0103\u021bi per cutie<\/strong><br \/>\n12. G.W.: Aproximativ <strong>21 kg<\/strong> per cutie<\/p>\n<h3>Caracteristici \u0219i beneficii cheie<\/h3>\n<p>Experimenta\u021bi vaparea f\u0103r\u0103 \u00eentreruperi cu <strong>WASPE 20000<\/strong> datorit\u0103 sistemului s\u0103u inovator <strong>bobin\u0103 cu ochiuri duble<\/strong> care \u00eembun\u0103t\u0103\u021be\u0219te distribu\u021bia c\u0103ldurii \u0219i intensitatea aromei pentru fiecare inhalare. Modelul <strong>baterie robust\u0103 de 900mAh<\/strong> asigur\u0103 o utilizare prelungit\u0103 \u0219i este re\u00eenc\u0103rcat eficient prin intermediul <strong>Tip C<\/strong> port, asigur\u00e2ndu-v\u0103 c\u0103 nu sunte\u021bi niciodat\u0103 prins f\u0103r\u0103 curent. Aceasta <strong>vape de unic\u0103 folosin\u021b\u0103<\/strong> este perfect pentru achizi\u021biile \u00een vrac, fiecare cutie con\u021bin\u00e2nd 200 de buc\u0103\u021bi, ideale pentru pl\u0103cerea personal\u0103 sau pentru distribu\u021bia comercial\u0103. Modelul <strong>24ml capacitate e-lichid<\/strong> garanteaz\u0103 o sesiune de vaping prelungit\u0103, reduc\u00e2nd nevoia de \u00eenlocuiri frecvente, \u00een timp ce construc\u021bia u\u0219oar\u0103 \u0219i ergonomic\u0103 a dispozitivului \u00eel face foarte portabil. Proiectat pentru fiabilitate, acesta v\u0103 ridic\u0103 rutina cu un amestec de durabilitate, confort \u0219i tehnologie avansat\u0103.<\/p>\n<h3>Op\u021biuni de arom\u0103<\/h3>\n<p>R\u0103sf\u0103\u021ba\u021bi-v\u0103 cu o gam\u0103 variat\u0103 de <strong>arome delicioase<\/strong> adaptate pentru fiecare palat. Fiecare op\u021biune ofer\u0103 un profil de gust unic, creat pentru a-\u021bi spori satisfac\u021bia la vapat. Bucura\u021bi-v\u0103 de aceste e-lichiduri premium <strong>arome<\/strong>: C\u0103p\u0219uni Zmeur\u0103 Cire\u0219e<br \/>\nGhea\u021b\u0103 dubl\u0103 de mere<br \/>\nGhea\u021b\u0103 cu afine<br \/>\nLimonad\u0103 de zmeur\u0103 cu afine<br \/>\nPepene ro\u0219u cu c\u0103p\u0219uni<br \/>\nPepene galben Bubblegum<br \/>\nGhea\u021b\u0103 luxuriant\u0103<br \/>\nC\u0103p\u0219uni Kiwi<br \/>\nFructe de p\u0103dure mixte<br \/>\nGhea\u021b\u0103 de struguri<br \/>\nKiwi fructul pasiunii Guava<br \/>\nPiersic\u0103 ghea\u021b\u0103<\/p>\n<h3>Performan\u021b\u0103 detaliat\u0103<\/h3>\n<p>The <strong>WASPE 20000<\/strong> se remarc\u0103 prin capacitatea sa ridicat\u0103 <strong>num\u0103r de pufuri<\/strong>, f\u0103c\u00e2ndu-l o alegere rentabil\u0103 care maximizeaz\u0103 valoarea pentru vaperi. Configura\u021bia cu plas\u0103 dubl\u0103, care func\u021bioneaz\u0103 la <strong>1ohm + 1ohm<\/strong>asigur\u0103 un control constant al temperaturii \u0219i nori gro\u0219i de vapori, f\u0103r\u0103 riscul loviturilor uscate. Fie c\u0103 prefera\u021bi nicotina pentru o lovitur\u0103 \u00een g\u00e2t sau o experien\u021b\u0103 lin\u0103 f\u0103r\u0103 nicotin\u0103, acest dispozitiv ofer\u0103 satisfac\u021bie personalizabil\u0103. The <strong>Afi\u0219aj LED<\/strong> v\u0103 informeaz\u0103 cu date \u00een timp real despre durata de via\u021b\u0103 a bateriei \u0219i utilizarea pufului, ad\u0103ug\u00e2nd o not\u0103 de sofisticare modern\u0103. Utilizatorii preocupa\u021bi de mediu apreciaz\u0103 <strong>re\u00eenc\u0103rcabil\u0103<\/strong> reduc\u00e2nd de\u0219eurile \u00een compara\u021bie cu alternativele de unic\u0103 folosin\u021b\u0103. Pentru o vape premium care combin\u0103 performan\u021ba, varietatea \u0219i designul u\u0219or de utilizat, WASPE 20000 PUFFS Dual Mesh Box este alegerea dvs. final\u0103.<\/p>\n<h3>De ce s\u0103 alege\u021bi WASPE 20000?<\/h3>\n<p>Acest excep\u021bional <strong>vape de unic\u0103 folosin\u021b\u0103<\/strong> ofer\u0103 o solu\u021bie de lung\u0103 durat\u0103 cu <strong>masiv 20000 puf<\/strong> durat\u0103 de via\u021b\u0103, ideal pentru c\u0103l\u0103torii prelungite sau utilizare zilnic\u0103. Dimensiunile sale compacte \u0219i <strong>u\u0219or 98g<\/strong> \u00eel face u\u0219or de transportat, dar are un impact puternic cu <strong>ie\u0219ire de vapori puternici<\/strong> de la bobinele duble. Pentru comercian\u021bii cu am\u0103nuntul, confortul ambalajului cu <strong>200 de buc\u0103\u021bi per cutie<\/strong> simplific\u0103 gestionarea stocurilor \u0219i v\u00e2nz\u0103rile. Vaperii pot explora <strong>amestec bogat de arome<\/strong>, de la fructat la \u00eenghe\u021bat, asigur\u00e2nd c\u0103 exist\u0103 ceva pentru toat\u0103 lumea. Fiabilitatea <strong>Baterie 900mAh<\/strong> \u00eenseamn\u0103 mai pu\u021bine \u00eentreruperi, iar rapiditatea <strong>Tip C<\/strong> sistemul de \u00eenc\u0103rcare v\u0103 asigur\u0103 c\u0103 sunte\u021bi \u00eentotdeauna gata de a vape. Trece\u021bi la WASPE 20000 pentru o c\u0103l\u0103torie \u00eembun\u0103t\u0103\u021bit\u0103 definit\u0103 prin lux, inova\u021bie \u0219i pl\u0103cere pur\u0103.<\/p>","protected":false},"excerpt":{"rendered":"<p>Prezentarea <strong>WASPE 20000<\/strong> vape de unic\u0103 folosin\u021b\u0103, cu un <strong>capacitate impresionant\u0103 de 20000 de pufuri<\/strong> \u0219i <strong>tehnologie de ultim\u0103 genera\u021bie a bobinei cu plas\u0103 dubl\u0103<\/strong> pentru arome \u0219i vapori de calitate superioar\u0103. Alege\u021bi din mai multe <strong>concentra\u021bii de nicotin\u0103<\/strong> (0% la 5%) \u0219i bucura\u021bi-v\u0103 de un design elegant cu <strong>afi\u0219aj LCD \u00een timp real<\/strong>. Alimentat de un <strong>baterie re\u00eenc\u0103rcabil\u0103<\/strong> prin intermediul portului Type-C, acesta ofer\u0103 performan\u021b\u0103 de lung\u0103 durat\u0103 \u0219i confort pentru vaparea de lux.<\/p>","protected":false},"featured_media":5040,"comment_status":"open","ping_status":"closed","template":"","meta":[],"product_brand":[332],"product_cat":[1016,1068],"product_tag":[512,112,244,541,342,540],"class_list":{"0":"post-5046","1":"product","2":"type-product","3":"status-publish","4":"has-post-thumbnail","6":"product_brand-waspe","7":"product_cat-big-puffs-vapes","8":"product_cat-waspe","9":"product_tag-20000-puffs","10":"product_tag-disposable-vape","11":"product_tag-dual-mesh-coil","12":"product_tag-flavored-e-cig","13":"product_tag-rechargeable-battery","14":"product_tag-waspe-20000","16":"first","17":"instock","18":"sale","19":"shipping-taxable","20":"purchasable","21":"product-type-variable"},"jetpack_sharing_enabled":true,"tiered_pricing_type":"fixed","tiered_pricing_fixed_rules":[],"tiered_pricing_product_settings":{"layout":"default","base_unit_name":{"singular":null,"plural":null},"default_variation":null},"tiered_pricing_minimum_quantity":null,"tiered_pricing_roles_data":[],"tiered_pricing_percentage_rules":[],"tiered_pricing_maximum_quantity":null,"tiered_pricing_quantity_step":null,"_links":{"self":[{"href":"https:\/\/frvape.com\/ro\/wp-json\/wp\/v2\/product\/5046","targetHints":{"allow":["GET"]}}],"collection":[{"href":"https:\/\/frvape.com\/ro\/wp-json\/wp\/v2\/product"}],"about":[{"href":"https:\/\/frvape.com\/ro\/wp-json\/wp\/v2\/types\/product"}],"replies":[{"embeddable":true,"href":"https:\/\/frvape.com\/ro\/wp-json\/wp\/v2\/comments?post=5046"}],"wp:featuredmedia":[{"embeddable":true,"href":"https:\/\/frvape.com\/ro\/wp-json\/wp\/v2\/media\/5040"}],"wp:attachment":[{"href":"https:\/\/frvape.com\/ro\/wp-json\/wp\/v2\/media?parent=5046"}],"wp:term":[{"taxonomy":"product_brand","embeddable":true,"href":"https:\/\/frvape.com\/ro\/wp-json\/wp\/v2\/product_brand?post=5046"},{"taxonomy":"product_cat","embeddable":true,"href":"https:\/\/frvape.com\/ro\/wp-json\/wp\/v2\/product_cat?post=5046"},{"taxonomy":"product_tag","embeddable":true,"href":"https:\/\/frvape.com\/ro\/wp-json\/wp\/v2\/product_tag?post=5046"}],"curies":[{"name":"wp","href":"https:\/\/api.w.org\/{rel}","templated":true}]}}