{"id":5423,"date":"2025-10-12T07:34:55","date_gmt":"2025-10-12T07:34:55","guid":{"rendered":"https:\/\/frvape.com\/product\/uzy-bang-digital-15000-puffs-disposable-vape-high-performance-long-lasting\/"},"modified":"2025-11-04T01:54:06","modified_gmt":"2025-11-04T01:54:06","slug":"uzy-bang-digital-15000-pufuri-de-unica-folosinta-vape-de-inalta-performanta-de-lunga-durata","status":"publish","type":"product","link":"https:\/\/frvape.com\/ro\/product\/uzy-bang-digital-15000-pufuri-de-unica-folosinta-vape-de-inalta-performanta-de-lunga-durata\/","title":{"rendered":"UZY Bang Digital 15000 Puffs Vape de unic\u0103 folosin\u021b\u0103 - de \u00eenalt\u0103 performan\u021b\u0103 \u0219i de lung\u0103 durat\u0103"},"content":{"rendered":"<h3>V\u0103 prezent\u0103m UZY Bang Digital 15000 Puffs Vape<\/h3>\n<p>Experien\u021ba suprem\u0103 <strong>confort \u0219i performan\u021b\u0103<\/strong> cu <strong>UZY Bang Digital 15000 pufuri Vape<\/strong>, un dispozitiv premium conceput pentru utilizatorii preten\u021bio\u0219i care cer cele mai bune tehnologii de vapat. Creat pentru a fi <strong>u\u0219or<\/strong>, <strong>puternic<\/strong>, \u0219i <strong>avansate<\/strong>, acest vape ofer\u0103 o experien\u021b\u0103 de neegalat adaptat\u0103 la preferin\u021bele tale.<\/p>\n<h3>Baterie avansat\u0103 \u0219i tehnologie de baz\u0103<\/h3>\n<p>Echipat cu un sistem integrat <strong>Baterie re\u00eenc\u0103rcabil\u0103 850mAh<\/strong> \u0219i o <strong>Port de intrare de tip C<\/strong>, acest dispozitiv asigur\u0103 <strong>utilizare de lung\u0103 durat\u0103<\/strong>, oferind p\u00e2n\u0103 la <strong>15000 pufuri<\/strong> \u00eenainte de re\u00eenc\u0103rcare. Ia-\u021bi adio de la \u00eentreruperile frecvente de alimentare \u0219i bucur\u0103-te de sesiuni de vapat f\u0103r\u0103 \u00eentreruperi \u00een timpul deplas\u0103rilor.<\/p>\n<h3>Livrare de energie eficient\u0103 \u0219i consecvent\u0103<\/h3>\n<p>Cu <strong>furnizare de energie eficient\u0103 \u0219i constant\u0103<\/strong>, UZY Bang Digital garanteaz\u0103 o produc\u021bie fiabil\u0103 de vapori \u0219i o arom\u0103 bogat\u0103 cu fiecare fum. Acest lucru asigur\u0103 o experien\u021b\u0103 satisf\u0103c\u0103toare \u0219i pl\u0103cut\u0103, perfect\u0103 at\u00e2t pentru vaperii noi, c\u00e2t \u0219i pentru cei experimenta\u021bi.<\/p>\n<h3>Capacitate mare de E-Liquid<\/h3>\n<p>Dispun\u00e2nd de un generos <strong>20ml capacitate e-juice preumplut<\/strong>, acest vape <strong>elimin\u0103 necesitatea<\/strong> pentru re\u00eenc\u0103rc\u0103ri frecvente. Savura\u021bi aromele preferate pentru perioade prelungite, f\u0103c\u00e2ndu-l ideal pentru utilizarea zilnic\u0103 f\u0103r\u0103 compromisuri.<\/p>\n<h3>Niveluri de nicotin\u0103 personalizabile<\/h3>\n<p>Conceput pentru personalizare, modelul <strong>UZY Bang Digital ofer\u0103 concentra\u021bii reglabile de nicotin\u0103<\/strong> inclusiv <strong>0%<\/strong>, <strong>2%<\/strong>, <strong>3%<\/strong>, \u0219i <strong>5% sare op\u021biuni nicotin\u0103<\/strong>. Fie c\u0103 prefera\u021bi o experien\u021b\u0103 lin\u0103, f\u0103r\u0103 nicotin\u0103 sau o lovitur\u0103 mai puternic\u0103, acest dispozitiv se adapteaz\u0103 nevoilor dvs. unice.<\/p>\n<h3>Caracteristic\u0103 afi\u0219aj LED<\/h3>\n<p>Sistemul integrat <strong>Afi\u0219aj LED<\/strong> v\u0103 informeaz\u0103 cu privire la parametrii esen\u021biali precum <strong>durata de via\u021b\u0103 a bateriei<\/strong> \u0219i <strong>niveluri de e-juice<\/strong>, asigur\u00e2ndu-v\u0103 c\u0103 p\u0103stra\u021bi controlul asupra c\u0103l\u0103toriei dvs. de vapat.<\/p>\n<h3>Op\u021biuni de arome interesante<\/h3>\n<p>Cufund\u0103-te \u00eentr-o lume a gustului cu gama noastr\u0103 variat\u0103 de <strong>arome e-juice<\/strong>, creat pentru o satisfac\u021bie excep\u021bional\u0103:<br \/>MR Albastru<br \/>Afine Zmeur\u0103<br \/>Afine pe ghea\u021b\u0103<br \/>Ghea\u021b\u0103 de struguri<br \/>Red Energy Ice<br \/>Piersic\u0103 ghea\u021b\u0103<br \/>Kiwi fructul pasiunii<br \/>Triple Mango Ice<br \/>Piersic\u0103 Mango Ananas<br \/>Pepene ro\u0219u cu c\u0103p\u0219uni<br \/>C\u0103p\u0219uni Kiwi<br \/>Ghea\u021b\u0103 de pepene ro\u0219u<br \/>Fiecare arom\u0103 ofer\u0103 o experien\u021b\u0103 de fumat pl\u0103cut\u0103 \u0219i r\u0103coritoare.<\/p>\n<h3>Concluzie<\/h3>\n<p>\u00cembun\u0103t\u0103\u021be\u0219te-\u021bi c\u0103l\u0103toria de vapat cu <strong>UZY Bang Digital 15000 pufuri Vape<\/strong>. Acest dispozitiv combin\u0103 <strong>tehnologie de ultim\u0103 genera\u021bie<\/strong>, <strong>personalizare u\u0219or de utilizat<\/strong>, \u0219i performan\u021b\u0103 superioar\u0103 pentru o experien\u021b\u0103 premium. Cufunda\u021bi-v\u0103 \u00een fiecare puf, \u0219tiind c\u0103 este proiectat s\u0103 dep\u0103\u0219easc\u0103 a\u0219tept\u0103rile \u0219i s\u0103 v\u0103 men\u021bin\u0103 sesiunile f\u0103r\u0103 probleme.<\/p>","protected":false},"excerpt":{"rendered":"<p>Experien\u021b\u0103 <strong>vaping de \u00eenalt\u0103 performan\u021b\u0103<\/strong> cu dispozitivul UZY Bang Digital 15000. Caracteristici a <strong>baterie de lung\u0103 durat\u0103 de 850mAh<\/strong>, <strong>15000 pufuri<\/strong>, \u0219i <strong>Capacitate lichid preumplut 20ml<\/strong>.<br \/>Bucur\u0103-te <strong>niveluri multiple de nicotin\u0103<\/strong> inclusiv 0%, 2%, 3%, 5%, \u0219i o varietate de arome proaspete de e-juice.<\/p>","protected":false},"featured_media":5417,"comment_status":"open","ping_status":"closed","template":"","meta":[],"product_brand":[237],"product_cat":[846],"product_tag":[564,112,350,562,563,561],"class_list":{"0":"post-5423","1":"product","2":"type-product","3":"status-publish","4":"has-post-thumbnail","6":"product_brand-uzy","7":"product_cat-uzy","8":"product_tag-custom-nicotine","9":"product_tag-disposable-vape","10":"product_tag-electronic-cigarette","11":"product_tag-long-lasting-battery","12":"product_tag-pre-filled-pod","13":"product_tag-uzy-bang-digital-15000-puffs","15":"first","16":"instock","17":"sale","18":"shipping-taxable","19":"purchasable","20":"product-type-variable"},"jetpack_sharing_enabled":true,"tiered_pricing_type":"fixed","tiered_pricing_fixed_rules":[],"tiered_pricing_product_settings":{"layout":"default","base_unit_name":{"singular":null,"plural":null},"default_variation":null},"tiered_pricing_minimum_quantity":null,"tiered_pricing_roles_data":[],"tiered_pricing_percentage_rules":[],"tiered_pricing_maximum_quantity":null,"tiered_pricing_quantity_step":null,"_links":{"self":[{"href":"https:\/\/frvape.com\/ro\/wp-json\/wp\/v2\/product\/5423","targetHints":{"allow":["GET"]}}],"collection":[{"href":"https:\/\/frvape.com\/ro\/wp-json\/wp\/v2\/product"}],"about":[{"href":"https:\/\/frvape.com\/ro\/wp-json\/wp\/v2\/types\/product"}],"replies":[{"embeddable":true,"href":"https:\/\/frvape.com\/ro\/wp-json\/wp\/v2\/comments?post=5423"}],"wp:featuredmedia":[{"embeddable":true,"href":"https:\/\/frvape.com\/ro\/wp-json\/wp\/v2\/media\/5417"}],"wp:attachment":[{"href":"https:\/\/frvape.com\/ro\/wp-json\/wp\/v2\/media?parent=5423"}],"wp:term":[{"taxonomy":"product_brand","embeddable":true,"href":"https:\/\/frvape.com\/ro\/wp-json\/wp\/v2\/product_brand?post=5423"},{"taxonomy":"product_cat","embeddable":true,"href":"https:\/\/frvape.com\/ro\/wp-json\/wp\/v2\/product_cat?post=5423"},{"taxonomy":"product_tag","embeddable":true,"href":"https:\/\/frvape.com\/ro\/wp-json\/wp\/v2\/product_tag?post=5423"}],"curies":[{"name":"wp","href":"https:\/\/api.w.org\/{rel}","templated":true}]}}