{"id":6029,"date":"2025-10-12T08:54:14","date_gmt":"2025-10-12T08:54:14","guid":{"rendered":"https:\/\/frvape.com\/product\/fizzy-boom-13000-rechargeable-disposable-vape-pen-with-lcd-screen\/"},"modified":"2025-11-26T03:56:01","modified_gmt":"2025-11-26T03:56:01","slug":"fizzy-boom-13000-stilou-de-vape-reincarcabil-de-unica-folosinta-cu-ecran-lcd","status":"publish","type":"product","link":"https:\/\/frvape.com\/ro\/product\/fizzy-boom-13000-stilou-de-vape-reincarcabil-de-unica-folosinta-cu-ecran-lcd\/","title":{"rendered":"Fizzy Boom 13000 Vape Pen re\u00eenc\u0103rcabil de unic\u0103 folosin\u021b\u0103 cu ecran LCD"},"content":{"rendered":"<h3>FIZZY Boom 13000 Puffs Prezentare general\u0103 a produsului<\/h3>\n<p>The <strong>FIZZY Boom 13000<\/strong> Puffs Rechargeable Disposable Vape Pen v\u0103 ridic\u0103 c\u0103l\u0103toria de vaping cu caracteristicile sale avansate \u0219i construc\u021bia premium. Conceput at\u00e2t pentru utilizatorii ocazionali, c\u00e2t \u0219i pentru pasiona\u021bii de vapat, acest dispozitiv ofer\u0103 o experien\u021b\u0103 lin\u0103 \u0219i satisf\u0103c\u0103toare cu <strong>concentra\u021bii de nicotin\u0103<\/strong> de 2% \u0219i 5%. Carcasa sa metalic\u0103 durabil\u0103 asigur\u0103 un aspect elegant, oferind \u00een acela\u0219i timp durabilitate extins\u0103. Cu o impresionant\u0103 <strong>capacitate e-lichid<\/strong> de 21 ml, acest stilou elimin\u0103 reumplerea frecvent\u0103, ceea ce \u00eel face o alegere f\u0103r\u0103 probleme pentru utilizarea zilnic\u0103.<\/p>\n<h3>Caracteristici principale<\/h3>\n<p><strong>Num\u0103r extins de pufuri<\/strong>: Ofer\u0103 p\u00e2n\u0103 la 13.000 de pufuri pentru sesiuni de lung\u0103 durat\u0103.<br \/>\n<strong>Niveluri de nicotin\u0103 personalizabile<\/strong>: Disponibil \u00een rezisten\u021be 2% \u0219i 5% pentru a se potrivi preferin\u021belor dvs.<br \/>\n<strong>Capacitate mare de E-Liquid<\/strong>: Con\u021bine 21ml de e-lichid cu nicotin\u0103 s\u0103rat\u0103, reduc\u00e2nd frecven\u021ba de reumplere.<br \/>\n<strong>Tehnologia bobinei de plas\u0103<\/strong>: Avansat <strong>bobin\u0103 de plas\u0103<\/strong> asigur\u0103 o produc\u021bie de vapori bogat\u0103 \u0219i fin\u0103 pentru un profil de arom\u0103 \u00eembun\u0103t\u0103\u021bit.<br \/>\n<strong>Afi\u0219aj LCD<\/strong>: Un ecran \u00eencorporat ofer\u0103 monitorizarea \u00een timp real a nivelurilor de e-lichid \u0219i a st\u0103rii bateriei.<br \/>\n<strong>Baterie re\u00eenc\u0103rcabil\u0103<\/strong>: Caracteristici a <strong>650mAh<\/strong> baterie cu <strong>Tip C<\/strong> pentru \u00eenc\u0103rc\u0103ri rapide \u0219i eficiente.<br \/>\n<strong>Compact \u0219i portabil<\/strong>: Design elegant, u\u0219or pentru portabilitate u\u0219oar\u0103.<br \/>\n<strong>Finisaj metalic High-End<\/strong>: Dispune de o vopsea de lux pentru o senza\u021bie \u0219i un aspect premium.<\/p>\n<h3>Arome disponibile<\/h3>\n<p>The <strong>FIZZY Boom 13000<\/strong> vine \u00eentr-o gam\u0103 larg\u0103 de 12 arome interesante pentru a satisface fiecare palat. Fiecare variant\u0103 este creat\u0103 pentru un gust \u0219i o fine\u021be excep\u021bionale:<br \/>\nM\u0103r acru<br \/>\nGhea\u021b\u0103 de pepene ro\u0219u<br \/>\nKiwi Berry Ice<br \/>\nC\u0103p\u0219uni<br \/>\nPepene ro\u0219u Cire\u0219e<br \/>\nC\u0103p\u0219uni Pepene ro\u0219u Rodie<br \/>\nGhea\u021b\u0103 de struguri<br \/>\nGhea\u021b\u0103 cu afine<br \/>\nBlueberry Pepene galben Bubblegum<br \/>\nAfine Zmeur\u0103 L\u0103m\u00e2ie<br \/>\nMelon cu afine<br \/>\nPiersic\u0103<\/p>\n<h3>Specifica\u021bii suplimentare<\/h3>\n<p>Aceasta <strong>Vape re\u00eenc\u0103rcabil\u0103 de unic\u0103 folosin\u021b\u0103<\/strong> include <strong>Tip C<\/strong> pentru \u00eenc\u0103rcare universal\u0103, asigur\u00e2ndu-v\u0103 c\u0103 nu r\u0103m\u00e2ne\u021bi niciodat\u0103 f\u0103r\u0103 energie \u00een deplasare. Perfect pentru vaparea direct\u0103, stiloul suport\u0103 achizi\u021bii \u00een vrac cu 200 de unit\u0103\u021bi pe cutie, ideal pentru comercian\u021bii cu am\u0103nuntul sau ac\u021biunile de grup. The <strong>ulei re\u00eenc\u0103rcabil<\/strong> \u00eei spore\u0219te durata de via\u021b\u0103, \u00een timp ce <strong>bobin\u0103 de plas\u0103<\/strong> garanteaz\u0103 o \u00eentre\u021binere minim\u0103 \u0219i performan\u021be constante.<\/p>\n<p>Ideal pentru utilizare pe tot parcursul zilei, modelul <strong>FIZZY Boom 13000<\/strong> combin\u0103 inova\u021bia cu confortul. Designul s\u0103u ergonomic \u0219i caracteristicile u\u0219or de utilizat \u00eel fac o alegere de top at\u00e2t pentru \u00eencep\u0103tori, c\u00e2t \u0219i pentru vaperi experimenta\u021bi, oferind un amestec de neegalat de stil, func\u021bionalitate \u0219i accesibilitate.<\/p>","protected":false},"excerpt":{"rendered":"<p>Experimenta\u021bi vaparea premium cu <strong>Fizzy Boom 13000<\/strong>, a <strong>Vape re\u00eenc\u0103rcabil\u0103 de unic\u0103 folosin\u021b\u0103<\/strong> oferind p\u00e2n\u0103 la 13.000 de pufuri, <strong>tehnologia bobinei de plas\u0103<\/strong>, \u0219i o <strong>Ecran LCD<\/strong> pentru monitorizare \u00een timp real, \u00eentr-un design metalic elegant.<\/p>","protected":false},"featured_media":6023,"comment_status":"open","ping_status":"closed","template":"","meta":[],"product_brand":[124],"product_cat":[868],"product_tag":[609,610,608,611,487,75],"class_list":{"0":"post-6029","1":"product","2":"type-product","3":"status-publish","4":"has-post-thumbnail","6":"product_brand-fizzy","7":"product_cat-fizzy","8":"product_tag-13000-puffs-disposable","9":"product_tag-2-5-nicotine-vape","10":"product_tag-fizzy-boom-13000","11":"product_tag-lcd-screen-vape-pen","12":"product_tag-mesh-coil-e-cig","13":"product_tag-rechargeable-disposable-vape","15":"first","16":"instock","17":"sale","18":"shipping-taxable","19":"purchasable","20":"product-type-variable"},"jetpack_sharing_enabled":true,"tiered_pricing_type":"fixed","tiered_pricing_fixed_rules":[],"tiered_pricing_product_settings":{"layout":"default","base_unit_name":{"singular":null,"plural":null},"default_variation":null},"tiered_pricing_minimum_quantity":null,"tiered_pricing_roles_data":[],"tiered_pricing_percentage_rules":[],"tiered_pricing_maximum_quantity":null,"tiered_pricing_quantity_step":null,"_links":{"self":[{"href":"https:\/\/frvape.com\/ro\/wp-json\/wp\/v2\/product\/6029","targetHints":{"allow":["GET"]}}],"collection":[{"href":"https:\/\/frvape.com\/ro\/wp-json\/wp\/v2\/product"}],"about":[{"href":"https:\/\/frvape.com\/ro\/wp-json\/wp\/v2\/types\/product"}],"replies":[{"embeddable":true,"href":"https:\/\/frvape.com\/ro\/wp-json\/wp\/v2\/comments?post=6029"}],"wp:featuredmedia":[{"embeddable":true,"href":"https:\/\/frvape.com\/ro\/wp-json\/wp\/v2\/media\/6023"}],"wp:attachment":[{"href":"https:\/\/frvape.com\/ro\/wp-json\/wp\/v2\/media?parent=6029"}],"wp:term":[{"taxonomy":"product_brand","embeddable":true,"href":"https:\/\/frvape.com\/ro\/wp-json\/wp\/v2\/product_brand?post=6029"},{"taxonomy":"product_cat","embeddable":true,"href":"https:\/\/frvape.com\/ro\/wp-json\/wp\/v2\/product_cat?post=6029"},{"taxonomy":"product_tag","embeddable":true,"href":"https:\/\/frvape.com\/ro\/wp-json\/wp\/v2\/product_tag?post=6029"}],"curies":[{"name":"wp","href":"https:\/\/api.w.org\/{rel}","templated":true}]}}