{"id":6361,"date":"2025-10-12T12:13:51","date_gmt":"2025-10-12T12:13:51","guid":{"rendered":"https:\/\/frvape.com\/product\/mrvi-puffing-15000-disposable-vape-15000-puffs-with-lanyard-screen-display\/"},"modified":"2026-02-06T03:27:03","modified_gmt":"2026-02-06T03:27:03","slug":"mrvi-puffing-15000-vape-de-unica-folosinta-15000-puffs-cu-ecran-de-afisare-lanyard","status":"publish","type":"product","link":"https:\/\/frvape.com\/ro\/product\/mrvi-puffing-15000-vape-de-unica-folosinta-15000-puffs-cu-ecran-de-afisare-lanyard\/","title":{"rendered":"Mrvi Puffing 15000 Vape de unic\u0103 folosin\u021b\u0103 | 15000 Puffs cu \u0219nur \u0219i ecran de afi\u0219are"},"content":{"rendered":"<h3>Puterea suprem\u0103 \u00eent\u00e2lne\u0219te gustul excep\u021bional<\/h3>\n<p>Face\u021bi cuno\u0219tin\u021b\u0103 cu cei moderniza\u021bi <strong>Mrvi Puffing 15000<\/strong> Vape de unic\u0103 folosin\u021b\u0103 - evolu\u021bia seriei MRVI COMING, preferat\u0103 de fani. Am \u00eembun\u0103t\u0103\u021bit fiecare detaliu, p\u0103str\u00e2nd \u00een acela\u0219i timp designul s\u0103u iconic, ad\u0103ug\u00e2nd acum un practic <strong>\u0219nur pentru portabilitate u\u0219oar\u0103<\/strong>. Acest centru de putere ofer\u0103 un lider \u00een industrie <strong>15.000 de pufuri<\/strong> sus\u021binute de un profil de arom\u0103 rafinat, testat ne\u00eencetat p\u00e2n\u0103 la perfec\u021biune. Feedback-ul clien\u021bilor confirm\u0103: experien\u021ba gustativ\u0103 este cu adev\u0103rat excep\u021bional\u0103.<\/p>\n<h3>Specifica\u021bii tehnice Breakthrough<\/h3>\n<p>Proiectat pentru anduran\u021b\u0103: un motor masiv <strong>Capacitate de 25ml e-lichid<\/strong> cuplat cu un fiabil <strong>Baterie cobalt 750mAh<\/strong>. The <strong>\u00cenc\u0103rcare rapid\u0103 de tip C<\/strong> asigur\u0103 un timp minim de nefunc\u021bionare, \u00een timp ce afi\u0219ajul inovator din partea de jos v\u0103 \u021bine la curent cu <strong>niveluri de ulei \u00een timp real<\/strong> \u0219i <strong>starea bateriei<\/strong>. Alege\u021bi preferin\u021ba dvs. <strong>puterea nicotinei<\/strong> (2%, 3% sau 5%) pentru a se potrivi cerin\u021belor dvs. personalizate, toate \u00eembun\u0103t\u0103\u021bite de revolu\u021bionarul nostru <strong>tehnologia bobinei dual mesh<\/strong> pentru a intensifica aroma \u0219i produc\u021bia de vapori.<\/p>\n<h3>Experien\u021b\u0103 a gustului de neegalat<\/h3>\n<p>R\u0103sf\u0103\u021ba\u021bi-v\u0103 cu gama noastr\u0103 de arome premium, meticulos creat\u0103 prin nenum\u0103rate rafinamente:<br \/><strong>Milkshake cu banane<\/strong><br \/><strong>Pepene ro\u0219u cu c\u0103p\u0219uni<\/strong><br \/><strong>Explozie roz<\/strong><br \/><strong>\u00cenghe\u021bat\u0103 Honeydew<\/strong><br \/><strong>Afine pe ghea\u021b\u0103<\/strong><br \/><strong>Blueberry Bubblegum<\/strong><br \/><strong>Red Apple Ice<\/strong><br \/><strong>Ghea\u021b\u0103 luxuriant\u0103<\/strong><br \/><strong>Ghea\u021b\u0103 de ananas<\/strong><br \/><strong>Piersic\u0103 Mango<\/strong><\/p>\n<h3>Caracteristici inteligente pentru un control \u00eembun\u0103t\u0103\u021bit<\/h3>\n<p>Dincolo de capacitatea extraordinar\u0103 de suflare, Puffing 15000 integreaz\u0103 func\u021bionalit\u0103\u021bi de ultim\u0103 genera\u021bie. Monitoriza\u021bi utilizarea dvs. cu ajutorul func\u021biei integrate <strong>Ecran de afi\u0219are a e-lichidului \u0219i a aliment\u0103rii<\/strong>, regla\u021bi intensitatea vaporilor cu ajutorul <strong>func\u021bia de reglare a puterii<\/strong>\u0219i bucura\u021bi-v\u0103 de performan\u021ba constant\u0103 a sistemului nostru avansat de bobine. Fiecare pachet include un <strong>accesoriu lanyard<\/strong> - perfect pentru stilul de via\u021b\u0103 activ.<\/p>\n<h3>Construc\u021bie \u0219i ambalare premium<\/h3>\n<p>Tehnologia noastr\u0103 este g\u0103zduit\u0103 de un design ergonomic optimizat pentru utilizare prelungit\u0103. Unit\u0103\u021bile se livreaz\u0103 c\u00e2te 10 pe cutie, cu ambalare eficient\u0103 \u00een vrac de <strong>160 de dispozitive per cutie<\/strong> (60x32x23cm, 19kg). Platforma re\u00eenc\u0103rcabil\u0103 minimizeaz\u0103 de\u0219eurile, maximiz\u00e2nd \u00een acela\u0219i timp valoarea, stabilind un nou standard \u00een vaparea eco-con\u0219tient\u0103 f\u0103r\u0103 a sacrifica performan\u021ba monumental\u0103. Ridica\u021bi-v\u0103 c\u0103l\u0103toria - experimenta\u021bi o longevitate \u0219i o m\u0103iestrie a aromei de neegalat.<\/p>","protected":false},"excerpt":{"rendered":"<p><strong>Mrvi Puffing 15000<\/strong> vape de unic\u0103 folosin\u021b\u0103 ofer\u0103 o uimitoare <strong>15.000 de pufuri<\/strong> cu arome premium. Caracteristici a <strong>Baterie re\u00eenc\u0103rcabil\u0103 de 750mAh<\/strong>, <strong>\u00cenc\u0103rcare rapid\u0103 de tip C<\/strong>, \u0219i \u00eencorporate <strong>ecran de afi\u0219are ulei\/alimentare<\/strong>. Include transport convenabil <strong>l\u0103n\u021bi\u0219or<\/strong> \u0219i tehnologie cu bobin\u0103 cu plas\u0103 dubl\u0103.<\/p>","protected":false},"featured_media":6355,"comment_status":"open","ping_status":"closed","template":"","meta":[],"product_brand":[174],"product_cat":[175],"product_tag":[429,94,626,115,271,627],"class_list":{"0":"post-6361","1":"product","2":"type-product","3":"status-publish","4":"has-post-thumbnail","6":"product_brand-mrvi","7":"product_cat-mrvi-vape","8":"product_tag-15000-puffs-disposable-vape","9":"product_tag-dual-mesh-coil-vape","10":"product_tag-mrvi-puffing-15000","11":"product_tag-rechargeable-vape","12":"product_tag-type-c-vape","13":"product_tag-vape-with-lanyard","15":"first","16":"outofstock","17":"sale","18":"shipping-taxable","19":"purchasable","20":"product-type-variable"},"jetpack_sharing_enabled":true,"tiered_pricing_type":"fixed","tiered_pricing_fixed_rules":[],"tiered_pricing_product_settings":{"layout":"default","base_unit_name":{"singular":null,"plural":null},"default_variation":null},"tiered_pricing_minimum_quantity":null,"tiered_pricing_roles_data":[],"tiered_pricing_percentage_rules":[],"tiered_pricing_maximum_quantity":null,"tiered_pricing_quantity_step":null,"_links":{"self":[{"href":"https:\/\/frvape.com\/ro\/wp-json\/wp\/v2\/product\/6361","targetHints":{"allow":["GET"]}}],"collection":[{"href":"https:\/\/frvape.com\/ro\/wp-json\/wp\/v2\/product"}],"about":[{"href":"https:\/\/frvape.com\/ro\/wp-json\/wp\/v2\/types\/product"}],"replies":[{"embeddable":true,"href":"https:\/\/frvape.com\/ro\/wp-json\/wp\/v2\/comments?post=6361"}],"wp:featuredmedia":[{"embeddable":true,"href":"https:\/\/frvape.com\/ro\/wp-json\/wp\/v2\/media\/6355"}],"wp:attachment":[{"href":"https:\/\/frvape.com\/ro\/wp-json\/wp\/v2\/media?parent=6361"}],"wp:term":[{"taxonomy":"product_brand","embeddable":true,"href":"https:\/\/frvape.com\/ro\/wp-json\/wp\/v2\/product_brand?post=6361"},{"taxonomy":"product_cat","embeddable":true,"href":"https:\/\/frvape.com\/ro\/wp-json\/wp\/v2\/product_cat?post=6361"},{"taxonomy":"product_tag","embeddable":true,"href":"https:\/\/frvape.com\/ro\/wp-json\/wp\/v2\/product_tag?post=6361"}],"curies":[{"name":"wp","href":"https:\/\/api.w.org\/{rel}","templated":true}]}}