{"id":9150,"date":"2025-10-31T14:54:58","date_gmt":"2025-10-31T14:54:58","guid":{"rendered":"https:\/\/frvape.com\/product\/aivono-aim-150k-puffs-disposable-vape-rechargeable-58ml-mesh-coil-device\/"},"modified":"2025-12-16T09:09:50","modified_gmt":"2025-12-16T09:09:50","slug":"aivono-aim-150k-puffs-de-unica-folosinta-vape-reincarcabil-58ml-dispozitiv-cu-bobina-de-plasa","status":"publish","type":"product","link":"https:\/\/frvape.com\/ro\/product\/aivono-aim-150k-puffs-de-unica-folosinta-vape-reincarcabil-58ml-dispozitiv-cu-bobina-de-plasa\/","title":{"rendered":"Aivono Aim 150K Puffs Vape de unic\u0103 folosin\u021b\u0103 - dispozitiv re\u00eenc\u0103rcabil 58ml Mesh Coil"},"content":{"rendered":"<h3>Ultima experien\u021b\u0103 de folosire de lung\u0103 durat\u0103<\/h3>\n<p>Descoperi\u021bi revolu\u021bionarul <strong>Aivono Aim 150K Puffs<\/strong> vape de unic\u0103 folosin\u021b\u0103, proiectat pentru vaperii care caut\u0103 rezisten\u021b\u0103 excep\u021bional\u0103 \u0219i livrare de arome premium. Acest dispozitiv de ultim\u0103 genera\u021bie stabile\u0219te noi standarde pe pia\u021ba vapei de unic\u0103 folosin\u021b\u0103 cu capacitatea sa extraordinar\u0103 de 150.000 de pufule\u021bi - perfect pentru utilizatorii \u00eenr\u0103i\u021bi \u0219i pasiona\u021bii de arome care cer satisfac\u021bie ne\u00eentrerupt\u0103.<\/p>\n<h3>Tehnologie avansat\u0103 a bobinei Mesh<\/h3>\n<p>Experimenta\u021bi o consisten\u021b\u0103 de neegalat a vaporilor cu sistemul nostru inovator quad-core care g\u0103zduie\u0219te patru bobine mesh de 1,2\u03a9. Aceast\u0103 configura\u021bie avansat\u0103 asigur\u0103 c\u0103 fiecare fum ofer\u0103 <strong>dens<\/strong>, nori aroma\u021bi, men\u021bin\u00e2nd \u00een acela\u0219i timp stabilitatea temperaturii de la prima la ultima utilizare. The <strong>bobin\u0103 de plas\u0103<\/strong> designul maximizeaz\u0103 utilizarea e-lichidului \u0219i ofer\u0103 \u00eenc\u0103lzire rapid\u0103 pentru satisfac\u021bie instantanee.<\/p>\n<h3>Experien\u021b\u0103 nicotinic\u0103 personalizabil\u0103<\/h3>\n<p>Personaliza\u021bi-v\u0103 c\u0103l\u0103toria de vapat cu mai multe <strong>puterea nicotinei<\/strong> op\u021biuni (0%, 2%, 3%, 5%) pentru a se potrivi preferin\u021belor dvs. personale. Fie c\u0103 face\u021bi tranzi\u021bia de la \u021big\u0103rile tradi\u021bionale sau pur \u0219i simplu v\u0103 bucura\u021bi de satisfac\u021bia nicotinei, nivelurile noastre atent calibrate ofer\u0103 lovituri u\u0219oare \u00een g\u00e2t f\u0103r\u0103 a compromite integritatea aromei, f\u0103c\u00e2ndu-l ideal pentru toate stilurile de vaping.<\/p>\n<h3>Capacitate masiv\u0103 de E-Liquid \u0219i caracteristici inteligente<\/h3>\n<p>\u00cen centrul acestui dispozitiv impresionant se afl\u0103 un <strong>58ml e-lichid preumplut<\/strong> rezervor. Aceast\u0103 capacitate generoas\u0103 asigur\u0103 o utilizare prelungit\u0103 f\u0103r\u0103 \u00eenlocuiri frecvente, ceea ce o face at\u00e2t rentabil\u0103, c\u00e2t \u0219i convenabil\u0103. R\u0103m\u00e2ne\u021bi informat cu ajutorul afi\u0219ajului LED integrat care monitorizeaz\u0103 continuu <strong>baterie<\/strong> starea \u0219i nivelurile de suc r\u0103mase.<\/p>\n<h3>Performan\u021b\u0103 re\u00eenc\u0103rcabil\u0103 premium<\/h3>\n<p>Bateria de mare capacitate de 850 mAh ofer\u0103 o putere de durat\u0103 pentru a se potrivi cu num\u0103rul excep\u021bional de pufuri. Re\u00eenc\u0103rca\u021bi rapid cu tehnologia USB-C, prevenind timpii mor\u021bi \u0219i oferind \u00een acela\u0219i timp eficien\u021b\u0103 de \u00eenc\u0103rcare rapid\u0103. Aceast\u0103 caracteristic\u0103 u\u0219or de utilizat v\u0103 prelunge\u0219te sesiunile de vapat f\u0103r\u0103 a fi nevoie de alternative de unic\u0103 folosin\u021b\u0103.<\/p>\n<h3>Varietate de arome delicioase<\/h3>\n<p>R\u0103sf\u0103\u021ba\u021bi-v\u0103 cu selec\u021bia noastr\u0103 variat\u0103 de arome sofisticate:<\/p>\n<p><strong>Pepene galben + zmeur\u0103 + cire\u0219e + cola<br \/>Ghea\u021b\u0103 de c\u0103p\u0219uni + Ghea\u021b\u0103 de pepene galben + Ghea\u021b\u0103 de piersici + Ghea\u021b\u0103 de fructul pasiunii<br \/>Ghea\u021b\u0103 de c\u0103p\u0219uni + mango + ananas + \u00eenghe\u021bat\u0103<br \/>Ananas cu nuc\u0103 de cocos + ghea\u021b\u0103 de l\u0103m\u00e2ie + ghea\u021b\u0103 de afine + b\u0103utur\u0103 energizant\u0103<br \/>Ghea\u021b\u0103 de c\u0103p\u0219uni + Ghea\u021b\u0103 de afine + Ghea\u021b\u0103 de struguri + Ghea\u021b\u0103 de mere verzi<br \/>Banana Ice + Strawberry Ice + Watermelon Ice + Lemon Ice<br \/>Kiwi cu c\u0103p\u0219uni + nuc\u0103 de cocos cu afine + prune mixte + mango<br \/>Ghea\u021b\u0103 de c\u0103p\u0219uni + Ghea\u021b\u0103 de nuc\u0103 de cocos cu ananas + Ghea\u021b\u0103 de mango + Ghea\u021b\u0103 de fructul pasiunii<br \/>Blueberry Ice + Raspberry Lemon Ice + Watermelon Bubblegum + Mint<br \/>Ghea\u021b\u0103 de struguri + piersic\u0103 de mango + ghea\u021b\u0103 de pepene galben + ghea\u021b\u0103 de afine<\/strong><\/p>\n<h3>Specifica\u021bii tehnice<\/h3>\n<p>Puffs: 150,000<br \/>Tip bobin\u0103: Quad 1.2\u03a9 Mesh Coil System<br \/>Capacitate E-liquid: 58ml<br \/>Puterea nicotinei: 0%\/2%\/3%\/5%<br \/>Baterie: 850mAh re\u00eenc\u0103rcabil\u0103<br \/>\u00cenc\u0103rcare: Interfa\u021b\u0103 USB de tip C<br \/>Afi\u0219aj: Indicatori LED pentru baterie\/lichid<br \/>Dimensiuni: 39 x 39 x 118mm<br \/>Dimensiuni pachet (mic): 47x47x135mm<br \/>Dimensiuni cutie de transport (cutie mare): 97x243x138mm<br \/>Dimensiuni Master Carton: 685x380x240mm<br \/>Greutatea cartonului: 23 kg (150 unit\u0103\u021bi)<\/p>\n<h3>Cea mai bun\u0103 alegere pentru vaperii de performan\u021b\u0103<\/h3>\n<p>The <strong>Aivono Aim 150K Puffs<\/strong> redefine\u0219te standardele de vapat de unic\u0103 folosin\u021b\u0103 prin combinarea unei capacit\u0103\u021bi record cu o construc\u021bie premium. Fiecare component\u0103 proiectat\u0103 cu aten\u021bie - de la bobinele cu ochiuri eficiente la sistemul de flux de aer perfect reglat - ofer\u0103 o consisten\u021b\u0103 de neclintit pe durata sa de via\u021b\u0103 excep\u021bional\u0103. Acest sistem de vapat autonom elimin\u0103 nevoile de \u00eentre\u021binere, oferind \u00een acela\u0219i timp performan\u021be de nivel profesional, ceea ce \u00eel face la fel de potrivit pentru pl\u0103cerea personal\u0103 sau distribu\u021bia comercial\u0103. Transforma\u021bi-v\u0103 experien\u021ba de vaping cu aceast\u0103 combina\u021bie inovatoare de durabilitate, bog\u0103\u021bie a aromei \u0219i inginerie practic\u0103.<\/p>","protected":false},"excerpt":{"rendered":"<p>Experimenta\u021bi longevitatea suprem\u0103 cu <strong>Aivono Aim 150K Puffs<\/strong> vape de unic\u0103 folosin\u021b\u0103 cu <strong>58ml capacitate<\/strong> \u0219i <strong>150.000 de pufuri<\/strong>.<br \/>Bucur\u0103-te <strong>patru bobine cu ochiuri<\/strong> pentru o arom\u0103 bogat\u0103, reglabil\u0103 <strong>puterea nicotinei<\/strong> (0%\/2%\/3%\/5%) \u0219i re\u00eenc\u0103rcare USB-C.<\/p>","protected":false},"featured_media":9144,"comment_status":"open","ping_status":"closed","template":"","meta":[],"product_brand":[165],"product_cat":[951,1016],"product_tag":[734,735,733,112,77,115],"class_list":{"0":"post-9150","1":"product","2":"type-product","3":"status-publish","4":"has-post-thumbnail","6":"product_brand-aivono","7":"product_cat-aivono","8":"product_cat-big-puffs-vapes","9":"product_tag-150000-puffs-vape","10":"product_tag-58ml-e-liquid","11":"product_tag-aivono-aim-150000-puffs","12":"product_tag-disposable-vape","13":"product_tag-mesh-coil-vape","14":"product_tag-rechargeable-vape","16":"first","17":"instock","18":"sale","19":"shipping-taxable","20":"purchasable","21":"product-type-variable"},"jetpack_sharing_enabled":true,"tiered_pricing_type":"fixed","tiered_pricing_fixed_rules":[],"tiered_pricing_product_settings":{"layout":"default","base_unit_name":{"singular":null,"plural":null},"default_variation":null},"tiered_pricing_minimum_quantity":null,"tiered_pricing_roles_data":[],"tiered_pricing_percentage_rules":[],"tiered_pricing_maximum_quantity":null,"tiered_pricing_quantity_step":null,"_links":{"self":[{"href":"https:\/\/frvape.com\/ro\/wp-json\/wp\/v2\/product\/9150","targetHints":{"allow":["GET"]}}],"collection":[{"href":"https:\/\/frvape.com\/ro\/wp-json\/wp\/v2\/product"}],"about":[{"href":"https:\/\/frvape.com\/ro\/wp-json\/wp\/v2\/types\/product"}],"replies":[{"embeddable":true,"href":"https:\/\/frvape.com\/ro\/wp-json\/wp\/v2\/comments?post=9150"}],"wp:featuredmedia":[{"embeddable":true,"href":"https:\/\/frvape.com\/ro\/wp-json\/wp\/v2\/media\/9144"}],"wp:attachment":[{"href":"https:\/\/frvape.com\/ro\/wp-json\/wp\/v2\/media?parent=9150"}],"wp:term":[{"taxonomy":"product_brand","embeddable":true,"href":"https:\/\/frvape.com\/ro\/wp-json\/wp\/v2\/product_brand?post=9150"},{"taxonomy":"product_cat","embeddable":true,"href":"https:\/\/frvape.com\/ro\/wp-json\/wp\/v2\/product_cat?post=9150"},{"taxonomy":"product_tag","embeddable":true,"href":"https:\/\/frvape.com\/ro\/wp-json\/wp\/v2\/product_tag?post=9150"}],"curies":[{"name":"wp","href":"https:\/\/api.w.org\/{rel}","templated":true}]}}