{"id":7116,"date":"2025-10-13T06:39:27","date_gmt":"2025-10-13T06:39:27","guid":{"rendered":"https:\/\/frvape.com\/?page_id=7116"},"modified":"2025-10-13T13:25:09","modified_gmt":"2025-10-13T13:25:09","slug":"nacin-placila","status":"publish","type":"page","link":"https:\/\/frvape.com\/sl\/nacin-placila\/","title":{"rendered":"Na\u010din pla\u010dila"},"content":{"rendered":"<div data-elementor-type=\"wp-page\" data-elementor-id=\"7116\" class=\"elementor elementor-7116\">\n\t\t\t\t<div class=\"elementor-element elementor-element-4b918af7 e-flex e-con-boxed e-con e-parent\" data-id=\"4b918af7\" data-element_type=\"container\">\n\t\t\t\t\t<div class=\"e-con-inner\">\n\t\t\t\t<div class=\"elementor-element elementor-element-6fa399fd elementor-widget elementor-widget-text-editor\" data-id=\"6fa399fd\" data-element_type=\"widget\" data-widget_type=\"text-editor.default\">\n\t\t\t\t\t\t\t\t\t\t\t\t\t\t\t\t\t<\/div>\n\t\t\t\t\t<\/div>\n\t\t\t\t<\/div>\n\t\t<div class=\"elementor-element elementor-element-c79ae13 e-flex e-con-boxed e-con e-parent\" data-id=\"c79ae13\" data-element_type=\"container\">\n\t\t\t\t\t<div class=\"e-con-inner\">\n\t\t\t\t<div class=\"elementor-element elementor-element-26fd760 elementor-widget elementor-widget-text-editor\" data-id=\"26fd760\" data-element_type=\"widget\" data-widget_type=\"text-editor.default\">\n\t\t\t\t\t\t\t\t\t<header style=\"color: rgb(35, 35, 35); font-family: Lato, sans-serif;\"><h1 style=\"color: rgb(10, 10, 10); width: 1540px;\">Na\u010din pla\u010dila<\/h1><div style=\"width: 30px;\"><\/div><\/header><div style=\"color: rgb(35, 35, 35); font-family: Lato, sans-serif;\"><div style=\"max-width: 1570px;\"><div style=\"width: 785px;\"><div style=\"width: 755px;\"><p>Dobrodo\u0161li v FR<span style=\"font-weight: bolder;\">Vape<\/span>&nbsp;- va\u0161a zaupanja vredna globalna destinacija za vrhunske izdelke vape za enkratno uporabo. Z dostavo po vsem svetu smo se zavezali, da bomo slu\u017eili strankam po vsem svetu.<\/p><p><span style=\"font-weight: bolder;\">Pri FRVape dajemo prednost udobju in varnosti, da bi izbolj\u0161ali va\u0161e nakupovanje. Ponujamo razli\u010dne mo\u017enosti pla\u010dila, ki ustrezajo va\u0161im potrebam:<\/span><\/p><p>1. **PayPal**: Na na\u0161i platformi u\u017eivajte v varnih in enostavnih pla\u010dilih s sistemom PayPal.&nbsp;<span style=\"font-weight: bolder;\">(20% DDV)<\/span><\/p><p>2. **Kreditna kartica**: Sprejemamo vse glavne kreditne kartice, kar zagotavlja enostavno in zanesljivo pla\u010devanje.&nbsp;<span style=\"font-weight: bolder;\">(20% DDV)<\/span><\/p><p>3. **Ban\u010dno nakazilo**: Za tiste, ki imajo raje tradicionalne metode, kot varno mo\u017enost podpiramo ban\u010dna nakazila.&nbsp;<span style=\"font-weight: bolder;\">(BREZ DDV)<\/span><\/p><p>4. **Kripto valuta**: Vklju\u010dite sodobne finance z na\u0161o mo\u017enostjo pla\u010dila v kriptovaluti.&nbsp;<span style=\"font-weight: bolder;\">(BREZ DDV)<\/span><\/p><p>5. **Modro prena\u0161anje**: Vklju\u010dite se v stro\u0161kovno u\u010dinkovita in uspe\u0161na pla\u010dila z uporabo storitve Wise Transfer.&nbsp;<span style=\"font-weight: bolder;\">(BREZ DDV)<\/span><\/p><p>\u010ce imate vpra\u0161anja ali posebne zahteve za pla\u010dilo, se obrnite na na\u0161o slu\u017ebo za pomo\u010d strankam. Tukaj smo, da zagotovimo va\u0161o izku\u0161njo s FR<span style=\"font-weight: bolder;\">Vape<\/span>&nbsp;je nemoteno, varno in zadovoljivo.<\/p><p><span style=\"font-weight: bolder;\">Zahvaljujemo se vam, da ste zaupali podjetju AiviouVape kot vir kakovostnih izdelkov za enkratno uporabo.<\/span><\/p><\/div><\/div><\/div><\/div>\t\t\t\t\t\t\t\t<\/div>\n\t\t\t\t\t<\/div>\n\t\t\t\t<\/div>\n\t\t\t\t<\/div>","protected":false},"excerpt":{"rendered":"<p>Payment Method Welcome to&nbsp;FRVape&nbsp;\u2013 your trusted global destination for top-quality disposable vape products. With worldwide shipping, we\u2019re committed to serving customers around the globe. At FRVape, we prioritize convenience and security to enhance your shopping journey. We offer a variety of payment options to meet your needs: 1. **PayPal**: Enjoy secure and easy payments with [&#8230;]","protected":false},"author":1,"featured_media":0,"parent":0,"menu_order":0,"comment_status":"closed","ping_status":"closed","template":"","meta":{"footnotes":""},"class_list":["post-7116","page","type-page","status-publish","hentry"],"jetpack_sharing_enabled":true,"_links":{"self":[{"href":"https:\/\/frvape.com\/sl\/wp-json\/wp\/v2\/pages\/7116","targetHints":{"allow":["GET"]}}],"collection":[{"href":"https:\/\/frvape.com\/sl\/wp-json\/wp\/v2\/pages"}],"about":[{"href":"https:\/\/frvape.com\/sl\/wp-json\/wp\/v2\/types\/page"}],"author":[{"embeddable":true,"href":"https:\/\/frvape.com\/sl\/wp-json\/wp\/v2\/users\/1"}],"replies":[{"embeddable":true,"href":"https:\/\/frvape.com\/sl\/wp-json\/wp\/v2\/comments?post=7116"}],"version-history":[{"count":5,"href":"https:\/\/frvape.com\/sl\/wp-json\/wp\/v2\/pages\/7116\/revisions"}],"predecessor-version":[{"id":7123,"href":"https:\/\/frvape.com\/sl\/wp-json\/wp\/v2\/pages\/7116\/revisions\/7123"}],"wp:attachment":[{"href":"https:\/\/frvape.com\/sl\/wp-json\/wp\/v2\/media?parent=7116"}],"curies":[{"name":"wp","href":"https:\/\/api.w.org\/{rel}","templated":true}]}}