{"id":7125,"date":"2025-10-13T06:48:19","date_gmt":"2025-10-13T06:48:19","guid":{"rendered":"https:\/\/frvape.com\/?page_id=7125"},"modified":"2025-10-13T13:26:19","modified_gmt":"2025-10-13T13:26:19","slug":"ponudbe-kuponov","status":"publish","type":"page","link":"https:\/\/frvape.com\/sl\/ponudbe-kuponov\/","title":{"rendered":"Coupons &#038; Offer"},"content":{"rendered":"<div data-elementor-type=\"wp-page\" data-elementor-id=\"7125\" class=\"elementor elementor-7125\">\n\t\t\t\t<div class=\"elementor-element elementor-element-7d519ebb e-flex e-con-boxed e-con e-parent\" data-id=\"7d519ebb\" data-element_type=\"container\">\n\t\t\t\t\t<div class=\"e-con-inner\">\n\t\t\t\t<div class=\"elementor-element elementor-element-4672ad55 elementor-widget elementor-widget-text-editor\" data-id=\"4672ad55\" data-element_type=\"widget\" data-widget_type=\"text-editor.default\">\n\t\t\t\t\t\t\t\t\t\t\t\t\t\t\t\t\t<\/div>\n\t\t\t\t\t<\/div>\n\t\t\t\t<\/div>\n\t\t<div class=\"elementor-element elementor-element-f5a1dac e-flex e-con-boxed e-con e-parent\" data-id=\"f5a1dac\" data-element_type=\"container\">\n\t\t\t\t\t<div class=\"e-con-inner\">\n\t\t\t\t<div class=\"elementor-element elementor-element-8c5601b elementor-widget elementor-widget-text-editor\" data-id=\"8c5601b\" data-element_type=\"widget\" data-widget_type=\"text-editor.default\">\n\t\t\t\t\t\t\t\t\t<h3 data-start=\"108\" data-end=\"153\"><strong data-start=\"112\" data-end=\"153\">Izklju\u010dni kuponi in ponudbe na FR Vape<\/strong><\/h3><p data-start=\"155\" data-end=\"305\"><strong data-start=\"155\" data-end=\"305\">Dobrodo\u0161li v podjetju FR Vape - va\u0161i trgovini na enem mestu za vrhunske izdelke za vaping. U\u017eivajte v neverjetnih prihrankih pri naslednjem naro\u010dilu z na\u0161imi posebnimi kuponi in ponudbami!<\/strong><\/p><hr data-start=\"307\" data-end=\"310\"><h4 data-start=\"312\" data-end=\"336\"><strong data-start=\"317\" data-end=\"336\">Trenutne ponudbe:<\/strong><\/h4><hr data-start=\"338\" data-end=\"341\"><p data-start=\"343\" data-end=\"390\"><strong data-start=\"343\" data-end=\"390\">1. Dobrodo\u0161la ponudba - 10% Off Your First Order<\/strong><\/p><p data-start=\"392\" data-end=\"499\">Novinec v FR Vape? U\u017eivajte na <strong data-start=\"414\" data-end=\"425\">10% OFF<\/strong> ob prvem nakupu!<br data-start=\"449\" data-end=\"452\">\nPreprosto uporabite kodo: <strong data-start=\"473\" data-end=\"486\">WELCOME10<\/strong> na blagajni.<\/p><hr data-start=\"501\" data-end=\"504\"><p data-start=\"506\" data-end=\"553\"><strong data-start=\"506\" data-end=\"553\">2. Kupite 2, dobite 1 brezpla\u010dno na izbranih e-teko\u010dinah!<\/strong><\/p><p data-start=\"555\" data-end=\"720\">Zalo\u017eite svoje najljub\u0161e e-teko\u010dine in prihranite!<br data-start=\"600\" data-end=\"603\">\nKupite dve stekleni\u010dki izbranih e-teko\u010din in dobite eno popolnoma BREZPLA\u010cNO!<br data-start=\"669\" data-end=\"672\">\nKoda ni potrebna, ponudba velja samodejno.<\/p><hr data-start=\"722\" data-end=\"725\"><p data-start=\"727\" data-end=\"766\"><strong data-start=\"727\" data-end=\"766\">3. Brezpla\u010dna dostava za naro\u010dila nad $50<\/strong><\/p><p data-start=\"768\" data-end=\"917\">Pridobite BREZPLA\u010cNO dostavo za vsa naro\u010dila nad <strong data-start=\"805\" data-end=\"812\">$50<\/strong>!<br data-start=\"813\" data-end=\"816\">\nPromocijska koda ni potrebna, samo napolnite ko\u0161arico in popust se bo samodejno uporabil ob nakupu.<\/p><hr data-start=\"919\" data-end=\"922\"><p data-start=\"924\" data-end=\"963\"><strong data-start=\"924\" data-end=\"963\">4. Flash Prodaja - 25% Off Vse naprave<\/strong><\/p><p data-start=\"965\" data-end=\"1114\">Za omejen \u010das prihranite <strong data-start=\"990\" data-end=\"1001\">25% OFF<\/strong> za vse naprave za vapiranje, vklju\u010dno s kompleti, modi in pripomo\u010dki za enkratno uporabo.<br data-start=\"1061\" data-end=\"1064\">\nPohitite, ta ponudba se kmalu kon\u010da! Uporabite kodo: <strong data-start=\"1102\" data-end=\"1113\">FLASH25<\/strong>.<\/p><hr data-start=\"1116\" data-end=\"1119\"><h4 data-start=\"1121\" data-end=\"1150\"><strong data-start=\"1126\" data-end=\"1150\">Ekskluzivna ponudba VIP:<\/strong><\/h4><p data-start=\"1152\" data-end=\"1186\"><strong data-start=\"1152\" data-end=\"1186\">5. 15% OFF za \u010dlane FR Vape<\/strong><\/p><p data-start=\"1188\" data-end=\"1340\">Prijavite se na na\u0161e \u010dlanstvo VIP in prejmite <strong data-start=\"1227\" data-end=\"1238\">15% OFF<\/strong> vsako va\u0161e naro\u010dilo!<br data-start=\"1260\" data-end=\"1263\">\nPridobite ekskluzivne ponudbe, zgodnji dostop do novih izdelkov in posebne promocije.<\/p><p>\n\n\n\n\n\n\n\n\n\n\n\n\n\n\n\n\n\n\n\n<\/p><p data-start=\"1342\" data-end=\"1369\">[Pridru\u017eite se programu VIP zdaj!]\t\t\t\t\t\t\t\t<\/div>\n\t\t\t\t\t<\/div>\n\t\t\t\t<\/div>\n\t\t\t\t<\/div>","protected":false},"excerpt":{"rendered":"<p>Exclusive Coupons &amp; Offers at FR Vape Welcome to FR Vape \u2013 your one-stop shop for premium vaping products. Enjoy amazing savings on your next order with our special coupons and offers! Current Offers: 1. Welcome Offer \u2013 10% Off Your First Order New to FR Vape? Enjoy 10% OFF on your first purchase! Simply [&#8230;]","protected":false},"author":1,"featured_media":0,"parent":0,"menu_order":0,"comment_status":"closed","ping_status":"closed","template":"","meta":{"footnotes":""},"class_list":["post-7125","page","type-page","status-publish","hentry"],"jetpack_sharing_enabled":true,"_links":{"self":[{"href":"https:\/\/frvape.com\/sl\/wp-json\/wp\/v2\/pages\/7125","targetHints":{"allow":["GET"]}}],"collection":[{"href":"https:\/\/frvape.com\/sl\/wp-json\/wp\/v2\/pages"}],"about":[{"href":"https:\/\/frvape.com\/sl\/wp-json\/wp\/v2\/types\/page"}],"author":[{"embeddable":true,"href":"https:\/\/frvape.com\/sl\/wp-json\/wp\/v2\/users\/1"}],"replies":[{"embeddable":true,"href":"https:\/\/frvape.com\/sl\/wp-json\/wp\/v2\/comments?post=7125"}],"version-history":[{"count":5,"href":"https:\/\/frvape.com\/sl\/wp-json\/wp\/v2\/pages\/7125\/revisions"}],"predecessor-version":[{"id":7130,"href":"https:\/\/frvape.com\/sl\/wp-json\/wp\/v2\/pages\/7125\/revisions\/7130"}],"wp:attachment":[{"href":"https:\/\/frvape.com\/sl\/wp-json\/wp\/v2\/media?parent=7125"}],"curies":[{"name":"wp","href":"https:\/\/api.w.org\/{rel}","templated":true}]}}