{"id":7167,"date":"2025-10-13T07:12:26","date_gmt":"2025-10-13T07:12:26","guid":{"rendered":"https:\/\/frvape.com\/?page_id=7167"},"modified":"2025-10-13T07:13:43","modified_gmt":"2025-10-13T07:13:43","slug":"pravilnik-o-posiljanju","status":"publish","type":"page","link":"https:\/\/frvape.com\/sl\/pravilnik-o-posiljanju\/","title":{"rendered":"Pravilnik o dostavi"},"content":{"rendered":"<div data-elementor-type=\"wp-page\" data-elementor-id=\"7167\" class=\"elementor elementor-7167\">\n\t\t\t\t<div class=\"elementor-element elementor-element-60995797 e-flex e-con-boxed e-con e-parent\" data-id=\"60995797\" data-element_type=\"container\">\n\t\t\t\t\t<div class=\"e-con-inner\">\n\t\t\t\t<div class=\"elementor-element elementor-element-2b1c4b14 elementor-widget elementor-widget-text-editor\" data-id=\"2b1c4b14\" data-element_type=\"widget\" data-widget_type=\"text-editor.default\">\n\t\t\t\t\t\t\t\t\t\t\t\t\t\t\t\t\t<\/div>\n\t\t\t\t\t<\/div>\n\t\t\t\t<\/div>\n\t\t<div class=\"elementor-element elementor-element-90603f5 e-flex e-con-boxed e-con e-parent\" data-id=\"90603f5\" data-element_type=\"container\">\n\t\t\t\t\t<div class=\"e-con-inner\">\n\t\t\t\t<div class=\"elementor-element elementor-element-9aec96a elementor-widget elementor-widget-text-editor\" data-id=\"9aec96a\" data-element_type=\"widget\" data-widget_type=\"text-editor.default\">\n\t\t\t\t\t\t\t\t\t<h3 data-start=\"77\" data-end=\"100\"><strong data-start=\"81\" data-end=\"100\">Pravilnik o dostavi<\/strong><\/h3>\n<p data-start=\"102\" data-end=\"289\">V podjetju FR Vape smo zavezani k hitri in varni dostavi va\u0161ih izdelkov za vaping. Za ve\u010d podrobnosti o na\u010dinu po\u0161iljanja, dobavnih rokih in drugem preberite na\u0161e pravilnike o po\u0161iljanju.<\/p>\n<hr data-start=\"291\" data-end=\"294\" \/>\n<h4 data-start=\"296\" data-end=\"320\"><strong data-start=\"301\" data-end=\"320\">\u010cas obdelave<\/strong><\/h4>\n<ul data-start=\"322\" data-end=\"725\">\n<li data-start=\"322\" data-end=\"505\">\n<p data-start=\"324\" data-end=\"505\"><strong data-start=\"324\" data-end=\"345\">Obdelava naro\u010dil:<\/strong> Vsa naro\u010dila so obdelana v <strong data-start=\"378\" data-end=\"399\">1-2 delovna dneva<\/strong> (od ponedeljka do petka). Naro\u010dila, oddana ob vikendih ali praznikih, bodo obdelana naslednji delovni dan.<\/p>\n<\/li>\n<li data-start=\"509\" data-end=\"725\">\n<p data-start=\"511\" data-end=\"725\"><strong data-start=\"511\" data-end=\"534\">Potrditev naro\u010dila:<\/strong> Ko bo va\u0161e naro\u010dilo oddano, boste prejeli <strong data-start=\"582\" data-end=\"604\">Potrditev naro\u010dila<\/strong> e-po\u0161ta. Ko bo va\u0161e naro\u010dilo obdelano in poslano, boste prejeli <strong data-start=\"671\" data-end=\"696\">Potrditev po\u0161iljanja<\/strong> e-po\u0161tno sporo\u010dilo s podatki o sledenju.<\/p>\n<\/li>\n<\/ul>\n<hr data-start=\"727\" data-end=\"730\" \/>\n<h4 data-start=\"732\" data-end=\"773\"><strong data-start=\"737\" data-end=\"773\">Na\u010dini dostave in \u010das dostave<\/strong><\/h4>\n<p data-start=\"775\" data-end=\"946\">Ponujamo razli\u010dne na\u010dine po\u0161iljanja, da zagotovimo najbolj\u0161o izku\u0161njo dostave. \u010cas dostave je odvisen od va\u0161e lokacije in mo\u017enosti dostave, ki jo izberete ob nakupu.<\/p>\n<ul data-start=\"948\" data-end=\"1410\">\n<li data-start=\"948\" data-end=\"1089\">\n<p data-start=\"950\" data-end=\"1089\"><strong data-start=\"950\" data-end=\"999\">Standardna dostava (brezpla\u010dno za naro\u010dila nad $50):<\/strong><br data-start=\"999\" data-end=\"1002\" \/>Predvidena dostava: <strong data-start=\"1024\" data-end=\"1045\">3-7 delovnih dni<\/strong><br data-start=\"1045\" data-end=\"1048\" \/>Na voljo za vsa doma\u010da naro\u010dila v ZDA.<\/p>\n<\/li>\n<li data-start=\"1093\" data-end=\"1222\">\n<p data-start=\"1095\" data-end=\"1222\"><strong data-start=\"1095\" data-end=\"1118\">Pospe\u0161eno po\u0161iljanje:<\/strong><br data-start=\"1118\" data-end=\"1121\" \/>Predvidena dostava: <strong data-start=\"1143\" data-end=\"1164\">2-3 delovne dni<\/strong><br data-start=\"1164\" data-end=\"1167\" \/>Na voljo za doma\u010da naro\u010dila. Veljajo dodatne pristojbine.<\/p>\n<\/li>\n<li data-start=\"1224\" data-end=\"1410\">\n<p data-start=\"1226\" data-end=\"1410\"><strong data-start=\"1226\" data-end=\"1253\">Mednarodna dostava:<\/strong><br data-start=\"1253\" data-end=\"1256\" \/>Po\u0161iljamo tudi mednarodno. \u010cas dostave mednarodnih naro\u010dil je odvisen od va\u0161e lokacije, vendar obi\u010dajno prispejo v <strong data-start=\"1387\" data-end=\"1409\">7-21 delovnih dni<\/strong>.<\/p>\n<\/li>\n<\/ul>\n<hr data-start=\"1412\" data-end=\"1415\" \/>\n<h4 data-start=\"1417\" data-end=\"1440\"><strong data-start=\"1422\" data-end=\"1440\">Stro\u0161ki po\u0161iljanja<\/strong><\/h4>\n<ul data-start=\"1442\" data-end=\"1705\">\n<li data-start=\"1442\" data-end=\"1572\">\n<p data-start=\"1444\" data-end=\"1473\"><strong data-start=\"1444\" data-end=\"1471\">Doma\u010da dostava v ZDA:<\/strong><\/p>\n<ul data-start=\"1476\" data-end=\"1572\">\n<li data-start=\"1476\" data-end=\"1535\">\n<p data-start=\"1478\" data-end=\"1535\">Standardna dostava: <strong data-start=\"1497\" data-end=\"1506\">$5.99<\/strong> (Brezpla\u010dno za naro\u010dila nad $50)<\/p>\n<\/li>\n<li data-start=\"1538\" data-end=\"1572\">\n<p data-start=\"1540\" data-end=\"1572\">Pospe\u0161eno po\u0161iljanje: <strong data-start=\"1560\" data-end=\"1570\">$15.99<\/strong><\/p>\n<\/li>\n<\/ul>\n<\/li>\n<li data-start=\"1573\" data-end=\"1705\">\n<p data-start=\"1575\" data-end=\"1604\"><strong data-start=\"1575\" data-end=\"1602\">Mednarodna dostava:<\/strong><\/p>\n<ul data-start=\"1607\" data-end=\"1705\">\n<li data-start=\"1607\" data-end=\"1705\">\n<p data-start=\"1609\" data-end=\"1705\">Cene se razlikujejo glede na lokacijo in te\u017eo naro\u010dila. Stro\u0161ke po\u0161iljanja si lahko ogledate na blagajni.<\/p>\n<\/li>\n<\/ul>\n<\/li>\n<\/ul>\n<hr data-start=\"1707\" data-end=\"1710\" \/>\n<h4 data-start=\"1712\" data-end=\"1740\"><strong data-start=\"1717\" data-end=\"1740\">Sledenje naro\u010dilu<\/strong><\/h4>\n<p data-start=\"1742\" data-end=\"1931\">Ko bo va\u0161e naro\u010dilo odposlano, boste prejeli <strong data-start=\"1798\" data-end=\"1817\">\u0160tevilka za sledenje<\/strong> po elektronski po\u0161ti. Potek naro\u010dila lahko spremljate na spletnem mestu prevoznika ali na na\u0161i <strong data-start=\"1905\" data-end=\"1925\">Spremljanje naro\u010dila<\/strong> stran.<\/p>\n<hr data-start=\"1933\" data-end=\"1936\" \/>\n<h4 data-start=\"1938\" data-end=\"1968\"><strong data-start=\"1943\" data-end=\"1968\">Omejitve po\u0161iljanja<\/strong><\/h4>\n<ul data-start=\"1970\" data-end=\"2391\">\n<li data-start=\"1970\" data-end=\"2174\">\n<p data-start=\"1972\" data-end=\"2174\"><strong data-start=\"1972\" data-end=\"1997\">Lokacije z omejitvami:<\/strong> Zaradi lokalnih predpisov ne moremo poslati na dolo\u010dena mesta. Preverite seznam lokacij z omejitvami na na\u0161i spletni strani. <strong data-start=\"2121\" data-end=\"2137\">Pogosta vpra\u0161anja o dostavi<\/strong> stran ali se obrnite na nas za ve\u010d podrobnosti.<\/p>\n<\/li>\n<li data-start=\"2178\" data-end=\"2391\">\n<p data-start=\"2180\" data-end=\"2391\"><strong data-start=\"2180\" data-end=\"2201\">Preverjanje starosti:<\/strong> Vsa naro\u010dila zahtevajo <strong data-start=\"2221\" data-end=\"2241\">preverjanje starosti<\/strong> ob dostavi. Za nakup izdelkov za uplinjanje pri FR Vape morate biti starej\u0161i od 21 let. Poskrbite, da je za prevzem po\u0161iljke na voljo oseba, starej\u0161a od 21 let.<\/p>\n<\/li>\n<\/ul>\n<hr data-start=\"2393\" data-end=\"2396\" \/>\n<h4 data-start=\"2398\" data-end=\"2431\"><strong data-start=\"2403\" data-end=\"2431\">Izgubljeni ali po\u0161kodovani paketi<\/strong><\/h4>\n<ul data-start=\"2433\" data-end=\"2842\">\n<li data-start=\"2433\" data-end=\"2645\">\n<p data-start=\"2435\" data-end=\"2645\"><strong data-start=\"2435\" data-end=\"2453\">Izgubljeni paketi:<\/strong> \u010ce je va\u0161 paket ozna\u010den kot dostavljen, vendar ga \u0161e niste prejeli, se takoj obrnite na na\u0161o ekipo za podporo na <strong data-start=\"2570\" data-end=\"2592\"><a class=\"decorated-link cursor-pointer\" rel=\"noopener\" data-start=\"2572\" data-end=\"2590\">support@frvape.com<\/a><\/strong>. Pri re\u0161evanju te\u017eave bomo sodelovali s prevoznikom.<\/p>\n<\/li>\n<li data-start=\"2649\" data-end=\"2842\">\n<p data-start=\"2651\" data-end=\"2842\"><strong data-start=\"2651\" data-end=\"2669\">Po\u0161kodovani predmeti:<\/strong> \u010ce prejmete po\u0161kodovan izdelek, nas kontaktirajte v <strong data-start=\"2726\" data-end=\"2736\">7 dni<\/strong> po prejemu paketa. Prilo\u017eite fotografije po\u0161kodb in poskrbeli bomo za zamenjavo ali vra\u010dilo denarja.<\/p>\n<\/li>\n<\/ul>\n<hr data-start=\"2844\" data-end=\"2847\" \/>\n<h4 data-start=\"2849\" data-end=\"2877\"><strong data-start=\"2854\" data-end=\"2877\">Vra\u010dila in zamenjave<\/strong><\/h4>\n<p data-start=\"2879\" data-end=\"3002\">Oglejte si na\u0161e <strong data-start=\"2899\" data-end=\"2927\">Pravila vra\u010danja in zamenjave<\/strong> za informacije o tem, kako vrniti ali zamenjati izdelke, kupljene pri podjetju FR Vape.<\/p>\t\t\t\t\t\t\t\t<\/div>\n\t\t\t\t\t<\/div>\n\t\t\t\t<\/div>\n\t\t\t\t<\/div>","protected":false},"excerpt":{"rendered":"<p>Shipping Policy At FR Vape, we are committed to delivering your vaping products quickly and securely. Please read our shipping policy for more details on how we handle shipping, delivery times, and more. Processing Time Order Processing: All orders are processed within 1\u20132 business days (Monday to Friday). Orders placed on weekends or public holidays [&#8230;]","protected":false},"author":1,"featured_media":0,"parent":0,"menu_order":0,"comment_status":"closed","ping_status":"closed","template":"","meta":{"footnotes":""},"class_list":["post-7167","page","type-page","status-publish","hentry"],"jetpack_sharing_enabled":true,"_links":{"self":[{"href":"https:\/\/frvape.com\/sl\/wp-json\/wp\/v2\/pages\/7167","targetHints":{"allow":["GET"]}}],"collection":[{"href":"https:\/\/frvape.com\/sl\/wp-json\/wp\/v2\/pages"}],"about":[{"href":"https:\/\/frvape.com\/sl\/wp-json\/wp\/v2\/types\/page"}],"author":[{"embeddable":true,"href":"https:\/\/frvape.com\/sl\/wp-json\/wp\/v2\/users\/1"}],"replies":[{"embeddable":true,"href":"https:\/\/frvape.com\/sl\/wp-json\/wp\/v2\/comments?post=7167"}],"version-history":[{"count":4,"href":"https:\/\/frvape.com\/sl\/wp-json\/wp\/v2\/pages\/7167\/revisions"}],"predecessor-version":[{"id":7171,"href":"https:\/\/frvape.com\/sl\/wp-json\/wp\/v2\/pages\/7167\/revisions\/7171"}],"wp:attachment":[{"href":"https:\/\/frvape.com\/sl\/wp-json\/wp\/v2\/media?parent=7167"}],"curies":[{"name":"wp","href":"https:\/\/api.w.org\/{rel}","templated":true}]}}