{"id":11223,"date":"2025-11-02T04:37:59","date_gmt":"2025-11-02T04:37:59","guid":{"rendered":"https:\/\/frvape.com\/product\/irex-astral-80000-disposable-vape-with-80k-puffs-adjustable-nicotine\/"},"modified":"2025-11-04T02:51:25","modified_gmt":"2025-11-04T02:51:25","slug":"irex-astral-80000-vape-za-enkratno-uporabo-z-nastavljivim-nikotinom-80k-puffs","status":"publish","type":"product","link":"https:\/\/frvape.com\/sl\/product\/irex-astral-80000-vape-za-enkratno-uporabo-z-nastavljivim-nikotinom-80k-puffs\/","title":{"rendered":"IREX Astral 80000 Vape za enkratno uporabo z 80.000 vdihi in nastavljivim nikotinom"},"content":{"rendered":"<h3>Vrhunska dolgotrajna izku\u0161nja uparjanja<\/h3>\n<p>Spletna stran <strong>IREX Astral 80000<\/strong> na novo opredeljuje vaping za enkratno uporabo z izjemno vzdr\u017eljivostjo in zmogljivostjo. Ta naprava je zasnovana za resne vaperje in zagotavlja izjemne <strong>80.000 izpuhov<\/strong> iz njegove masivne <strong>48ml vnaprej napolnjenega e-teko\u010dina<\/strong> rezervoar. Na spletni strani . <strong>nastavljiv nikotin<\/strong> (20 mg ali 50 mg nikotinske soli) in mo\u017enost izbire intenzivnosti ledu, ponuja osebno zadovoljstvo v elegantnem paketu.<\/p>\n<h3>Napredne tehni\u010dne specifikacije<\/h3>\n<p>Izdelano z vrhunskimi <strong>polikarbonat<\/strong> Astral tehta le 98 g in uravnote\u017eeno usklajuje vzdr\u017eljivost in prenosljivost (97x59x25 mm). Njegova inteligentna <strong>pametni zaslon<\/strong> nenehno spremlja stanje e-teko\u010dine in baterije. Vgrajen je tudi <strong>1.000 mAh akumulatorska baterija<\/strong> podpira raz\u0161irjene seje, medtem ko <strong>USB Type-C<\/strong> (0,5 A) omogo\u010da priro\u010dno polnjenje.<br \/>Spletna stran <strong>aktiviran z risanjem<\/strong> mehanizem omogo\u010da enostavno upravljanje brez zapletenih gumbov, zato je idealen tako za za\u010detnike kot izku\u0161ene uporabnike.<\/p>\n<h3>Raznolik izbor okusov<\/h3>\n<p>Odkrijte 15 strokovno izdelanih <strong>vape za enkratno uporabo<\/strong> okusi za vse \u017eelje:<br \/>Ledena lubenica, kislo bruseljsko jabolko, so\u010dna breskev, dvojno jabolko, jagodni kivi,<br \/>Breskev jagoda, \u010de\u0161njeva bomba, kisla jagoda, ananas mango, pomaran\u010da jagoda,<br \/>Miami Mint, Blueberry Watermelon, Berry Bliss, Blue Razz Ice, Grape Lemon.<\/p>\n<h3>Pakiranje in distribucija<\/h3>\n<p>Vsaka \u0161katla vsebuje 200 enot z bruto maso 24,96 kg, kar je optimalno za maloprodajo in veleprodajo. Dimenzije: 665x330x260 mm zunanja \u0161katla.<\/p>\n<h3>Zakaj izbrati Astral 80K?<\/h3>\n<p>Izkusite neprekinjeno vaping z neprekosljivo zmogljivostjo izpuha v kombinaciji z nastavljivimi funkcijami. Ta vrhunski <strong>polnilni vape<\/strong> zagotavlja enakomerno kakovost okusa v vseh 80.000 puhih. V prenosni napravi, ki je idealna tako za osebno uporabo kot za darila, dobite zmogljivost komercialnega razreda - vrhunec <strong>vape za enkratno uporabo<\/strong> tehnologijo.<\/p>","protected":false},"excerpt":{"rendered":"<p>Izkusite najve\u010dje udobje pri vapingu z <strong>IREX Astral 80000<\/strong> vape za enkratno uporabo. Ponudba <strong>80.000 izpuhov<\/strong> in . <strong>48 ml vnaprej napolnjenih<\/strong> zmogljivost plus <strong>nastavljiv nikotin<\/strong> in ravni ledu. U\u017eivajte na . <strong>15 vrhunskih okusov<\/strong> s polnjenjem tipa C.<\/p>","protected":false},"featured_media":11217,"comment_status":"open","ping_status":"closed","template":"","meta":[],"product_brand":[736],"product_cat":[1016,896],"product_tag":[899,898,897,246,112,115],"class_list":{"0":"post-11223","1":"product","2":"type-product","3":"status-publish","4":"has-post-thumbnail","6":"product_brand-irex","7":"product_cat-big-puffs-vapes","8":"product_cat-irex","9":"product_tag-15-flavors","10":"product_tag-48ml-e-liquid","11":"product_tag-80k-puffs","12":"product_tag-adjustable-nicotine","13":"product_tag-disposable-vape","14":"product_tag-rechargeable-vape","16":"first","17":"instock","18":"sale","19":"shipping-taxable","20":"purchasable","21":"product-type-variable"},"jetpack_sharing_enabled":true,"tiered_pricing_type":"fixed","tiered_pricing_fixed_rules":[],"tiered_pricing_product_settings":{"layout":"default","base_unit_name":{"singular":null,"plural":null},"default_variation":null},"tiered_pricing_minimum_quantity":null,"tiered_pricing_roles_data":[],"tiered_pricing_percentage_rules":[],"tiered_pricing_maximum_quantity":null,"tiered_pricing_quantity_step":null,"_links":{"self":[{"href":"https:\/\/frvape.com\/sl\/wp-json\/wp\/v2\/product\/11223","targetHints":{"allow":["GET"]}}],"collection":[{"href":"https:\/\/frvape.com\/sl\/wp-json\/wp\/v2\/product"}],"about":[{"href":"https:\/\/frvape.com\/sl\/wp-json\/wp\/v2\/types\/product"}],"replies":[{"embeddable":true,"href":"https:\/\/frvape.com\/sl\/wp-json\/wp\/v2\/comments?post=11223"}],"wp:featuredmedia":[{"embeddable":true,"href":"https:\/\/frvape.com\/sl\/wp-json\/wp\/v2\/media\/11217"}],"wp:attachment":[{"href":"https:\/\/frvape.com\/sl\/wp-json\/wp\/v2\/media?parent=11223"}],"wp:term":[{"taxonomy":"product_brand","embeddable":true,"href":"https:\/\/frvape.com\/sl\/wp-json\/wp\/v2\/product_brand?post=11223"},{"taxonomy":"product_cat","embeddable":true,"href":"https:\/\/frvape.com\/sl\/wp-json\/wp\/v2\/product_cat?post=11223"},{"taxonomy":"product_tag","embeddable":true,"href":"https:\/\/frvape.com\/sl\/wp-json\/wp\/v2\/product_tag?post=11223"}],"curies":[{"name":"wp","href":"https:\/\/api.w.org\/{rel}","templated":true}]}}