{"id":11902,"date":"2025-11-02T09:17:12","date_gmt":"2025-11-02T09:17:12","guid":{"rendered":"https:\/\/frvape.com\/product\/zooy-twins-35000-disposable-vape-dual-flavor-35k-puffs-rechargeable\/"},"modified":"2025-11-02T09:17:22","modified_gmt":"2025-11-02T09:17:22","slug":"zooy-twins-35000-enkratno-vape-dvojni-okus-35k-puffs-polnjenje","status":"publish","type":"product","link":"https:\/\/frvape.com\/sl\/product\/zooy-twins-35000-enkratno-vape-dvojni-okus-35k-puffs-polnjenje\/","title":{"rendered":"Zooy Twins 35000 Vape za enkratno uporabo - dvojni okus, 35K Puffs, polnjenje"},"content":{"rendered":"<h3>Revolucionarna izku\u0161nja dvojnega okusa<\/h3>\n<p>Spletna stran <strong>Zooy Twins 35000<\/strong> na novo opredeljuje vaping za enkratno uporabo z inovativnimi <strong>Tehnologija okusa 2 v 1<\/strong> v eni sami napravi. U\u017eivajte v dveh razli\u010dnih okusih hkrati, kar omogo\u010da vsestranskost in raziskovanje okusov brez primere.<\/p>\n<h3>Visoko zmogljive specifikacije<\/h3>\n<p>Poganja ga <strong>Baterija za ponovno polnjenje 650 mAh<\/strong> s hitrim <strong>Polnjenje tipa C<\/strong>ta vrhunski vape zagotavlja dosledno delovanje. . <strong>dvojna mre\u017easta tuljava<\/strong> zagotavlja bogato proizvodnjo pare in \u010distost okusa pri vseh 35.000 puhih. Spremljajte uporabo prek vgrajenega <strong>pametni zaslon<\/strong> prikazovanje ravni baterije in e-teko\u010dine v realnem \u010dasu.<\/p>\n<h3>Zasnovano za odli\u010dnost<\/h3>\n<p>Ker meri le 99,6 \u00d7 25 \u00d7 47 mm in tehta 87 g, je ergonomsko oblikovan in se udobno dr\u017ei v roki. Vrhunska konstrukcija zagotavlja gladke udarce v grlo z 2%\/5% formulacijami nikotinske soli, kar zagotavlja zadovoljivo dovajanje nikotina brez kompromisov.<\/p>\n<h3>Pari podpisov okusov<\/h3>\n<p>Odkrijte na\u0161e strokovno me\u0161ane kombinacije okusov:<br \/>Breskev mango lubenica in led \u010crni zmaj<br \/>Ljubezen 66 in Red Bull Strawberry<br \/>Jagoda kivi in me\u0161ano jagodi\u010devje<br \/>Blue Razz Lemon &amp; Strawberry Banana<br \/>Led iz lubenice in cola ledu<br \/>Jagodni led in roza limonada<br \/>Borovni\u010dev led in grenivka<br \/>Jagodna lubenica in limonina limeta<br \/>Gospod Blue &amp; Mango Ice<br \/>Breskov led in malinova lubenica<\/p>\n<h3>Poenostavljeno vrhunsko uparjanje<\/h3>\n<p>Ta prelomni <strong>vape za enkratno uporabo<\/strong> zdru\u017euje udobje in prefinjenost - brez polnjenja ali vzdr\u017eevanja. Vsaka \u0161katla vsebuje 200 enot s skupno te\u017eo 17 kg za u\u010dinkovito distribucijo. Izbolj\u0161ajte svoje potovanje z vapingom z vrhunsko napravo za zdru\u017eevanje okusov, izdelano za trajno zadovoljstvo.<\/p>","protected":false},"excerpt":{"rendered":"<p>Izkusite vaping z dvojnim okusom z <strong>Zooy Twins 35000<\/strong> naprava za enkratno uporabo. U\u017eivajte do <strong>35.000 izpuhov<\/strong>, pametni zaslon in <strong>Tip C za polnjenje<\/strong> priro\u010dnost v kompaktni zasnovi s te\u017eo 87 g.<\/p>","protected":false},"featured_media":11896,"comment_status":"open","ping_status":"closed","template":"","meta":[],"product_brand":[97],"product_cat":[860],"product_tag":[936,112,381,115,190,935],"class_list":{"0":"post-11902","1":"product","2":"type-product","3":"status-publish","4":"has-post-thumbnail","6":"product_brand-zooy","7":"product_cat-zooy","8":"product_tag-35k-puffs","9":"product_tag-disposable-vape","10":"product_tag-dual-flavor-vape","11":"product_tag-rechargeable-vape","12":"product_tag-type-c-charging","13":"product_tag-zooy-twins-35000","15":"first","16":"instock","17":"sale","18":"shipping-taxable","19":"purchasable","20":"product-type-variable"},"jetpack_sharing_enabled":true,"tiered_pricing_type":"fixed","tiered_pricing_fixed_rules":[],"tiered_pricing_product_settings":{"layout":"default","base_unit_name":{"singular":null,"plural":null},"default_variation":null},"tiered_pricing_minimum_quantity":null,"tiered_pricing_roles_data":[],"tiered_pricing_percentage_rules":[],"tiered_pricing_maximum_quantity":null,"tiered_pricing_quantity_step":null,"_links":{"self":[{"href":"https:\/\/frvape.com\/sl\/wp-json\/wp\/v2\/product\/11902","targetHints":{"allow":["GET"]}}],"collection":[{"href":"https:\/\/frvape.com\/sl\/wp-json\/wp\/v2\/product"}],"about":[{"href":"https:\/\/frvape.com\/sl\/wp-json\/wp\/v2\/types\/product"}],"replies":[{"embeddable":true,"href":"https:\/\/frvape.com\/sl\/wp-json\/wp\/v2\/comments?post=11902"}],"wp:featuredmedia":[{"embeddable":true,"href":"https:\/\/frvape.com\/sl\/wp-json\/wp\/v2\/media\/11896"}],"wp:attachment":[{"href":"https:\/\/frvape.com\/sl\/wp-json\/wp\/v2\/media?parent=11902"}],"wp:term":[{"taxonomy":"product_brand","embeddable":true,"href":"https:\/\/frvape.com\/sl\/wp-json\/wp\/v2\/product_brand?post=11902"},{"taxonomy":"product_cat","embeddable":true,"href":"https:\/\/frvape.com\/sl\/wp-json\/wp\/v2\/product_cat?post=11902"},{"taxonomy":"product_tag","embeddable":true,"href":"https:\/\/frvape.com\/sl\/wp-json\/wp\/v2\/product_tag?post=11902"}],"curies":[{"name":"wp","href":"https:\/\/api.w.org\/{rel}","templated":true}]}}