{"id":12645,"date":"2025-11-02T11:56:41","date_gmt":"2025-11-02T11:56:41","guid":{"rendered":"https:\/\/frvape.com\/product\/fumot-tornado-20000-disposable-vape-kit-with-smart-led-screen\/"},"modified":"2026-03-25T10:50:13","modified_gmt":"2026-03-25T10:50:13","slug":"fumot-tornado-20000-enkratno-vape-kit-s-pametnim-led-zaslonom","status":"publish","type":"product","link":"https:\/\/frvape.com\/sl\/product\/fumot-tornado-20000-enkratno-vape-kit-s-pametnim-led-zaslonom\/","title":{"rendered":"Fumot Tornado 20000 Vape Kit za enkratno uporabo s pametnim LED zaslonom"},"content":{"rendered":"<p>Spletna stran <strong>Fumot Tornado 20000<\/strong> je napreden <strong>vape za enkratno uporabo<\/strong> vnaprej napolnjen z 20 ml e-teko\u010dine in podpira do 20.000 vpihov. Ponuja 4 stopnje nikotina: 0%, 2%, 3% in 5%. Opremljen je z vgrajenim <strong>Baterija s kapaciteto 900 mAh<\/strong> in hitro <strong>Vrata Type-C<\/strong>, ta naprava zagotavlja dolgotrajno uporabo in enostavno polnjenje. Izkusite dosledno proizvodnjo pare z inovativno <strong>Dvojna mre\u017easta tuljava<\/strong>, ki enakomerno segreva e-teko\u010dino za bolj\u0161i okus. Njegova <strong>Pametni zaslon LED<\/strong> v realnem \u010dasu prikazuje \u017eivljenjsko dobo baterije in raven teko\u010dine ter tako zagotavlja futuristi\u010dno in priro\u010dno izku\u0161njo vapinga.<\/p>\n<h3>Pametni zaslon<\/h3>\n<p>Spletna stran <strong>Pametni zaslon LED<\/strong> omogo\u010da takoj\u0161en vpogled v stanje naprave, s \u010dimer lahko vaperji spremljajo <strong>\u017eivljenjska doba baterije<\/strong> in . <strong>raven e-teko\u010dine<\/strong> brez te\u017eav. Ta funkcija ne le dodaja sodoben pridih, temve\u010d tudi optimizira nadzor in zadovoljstvo uporabnika.<\/p>\n<h3>Tehnologija dvojne mre\u017easte tuljave<\/h3>\n<p>S svojim <strong>dvojna mre\u017ena tuljava<\/strong> Fumot Tornado 20000 zagotavlja u\u010dinkovito in enakomerno segrevanje e-teko\u010dine. To ustvarja bolj gladek in bogatej\u0161i par ter ohranja konsistentnost okusa skozi tiso\u010de vdihov.<\/p>\n<h3>Priklju\u010dek tipa C in baterija<\/h3>\n<p>Spletna stran <strong>Vrata Type-C<\/strong> podpira hitro polnjenje, robustna <strong>Baterija s kapaciteto 900 mAh<\/strong> omogo\u010da ve\u010dkratno polnjenje. Ta kombinacija zagotavlja, da boste do konca iz\u010drpali vsako kapljico e-teko\u010dine brez zastojev.<\/p>\n<h3>Razpolo\u017eljivi okusi Vape<\/h3>\n<p>U\u017eivajte v \u0161irokem izboru 43 <strong>elektronski okusi vape<\/strong>: Ledena lubenica, jagodni kivi, \u010de\u0161njeva limona, sladkorna vata, pina colada, trdi bonboni z borovnicami in malinami, hru\u0161kov led, breskev in mango, skittles, kumari\u010dna limonada, bananin kola\u010d, li\u010di in hami melona, me\u0161ano jagodi\u010devje, jagodna lubenica, Blue Razz, ananasova limona, zeleno jabolko, breskev in ananas, pomaran\u010da, jagodni sladoled, huckleberry, \u017eele, gospod Blue, \u010de\u0161nje, Blue Razz Gummy Bear, Cool Mint, Blueberry On Ice, Cactus Ice, Red Grape Lime, Cola Lemon, Blackcurrant Apple, Cactus Kiwi, Cola Ice, Cola Ice, Mango Grape Ice, Blueberry Cactus Ice, Grape Kiwi, Apple Grapefruit.<\/p>","protected":false},"excerpt":{"rendered":"<p>Spletna stran <strong>Fumot Tornado 20000<\/strong> je premium <strong>vape za enkratno uporabo<\/strong> z <strong>Pametni zaslon LED<\/strong>, <strong>Dvojna mre\u017easta tuljava<\/strong>in do 20.000 oblog z razli\u010dnimi okusi.<\/p>","protected":false},"featured_media":14167,"comment_status":"open","ping_status":"closed","template":"","meta":[],"product_brand":[186],"product_cat":[1016,885],"product_tag":[512,112,244,979,516,980],"class_list":{"0":"post-12645","1":"product","2":"type-product","3":"status-publish","4":"has-post-thumbnail","6":"product_brand-fumot","7":"product_cat-big-puffs-vapes","8":"product_cat-fumot","9":"product_tag-20000-puffs","10":"product_tag-disposable-vape","11":"product_tag-dual-mesh-coil","12":"product_tag-fumot-tornado","13":"product_tag-rechargeable","14":"product_tag-smart-led-screen","16":"first","17":"instock","18":"sale","19":"shipping-taxable","20":"purchasable","21":"product-type-variable"},"jetpack_sharing_enabled":true,"tiered_pricing_type":"fixed","tiered_pricing_fixed_rules":[],"tiered_pricing_product_settings":{"layout":"default","base_unit_name":{"singular":null,"plural":null},"default_variation":null},"tiered_pricing_minimum_quantity":null,"tiered_pricing_roles_data":[],"tiered_pricing_percentage_rules":[],"tiered_pricing_maximum_quantity":null,"tiered_pricing_quantity_step":null,"_links":{"self":[{"href":"https:\/\/frvape.com\/sl\/wp-json\/wp\/v2\/product\/12645","targetHints":{"allow":["GET"]}}],"collection":[{"href":"https:\/\/frvape.com\/sl\/wp-json\/wp\/v2\/product"}],"about":[{"href":"https:\/\/frvape.com\/sl\/wp-json\/wp\/v2\/types\/product"}],"replies":[{"embeddable":true,"href":"https:\/\/frvape.com\/sl\/wp-json\/wp\/v2\/comments?post=12645"}],"wp:featuredmedia":[{"embeddable":true,"href":"https:\/\/frvape.com\/sl\/wp-json\/wp\/v2\/media\/14167"}],"wp:attachment":[{"href":"https:\/\/frvape.com\/sl\/wp-json\/wp\/v2\/media?parent=12645"}],"wp:term":[{"taxonomy":"product_brand","embeddable":true,"href":"https:\/\/frvape.com\/sl\/wp-json\/wp\/v2\/product_brand?post=12645"},{"taxonomy":"product_cat","embeddable":true,"href":"https:\/\/frvape.com\/sl\/wp-json\/wp\/v2\/product_cat?post=12645"},{"taxonomy":"product_tag","embeddable":true,"href":"https:\/\/frvape.com\/sl\/wp-json\/wp\/v2\/product_tag?post=12645"}],"curies":[{"name":"wp","href":"https:\/\/api.w.org\/{rel}","templated":true}]}}