{"id":13016,"date":"2025-11-02T12:15:55","date_gmt":"2025-11-02T12:15:55","guid":{"rendered":"https:\/\/frvape.com\/product\/fumot-tornado-25000-disposable-vape-25k-puffs-dual-mesh-coil-smart-touch-screen\/"},"modified":"2026-03-25T10:25:42","modified_gmt":"2026-03-25T10:25:42","slug":"fumot-tornado-25000-vape-za-enkratno-uporabo-25k-puffs-dvojna-mrezna-tuljava-pametni-zaslon-na-dotik","status":"publish","type":"product","link":"https:\/\/frvape.com\/sl\/product\/fumot-tornado-25000-vape-za-enkratno-uporabo-25k-puffs-dvojna-mrezna-tuljava-pametni-zaslon-na-dotik\/","title":{"rendered":"Fumot Tornado 25000 Vape za enkratno uporabo - 25K Puffs, dvojna mre\u017ena tuljava, pametni zaslon na dotik"},"content":{"rendered":"<h3>Revolucionarna izku\u0161nja vapinga<\/h3>\n<p>Spletna stran <strong>Fumot Tornado 25000<\/strong> na novo opredeljuje vapes za enkratno uporabo z najsodobnej\u0161imi <strong>pametni zaslon na dotik<\/strong> in . <strong>dvojna mre\u017ena tuljava<\/strong> oblikovanje. V tej napravi se nahaja 20 ml vrhunskega e-teko\u010dina, kar zagotavlja izjemen <strong>25.000 vpihov<\/strong> za zadovoljitev va\u0161ih najdalj\u0161ih sej. Izberite svoj idealen <strong>mo\u010d nikotina<\/strong> (0%, 2%, 3% ali 5%) za zadovoljstvo po meri.<\/p>\n<h3>Visokotehnolo\u0161ke funkcije<\/h3>\n<p><strong>1,77 TFT zaslon<\/strong> v realnem \u010dasu prikazuje stanje baterije in e-teko\u010dine<br \/>\n<strong>Upravljanje s stikalom na dotik<\/strong> - z dvojnim dotikom se zbudite, s trojnim klikom pa prilagodite mo\u010d<br \/>\nAktiviranje s \u0161tirimi dotiki za ekskluzivno <strong>na\u010din igre<\/strong> s kibernetskimi kockami<br \/>\n<strong>Dvojna mre\u017ena tuljava<\/strong> zagotavlja enakomerno segrevanje in intenziven okus<br \/>\n<strong>Polnjenje prek USB tipa C<\/strong> hitro poganja integrirano <strong>Baterija s kapaciteto 700 mAh<\/strong><\/p>\n<h3>Velik izbor okusov<\/h3>\n<p>Razi\u0161\u010dite 26 mamljivih <strong>okusi e-teko\u010dine<\/strong>:<br \/>\n\u010crni led<br \/>\nDvojno jabolko<br \/>\nSo\u010dni breskov led<br \/>\nKivi Pasijonka Guava<br \/>\nBorovnice na ledu<br \/>\nDr. Blue<br \/>\nCherry Bomb<br \/>\nBreskev mango lubenica<br \/>\nLed iz lubenice<br \/>\nJagodna meta bonboni<br \/>\nAnanasov led<br \/>\nJagodni led<br \/>\nMenjalnica Miami<br \/>\nJagoda Mango<br \/>\nCherry Cola<br \/>\nBanana Ice<br \/>\nBorovnica malina<br \/>\nGrozdni led<br \/>\nRoza limonada<br \/>\nBeli gumijasti led<br \/>\nJagodni Red Bull<br \/>\nGrozdje Lemon<br \/>\nJagodna lubenica<br \/>\nHladna meta<br \/>\nBujni led<br \/>\nTropska mavrica Blast<\/p>\n<h3>Zasnovan za u\u010dinkovitost<\/h3>\n<p>Za razliko od obi\u010dajnih izdelkov za enkratno uporabo ima Tornado 25000 <strong>priro\u010dno polnjenje<\/strong> prek svojega <strong>Vrata Type-C<\/strong>, kar prepre\u010duje nastajanje odpadkov med polnjenji. Spletna stran <strong>tehnologija dvojne mre\u017ee<\/strong> pokriva 200% ve\u010djo povr\u0161ino kot standardne tuljave, kar zagotavlja bogatej\u0161e oblake in dosledno globino okusa od prvega do zadnjega pokuri\u0161\u010da. V kombinaciji z intuitivnim <strong>navigacija na dotik<\/strong> in prilagajanjem mo\u010di je najpametnej\u0161i vape za enkratno uporabo na trgu.<\/p>","protected":false},"excerpt":{"rendered":"<p>Do\u017eivite vrhunsko <strong>Fumot Tornado 25000<\/strong> vape za enkratno uporabo, ki vklju\u010duje <strong>25.000 vpihov<\/strong> in . <strong>dvojna mre\u017ena tuljava<\/strong> tehnologijo. U\u017eivajte v 26 okusih s pametnimi <strong>zaslon na dotik<\/strong> nadzor, <strong>hitro polnjenje Type-C<\/strong>in <strong>Baterija s kapaciteto 700 mAh<\/strong> za dalj\u0161o uporabo.<\/p>","protected":false},"featured_media":13010,"comment_status":"open","ping_status":"closed","template":"","meta":[],"product_brand":[186],"product_cat":[885],"product_tag":[74,112,244,985,115,986],"class_list":{"0":"post-13016","1":"product","2":"type-product","3":"status-publish","4":"has-post-thumbnail","6":"product_brand-fumot","7":"product_cat-fumot","8":"product_tag-25000-puff-vape","9":"product_tag-disposable-vape","10":"product_tag-dual-mesh-coil","11":"product_tag-fumot-tornado-25000","12":"product_tag-rechargeable-vape","13":"product_tag-touch-screen-vape","15":"first","16":"instock","17":"sale","18":"shipping-taxable","19":"purchasable","20":"product-type-variable"},"jetpack_sharing_enabled":true,"tiered_pricing_type":"fixed","tiered_pricing_fixed_rules":[],"tiered_pricing_product_settings":{"layout":"default","base_unit_name":{"singular":null,"plural":null},"default_variation":null},"tiered_pricing_minimum_quantity":null,"tiered_pricing_roles_data":[],"tiered_pricing_percentage_rules":[],"tiered_pricing_maximum_quantity":null,"tiered_pricing_quantity_step":null,"_links":{"self":[{"href":"https:\/\/frvape.com\/sl\/wp-json\/wp\/v2\/product\/13016","targetHints":{"allow":["GET"]}}],"collection":[{"href":"https:\/\/frvape.com\/sl\/wp-json\/wp\/v2\/product"}],"about":[{"href":"https:\/\/frvape.com\/sl\/wp-json\/wp\/v2\/types\/product"}],"replies":[{"embeddable":true,"href":"https:\/\/frvape.com\/sl\/wp-json\/wp\/v2\/comments?post=13016"}],"wp:featuredmedia":[{"embeddable":true,"href":"https:\/\/frvape.com\/sl\/wp-json\/wp\/v2\/media\/13010"}],"wp:attachment":[{"href":"https:\/\/frvape.com\/sl\/wp-json\/wp\/v2\/media?parent=13016"}],"wp:term":[{"taxonomy":"product_brand","embeddable":true,"href":"https:\/\/frvape.com\/sl\/wp-json\/wp\/v2\/product_brand?post=13016"},{"taxonomy":"product_cat","embeddable":true,"href":"https:\/\/frvape.com\/sl\/wp-json\/wp\/v2\/product_cat?post=13016"},{"taxonomy":"product_tag","embeddable":true,"href":"https:\/\/frvape.com\/sl\/wp-json\/wp\/v2\/product_tag?post=13016"}],"curies":[{"name":"wp","href":"https:\/\/api.w.org\/{rel}","templated":true}]}}