{"id":13355,"date":"2025-11-02T12:44:55","date_gmt":"2025-11-02T12:44:55","guid":{"rendered":"https:\/\/frvape.com\/product\/bang-box-35000-puffs-disposable-vape-high-battery-35ml-flavor-power\/"},"modified":"2025-11-02T12:45:02","modified_gmt":"2025-11-02T12:45:02","slug":"bang-polje-35000-puffs-enkratno-vape-visoka-baterija-35ml-moc-okusa","status":"publish","type":"product","link":"https:\/\/frvape.com\/sl\/product\/bang-polje-35000-puffs-enkratno-vape-visoka-baterija-35ml-moc-okusa\/","title":{"rendered":"Bang Box 35000 Puffs Vape za enkratno uporabo - visoka baterija in 35ml mo\u010di okusa"},"content":{"rendered":"<h3>Izkusite vrhunsko zmogljivost vapinga<\/h3>\n<p>Spletna stran <strong>Bang Box 35000<\/strong> Puffs Vape za enkratno uporabo je zasnovan za uporabnike, ki zahtevajo izjemno zmogljivost, dolgotrajno mo\u010d in zadovoljstvo \u010distega okusa. Opremljen je z visoko zmogljivostjo <strong>Baterija 950 mAh<\/strong> in <strong>Stopnja praznjenja 5A<\/strong>ta zanesljiva naprava zagotavlja dosledno proizvodnjo pare in zanesljivo delovanje pri dalj\u0161ih seansah. Odli\u010dna je za navdu\u0161ence, ki si \u017eelijo vzdr\u017eljivosti, saj omogo\u010da do 35 000 vdihov, ne da bi pri tem ogrozila kakovost ali gladkost.<\/p>\n<h3>Napredna tehnologija za bogat okus<\/h3>\n<p>Njena vrhunska tehnologija <strong>ogrevalni sistem<\/strong> zdru\u017euje eno samo grelno \u017eico z <strong>dvojna mre\u017ena tuljava<\/strong> Tehnologija, ki z vsakim izpihom ustvari goste in goste oblake ter intenzivne in \u010diste okuse. Masivni <strong>35ml e-teko\u010dine<\/strong> bistveno zmanj\u0161a potrebo po polnjenju ali zamenjavi, zato je idealen za intenzivne uporabnike in ljubitelje okusov, ki i\u0161\u010dejo neprimerljivo udobje. Ne glede na to, ali i\u0161\u010dete intenzivne oblake ali niansirane okuse, ta vape zagotavlja zanesljivo delovanje.<\/p>\n<h3>Robustna izdelava in specifikacije<\/h3>\n<p>Bang Box 35000 tehta le 105,5 g na napravo in 1100 g na \u0161katlo, zato se odlikuje po prenosljivosti in vzdr\u017eljivosti. Tukaj so natan\u010dne specifikacije: Kapaciteta baterije: <strong>950 mAh<\/strong>, Stopnja praznjenja: Sistem ogrevanja: 5A, sistem ogrevanja: Sistem ogrevanja: enojna ogrevalna \u017eica, <strong>dvojna mre\u017ena tuljava<\/strong>, E-teko\u010dina Kapaciteta: <strong>35 ml<\/strong>, Neto te\u017ea naprave: 105,5 g, te\u017ea \u0161katle: 1100 g. Te lastnosti zagotavljajo dalj\u0161o \u017eivljenjsko dobo, hkrati pa ponujajo mo\u017enost uravnote\u017eenega \u017eivljenjskega sloga.<\/p>\n<h3>Raznolike mo\u017enosti okusov Vape<\/h3>\n<p>Izbirate lahko med 12 zanimivimi <strong>okusi vape<\/strong>, ki so na voljo v razli\u010dnih koncentracijah nikotina: 0%, 2%, 3% in 5%. Seznam okusov vklju\u010duje: 1. jagoda kivi<br \/>2. Modri led Razz<br \/>3. Jagodna lubenica<br \/>4. Pasijonka<br \/>5. Limonska soda cola<br \/>6. Led iz lubenice<br \/>7. \u017dve\u010dilni gumi z lubenico<br \/>8. Kivi pasijonka guava<br \/>9. Borovni\u010dev led<br \/>10. Arbena \u010de\u0161nja<br \/>11. Rde\u010di bik<br \/>12. Grenivka z meto. S tako raznolikostjo lahko vsak vaper najde svojo popolno izbiro za osebno u\u017eivanje.<\/p>\n<h3>Nepremagljiva vrednost in privla\u010dnost<\/h3>\n<p>Zasnovan je za vsakodnevno uporabo. <strong>Bang Box 35000<\/strong> z gladkim pretokom zraka in impresivnim izlo\u010danjem pare poskrbi za lahkotno vapiranje. Zaradi kombinacije visoke zmogljivosti, dosledne dostave in izbire okusov izstopa na trgu vapinga. Za zadovoljujo\u010de in dolgotrajne seanse je ta <strong>vape za enkratno uporabo<\/strong> na novo opredeljuje udobje, pri \u010demer je u\u017eitek v ospredju - resni\u010dno velikan na podro\u010dju inovacij in sloga hlajenja.<\/p>","protected":false},"excerpt":{"rendered":"<p>Spletna stran <strong>Bang Box 35000<\/strong> omogo\u010da do 35.000 vdihov v enem prenosnem aparatu, <strong>vape za enkratno uporabo<\/strong> z <strong>Baterija 950 mAh<\/strong> in . <strong>35ml e-teko\u010dine<\/strong> za <strong>dolgotrajno<\/strong> vaping in izjemno dostavo okusa.<\/p>","protected":false},"featured_media":13350,"comment_status":"open","ping_status":"closed","template":"","meta":[],"product_brand":[108],"product_cat":[995],"product_tag":[543,998,112,244,400,155],"class_list":{"0":"post-13355","1":"product","2":"type-product","3":"status-publish","4":"has-post-thumbnail","6":"product_brand-bangbox","7":"product_cat-bangbox","8":"product_tag-950mah-battery","9":"product_tag-bang-box-35000","10":"product_tag-disposable-vape","11":"product_tag-dual-mesh-coil","12":"product_tag-long-lasting-vape","13":"product_tag-vape-flavors","15":"first","16":"instock","17":"sale","18":"shipping-taxable","19":"purchasable","20":"product-type-variable"},"jetpack_sharing_enabled":true,"tiered_pricing_type":"fixed","tiered_pricing_fixed_rules":[],"tiered_pricing_product_settings":{"layout":"default","base_unit_name":{"singular":null,"plural":null},"default_variation":null},"tiered_pricing_minimum_quantity":null,"tiered_pricing_roles_data":[],"tiered_pricing_percentage_rules":[],"tiered_pricing_maximum_quantity":null,"tiered_pricing_quantity_step":null,"_links":{"self":[{"href":"https:\/\/frvape.com\/sl\/wp-json\/wp\/v2\/product\/13355","targetHints":{"allow":["GET"]}}],"collection":[{"href":"https:\/\/frvape.com\/sl\/wp-json\/wp\/v2\/product"}],"about":[{"href":"https:\/\/frvape.com\/sl\/wp-json\/wp\/v2\/types\/product"}],"replies":[{"embeddable":true,"href":"https:\/\/frvape.com\/sl\/wp-json\/wp\/v2\/comments?post=13355"}],"wp:featuredmedia":[{"embeddable":true,"href":"https:\/\/frvape.com\/sl\/wp-json\/wp\/v2\/media\/13350"}],"wp:attachment":[{"href":"https:\/\/frvape.com\/sl\/wp-json\/wp\/v2\/media?parent=13355"}],"wp:term":[{"taxonomy":"product_brand","embeddable":true,"href":"https:\/\/frvape.com\/sl\/wp-json\/wp\/v2\/product_brand?post=13355"},{"taxonomy":"product_cat","embeddable":true,"href":"https:\/\/frvape.com\/sl\/wp-json\/wp\/v2\/product_cat?post=13355"},{"taxonomy":"product_tag","embeddable":true,"href":"https:\/\/frvape.com\/sl\/wp-json\/wp\/v2\/product_tag?post=13355"}],"curies":[{"name":"wp","href":"https:\/\/api.w.org\/{rel}","templated":true}]}}